{"id":29,"date":"2014-01-16T10:14:32","date_gmt":"2014-01-16T06:14:32","guid":{"rendered":"http:\/\/lycee-stpaul4.ac-reunion.fr\/?page_id=29"},"modified":"2025-02-14T07:17:31","modified_gmt":"2025-02-14T04:17:31","slug":"bts-bioanalyses-et-controles-bioac","status":"publish","type":"page","link":"https:\/\/etab.ac-reunion.fr\/lyc-saint-paul4\/bts-bioanalyses-et-controles-bioac\/","title":{"rendered":"BTS Bioanalyses en Laboratoire de Contr\u00f4le (BioALC)"},"content":{"rendered":"\n<figure class=\"wp-block-image size-full\"><img loading=\"lazy\" decoding=\"async\" width=\"962\" height=\"335\" src=\"https:\/\/etab.ac-reunion.fr\/lyc-saint-paul4\/wp-content\/uploads\/sites\/49\/2021\/11\/BIOAC-2021.png\" alt=\"\" class=\"wp-image-3332\" srcset=\"https:\/\/etab.ac-reunion.fr\/lyc-saint-paul4\/wp-content\/uploads\/sites\/49\/2021\/11\/BIOAC-2021.png 962w, https:\/\/etab.ac-reunion.fr\/lyc-saint-paul4\/wp-content\/uploads\/sites\/49\/2021\/11\/BIOAC-2021-300x104.png 300w, https:\/\/etab.ac-reunion.fr\/lyc-saint-paul4\/wp-content\/uploads\/sites\/49\/2021\/11\/BIOAC-2021-768x267.png 768w, https:\/\/etab.ac-reunion.fr\/lyc-saint-paul4\/wp-content\/uploads\/sites\/49\/2021\/11\/BIOAC-2021-960x335.png 960w\" sizes=\"auto, (max-width: 962px) 100vw, 962px\" \/><\/figure>\n\n\n\n<h4 class=\"wp-block-heading\"><b>LE METIER<\/b> <\/h4>\n\n\n\n<p><\/p>\n\n\n\n<p><strong>Le contexte professionnel<\/strong><strong>&nbsp;: <\/strong>Le technicien sup\u00e9rieur de Bioanalyses en laboratoire de contr\u00f4le est form\u00e9 pour travailler au sein d\u2019un laboratoire.<\/p>\n\n\n\n<p><strong>L\u2019activit\u00e9 professionnelle<\/strong><strong>&nbsp;:<\/strong><\/p>\n\n\n\n<p>Le technicien sup\u00e9rieur de Bioanalyses en laboratoire de contr\u00f4le a pour mission principale de mettre en \u0153uvre, d\u2019optimiser et d\u2019actualiser des m\u00e9thodes de bioanalyses utilisant principalement des techniques analytiques de biochimie, de microbiologie, de biologie mol\u00e9culaire, d\u2019immunologie ou de physico-chimie. Son intervention peut aller du pr\u00e9l\u00e8vement des \u00e9chantillons jusqu\u2019\u00e0 l\u2019interpr\u00e9tation des r\u00e9sultats.<\/p>\n\n\n\n<p>Cette mission s\u2019inscrit dans la d\u00e9marche qualit\u00e9 des entreprises des secteurs concern\u00e9s.<\/p>\n\n\n\n<p>Son travail s\u2019effectue au sein d\u2018une \u00e9quipe.<\/p>\n\n\n\n<p><strong>Secteurs d\u2019activit\u00e9<\/strong><strong>&nbsp;:<\/strong><\/p>\n\n\n\n<p>-Laboratoire de contr\u00f4le qualit\u00e9 et recherche et d\u00e9veloppement des bio-industries (cosm\u00e9tiques, pharmaceutiques, agroalimentaires).<\/p>\n\n\n\n<p>-Les laboratoires d\u2019analyses et de contr\u00f4les ind\u00e9pendants.<\/p>\n\n\n\n<p>-Les laboratoires d\u2019expertise (douane, police, r\u00e9pression des fraudes\u2026)<\/p>\n\n\n\n<p>-Les laboratoires de contr\u00f4le et d\u2019\u00e9tude de l\u2019environnement.<\/p>\n\n\n\n<p>-Les laboratoires d\u2019analyses agricoles (chambre agriculture, coop\u00e9ratives agricoles\u2026).<\/p>\n\n\n\n<p>Pour en savoir plus voir le\u00a0<a href=\"https:\/\/etab.ac-reunion.fr\/lyc-saint-paul4\/wp-content\/uploads\/sites\/49\/2025\/02\/plaquette_bts_bioalc_juin_2024_Paul_Verges.pdf\">Plaquette mise \u00e0 jour en 2025\u00a0<\/a><\/p>\n\n\n\n<p><\/p>\n\n\n\n<hr class=\"wp-block-separator has-css-opacity\" \/>\n\n\n\n<hr class=\"wp-block-separator has-css-opacity\" \/>\n\n\n\n<p><\/p>\n\n\n\n<p><\/p>\n\n\n\n<h4 class=\"wp-block-heading\">LES CONDITIONS D\u2019ACC\u00c8S<\/h4>\n\n\n\n<p><\/p>\n\n\n\n<p>Acc\u00e8s \u00e0 la formation via&nbsp;<a href=\"http:\/\/www.parcoursup.fr\/\">www.parcoursup.fr<\/a><\/p>\n\n\n\n<p>Le BTS s\u2019adresse plus particuli\u00e8rement aux titulaires des baccalaur\u00e9ats suivants :<\/p>\n\n\n\n<ul class=\"wp-block-list\">\n<li>Bac technologique STL option BGB ou ST2S<\/li>\n\n\n\n<li>Bac s\u00e9rie g\u00e9n\u00e9rale avec options scientifiques<\/li>\n\n\n\n<li>Bac professionnel en lien avec la biologie<\/li>\n<\/ul>\n\n\n\n<p><strong>Pour r\u00e9ussir dans cette voie<\/strong>, l\u2019\u00e9tudiant doit avoir le sens et le go\u00fbt dans la mise en \u0153uvre des proc\u00e9dures d\u2019analyses et de contr\u00f4les biochimiques et microbiologiques selon les normes en vigueur et avoir une bonne aptitude au travail en \u00e9quipe.<\/p>\n\n\n\n<p><\/p>\n\n\n\n<p><\/p>\n\n\n\n<h4 class=\"wp-block-heading\">LES POINTS FORTS DE LA FORMATION<\/h4>\n\n\n\n<p><\/p>\n\n\n\n<p>-Entre 40% et 50 % de l\u2019emploi du temps est consacr\u00e9 aux activit\u00e9s technologiques<\/p>\n\n\n\n<p>-14 semaines de stage en milieu professionnel sur les deux ann\u00e9es pouvant \u00eatre r\u00e9alis\u00e9es \u00e0 la R\u00e9union, en m\u00e9tropole, en Europe avec le programme EASMUS ou \u00e0 l\u2019\u00e9tranger avec le programme ERASMUS +.<\/p>\n\n\n\n<p>-Formation structur\u00e9e en blocs de comp\u00e9tences professionnelles, int\u00e9grant des d\u00e9marches de projet et des visites d\u2019entreprises pour initier son r\u00e9seau professionnel.<\/p>\n\n\n\n<p>-Des promotions de 15 \u00e9tudiants.<\/p>\n\n\n\n<p><\/p>\n\n\n\n<h4 class=\"wp-block-heading\">LES HORAIRES HEBDOMADAIRES<\/h4>\n\n\n\n<p><\/p>\n\n\n<div class=\"wp-block-image\">\n<figure class=\"aligncenter size-full\"><img loading=\"lazy\" decoding=\"async\" width=\"761\" height=\"734\" src=\"https:\/\/etab.ac-reunion.fr\/lyc-saint-paul4\/wp-content\/uploads\/sites\/49\/2025\/02\/Tableau-BTS-BioAlc-2025.jpg\" alt=\"\" class=\"wp-image-5206\" srcset=\"https:\/\/etab.ac-reunion.fr\/lyc-saint-paul4\/wp-content\/uploads\/sites\/49\/2025\/02\/Tableau-BTS-BioAlc-2025.jpg 761w, https:\/\/etab.ac-reunion.fr\/lyc-saint-paul4\/wp-content\/uploads\/sites\/49\/2025\/02\/Tableau-BTS-BioAlc-2025-300x289.jpg 300w, https:\/\/etab.ac-reunion.fr\/lyc-saint-paul4\/wp-content\/uploads\/sites\/49\/2025\/02\/Tableau-BTS-BioAlc-2025-40x40.jpg 40w\" sizes=\"auto, (max-width: 761px) 100vw, 761px\" \/><\/figure>\n<\/div>\n\n\n<p><\/p>\n\n\n\n<p>NB&nbsp;: les cases color\u00e9es sont li\u00e9es aux enseignements professionnels<\/p>\n\n\n\n<p>Selon les disciplines, l\u2019\u00e9valuation se fait en CCF (contr\u00f4le en cours de formation) ou en \u00e9preuve ponctuelle.<\/p>\n\n\n\n<p>Les stages permettent d\u2019alimenter un portfolio mettant en avant les comp\u00e9tences travaill\u00e9es et donnent lieu \u00e0 une soutenance lors de laquelle l\u2019\u00e9tudiant expose le travail r\u00e9alis\u00e9 et une r\u00e9flexion sur son activit\u00e9 professionnelle.<\/p>\n\n\n\n<p><\/p>\n\n\n\n<h4 class=\"wp-block-heading\">LES POURSUITES D\u2019\u00c9TUDES<\/h4>\n\n\n\n<p><\/p>\n\n\n\n<p><strong>IUT&nbsp;: <\/strong>Int\u00e9gration sur dossier d\u2019une formation de BUT (Brevet Universitaire Technologique) en 2<sup>\u00e8me<\/sup> ann\u00e9e, en lien avec la biologie.<\/p>\n\n\n\n<p><em>Exemple&nbsp;: <\/em>BUT G\u00e9nie Biologique \u00e0 Saint Pierre<\/p>\n\n\n\n<p><strong>Universit\u00e9<\/strong>&nbsp;: acc\u00e8s sur dossier \u00e0 des licences scientifiques et aux licences professionnelles dans le domaine des industries de l\u2019agroalimentaire et de l\u2019alimentation, mais aussi des biotechnologies, de la sant\u00e9, de la protection de l\u2019environnement etc.<\/p>\n\n\n\n<p><strong>\u00c9coles d\u2019ing\u00e9nieurs&nbsp;:<\/strong>&nbsp;Int\u00e9gration directe sur dossier ou via concours BTSA\/BTS<\/p>\n\n\n\n<p><strong>Concours <\/strong>: acc\u00e8s aux \u00e9coles v\u00e9t\u00e9rinaires et agronomiques<\/p>\n\n\n\n<hr class=\"wp-block-separator has-css-opacity\" \/>\n\n\n\n<p class=\"has-text-align-right\"><em>derni\u00e8re maj ann\u00e9e 2024-202<\/em>5<\/p>\n","protected":false},"excerpt":{"rendered":"<p>LE METIER Le contexte professionnel&nbsp;: Le technicien sup\u00e9rieur de Bioanalyses en laboratoire de contr\u00f4le est form\u00e9 pour travailler au sein d\u2019un laboratoire. L\u2019activit\u00e9 professionnelle&nbsp;: Le technicien sup\u00e9rieur de Bioanalyses en laboratoire de contr\u00f4le a pour mission principale de mettre en \u0153uvre, d\u2019optimiser et d\u2019actualiser des m\u00e9thodes de bioanalyses utilisant principalement des techniques analytiques de biochimie, [&hellip;]<\/p>\n","protected":false},"author":4140,"featured_media":3332,"parent":0,"menu_order":0,"comment_status":"closed","ping_status":"closed","template":"","meta":{"footnotes":""},"class_list":["post-29","page","type-page","status-publish","has-post-thumbnail","hentry"],"_links":{"self":[{"href":"https:\/\/etab.ac-reunion.fr\/lyc-saint-paul4\/wp-json\/wp\/v2\/pages\/29","targetHints":{"allow":["GET"]}}],"collection":[{"href":"https:\/\/etab.ac-reunion.fr\/lyc-saint-paul4\/wp-json\/wp\/v2\/pages"}],"about":[{"href":"https:\/\/etab.ac-reunion.fr\/lyc-saint-paul4\/wp-json\/wp\/v2\/types\/page"}],"author":[{"embeddable":true,"href":"https:\/\/etab.ac-reunion.fr\/lyc-saint-paul4\/wp-json\/wp\/v2\/users\/4140"}],"replies":[{"embeddable":true,"href":"https:\/\/etab.ac-reunion.fr\/lyc-saint-paul4\/wp-json\/wp\/v2\/comments?post=29"}],"version-history":[{"count":33,"href":"https:\/\/etab.ac-reunion.fr\/lyc-saint-paul4\/wp-json\/wp\/v2\/pages\/29\/revisions"}],"predecessor-version":[{"id":5241,"href":"https:\/\/etab.ac-reunion.fr\/lyc-saint-paul4\/wp-json\/wp\/v2\/pages\/29\/revisions\/5241"}],"wp:featuredmedia":[{"embeddable":true,"href":"https:\/\/etab.ac-reunion.fr\/lyc-saint-paul4\/wp-json\/wp\/v2\/media\/3332"}],"wp:attachment":[{"href":"https:\/\/etab.ac-reunion.fr\/lyc-saint-paul4\/wp-json\/wp\/v2\/media?parent=29"}],"curies":[{"name":"wp","href":"https:\/\/api.w.org\/{rel}","templated":true}]}}