{"id":4345,"date":"2023-06-08T09:07:34","date_gmt":"2023-06-08T06:07:34","guid":{"rendered":"https:\/\/etab.ac-reunion.fr\/lyc-saint-paul4\/?page_id=4345"},"modified":"2025-04-10T11:06:51","modified_gmt":"2025-04-10T08:06:51","slug":"ecobiotek-plateforme-technologique","status":"publish","type":"page","link":"https:\/\/etab.ac-reunion.fr\/lyc-saint-paul4\/ecobiotek-plateforme-technologique\/","title":{"rendered":"ECOBIOTEK, Plateforme technologique"},"content":{"rendered":"\n<blockquote class=\"wp-block-quote is-layout-flow wp-block-quote-is-layout-flow\">\n<p class=\"has-text-align-center\"><em>\u00ab&nbsp;Les moyens et comp\u00e9tences de notre plateforme, au service de votre innovation&nbsp;\u00bb<\/em><\/p>\n<\/blockquote>\n\n\n<div class=\"wp-block-image\">\n<figure class=\"aligncenter size-full is-resized\"><img loading=\"lazy\" decoding=\"async\" width=\"971\" height=\"459\" src=\"https:\/\/etab.ac-reunion.fr\/lyc-saint-paul4\/wp-content\/uploads\/sites\/49\/2023\/06\/LOGO.png\" alt=\"\" class=\"wp-image-4349\" style=\"width:300px;height:142px\" srcset=\"https:\/\/etab.ac-reunion.fr\/lyc-saint-paul4\/wp-content\/uploads\/sites\/49\/2023\/06\/LOGO.png 971w, https:\/\/etab.ac-reunion.fr\/lyc-saint-paul4\/wp-content\/uploads\/sites\/49\/2023\/06\/LOGO-300x142.png 300w, https:\/\/etab.ac-reunion.fr\/lyc-saint-paul4\/wp-content\/uploads\/sites\/49\/2023\/06\/LOGO-768x363.png 768w\" sizes=\"auto, (max-width: 971px) 100vw, 971px\" \/><\/figure>\n<\/div>\n\n\n<p><\/p>\n\n\n\n<p>Tout r\u00e9cemment labellis\u00e9e, la plateforme technologique EcoBiotek est une structure qui regroupe les nombreux plateaux techniques pr\u00e9sents au sein du Lyc\u00e9e St Paul IV. Elle s\u2019inscrit dans le dispositif de transfert de comp\u00e9tences pour permettre \u00e0 des entreprises publiques ou priv\u00e9es locales d\u2019utiliser son mat\u00e9riel et ses expertises dans les domaines des Biotechnologies, des Bio-proc\u00e9d\u00e9s (alimentaire, cosm\u00e9tique, pharmaceutique) et de la fili\u00e8re eau.<\/p>\n\n\n\n<p>Elle a \u00e9galement pour vocation d\u2019int\u00e9grer autant que possible une d\u00e9marche p\u00e9dagogique dans ses projets en faisant participer les \u00e9l\u00e8ves et \u00e9tudiants de l\u2019\u00e9tablissement \u00e0 travers des travaux pratiques et stages professionnels. Cette dimension p\u00e9dagogique permet d\u2019\u00e9clairer nos jeunes dans leurs projets de formation, de rehausser leur niveau d\u2019ambition\/qualification et de faciliter leur insertion professionnelle dans l\u2019\u00e9conomie locale.<\/p>\n\n\n\n<figure class=\"wp-block-gallery has-nested-images columns-default is-cropped wp-block-gallery-1 is-layout-flex wp-block-gallery-is-layout-flex\">\n<figure class=\"wp-block-image size-large\"><img loading=\"lazy\" decoding=\"async\" width=\"1024\" height=\"768\" data-id=\"4350\" src=\"https:\/\/etab.ac-reunion.fr\/lyc-saint-paul4\/wp-content\/uploads\/sites\/49\/2023\/06\/Image-1-1024x768.jpg\" alt=\"\" class=\"wp-image-4350\" srcset=\"https:\/\/etab.ac-reunion.fr\/lyc-saint-paul4\/wp-content\/uploads\/sites\/49\/2023\/06\/Image-1-1024x768.jpg 1024w, https:\/\/etab.ac-reunion.fr\/lyc-saint-paul4\/wp-content\/uploads\/sites\/49\/2023\/06\/Image-1-300x225.jpg 300w, https:\/\/etab.ac-reunion.fr\/lyc-saint-paul4\/wp-content\/uploads\/sites\/49\/2023\/06\/Image-1-768x576.jpg 768w, https:\/\/etab.ac-reunion.fr\/lyc-saint-paul4\/wp-content\/uploads\/sites\/49\/2023\/06\/Image-1-1536x1152.jpg 1536w, https:\/\/etab.ac-reunion.fr\/lyc-saint-paul4\/wp-content\/uploads\/sites\/49\/2023\/06\/Image-1-2048x1536.jpg 2048w\" sizes=\"auto, (max-width: 1024px) 100vw, 1024px\" \/><\/figure>\n\n\n\n<figure class=\"wp-block-image size-large\"><img loading=\"lazy\" decoding=\"async\" width=\"1024\" height=\"768\" data-id=\"4351\" src=\"https:\/\/etab.ac-reunion.fr\/lyc-saint-paul4\/wp-content\/uploads\/sites\/49\/2023\/06\/Image-2-1024x768.jpg\" alt=\"\" class=\"wp-image-4351\" srcset=\"https:\/\/etab.ac-reunion.fr\/lyc-saint-paul4\/wp-content\/uploads\/sites\/49\/2023\/06\/Image-2-1024x768.jpg 1024w, https:\/\/etab.ac-reunion.fr\/lyc-saint-paul4\/wp-content\/uploads\/sites\/49\/2023\/06\/Image-2-300x225.jpg 300w, https:\/\/etab.ac-reunion.fr\/lyc-saint-paul4\/wp-content\/uploads\/sites\/49\/2023\/06\/Image-2-768x576.jpg 768w, https:\/\/etab.ac-reunion.fr\/lyc-saint-paul4\/wp-content\/uploads\/sites\/49\/2023\/06\/Image-2-1536x1152.jpg 1536w, https:\/\/etab.ac-reunion.fr\/lyc-saint-paul4\/wp-content\/uploads\/sites\/49\/2023\/06\/Image-2-2048x1536.jpg 2048w\" sizes=\"auto, (max-width: 1024px) 100vw, 1024px\" \/><\/figure>\n\n\n\n<figure class=\"wp-block-image size-large\"><img loading=\"lazy\" decoding=\"async\" width=\"1024\" height=\"768\" data-id=\"4352\" src=\"https:\/\/etab.ac-reunion.fr\/lyc-saint-paul4\/wp-content\/uploads\/sites\/49\/2023\/06\/Image-3-1024x768.jpg\" alt=\"\" class=\"wp-image-4352\" srcset=\"https:\/\/etab.ac-reunion.fr\/lyc-saint-paul4\/wp-content\/uploads\/sites\/49\/2023\/06\/Image-3-1024x768.jpg 1024w, https:\/\/etab.ac-reunion.fr\/lyc-saint-paul4\/wp-content\/uploads\/sites\/49\/2023\/06\/Image-3-300x225.jpg 300w, https:\/\/etab.ac-reunion.fr\/lyc-saint-paul4\/wp-content\/uploads\/sites\/49\/2023\/06\/Image-3-768x576.jpg 768w, https:\/\/etab.ac-reunion.fr\/lyc-saint-paul4\/wp-content\/uploads\/sites\/49\/2023\/06\/Image-3-1536x1152.jpg 1536w, https:\/\/etab.ac-reunion.fr\/lyc-saint-paul4\/wp-content\/uploads\/sites\/49\/2023\/06\/Image-3.jpg 2048w\" sizes=\"auto, (max-width: 1024px) 100vw, 1024px\" \/><\/figure>\n<\/figure>\n\n\n\n<p><\/p>\n\n\n\n<h2 class=\"wp-block-heading\"><strong>Pourquoi faire appel \u00e0 la PFT EcoBioTek&nbsp;?<\/strong><\/h2>\n\n\n\n<p>Si vous \u00eates une entreprise locale qui cherche \u00e0 innover dans les domaines de l\u2019\u00e9conomie verte ou bleue et qui manque de moyens techniques ou de comp\u00e9tences, la PFT est votre solution&nbsp;!<\/p>\n\n\n\n<p><\/p>\n\n\n\n<h3 class=\"wp-block-heading\"><strong>Les plateaux techniques disponibles&nbsp;:<\/strong><\/h3>\n\n\n\n<p><\/p>\n\n\n\n<p><strong>Biotechnologie analytique <a href=\"https:\/\/etab.ac-reunion.fr\/lyc-saint-paul4\/wp-content\/uploads\/sites\/49\/2025\/04\/Liste-des-equipements-Biotechnologie.pdf\" target=\"_blank\" rel=\"noreferrer noopener\"><em>(liste des \u00e9quipements)<\/em><\/a><\/strong><\/p>\n\n\n\n<ul class=\"wp-block-list\">\n<li>Microbiologie<\/li>\n\n\n\n<li>Biochimie\/Chimie analytique<\/li>\n\n\n\n<li>Biologie cellulaire eucaryote (animale, v\u00e9g\u00e9tale) et mol\u00e9culaire<\/li>\n<\/ul>\n\n\n\n<p><strong>Recherche et d\u00e9veloppement des proc\u00e9d\u00e9s de bioindustries <em><a href=\"https:\/\/etab.ac-reunion.fr\/lyc-saint-paul4\/wp-content\/uploads\/sites\/49\/2025\/04\/Liste-des-equipements-Procedes-de-bioindustrie.pdf\" target=\"_blank\" rel=\"noreferrer noopener\">(liste des \u00e9quipements)<\/a><\/em><\/strong><\/p>\n\n\n\n<ul class=\"wp-block-list\">\n<li>Agroalimentaire<\/li>\n\n\n\n<li>Cosm\u00e9tique<\/li>\n\n\n\n<li>Pharmaceutique<\/li>\n<\/ul>\n\n\n\n<p><strong>Proc\u00e9d\u00e9s de l\u2019eau <em><a href=\"https:\/\/etab.ac-reunion.fr\/lyc-saint-paul4\/wp-content\/uploads\/sites\/49\/2025\/04\/Liste-des-equipements-Procedes-de-leau.pdf\" target=\"_blank\" rel=\"noreferrer noopener\">(liste des \u00e9quipements)<\/a><\/em><\/strong><\/p>\n\n\n\n<p><\/p>\n\n\n\n<figure class=\"wp-block-gallery has-nested-images columns-default is-cropped wp-block-gallery-2 is-layout-flex wp-block-gallery-is-layout-flex\">\n<figure class=\"wp-block-image size-large\"><img loading=\"lazy\" decoding=\"async\" width=\"957\" height=\"1024\" data-id=\"4347\" src=\"https:\/\/etab.ac-reunion.fr\/lyc-saint-paul4\/wp-content\/uploads\/sites\/49\/2023\/06\/Image-4-957x1024.jpg\" alt=\"\" class=\"wp-image-4347\" srcset=\"https:\/\/etab.ac-reunion.fr\/lyc-saint-paul4\/wp-content\/uploads\/sites\/49\/2023\/06\/Image-4-957x1024.jpg 957w, https:\/\/etab.ac-reunion.fr\/lyc-saint-paul4\/wp-content\/uploads\/sites\/49\/2023\/06\/Image-4-280x300.jpg 280w, https:\/\/etab.ac-reunion.fr\/lyc-saint-paul4\/wp-content\/uploads\/sites\/49\/2023\/06\/Image-4-768x821.jpg 768w, https:\/\/etab.ac-reunion.fr\/lyc-saint-paul4\/wp-content\/uploads\/sites\/49\/2023\/06\/Image-4-1436x1536.jpg 1436w, https:\/\/etab.ac-reunion.fr\/lyc-saint-paul4\/wp-content\/uploads\/sites\/49\/2023\/06\/Image-4-1915x2048.jpg 1915w, https:\/\/etab.ac-reunion.fr\/lyc-saint-paul4\/wp-content\/uploads\/sites\/49\/2023\/06\/Image-4.jpg 2026w\" sizes=\"auto, (max-width: 957px) 100vw, 957px\" \/><\/figure>\n\n\n\n<figure class=\"wp-block-image size-large\"><img loading=\"lazy\" decoding=\"async\" width=\"1024\" height=\"768\" data-id=\"4348\" src=\"https:\/\/etab.ac-reunion.fr\/lyc-saint-paul4\/wp-content\/uploads\/sites\/49\/2023\/06\/Image-5-1024x768.jpg\" alt=\"\" class=\"wp-image-4348\" srcset=\"https:\/\/etab.ac-reunion.fr\/lyc-saint-paul4\/wp-content\/uploads\/sites\/49\/2023\/06\/Image-5-1024x768.jpg 1024w, https:\/\/etab.ac-reunion.fr\/lyc-saint-paul4\/wp-content\/uploads\/sites\/49\/2023\/06\/Image-5-300x225.jpg 300w, https:\/\/etab.ac-reunion.fr\/lyc-saint-paul4\/wp-content\/uploads\/sites\/49\/2023\/06\/Image-5-768x576.jpg 768w, https:\/\/etab.ac-reunion.fr\/lyc-saint-paul4\/wp-content\/uploads\/sites\/49\/2023\/06\/Image-5-1536x1152.jpg 1536w, https:\/\/etab.ac-reunion.fr\/lyc-saint-paul4\/wp-content\/uploads\/sites\/49\/2023\/06\/Image-5-2048x1536.jpg 2048w\" sizes=\"auto, (max-width: 1024px) 100vw, 1024px\" \/><\/figure>\n<\/figure>\n\n\n\n<p><\/p>\n\n\n\n<h2 class=\"wp-block-heading\"><strong>3 types de prestations&nbsp;:<\/strong><\/h2>\n\n\n\n<ul class=\"wp-block-list\">\n<li>Mise \u00e0 disposition de locaux et \u00e9quipements sans accompagnement conseil.<\/li>\n\n\n\n<li>Accompagnement au d\u00e9veloppement avec appui scientifique et technique et formations.<\/li>\n\n\n\n<li>Int\u00e9gration p\u00e9dagogique du projet avec participation des \u00e9l\u00e8ves et \u00e9tudiants (mise en \u0153uvre de protocole, organisation de travaux pratiques, rencontre entreprise\/classes, stages professionnels).<\/li>\n<\/ul>\n\n\n\n<p><\/p>\n\n\n\n<h2 class=\"wp-block-heading\"><strong>Vous&nbsp; souhaitez solliciter la PFT<\/strong><\/h2>\n\n\n\n<blockquote class=\"wp-block-quote is-layout-flow wp-block-quote-is-layout-flow\">\n<p class=\"has-text-align-center\">\u00ab&nbsp;Concr\u00e8tement comment \u00e7a se passe&nbsp;?&nbsp;\u00bb<\/p>\n<\/blockquote>\n\n\n\n<ul class=\"wp-block-list\">\n<li>Exprimez-nous votre besoin<\/li>\n\n\n\n<li>En interne nous consultons les comp\u00e9tences \u00e0 disposition<\/li>\n\n\n\n<li>Nous vous proposons une solution<\/li>\n\n\n\n<li>Apr\u00e8s accord par convention, la PFT r\u00e9pond \u00e0 votre besoin<\/li>\n<\/ul>\n\n\n<div class=\"wp-block-image\">\n<figure class=\"alignleft size-full is-resized\"><img loading=\"lazy\" decoding=\"async\" width=\"612\" height=\"612\" src=\"https:\/\/etab.ac-reunion.fr\/lyc-saint-paul4\/wp-content\/uploads\/sites\/49\/2023\/06\/Photo-Claire-DUSSUD.png\" alt=\"\" class=\"wp-image-4397\" style=\"width:207px;height:207px\" srcset=\"https:\/\/etab.ac-reunion.fr\/lyc-saint-paul4\/wp-content\/uploads\/sites\/49\/2023\/06\/Photo-Claire-DUSSUD.png 612w, https:\/\/etab.ac-reunion.fr\/lyc-saint-paul4\/wp-content\/uploads\/sites\/49\/2023\/06\/Photo-Claire-DUSSUD-300x300.png 300w, https:\/\/etab.ac-reunion.fr\/lyc-saint-paul4\/wp-content\/uploads\/sites\/49\/2023\/06\/Photo-Claire-DUSSUD-150x150.png 150w, https:\/\/etab.ac-reunion.fr\/lyc-saint-paul4\/wp-content\/uploads\/sites\/49\/2023\/06\/Photo-Claire-DUSSUD-200x200.png 200w, https:\/\/etab.ac-reunion.fr\/lyc-saint-paul4\/wp-content\/uploads\/sites\/49\/2023\/06\/Photo-Claire-DUSSUD-130x130.png 130w, https:\/\/etab.ac-reunion.fr\/lyc-saint-paul4\/wp-content\/uploads\/sites\/49\/2023\/06\/Photo-Claire-DUSSUD-67x67.png 67w, https:\/\/etab.ac-reunion.fr\/lyc-saint-paul4\/wp-content\/uploads\/sites\/49\/2023\/06\/Photo-Claire-DUSSUD-40x40.png 40w, https:\/\/etab.ac-reunion.fr\/lyc-saint-paul4\/wp-content\/uploads\/sites\/49\/2023\/06\/Photo-Claire-DUSSUD-184x184.png 184w\" sizes=\"auto, (max-width: 612px) 100vw, 612px\" \/><\/figure>\n<\/div>\n\n\n<p><\/p>\n\n\n\n<p><\/p>\n\n\n\n<p><\/p>\n\n\n\n<p class=\"has-text-align-right\"><strong><mark class=\"has-inline-color has-vivid-purple-color\">CONTACTEZ NOUS&nbsp;!<\/mark><\/strong><\/p>\n\n\n\n<p class=\"has-text-align-right\">Claire DUSSUD : Coordinatrice plateforme <\/p>\n\n\n\n<p class=\"has-text-align-right\">0262 330 650 (demander poste 307)<\/p>\n\n\n\n<p class=\"has-text-align-right\"><a href=\"mailto:ecobiotek.9741380g@ac-reunion.fr\">ecobiotek.9741380g@ac-reunion.fr <\/a><\/p>\n\n\n\n<p class=\"has-text-align-right\"><a href=\"https:\/\/www.linkedin.com\/company\/ecobiotek?trk=public_post_follow-view-profile\">Ecobiotek sur LINKEDIN<\/a><\/p>\n\n\n\n<p><\/p>\n\n\n\n<p><\/p>\n\n\n\n<p><\/p>\n\n\n\n<p><\/p>\n\n\n\n<p><\/p>\n\n\n\n<p><\/p>\n\n\n\n<h3 class=\"wp-block-heading\"><strong>Nos valeurs<\/strong><\/h3>\n\n\n\n<p><\/p>\n\n\n\n<p><strong><em>Entraide<\/em><\/strong>&nbsp;: La PFT vous apporte soutien et accompagnement dans vos projets.<\/p>\n\n\n\n<p><strong><em>F\u00e9d\u00e9rer&nbsp;<\/em><\/strong>: L\u2019objectif de la structure est de faciliter les \u00e9changes et les transferts de technologie entre les centres de formation, les entreprises et les laboratoires.<\/p>\n\n\n\n<p><strong><em>Adaptabilit\u00e9<\/em><\/strong><em>&nbsp;<\/em>: La plateforme propose des projets sur mesure en fonction de vos besoins.<\/p>\n","protected":false},"excerpt":{"rendered":"<p>\u00ab&nbsp;Les moyens et comp\u00e9tences de notre plateforme, au service de votre innovation&nbsp;\u00bb Tout r\u00e9cemment labellis\u00e9e, la plateforme technologique EcoBiotek est une structure qui regroupe les nombreux plateaux techniques pr\u00e9sents au sein du Lyc\u00e9e St Paul IV. Elle s\u2019inscrit dans le dispositif de transfert de comp\u00e9tences pour permettre \u00e0 des entreprises publiques ou priv\u00e9es locales d\u2019utiliser [&hellip;]<\/p>\n","protected":false},"author":15,"featured_media":4349,"parent":0,"menu_order":0,"comment_status":"closed","ping_status":"closed","template":"","meta":{"footnotes":""},"class_list":["post-4345","page","type-page","status-publish","has-post-thumbnail","hentry"],"_links":{"self":[{"href":"https:\/\/etab.ac-reunion.fr\/lyc-saint-paul4\/wp-json\/wp\/v2\/pages\/4345","targetHints":{"allow":["GET"]}}],"collection":[{"href":"https:\/\/etab.ac-reunion.fr\/lyc-saint-paul4\/wp-json\/wp\/v2\/pages"}],"about":[{"href":"https:\/\/etab.ac-reunion.fr\/lyc-saint-paul4\/wp-json\/wp\/v2\/types\/page"}],"author":[{"embeddable":true,"href":"https:\/\/etab.ac-reunion.fr\/lyc-saint-paul4\/wp-json\/wp\/v2\/users\/15"}],"replies":[{"embeddable":true,"href":"https:\/\/etab.ac-reunion.fr\/lyc-saint-paul4\/wp-json\/wp\/v2\/comments?post=4345"}],"version-history":[{"count":49,"href":"https:\/\/etab.ac-reunion.fr\/lyc-saint-paul4\/wp-json\/wp\/v2\/pages\/4345\/revisions"}],"predecessor-version":[{"id":5312,"href":"https:\/\/etab.ac-reunion.fr\/lyc-saint-paul4\/wp-json\/wp\/v2\/pages\/4345\/revisions\/5312"}],"wp:featuredmedia":[{"embeddable":true,"href":"https:\/\/etab.ac-reunion.fr\/lyc-saint-paul4\/wp-json\/wp\/v2\/media\/4349"}],"wp:attachment":[{"href":"https:\/\/etab.ac-reunion.fr\/lyc-saint-paul4\/wp-json\/wp\/v2\/media?parent=4345"}],"curies":[{"name":"wp","href":"https:\/\/api.w.org\/{rel}","templated":true}]}}