{"id":4913,"date":"2024-06-07T09:14:54","date_gmt":"2024-06-07T06:14:54","guid":{"rendered":"https:\/\/etab.ac-reunion.fr\/lyc-saint-paul4\/?page_id=4913"},"modified":"2024-06-07T10:29:11","modified_gmt":"2024-06-07T07:29:11","slug":"lulis-profil-bac-du-lycee-paul-verges","status":"publish","type":"page","link":"https:\/\/etab.ac-reunion.fr\/lyc-saint-paul4\/lulis-profil-bac-du-lycee-paul-verges\/","title":{"rendered":"L&rsquo;ULIS Profil BAC du lyc\u00e9e Paul Verg\u00e8s"},"content":{"rendered":"<div class=\"wp-block-image\">\n<figure class=\"alignright size-large is-resized\"><img loading=\"lazy\" decoding=\"async\" width=\"818\" height=\"1024\" src=\"https:\/\/etab.ac-reunion.fr\/lyc-saint-paul4\/wp-content\/uploads\/sites\/49\/2024\/06\/ULIS-La-salle-818x1024.png\" alt=\"\" class=\"wp-image-4919\" style=\"width:293px;height:auto\" srcset=\"https:\/\/etab.ac-reunion.fr\/lyc-saint-paul4\/wp-content\/uploads\/sites\/49\/2024\/06\/ULIS-La-salle-818x1024.png 818w, https:\/\/etab.ac-reunion.fr\/lyc-saint-paul4\/wp-content\/uploads\/sites\/49\/2024\/06\/ULIS-La-salle-240x300.png 240w, https:\/\/etab.ac-reunion.fr\/lyc-saint-paul4\/wp-content\/uploads\/sites\/49\/2024\/06\/ULIS-La-salle-768x962.png 768w, https:\/\/etab.ac-reunion.fr\/lyc-saint-paul4\/wp-content\/uploads\/sites\/49\/2024\/06\/ULIS-La-salle.png 1125w\" sizes=\"auto, (max-width: 818px) 100vw, 818px\" \/><\/figure>\n<\/div>\n\n\n<p>Ci dessous en lien un Padlet avec des informations concernant le dispositif et quelques outils et apports th\u00e9oriques (en construction permanente).<\/p>\n\n\n\n<p><a href=\"https:\/\/padlet.com\/Murielle_Reinenbergh\/l-ulis-profil-bac-du-lyc-e-paul-verg-s-8lufsayfzdtosgws\">https:\/\/padlet.com\/Murielle_Reinenbergh\/l-ulis-profil-bac-du-lyc-e-paul-verg-s-8lufsayfzdtosgws<\/a><\/p>\n\n\n\n<p><\/p>\n\n\n\n<p>Et pour en savoir plus sur la mise en place de ce dispositif dans notre \u00e9tablissement : <a href=\"https:\/\/etab.ac-reunion.fr\/lyc-saint-paul4\/lulis-du-lycee-saint-paul-iv-une-ulis-profil-bac\/\">L\u2019 ULIS \u00ab\u00a0profil Bac\u00a0\u00bb : un dispositif innovant pour accompagner les \u00e9l\u00e8ves \u00e0 besoins \u00e9ducatifs particuliers | Lyc\u00e9e Paul Verg\u00e8s (ac-reunion.fr)<\/a><\/p>\n\n\n\n<p><\/p>\n\n\n\n<p>Murielle REINENBERGH<\/p>\n","protected":false},"excerpt":{"rendered":"<p>Ci dessous en lien un Padlet avec des informations concernant le dispositif et quelques outils et apports th\u00e9oriques (en construction permanente). https:\/\/padlet.com\/Murielle_Reinenbergh\/l-ulis-profil-bac-du-lyc-e-paul-verg-s-8lufsayfzdtosgws Et pour en savoir plus sur la mise en place de ce dispositif dans notre \u00e9tablissement : L\u2019 ULIS \u00ab\u00a0profil Bac\u00a0\u00bb : un dispositif innovant pour accompagner les \u00e9l\u00e8ves \u00e0 besoins \u00e9ducatifs particuliers [&hellip;]<\/p>\n","protected":false},"author":15,"featured_media":0,"parent":0,"menu_order":0,"comment_status":"closed","ping_status":"closed","template":"","meta":{"footnotes":""},"class_list":["post-4913","page","type-page","status-publish","hentry"],"_links":{"self":[{"href":"https:\/\/etab.ac-reunion.fr\/lyc-saint-paul4\/wp-json\/wp\/v2\/pages\/4913","targetHints":{"allow":["GET"]}}],"collection":[{"href":"https:\/\/etab.ac-reunion.fr\/lyc-saint-paul4\/wp-json\/wp\/v2\/pages"}],"about":[{"href":"https:\/\/etab.ac-reunion.fr\/lyc-saint-paul4\/wp-json\/wp\/v2\/types\/page"}],"author":[{"embeddable":true,"href":"https:\/\/etab.ac-reunion.fr\/lyc-saint-paul4\/wp-json\/wp\/v2\/users\/15"}],"replies":[{"embeddable":true,"href":"https:\/\/etab.ac-reunion.fr\/lyc-saint-paul4\/wp-json\/wp\/v2\/comments?post=4913"}],"version-history":[{"count":5,"href":"https:\/\/etab.ac-reunion.fr\/lyc-saint-paul4\/wp-json\/wp\/v2\/pages\/4913\/revisions"}],"predecessor-version":[{"id":4924,"href":"https:\/\/etab.ac-reunion.fr\/lyc-saint-paul4\/wp-json\/wp\/v2\/pages\/4913\/revisions\/4924"}],"wp:attachment":[{"href":"https:\/\/etab.ac-reunion.fr\/lyc-saint-paul4\/wp-json\/wp\/v2\/media?parent=4913"}],"curies":[{"name":"wp","href":"https:\/\/api.w.org\/{rel}","templated":true}]}}