{"id":60,"date":"2018-03-11T14:46:32","date_gmt":"2018-03-11T11:46:32","guid":{"rendered":"http:\/\/lycee-stpaul4.ac-reunion.fr\/?page_id=60"},"modified":"2024-02-09T10:26:01","modified_gmt":"2024-02-09T07:26:01","slug":"presentation-du-cap-aqe-agent-de-qualite-de-leau","status":"publish","type":"page","link":"https:\/\/etab.ac-reunion.fr\/lyc-saint-paul4\/presentation-du-cap-aqe-agent-de-qualite-de-leau\/","title":{"rendered":"Pr\u00e9sentation du CAP AQE (Agent de Qualit\u00e9 de l\u2019Eau)"},"content":{"rendered":"<div style=\"width: 960px;\" class=\"wp-video\"><video class=\"wp-video-shortcode\" id=\"video-60-1\" width=\"960\" height=\"720\" preload=\"metadata\" controls=\"controls\"><source type=\"video\/mp4\" src=\"https:\/\/etab.ac-reunion.fr\/lyc-saint-paul4\/wp-content\/uploads\/sites\/49\/2018\/03\/diapo-pr\u00e9sentation-aqe-2018.mp4?_=1\" \/><a href=\"https:\/\/etab.ac-reunion.fr\/lyc-saint-paul4\/wp-content\/uploads\/sites\/49\/2018\/03\/diapo-pr\u00e9sentation-aqe-2018.mp4\">https:\/\/etab.ac-reunion.fr\/lyc-saint-paul4\/wp-content\/uploads\/sites\/49\/2018\/03\/diapo-pr\u00e9sentation-aqe-2018.mp4<\/a><\/video><\/div>\n<hr \/>\n<p><strong><br \/>\nT\u00e9l\u00e9charger la plaquette de pr\u00e9sentation : <a href=\"https:\/\/etab.ac-reunion.fr\/lyc-saint-paul4\/wp-content\/uploads\/sites\/49\/2024\/02\/Plaquette-AQE.pdf\" target=\"_blank\" rel=\"noopener\">Plaquette CAP AQE\u00a0<\/a><\/strong><\/p>\n","protected":false},"excerpt":{"rendered":"<p>T\u00e9l\u00e9charger la plaquette de pr\u00e9sentation : Plaquette CAP AQE\u00a0<\/p>\n","protected":false},"author":463,"featured_media":0,"parent":0,"menu_order":0,"comment_status":"closed","ping_status":"closed","template":"","meta":{"footnotes":""},"class_list":["post-60","page","type-page","status-publish","hentry"],"_links":{"self":[{"href":"https:\/\/etab.ac-reunion.fr\/lyc-saint-paul4\/wp-json\/wp\/v2\/pages\/60","targetHints":{"allow":["GET"]}}],"collection":[{"href":"https:\/\/etab.ac-reunion.fr\/lyc-saint-paul4\/wp-json\/wp\/v2\/pages"}],"about":[{"href":"https:\/\/etab.ac-reunion.fr\/lyc-saint-paul4\/wp-json\/wp\/v2\/types\/page"}],"author":[{"embeddable":true,"href":"https:\/\/etab.ac-reunion.fr\/lyc-saint-paul4\/wp-json\/wp\/v2\/users\/463"}],"replies":[{"embeddable":true,"href":"https:\/\/etab.ac-reunion.fr\/lyc-saint-paul4\/wp-json\/wp\/v2\/comments?post=60"}],"version-history":[{"count":6,"href":"https:\/\/etab.ac-reunion.fr\/lyc-saint-paul4\/wp-json\/wp\/v2\/pages\/60\/revisions"}],"predecessor-version":[{"id":4697,"href":"https:\/\/etab.ac-reunion.fr\/lyc-saint-paul4\/wp-json\/wp\/v2\/pages\/60\/revisions\/4697"}],"wp:attachment":[{"href":"https:\/\/etab.ac-reunion.fr\/lyc-saint-paul4\/wp-json\/wp\/v2\/media?parent=60"}],"curies":[{"name":"wp","href":"https:\/\/api.w.org\/{rel}","templated":true}]}}