{"id":2168,"date":"2017-04-24T10:14:59","date_gmt":"2017-04-24T06:14:59","guid":{"rendered":"http:\/\/lycee-sarda-garriga.ac-reunion.fr\/?page_id=2168"},"modified":"2019-04-16T20:47:02","modified_gmt":"2019-04-16T16:47:02","slug":"bourse-2","status":"publish","type":"page","link":"https:\/\/etab.ac-reunion.fr\/lyc-sarda-garriga\/bourse-2\/","title":{"rendered":"BOURSE"},"content":{"rendered":"<p style=\"text-align: center\"><span style=\"color: #993366;background-color: #ffffff\"><strong>\u00a0<\/strong><\/span><\/p>\n<p>&nbsp;<\/p>\n<p><a href=\"https:\/\/etab.ac-reunion.fr\/lyc-sarda-garriga\/wp-content\/uploads\/sites\/98\/2019\/04\/bourse_demand_affiche_2019.png\"><img loading=\"lazy\" decoding=\"async\" class=\"aligncenter size-full wp-image-3434\" src=\"https:\/\/etab.ac-reunion.fr\/lyc-sarda-garriga\/wp-content\/uploads\/sites\/98\/2019\/04\/bourse_demand_affiche_2019.png\" alt=\"\" width=\"642\" height=\"910\" srcset=\"https:\/\/etab.ac-reunion.fr\/lyc-sarda-garriga\/wp-content\/uploads\/sites\/98\/2019\/04\/bourse_demand_affiche_2019.png 642w, https:\/\/etab.ac-reunion.fr\/lyc-sarda-garriga\/wp-content\/uploads\/sites\/98\/2019\/04\/bourse_demand_affiche_2019-212x300.png 212w\" sizes=\"auto, (max-width: 642px) 100vw, 642px\" \/><\/a><br \/>\n<img loading=\"lazy\" decoding=\"async\" class=\"aligncenter wp-image-890\" src=\"https:\/\/etab.ac-reunion.fr\/lyc-sarda-garriga\/wp-content\/uploads\/sites\/98\/2015\/05\/bandeau_simulateur_bourse_lycee_960X_394-960x340.jpg\" alt=\"bandeau_simulateur_bourse_lycee_960X_394-960x340\" width=\"600\" height=\"212\" srcset=\"https:\/\/etab.ac-reunion.fr\/lyc-sarda-garriga\/wp-content\/uploads\/sites\/98\/2015\/05\/bandeau_simulateur_bourse_lycee_960X_394-960x340.jpg 960w, https:\/\/etab.ac-reunion.fr\/lyc-sarda-garriga\/wp-content\/uploads\/sites\/98\/2015\/05\/bandeau_simulateur_bourse_lycee_960X_394-960x340-300x106.jpg 300w\" sizes=\"auto, (max-width: 600px) 100vw, 600px\" \/><\/p>\n<p>&nbsp;<\/p>\n<p>Les informations sur les aides financi\u00e8res au lyc\u00e9e sont<a href=\"http:\/\/www.education.gouv.fr\/cid151\/aides-financieres-au-lycee.html\" target=\"_blank\" rel=\"noopener noreferrer\"> disponibles <\/a>.<\/p>\n<p>Sur cette page vous trouverez:<\/p>\n<p>&#8211; les simulateurs de bourse en lyc\u00e9e et en coll\u00e8ge,<\/p>\n<p>&#8211; les formulaires CERFA de demande de bourse avec la notice d&rsquo;information en PDF.<\/p>\n<p>&nbsp;<\/p>\n<p>&nbsp;<\/p>\n<p>&nbsp;<\/p>\n","protected":false},"excerpt":{"rendered":"<p>\u00a0 &nbsp; &nbsp; Les informations sur les aides financi\u00e8res au lyc\u00e9e sont disponibles . Sur cette page vous trouverez: &#8211; les simulateurs de bourse en lyc\u00e9e et en coll\u00e8ge, &#8211; les formulaires CERFA de demande de bourse avec la notice d&rsquo;information en PDF. &nbsp; &nbsp; &nbsp;<\/p>\n","protected":false},"author":2934,"featured_media":3430,"parent":0,"menu_order":0,"comment_status":"closed","ping_status":"closed","template":"","meta":{"footnotes":"","_links_to":"","_links_to_target":""},"class_list":["post-2168","page","type-page","status-publish","has-post-thumbnail","hentry"],"_links":{"self":[{"href":"https:\/\/etab.ac-reunion.fr\/lyc-sarda-garriga\/wp-json\/wp\/v2\/pages\/2168","targetHints":{"allow":["GET"]}}],"collection":[{"href":"https:\/\/etab.ac-reunion.fr\/lyc-sarda-garriga\/wp-json\/wp\/v2\/pages"}],"about":[{"href":"https:\/\/etab.ac-reunion.fr\/lyc-sarda-garriga\/wp-json\/wp\/v2\/types\/page"}],"author":[{"embeddable":true,"href":"https:\/\/etab.ac-reunion.fr\/lyc-sarda-garriga\/wp-json\/wp\/v2\/users\/2934"}],"replies":[{"embeddable":true,"href":"https:\/\/etab.ac-reunion.fr\/lyc-sarda-garriga\/wp-json\/wp\/v2\/comments?post=2168"}],"version-history":[{"count":6,"href":"https:\/\/etab.ac-reunion.fr\/lyc-sarda-garriga\/wp-json\/wp\/v2\/pages\/2168\/revisions"}],"predecessor-version":[{"id":3517,"href":"https:\/\/etab.ac-reunion.fr\/lyc-sarda-garriga\/wp-json\/wp\/v2\/pages\/2168\/revisions\/3517"}],"wp:featuredmedia":[{"embeddable":true,"href":"https:\/\/etab.ac-reunion.fr\/lyc-sarda-garriga\/wp-json\/wp\/v2\/media\/3430"}],"wp:attachment":[{"href":"https:\/\/etab.ac-reunion.fr\/lyc-sarda-garriga\/wp-json\/wp\/v2\/media?parent=2168"}],"curies":[{"name":"wp","href":"https:\/\/api.w.org\/{rel}","templated":true}]}}