{"id":2216,"date":"2017-06-12T09:08:06","date_gmt":"2017-06-12T05:08:06","guid":{"rendered":"http:\/\/lycee-sarda-garriga.ac-reunion.fr\/?page_id=2216"},"modified":"2017-06-15T18:24:26","modified_gmt":"2017-06-15T14:24:26","slug":"projets-avec-la-caue-2017","status":"publish","type":"page","link":"https:\/\/etab.ac-reunion.fr\/lyc-sarda-garriga\/projets-avec-la-caue-2017\/","title":{"rendered":"Projets avec la CAUE 2017"},"content":{"rendered":"<p style=\"text-align: justify\"><span style=\"font-family: 'Times New Roman', serif\"><span style=\"font-size: small\"><span style=\"color: #333333\"><span style=\"font-family: Georgia, 'Times New Roman', 'Bitstream Charter', Times, serif\"><span style=\"font-size: medium\">Vous trouverez ci dessous des\u00a0<\/span><\/span><\/span><span style=\"color: #333333\">\u00a0<\/span><span style=\"color: #333333\"><span style=\"font-size: medium\">Photos des travaux des \u00e9l\u00e8ves de 207 r\u00e9alis\u00e9s dans le cadre du projet d&rsquo;architecture et d&rsquo;urbanisme en partenariat avec le CAUE avec M.GIOVANNONI. <\/span><\/span><\/span><\/span><\/p>\n<p style=\"text-align: justify\"><span style=\"font-family: 'Times New Roman', serif\"><span style=\"font-size: small\"><span style=\"color: #333333\"><span style=\"font-size: medium\">Cliquer sur les photos pour les agrandir.<\/span><\/span><\/span><\/span><\/p>\n<table style=\"height: 1738px\" width=\"590\" cellspacing=\"1\">\n<tbody>\n<tr>\n<td style=\"width: 187px;text-align: center;vertical-align: middle\">\n<p style=\"text-align: center\"><a href=\"https:\/\/etab.ac-reunion.fr\/lyc-sarda-garriga\/wp-content\/uploads\/sites\/98\/2017\/06\/20170420_081256-e1497247098656.jpg\" target=\"_blank\" rel=\"noopener noreferrer\"><img loading=\"lazy\" decoding=\"async\" class=\"aligncenter wp-image-2234\" src=\"https:\/\/etab.ac-reunion.fr\/lyc-sarda-garriga\/wp-content\/uploads\/sites\/98\/2017\/06\/20170420_081256-e1497247098656-60x60.jpg\" alt=\"\" width=\"110\" height=\"110\" srcset=\"https:\/\/etab.ac-reunion.fr\/lyc-sarda-garriga\/wp-content\/uploads\/sites\/98\/2017\/06\/20170420_081256-e1497247098656-60x60.jpg 60w, https:\/\/etab.ac-reunion.fr\/lyc-sarda-garriga\/wp-content\/uploads\/sites\/98\/2017\/06\/20170420_081256-e1497247098656-200x200.jpg 200w, https:\/\/etab.ac-reunion.fr\/lyc-sarda-garriga\/wp-content\/uploads\/sites\/98\/2017\/06\/20170420_081256-e1497247098656-130x130.jpg 130w, https:\/\/etab.ac-reunion.fr\/lyc-sarda-garriga\/wp-content\/uploads\/sites\/98\/2017\/06\/20170420_081256-e1497247098656-67x67.jpg 67w, https:\/\/etab.ac-reunion.fr\/lyc-sarda-garriga\/wp-content\/uploads\/sites\/98\/2017\/06\/20170420_081256-e1497247098656-40x40.jpg 40w, https:\/\/etab.ac-reunion.fr\/lyc-sarda-garriga\/wp-content\/uploads\/sites\/98\/2017\/06\/20170420_081256-e1497247098656-184x184.jpg 184w\" sizes=\"auto, (max-width: 110px) 100vw, 110px\" \/><\/a><span style=\"font-family: 'Times New Roman', serif\"><span style=\"font-size: small\">Mod\u00e9lisation 3D du prototype de banc urbain circulaire d\u2019un groupe d\u2019\u00e9l\u00e8ves. Les mots cl\u00e9s \u00e0 la base de sa conception sont la convivialit\u00e9 et l\u2019\u00e9change. <\/span><\/span><\/p>\n<\/td>\n<td style=\"width: 187px;text-align: center;vertical-align: middle\">\n<p style=\"text-align: center\"><a href=\"https:\/\/etab.ac-reunion.fr\/lyc-sarda-garriga\/wp-content\/uploads\/sites\/98\/2017\/06\/20170420_084347-e1497247140133.jpg\" target=\"_blank\" rel=\"noopener noreferrer\"><img loading=\"lazy\" decoding=\"async\" class=\"aligncenter wp-image-2235\" src=\"https:\/\/etab.ac-reunion.fr\/lyc-sarda-garriga\/wp-content\/uploads\/sites\/98\/2017\/06\/20170420_084347-e1497247140133-60x60.jpg\" alt=\"\" width=\"110\" height=\"110\" srcset=\"https:\/\/etab.ac-reunion.fr\/lyc-sarda-garriga\/wp-content\/uploads\/sites\/98\/2017\/06\/20170420_084347-e1497247140133-60x60.jpg 60w, https:\/\/etab.ac-reunion.fr\/lyc-sarda-garriga\/wp-content\/uploads\/sites\/98\/2017\/06\/20170420_084347-e1497247140133-200x200.jpg 200w, https:\/\/etab.ac-reunion.fr\/lyc-sarda-garriga\/wp-content\/uploads\/sites\/98\/2017\/06\/20170420_084347-e1497247140133-130x130.jpg 130w, https:\/\/etab.ac-reunion.fr\/lyc-sarda-garriga\/wp-content\/uploads\/sites\/98\/2017\/06\/20170420_084347-e1497247140133-67x67.jpg 67w, https:\/\/etab.ac-reunion.fr\/lyc-sarda-garriga\/wp-content\/uploads\/sites\/98\/2017\/06\/20170420_084347-e1497247140133-40x40.jpg 40w, https:\/\/etab.ac-reunion.fr\/lyc-sarda-garriga\/wp-content\/uploads\/sites\/98\/2017\/06\/20170420_084347-e1497247140133-184x184.jpg 184w\" sizes=\"auto, (max-width: 110px) 100vw, 110px\" \/><\/a><span style=\"font-family: 'Times New Roman', serif\"><span style=\"font-size: small\">R\u00e9alisation d\u2019un prototype taille r\u00e9duite du haut vent de banc urbain d\u2019un groupe d\u2019\u00e9l\u00e8ves. Les mots cl\u00e9s \u00e0 la base de sa conception sont\u00a0<span style=\"color: #333333\">la d\u00e9tente et la l\u00e9g\u00e8ret\u00e9.<\/span> <\/span><\/span><\/p>\n<\/td>\n<td style=\"width: 187px;text-align: center;vertical-align: middle\">\n<p style=\"text-align: center\"><a href=\"https:\/\/etab.ac-reunion.fr\/lyc-sarda-garriga\/wp-content\/uploads\/sites\/98\/2017\/06\/20170420_090056-e1497247160492.jpg\" target=\"_blank\" rel=\"noopener noreferrer\"><img loading=\"lazy\" decoding=\"async\" class=\"aligncenter wp-image-2236\" src=\"https:\/\/etab.ac-reunion.fr\/lyc-sarda-garriga\/wp-content\/uploads\/sites\/98\/2017\/06\/20170420_090056-e1497247160492-60x60.jpg\" alt=\"\" width=\"110\" height=\"110\" srcset=\"https:\/\/etab.ac-reunion.fr\/lyc-sarda-garriga\/wp-content\/uploads\/sites\/98\/2017\/06\/20170420_090056-e1497247160492-60x60.jpg 60w, https:\/\/etab.ac-reunion.fr\/lyc-sarda-garriga\/wp-content\/uploads\/sites\/98\/2017\/06\/20170420_090056-e1497247160492-200x200.jpg 200w, https:\/\/etab.ac-reunion.fr\/lyc-sarda-garriga\/wp-content\/uploads\/sites\/98\/2017\/06\/20170420_090056-e1497247160492-130x130.jpg 130w, https:\/\/etab.ac-reunion.fr\/lyc-sarda-garriga\/wp-content\/uploads\/sites\/98\/2017\/06\/20170420_090056-e1497247160492-67x67.jpg 67w, https:\/\/etab.ac-reunion.fr\/lyc-sarda-garriga\/wp-content\/uploads\/sites\/98\/2017\/06\/20170420_090056-e1497247160492-40x40.jpg 40w, https:\/\/etab.ac-reunion.fr\/lyc-sarda-garriga\/wp-content\/uploads\/sites\/98\/2017\/06\/20170420_090056-e1497247160492-184x184.jpg 184w\" sizes=\"auto, (max-width: 110px) 100vw, 110px\" \/> <\/a><span style=\"font-family: 'Times New Roman', serif\"><span style=\"font-size: small\">R\u00e9alisation d\u2019un prototype taille r\u00e9duite d\u2019un banc urbain d\u2019un groupe d\u2019\u00e9l\u00e8ves. Les mots cl\u00e9s \u00e0 la base de sa conception sont l\u2019\u00e9cologie et l\u2019autonomie. <\/span><\/span><\/p>\n<\/td>\n<\/tr>\n<tr>\n<td>\n<p style=\"text-align: center\"><a href=\"https:\/\/etab.ac-reunion.fr\/lyc-sarda-garriga\/wp-content\/uploads\/sites\/98\/2017\/06\/20170420_090141-e1497247189791.jpg\" target=\"_blank\" rel=\"noopener noreferrer\"><img loading=\"lazy\" decoding=\"async\" class=\"aligncenter wp-image-2237\" src=\"https:\/\/etab.ac-reunion.fr\/lyc-sarda-garriga\/wp-content\/uploads\/sites\/98\/2017\/06\/20170420_090141-e1497247189791-60x60.jpg\" alt=\"\" width=\"110\" height=\"110\" srcset=\"https:\/\/etab.ac-reunion.fr\/lyc-sarda-garriga\/wp-content\/uploads\/sites\/98\/2017\/06\/20170420_090141-e1497247189791-60x60.jpg 60w, https:\/\/etab.ac-reunion.fr\/lyc-sarda-garriga\/wp-content\/uploads\/sites\/98\/2017\/06\/20170420_090141-e1497247189791-200x200.jpg 200w, https:\/\/etab.ac-reunion.fr\/lyc-sarda-garriga\/wp-content\/uploads\/sites\/98\/2017\/06\/20170420_090141-e1497247189791-130x130.jpg 130w, https:\/\/etab.ac-reunion.fr\/lyc-sarda-garriga\/wp-content\/uploads\/sites\/98\/2017\/06\/20170420_090141-e1497247189791-67x67.jpg 67w, https:\/\/etab.ac-reunion.fr\/lyc-sarda-garriga\/wp-content\/uploads\/sites\/98\/2017\/06\/20170420_090141-e1497247189791-40x40.jpg 40w, https:\/\/etab.ac-reunion.fr\/lyc-sarda-garriga\/wp-content\/uploads\/sites\/98\/2017\/06\/20170420_090141-e1497247189791-184x184.jpg 184w\" sizes=\"auto, (max-width: 110px) 100vw, 110px\" \/><\/a><span style=\"font-family: 'Times New Roman', serif\"><span style=\"font-size: small\">R\u00e9alisation d\u2019un prototype taille r\u00e9duite d\u2019un banc urbain d\u2019un groupe d\u2019\u00e9l\u00e8ves. Les mots cl\u00e9s \u00e0 la base de sa conception sont le confort et l\u2019\u00e9volution. <\/span><\/span><\/p>\n<\/td>\n<td>\n<p style=\"text-align: center\"><a href=\"https:\/\/etab.ac-reunion.fr\/lyc-sarda-garriga\/wp-content\/uploads\/sites\/98\/2017\/06\/20170420_090218-e1497247210624.jpg\" target=\"_blank\" rel=\"noopener noreferrer\"><img loading=\"lazy\" decoding=\"async\" class=\"aligncenter wp-image-2238\" src=\"https:\/\/etab.ac-reunion.fr\/lyc-sarda-garriga\/wp-content\/uploads\/sites\/98\/2017\/06\/20170420_090218-e1497247210624-60x60.jpg\" alt=\"\" width=\"110\" height=\"110\" srcset=\"https:\/\/etab.ac-reunion.fr\/lyc-sarda-garriga\/wp-content\/uploads\/sites\/98\/2017\/06\/20170420_090218-e1497247210624-60x60.jpg 60w, https:\/\/etab.ac-reunion.fr\/lyc-sarda-garriga\/wp-content\/uploads\/sites\/98\/2017\/06\/20170420_090218-e1497247210624-200x200.jpg 200w, https:\/\/etab.ac-reunion.fr\/lyc-sarda-garriga\/wp-content\/uploads\/sites\/98\/2017\/06\/20170420_090218-e1497247210624-130x130.jpg 130w, https:\/\/etab.ac-reunion.fr\/lyc-sarda-garriga\/wp-content\/uploads\/sites\/98\/2017\/06\/20170420_090218-e1497247210624-67x67.jpg 67w, https:\/\/etab.ac-reunion.fr\/lyc-sarda-garriga\/wp-content\/uploads\/sites\/98\/2017\/06\/20170420_090218-e1497247210624-40x40.jpg 40w, https:\/\/etab.ac-reunion.fr\/lyc-sarda-garriga\/wp-content\/uploads\/sites\/98\/2017\/06\/20170420_090218-e1497247210624-184x184.jpg 184w\" sizes=\"auto, (max-width: 110px) 100vw, 110px\" \/><\/a><span style=\"font-family: 'Times New Roman', serif\"><span style=\"font-size: small\">R\u00e9alisation d\u2019un prototype taille r\u00e9duite d\u2019un banc urbain d\u2019un groupe d\u2019\u00e9l\u00e8ves. Les mots cl\u00e9s \u00e0 la base de sa conception sont la connectivit\u00e9 et l\u2019optimisation. <\/span><\/span><\/p>\n<\/td>\n<td>\n<p style=\"text-align: center\"><a href=\"https:\/\/etab.ac-reunion.fr\/lyc-sarda-garriga\/wp-content\/uploads\/sites\/98\/2017\/06\/20170420_093341.jpg\" target=\"_blank\" rel=\"noopener noreferrer\"><img loading=\"lazy\" decoding=\"async\" class=\"aligncenter wp-image-2239\" src=\"https:\/\/etab.ac-reunion.fr\/lyc-sarda-garriga\/wp-content\/uploads\/sites\/98\/2017\/06\/20170420_093341-60x60.jpg\" alt=\"\" width=\"110\" height=\"110\" srcset=\"https:\/\/etab.ac-reunion.fr\/lyc-sarda-garriga\/wp-content\/uploads\/sites\/98\/2017\/06\/20170420_093341-60x60.jpg 60w, https:\/\/etab.ac-reunion.fr\/lyc-sarda-garriga\/wp-content\/uploads\/sites\/98\/2017\/06\/20170420_093341-200x200.jpg 200w, https:\/\/etab.ac-reunion.fr\/lyc-sarda-garriga\/wp-content\/uploads\/sites\/98\/2017\/06\/20170420_093341-130x130.jpg 130w, https:\/\/etab.ac-reunion.fr\/lyc-sarda-garriga\/wp-content\/uploads\/sites\/98\/2017\/06\/20170420_093341-67x67.jpg 67w, https:\/\/etab.ac-reunion.fr\/lyc-sarda-garriga\/wp-content\/uploads\/sites\/98\/2017\/06\/20170420_093341-40x40.jpg 40w, https:\/\/etab.ac-reunion.fr\/lyc-sarda-garriga\/wp-content\/uploads\/sites\/98\/2017\/06\/20170420_093341-184x184.jpg 184w\" sizes=\"auto, (max-width: 110px) 100vw, 110px\" \/><\/a><\/p>\n<p style=\"text-align: center\"><span style=\"font-family: 'Times New Roman', serif\"><span style=\"font-size: small\">\u00a0\u00a0\u00a0\u00a0\u00a0\u00a0\u00a0\u00a0\u00a0\u00a0\u00a0\u00a0\u00a0\u00a0\u00a0\u00a0\u00a0\u00a0\u00a0\u00a0\u00a0\u00a0\u00a0\u00a0\u00a0\u00a0\u00a0\u00a0\u00a0\u00a0\u00a0\u00a0\u00a0\u00a0\u00a0\u00a0\u00a0\u00a0\u00a0\u00a0\u00a0\u00a0\u00a0\u00a0\u00a0\u00a0\u00a0 <\/span><\/span><\/p>\n<p style=\"text-align: center\"><span style=\"font-family: 'Times New Roman', serif\"><span style=\"font-size: small\">Ensemble des prototypes en taille r\u00e9duite des bancs urbains r\u00e9alis\u00e9s par la classe de 207 <\/span><\/span><\/p>\n<\/td>\n<\/tr>\n<tr>\n<td>\n<p style=\"text-align: center\">\u00a0<a href=\"https:\/\/etab.ac-reunion.fr\/lyc-sarda-garriga\/wp-content\/uploads\/sites\/98\/2017\/06\/20170504_093656-e1497247252982.jpg\" target=\"_blank\" rel=\"noopener noreferrer\"><img loading=\"lazy\" decoding=\"async\" class=\"aligncenter wp-image-2240\" src=\"https:\/\/etab.ac-reunion.fr\/lyc-sarda-garriga\/wp-content\/uploads\/sites\/98\/2017\/06\/20170504_093656-e1497247252982-60x60.jpg\" alt=\"\" width=\"110\" height=\"110\" srcset=\"https:\/\/etab.ac-reunion.fr\/lyc-sarda-garriga\/wp-content\/uploads\/sites\/98\/2017\/06\/20170504_093656-e1497247252982-60x60.jpg 60w, https:\/\/etab.ac-reunion.fr\/lyc-sarda-garriga\/wp-content\/uploads\/sites\/98\/2017\/06\/20170504_093656-e1497247252982-200x200.jpg 200w, https:\/\/etab.ac-reunion.fr\/lyc-sarda-garriga\/wp-content\/uploads\/sites\/98\/2017\/06\/20170504_093656-e1497247252982-130x130.jpg 130w, https:\/\/etab.ac-reunion.fr\/lyc-sarda-garriga\/wp-content\/uploads\/sites\/98\/2017\/06\/20170504_093656-e1497247252982-67x67.jpg 67w, https:\/\/etab.ac-reunion.fr\/lyc-sarda-garriga\/wp-content\/uploads\/sites\/98\/2017\/06\/20170504_093656-e1497247252982-40x40.jpg 40w, https:\/\/etab.ac-reunion.fr\/lyc-sarda-garriga\/wp-content\/uploads\/sites\/98\/2017\/06\/20170504_093656-e1497247252982-184x184.jpg 184w\" sizes=\"auto, (max-width: 110px) 100vw, 110px\" \/><\/a><\/p>\n<p style=\"text-align: center\"><span style=\"color: #000000\"><span style=\"font-family: 'Times New Roman', serif\"><span style=\"font-size: small\">Banc urbain en carton regroupant les principales id\u00e9es de l\u2019ensemble des prototypes en cours de r\u00e9alisation<\/span><\/span><\/span><\/p>\n<p style=\"text-align: center\"><span style=\"color: #000000\"><span style=\"font-family: 'Times New Roman', serif\"><span style=\"font-size: small\">.<\/span><\/span><\/span><\/p>\n<\/td>\n<td>\n<p style=\"text-align: center\"><a href=\"https:\/\/etab.ac-reunion.fr\/lyc-sarda-garriga\/wp-content\/uploads\/sites\/98\/2017\/06\/20170504_093809-e1497247274325.jpg\" target=\"_blank\" rel=\"noopener noreferrer\"><img loading=\"lazy\" decoding=\"async\" class=\"aligncenter wp-image-2241\" src=\"https:\/\/etab.ac-reunion.fr\/lyc-sarda-garriga\/wp-content\/uploads\/sites\/98\/2017\/06\/20170504_093809-e1497247274325-60x60.jpg\" alt=\"\" width=\"110\" height=\"110\" srcset=\"https:\/\/etab.ac-reunion.fr\/lyc-sarda-garriga\/wp-content\/uploads\/sites\/98\/2017\/06\/20170504_093809-e1497247274325-60x60.jpg 60w, https:\/\/etab.ac-reunion.fr\/lyc-sarda-garriga\/wp-content\/uploads\/sites\/98\/2017\/06\/20170504_093809-e1497247274325-200x200.jpg 200w, https:\/\/etab.ac-reunion.fr\/lyc-sarda-garriga\/wp-content\/uploads\/sites\/98\/2017\/06\/20170504_093809-e1497247274325-130x130.jpg 130w, https:\/\/etab.ac-reunion.fr\/lyc-sarda-garriga\/wp-content\/uploads\/sites\/98\/2017\/06\/20170504_093809-e1497247274325-67x67.jpg 67w, https:\/\/etab.ac-reunion.fr\/lyc-sarda-garriga\/wp-content\/uploads\/sites\/98\/2017\/06\/20170504_093809-e1497247274325-40x40.jpg 40w, https:\/\/etab.ac-reunion.fr\/lyc-sarda-garriga\/wp-content\/uploads\/sites\/98\/2017\/06\/20170504_093809-e1497247274325-184x184.jpg 184w\" sizes=\"auto, (max-width: 110px) 100vw, 110px\" \/><\/a><\/p>\n<p style=\"text-align: center\"><span style=\"color: #000000\"><span style=\"font-family: 'Times New Roman', serif\"><span style=\"font-size: small\">\u00a0\u00a0\u00a0\u00a0\u00a0\u00a0\u00a0\u00a0\u00a0\u00a0\u00a0\u00a0\u00a0\u00a0\u00a0\u00a0\u00a0\u00a0\u00a0\u00a0\u00a0\u00a0\u00a0\u00a0\u00a0\u00a0\u00a0<\/span><\/span><\/span><\/p>\n<p style=\"text-align: center\"><span style=\"color: #000000\"><span style=\"font-family: 'Times New Roman', serif\"><span style=\"font-size: small\">Gros plan sur la zone d\u00e9di\u00e9e \u00e0 la connectivit\u00e9 sur le banc urbain en cours de r\u00e9alisation.<\/span><\/span><\/span><\/p>\n<\/td>\n<td>\n<p style=\"text-align: center\"><a href=\"https:\/\/etab.ac-reunion.fr\/lyc-sarda-garriga\/wp-content\/uploads\/sites\/98\/2017\/06\/20170523_133042-e1497247296689.jpg\" target=\"_blank\" rel=\"noopener noreferrer\"><img loading=\"lazy\" decoding=\"async\" class=\"aligncenter wp-image-2242\" src=\"https:\/\/etab.ac-reunion.fr\/lyc-sarda-garriga\/wp-content\/uploads\/sites\/98\/2017\/06\/20170523_133042-e1497247296689-60x60.jpg\" alt=\"\" width=\"110\" height=\"110\" srcset=\"https:\/\/etab.ac-reunion.fr\/lyc-sarda-garriga\/wp-content\/uploads\/sites\/98\/2017\/06\/20170523_133042-e1497247296689-60x60.jpg 60w, https:\/\/etab.ac-reunion.fr\/lyc-sarda-garriga\/wp-content\/uploads\/sites\/98\/2017\/06\/20170523_133042-e1497247296689-200x200.jpg 200w, https:\/\/etab.ac-reunion.fr\/lyc-sarda-garriga\/wp-content\/uploads\/sites\/98\/2017\/06\/20170523_133042-e1497247296689-130x130.jpg 130w, https:\/\/etab.ac-reunion.fr\/lyc-sarda-garriga\/wp-content\/uploads\/sites\/98\/2017\/06\/20170523_133042-e1497247296689-67x67.jpg 67w, https:\/\/etab.ac-reunion.fr\/lyc-sarda-garriga\/wp-content\/uploads\/sites\/98\/2017\/06\/20170523_133042-e1497247296689-40x40.jpg 40w, https:\/\/etab.ac-reunion.fr\/lyc-sarda-garriga\/wp-content\/uploads\/sites\/98\/2017\/06\/20170523_133042-e1497247296689-184x184.jpg 184w\" sizes=\"auto, (max-width: 110px) 100vw, 110px\" \/><\/a><span style=\"color: #000000\"><span style=\"font-family: 'Times New Roman', serif\"><span style=\"font-size: small\">\u00a0\u00a0\u00a0<\/span><\/span><\/span><\/p>\n<p style=\"text-align: center\"><span style=\"color: #000000\"><span style=\"font-family: 'Times New Roman', serif\"><span style=\"font-size: small\">\u00a0\u00a0\u00a0\u00a0\u00a0\u00a0\u00a0\u00a0\u00a0\u00a0\u00a0\u00a0\u00a0\u00a0\u00a0\u00a0\u00a0\u00a0\u00a0\u00a0\u00a0\u00a0\u00a0\u00a0\u00a0\u00a0\u00a0\u00a0\u00a0\u00a0\u00a0\u00a0\u00a0<\/span><\/span><\/span><\/p>\n<p style=\"text-align: center\"><span style=\"color: #000000\"><span style=\"font-family: 'Times New Roman', serif\"><span style=\"font-size: small\">Banc urbain finalis\u00e9 expos\u00e9 sur le parking du lyc\u00e9e Jean Perrin<br \/>\n<\/span><\/span><\/span><\/p>\n<\/td>\n<\/tr>\n<tr>\n<td>\n<p style=\"text-align: center\">\n<p style=\"text-align: center\">\n<p style=\"text-align: center\">\n<p style=\"text-align: center\"><a href=\"https:\/\/etab.ac-reunion.fr\/lyc-sarda-garriga\/wp-content\/uploads\/sites\/98\/2017\/06\/20170523_133102-e1497247319575.jpg\" target=\"_blank\" rel=\"noopener noreferrer\"><img loading=\"lazy\" decoding=\"async\" class=\"aligncenter wp-image-2243\" src=\"https:\/\/etab.ac-reunion.fr\/lyc-sarda-garriga\/wp-content\/uploads\/sites\/98\/2017\/06\/20170523_133102-e1497247319575-60x60.jpg\" alt=\"\" width=\"110\" height=\"110\" srcset=\"https:\/\/etab.ac-reunion.fr\/lyc-sarda-garriga\/wp-content\/uploads\/sites\/98\/2017\/06\/20170523_133102-e1497247319575-60x60.jpg 60w, https:\/\/etab.ac-reunion.fr\/lyc-sarda-garriga\/wp-content\/uploads\/sites\/98\/2017\/06\/20170523_133102-e1497247319575-200x200.jpg 200w, https:\/\/etab.ac-reunion.fr\/lyc-sarda-garriga\/wp-content\/uploads\/sites\/98\/2017\/06\/20170523_133102-e1497247319575-130x130.jpg 130w, https:\/\/etab.ac-reunion.fr\/lyc-sarda-garriga\/wp-content\/uploads\/sites\/98\/2017\/06\/20170523_133102-e1497247319575-67x67.jpg 67w, https:\/\/etab.ac-reunion.fr\/lyc-sarda-garriga\/wp-content\/uploads\/sites\/98\/2017\/06\/20170523_133102-e1497247319575-40x40.jpg 40w, https:\/\/etab.ac-reunion.fr\/lyc-sarda-garriga\/wp-content\/uploads\/sites\/98\/2017\/06\/20170523_133102-e1497247319575-184x184.jpg 184w\" sizes=\"auto, (max-width: 110px) 100vw, 110px\" \/><\/a><\/p>\n<p style=\"text-align: center\"><span style=\"color: #000000\"><span style=\"font-family: 'Times New Roman', serif\"><span style=\"font-size: small\">Banc urbain sur le parking du lyc\u00e9e Jean Perrin vu sous un autre angle. Les \u00e9l\u00e8ves ont imagin\u00e9s que le haut-vent pr\u00e9sente la particularit\u00e9 d\u2019\u00eatre photovolta\u00efque afin de rendre le banc autonome en \u00e9nergie afin d&rsquo;alimenter la partie d\u00e9di\u00e9e \u00e0 la connectivit\u00e9 mais \u00e9galement le haut parleur qui viendrait se loger au bout du tube visible au premier plan.<\/span><\/span><\/span><\/p>\n<\/td>\n<td>\n<p style=\"text-align: center\"><a href=\"https:\/\/etab.ac-reunion.fr\/lyc-sarda-garriga\/wp-content\/uploads\/sites\/98\/2017\/06\/20170523_133111-e1497247347992.jpg\" target=\"_blank\" rel=\"noopener noreferrer\"><img loading=\"lazy\" decoding=\"async\" class=\"aligncenter wp-image-2244\" src=\"https:\/\/etab.ac-reunion.fr\/lyc-sarda-garriga\/wp-content\/uploads\/sites\/98\/2017\/06\/20170523_133111-e1497247347992-60x60.jpg\" alt=\"\" width=\"110\" height=\"110\" srcset=\"https:\/\/etab.ac-reunion.fr\/lyc-sarda-garriga\/wp-content\/uploads\/sites\/98\/2017\/06\/20170523_133111-e1497247347992-60x60.jpg 60w, https:\/\/etab.ac-reunion.fr\/lyc-sarda-garriga\/wp-content\/uploads\/sites\/98\/2017\/06\/20170523_133111-e1497247347992-200x200.jpg 200w, https:\/\/etab.ac-reunion.fr\/lyc-sarda-garriga\/wp-content\/uploads\/sites\/98\/2017\/06\/20170523_133111-e1497247347992-130x130.jpg 130w, https:\/\/etab.ac-reunion.fr\/lyc-sarda-garriga\/wp-content\/uploads\/sites\/98\/2017\/06\/20170523_133111-e1497247347992-67x67.jpg 67w, https:\/\/etab.ac-reunion.fr\/lyc-sarda-garriga\/wp-content\/uploads\/sites\/98\/2017\/06\/20170523_133111-e1497247347992-40x40.jpg 40w, https:\/\/etab.ac-reunion.fr\/lyc-sarda-garriga\/wp-content\/uploads\/sites\/98\/2017\/06\/20170523_133111-e1497247347992-184x184.jpg 184w\" sizes=\"auto, (max-width: 110px) 100vw, 110px\" \/><\/a><\/p>\n<p style=\"text-align: center\"><span style=\"color: #000000\"><span style=\"font-family: 'Times New Roman', serif\"><span style=\"font-size: small\">Banc urbain sur le parking du lyc\u00e9e Jean Perrin vu de face. On peut y voir sur le c\u00f4t\u00e9 gauche un espace pour y d\u00e9poser gobelets, canettes ou bouteilles ainsi qu\u2019\u00e0 c\u00f4t\u00e9 de la zone de connectivit\u00e9 un support pour y placer des compositions florales.\u00a0<\/span><\/span><\/span><\/p>\n<p>&nbsp;<\/td>\n<\/tr>\n<\/tbody>\n<\/table>\n","protected":false},"excerpt":{"rendered":"<p>Vous trouverez ci dessous des\u00a0\u00a0Photos des travaux des \u00e9l\u00e8ves de 207 r\u00e9alis\u00e9s dans le cadre du projet d&rsquo;architecture et d&rsquo;urbanisme en partenariat avec le CAUE avec M.GIOVANNONI. Cliquer sur les photos pour les agrandir. Mod\u00e9lisation 3D du prototype de banc urbain circulaire d\u2019un groupe d\u2019\u00e9l\u00e8ves. Les mots cl\u00e9s \u00e0 la base de sa conception sont [&hellip;]<\/p>\n","protected":false},"author":2934,"featured_media":0,"parent":0,"menu_order":0,"comment_status":"closed","ping_status":"closed","template":"","meta":{"footnotes":"","_links_to":"","_links_to_target":""},"class_list":["post-2216","page","type-page","status-publish","hentry"],"_links":{"self":[{"href":"https:\/\/etab.ac-reunion.fr\/lyc-sarda-garriga\/wp-json\/wp\/v2\/pages\/2216","targetHints":{"allow":["GET"]}}],"collection":[{"href":"https:\/\/etab.ac-reunion.fr\/lyc-sarda-garriga\/wp-json\/wp\/v2\/pages"}],"about":[{"href":"https:\/\/etab.ac-reunion.fr\/lyc-sarda-garriga\/wp-json\/wp\/v2\/types\/page"}],"author":[{"embeddable":true,"href":"https:\/\/etab.ac-reunion.fr\/lyc-sarda-garriga\/wp-json\/wp\/v2\/users\/2934"}],"replies":[{"embeddable":true,"href":"https:\/\/etab.ac-reunion.fr\/lyc-sarda-garriga\/wp-json\/wp\/v2\/comments?post=2216"}],"version-history":[{"count":10,"href":"https:\/\/etab.ac-reunion.fr\/lyc-sarda-garriga\/wp-json\/wp\/v2\/pages\/2216\/revisions"}],"predecessor-version":[{"id":2504,"href":"https:\/\/etab.ac-reunion.fr\/lyc-sarda-garriga\/wp-json\/wp\/v2\/pages\/2216\/revisions\/2504"}],"wp:attachment":[{"href":"https:\/\/etab.ac-reunion.fr\/lyc-sarda-garriga\/wp-json\/wp\/v2\/media?parent=2216"}],"curies":[{"name":"wp","href":"https:\/\/api.w.org\/{rel}","templated":true}]}}