{"id":2505,"date":"2017-06-22T14:59:47","date_gmt":"2017-06-22T10:59:47","guid":{"rendered":"http:\/\/lycee-sarda-garriga.ac-reunion.fr\/?page_id=2505"},"modified":"2017-06-26T15:26:15","modified_gmt":"2017-06-26T11:26:15","slug":"tele-inscription-rentree-2017","status":"publish","type":"page","link":"https:\/\/etab.ac-reunion.fr\/lyc-sarda-garriga\/tele-inscription-rentree-2017\/","title":{"rendered":"T\u00e9l\u00e9 inscription rentr\u00e9e 2017"},"content":{"rendered":"<div class='et-learn-more et-open clearfix'>\n\t\t\t\t\t<h3 class='heading-more open'>Lettre aux Parents<span class='et_learnmore_arrow'><span><\/span><\/span><\/h3>\n\t\t\t\t\t<div class='learn-more-content'>\u00a0 \u00a0 \u00a0 \u00a0 \u00a0 \u00a0 \u00a0 \u00a0 \u00a0 \u00a0 \u00a0 \u00a0 \u00a0 \u00a0 \u00a0 \u00a0 \u00a0<a href='https:\/\/etab.ac-reunion.fr\/lyc-sarda-garriga\/wp-content\/uploads\/sites\/98\/2017\/06\/lettre_aux_parents-3mai2017-v2.pdf' class='icon-button paper-icon' target=\"_blank\">Lettre aux parents pour l\u2019inscription en ligne<span class='et-icon'><\/span><\/a> \u00a0\n<!-- iframe plugin v.5.2 wordpress.org\/plugins\/iframe\/ -->\n<iframe loading=\"lazy\" src=\"https:\/\/etab.ac-reunion.fr\/lyc-sarda-garriga\/wp-content\/uploads\/sites\/98\/2017\/06\/lettre_aux_parents-3mai2017-v2.pdf\" width=\"500\" height=\"530\" scrolling=\"auto\" class=\"iframe-class\" frameborder=\"0\"><\/iframe><\/div>\n\t\t\t\t<\/div>\n<div><div class=\"su-spoiler su-spoiler-style-fancy su-spoiler-icon-plus\" data-scroll-offset=\"0\" data-anchor-in-url=\"no\"><div class=\"su-spoiler-title\" tabindex=\"0\" role=\"button\"><span class=\"su-spoiler-icon\"><\/span>Fiche d\u2019inscription ou de r\u00e9inscription<\/div><div class=\"su-spoiler-content su-u-clearfix su-u-trim\"><\/div>\n<div style=\"text-align: center\"><a href=\"https:\/\/etab.ac-reunion.fr\/lyc-sarda-garriga\/wp-content\/uploads\/sites\/98\/2017\/06\/fiche-inscription-ou-de-r\u00e9inscription-2017-TELEINSCRIPTION.doc\" target=\"_blank\" rel=\"noopener\"><span style=\"text-decoration: underline;color: #ff0000\">Fiche d\u2019inscription ou de r\u00e9inscription en .doc<\/span><\/a><\/div>\n<div style=\"text-align: center\"><a href=\"https:\/\/etab.ac-reunion.fr\/lyc-sarda-garriga\/wp-content\/uploads\/sites\/98\/2017\/06\/fiche-inscription-ou-de-r\u00e9inscription-2017-TELEINSCRIPTION-1.pdf\" target=\"_blank\" rel=\"noopener\"><span style=\"text-decoration: underline\"><span style=\"color: #ff0000;text-decoration: underline\">Fiche d\u2019inscription ou de r\u00e9inscription en .pdf<\/span><\/span><\/a> <\/div><\/div><\/div>\n<div><\/div>\n<div><\/div>\n<div>\n<div><div class=\"su-spoiler su-spoiler-style-fancy su-spoiler-icon-plus\" data-scroll-offset=\"0\" data-anchor-in-url=\"no\"><div class=\"su-spoiler-title\" tabindex=\"0\" role=\"button\"><span class=\"su-spoiler-icon\"><\/span>Planning des inscriptions<\/div><div class=\"su-spoiler-content su-u-clearfix su-u-trim\"><\/div>\n<div style=\"text-align: center\"><a href=\"https:\/\/etab.ac-reunion.fr\/lyc-sarda-garriga\/wp-content\/uploads\/sites\/98\/2017\/06\/PLANNING-INSCRIPTION.xls\" target=\"_blank\" rel=\"noopener\"><span style=\"text-decoration: underline\"><span style=\"color: #ff0000;text-decoration: underline\">Planning des inscriptions en .xls<\/span><\/span><\/a><\/div>\n<div style=\"text-align: center\"><a href=\"https:\/\/etab.ac-reunion.fr\/lyc-sarda-garriga\/wp-content\/uploads\/sites\/98\/2017\/06\/PLANNING-INSCRIPTION.pdf\" target=\"_blank\" rel=\"noopener\"><span style=\"text-decoration: underline\"><span style=\"color: #ff0000;text-decoration: underline\">Planning des inscriptions <\/span><span style=\"color: #ff0000;text-decoration: underline\">en .pdf<\/span><\/span><\/a> <\/div><\/div><\/div>\n<div><\/div>\n<div>\n<div><div class=\"su-spoiler su-spoiler-style-fancy su-spoiler-icon-plus\" data-scroll-offset=\"0\" data-anchor-in-url=\"no\"><div class=\"su-spoiler-title\" tabindex=\"0\" role=\"button\"><span class=\"su-spoiler-icon\"><\/span>Choix des enseignements<\/div><div class=\"su-spoiler-content su-u-clearfix su-u-trim\"><\/div>\n<div style=\"text-align: center\"><a href=\"https:\/\/etab.ac-reunion.fr\/lyc-sarda-garriga\/wp-content\/uploads\/sites\/98\/2017\/06\/choix-enseignements-seconde-okm-1.doc\" target=\"_blank\" rel=\"noopener\"><span style=\"text-decoration: underline;color: #ff0000\">Choix des enseignements en .doc<\/span><\/a><\/div>\n<div style=\"text-align: center\"><a href=\"https:\/\/etab.ac-reunion.fr\/lyc-sarda-garriga\/wp-content\/uploads\/sites\/98\/2017\/06\/choix-enseignements-seconde-okm-1.pdf\" target=\"_blank\" rel=\"noopener\"><span style=\"text-decoration: underline\"><span style=\"color: #ff0000;text-decoration: underline\">Choix des enseignements en .pdf<\/span> <\/span><\/a><\/div><\/div><\/div>\n<div>\n<div><\/div>\n<div><div class=\"su-spoiler su-spoiler-style-fancy su-spoiler-icon-plus\" data-scroll-offset=\"0\" data-anchor-in-url=\"no\"><div class=\"su-spoiler-title\" tabindex=\"0\" role=\"button\"><span class=\"su-spoiler-icon\"><\/span>Demi pension<\/div><div class=\"su-spoiler-content su-u-clearfix su-u-trim\"><\/div>\n<div style=\"text-align: center\"><a href=\"https:\/\/etab.ac-reunion.fr\/lyc-sarda-garriga\/wp-content\/uploads\/sites\/98\/2017\/06\/demi-pension-rentr\u00e9e-ok.doc\" target=\"_blank\" rel=\"noopener\"><span style=\"text-decoration: underline\"><span style=\"color: #ff0000;text-decoration: underline\">Demi pension en .doc<\/span><\/span><\/a><\/div>\n<div style=\"text-align: center\"><a href=\"https:\/\/etab.ac-reunion.fr\/lyc-sarda-garriga\/wp-content\/uploads\/sites\/98\/2017\/06\/demi-pension-rentr\u00e9e-ok.pdf\" target=\"_blank\" rel=\"noopener\"><span style=\"text-decoration: underline\"><span style=\"color: #ff0000;text-decoration: underline\">Demi pension en .pdf<\/span><\/span><\/a> <\/div><\/div><\/div>\n<\/div>\n<div><\/div>\n<\/div>\n<div>\n<div><div class=\"su-spoiler su-spoiler-style-fancy su-spoiler-icon-plus\" data-scroll-offset=\"0\" data-anchor-in-url=\"no\"><div class=\"su-spoiler-title\" tabindex=\"0\" role=\"button\"><span class=\"su-spoiler-icon\"><\/span>Document fiche d'urgence infirmerie<\/div><div class=\"su-spoiler-content su-u-clearfix su-u-trim\"><\/div>\n<div style=\"text-align: center\"><a href=\"https:\/\/etab.ac-reunion.fr\/lyc-sarda-garriga\/wp-content\/uploads\/sites\/98\/2017\/06\/document_fiche_durgence_infirmerie_nouvelle.doc\" target=\"_blank\" rel=\"noopener\"><span style=\"text-decoration: underline\"><span style=\"color: #ff0000;text-decoration: underline\">Document fiche d&rsquo;urgence infirmerie en .doc<\/span><\/span><\/a><\/div>\n<div style=\"text-align: center\"><a href=\"https:\/\/etab.ac-reunion.fr\/lyc-sarda-garriga\/wp-content\/uploads\/sites\/98\/2017\/06\/document_fiche_durgence_infirmerie_nouvelle.pdf\" target=\"_blank\" rel=\"noopener\"><span style=\"text-decoration: underline\"><span style=\"color: #ff0000;text-decoration: underline\">Document fiche d&rsquo;urgence infirmerie en .pdf<\/span><\/span><\/a> <\/div><\/div><\/div>\n<div>\n<div><\/div>\n<div><div class=\"su-spoiler su-spoiler-style-fancy su-spoiler-icon-plus\" data-scroll-offset=\"0\" data-anchor-in-url=\"no\"><div class=\"su-spoiler-title\" tabindex=\"0\" role=\"button\"><span class=\"su-spoiler-icon\"><\/span>Projet d'Accueil Individualis\u00e9 (PAI)<\/div><div class=\"su-spoiler-content su-u-clearfix su-u-trim\"><\/div>\n<div style=\"text-align: center\"><\/div>\n<div style=\"text-align: center\"><a href=\"https:\/\/etab.ac-reunion.fr\/lyc-sarda-garriga\/wp-content\/uploads\/sites\/98\/2017\/06\/PAI.pdf\" target=\"_blank\" rel=\"noopener\"><span style=\"text-decoration: underline\"><span style=\"color: #ff0000;text-decoration: underline\">PAI en .pdf<\/span><\/span><\/a><\/div>\n<div style=\"text-align: center\"><a href=\"https:\/\/etab.ac-reunion.fr\/lyc-sarda-garriga\/wp-content\/uploads\/sites\/98\/2017\/06\/PAI-ASTHME.pdf\" target=\"_blank\" rel=\"noopener\"><span style=\"text-decoration: underline\"><span style=\"color: #ff0000;text-decoration: underline\">PAI ASTHME en .pdf<\/span><\/span><\/a><\/div>\n<div style=\"text-align: center\"><a href=\"https:\/\/etab.ac-reunion.fr\/lyc-sarda-garriga\/wp-content\/uploads\/sites\/98\/2017\/06\/PAI-ALLERGIE-ALIMENTAIRE.pdf\" target=\"_blank\" rel=\"noopener\"><span style=\"text-decoration: underline\"><span style=\"color: #ff0000;text-decoration: underline\">PAI ALLERGIE ALIMENTAIRE en .pdf<\/span><\/span><\/a><\/div>\n<div style=\"text-align: center\"><a href=\"https:\/\/etab.ac-reunion.fr\/lyc-sarda-garriga\/wp-content\/uploads\/sites\/98\/2017\/06\/PAI-EPILEPSIE.pdf\" target=\"_blank\" rel=\"noopener\"><span style=\"text-decoration: underline\"><span style=\"color: #ff0000;text-decoration: underline\">PAI EPILEPSIE en .pdf<\/span><\/span><\/a> <\/div><\/div><\/div>\n<\/div>\n<\/div>\n<div>\n<div><div class=\"su-spoiler su-spoiler-style-fancy su-spoiler-icon-plus\" data-scroll-offset=\"0\" data-anchor-in-url=\"no\"><div class=\"su-spoiler-title\" tabindex=\"0\" role=\"button\"><span class=\"su-spoiler-icon\"><\/span>Plan d'Accompagnement Personnalis\u00e9 (PAP)<\/div><div class=\"su-spoiler-content su-u-clearfix su-u-trim\"><\/div>\n<div><\/div>\n<div style=\"text-align: center\"><a href=\"https:\/\/etab.ac-reunion.fr\/lyc-sarda-garriga\/wp-content\/uploads\/sites\/98\/2017\/06\/IMPRIME-PAP.pdf\" target=\"_blank\" rel=\"noopener\"><span style=\"text-decoration: underline\"><span style=\"color: #ff0000;text-decoration: underline\">PAP en .pdf<\/span><\/span><\/a> <\/div><\/div><\/div>\n<\/div>\n<\/div>\n<div style=\"text-align: center\"><\/div>\n","protected":false},"excerpt":{"rendered":"","protected":false},"author":2934,"featured_media":0,"parent":0,"menu_order":0,"comment_status":"closed","ping_status":"closed","template":"","meta":{"footnotes":"","_links_to":"","_links_to_target":""},"class_list":["post-2505","page","type-page","status-publish","hentry"],"_links":{"self":[{"href":"https:\/\/etab.ac-reunion.fr\/lyc-sarda-garriga\/wp-json\/wp\/v2\/pages\/2505","targetHints":{"allow":["GET"]}}],"collection":[{"href":"https:\/\/etab.ac-reunion.fr\/lyc-sarda-garriga\/wp-json\/wp\/v2\/pages"}],"about":[{"href":"https:\/\/etab.ac-reunion.fr\/lyc-sarda-garriga\/wp-json\/wp\/v2\/types\/page"}],"author":[{"embeddable":true,"href":"https:\/\/etab.ac-reunion.fr\/lyc-sarda-garriga\/wp-json\/wp\/v2\/users\/2934"}],"replies":[{"embeddable":true,"href":"https:\/\/etab.ac-reunion.fr\/lyc-sarda-garriga\/wp-json\/wp\/v2\/comments?post=2505"}],"version-history":[{"count":88,"href":"https:\/\/etab.ac-reunion.fr\/lyc-sarda-garriga\/wp-json\/wp\/v2\/pages\/2505\/revisions"}],"predecessor-version":[{"id":2640,"href":"https:\/\/etab.ac-reunion.fr\/lyc-sarda-garriga\/wp-json\/wp\/v2\/pages\/2505\/revisions\/2640"}],"wp:attachment":[{"href":"https:\/\/etab.ac-reunion.fr\/lyc-sarda-garriga\/wp-json\/wp\/v2\/media?parent=2505"}],"curies":[{"name":"wp","href":"https:\/\/api.w.org\/{rel}","templated":true}]}}