{"id":2786,"date":"2017-12-04T17:07:39","date_gmt":"2017-12-04T13:07:39","guid":{"rendered":"http:\/\/lycee-sarda-garriga.ac-reunion.fr\/?page_id=2786"},"modified":"2026-02-12T11:00:16","modified_gmt":"2026-02-12T07:00:16","slug":"parcoursup","status":"publish","type":"page","link":"https:\/\/etab.ac-reunion.fr\/lyc-sarda-garriga\/orientations\/parcoursup\/","title":{"rendered":"PARCOURSUP"},"content":{"rendered":"<h4>\u00a0<\/h4>\n<h3>\u00a0<\/h3>\n<p>&nbsp;<\/p>\n<p>&nbsp;<\/p>\n<p>&nbsp;<\/p>\n<h3>\u00a0<\/h3>\n<h3>\u00a0<\/h3>\n<h3>\u00a0<\/h3>\n<h3>\u00a0<\/h3>\n<h3>\u00a0<\/h3>\n<h3>\u00a0<\/h3>\n<h1 style=\"text-align: center\"><span style=\"color: #ffffff\"><b><span style=\"color: #000000\">\u00a0Parcoursup.fr <\/span><br \/><\/b><\/span><\/h1>\n<p>&nbsp;<\/p>\n<h3 style=\"text-align: center\"><em><span style=\"color: #000000\"><strong>Fichier pr\u00e9sent\u00e9 aux parents <\/strong><\/span><\/em><\/h3>\n<h3 style=\"text-align: center\"><em><span style=\"color: #000000\"><strong>lors du caf\u00e9 des parents du 31\/01\/2026\u00a0<\/strong><\/span><\/em><\/h3>\n<p style=\"text-align: center\"><a href='https:\/\/etab.ac-reunion.fr\/lyc-sarda-garriga\/wp-content\/uploads\/sites\/98\/2026\/02\/parcoursup-2026-parents-31-janvier-2026-version-definitive.pptx' class='icon-button paper-icon' target=\"_blank\">en pptx<span class='et-icon'><\/span><\/a>\u00a0 \u00a0<a href='https:\/\/etab.ac-reunion.fr\/lyc-sarda-garriga\/wp-content\/uploads\/sites\/98\/2026\/02\/parcoursup-2026-parents-31-janvier-2026-version-definitive.pdf' class='icon-button paper-icon' target=\"_blank\">en pdf<span class='et-icon'><\/span><\/a>\n<p>&nbsp;<\/p>\n<p>&nbsp;<\/p>\n<h3 style=\"text-align: center\"><span style=\"color: #000000\"><em><strong>Inscription et formulation des <\/strong><b>v\u0153ux<\/b><\/em><\/span><\/h3>\n<p style=\"text-align: center\"><a href='http:\/\/www.parcoursup.fr\/' class='small-button smalllightblue' target=\"_blank\">La plateforme sur http:\/\/www.parcoursup.fr\/<\/a>\n<p style=\"text-align: center\">Les \u00e9l\u00e8ves de terminale peuvent s&rsquo;informer sur le d\u00e9roulement de le proc\u00e9dure.<\/p>\n<p style=\"text-align: center\"><a href='http:\/\/eduscol.education.fr\/cid73382\/l-orientation-du-lycee-a-l-enseignement-superieur.html' class='icon-button download-icon' target=\"_blank\">EDUSCOL L&rsquo;orientation du lyc\u00e9e \u00e0 l&rsquo;enseignement sup\u00e9rieur<span class='et-icon'><\/span><\/a>\n<p>&nbsp;<\/p>\n<h3 style=\"text-align: center\"><span style=\"color: #000000\"><em><strong>Le calendrier\u00a0<\/strong><\/em><\/span><\/h3>\n<p style=\"text-align: center\"><a href='https:\/\/www.parcoursup.fr\/index.php?desc=calendrier' class='icon-button paper-icon' target=\"_blank\">Calendrier (lien vers le site)<span class='et-icon'><\/span><\/a>\n<p style=\"text-align: center\">\u00a0<\/p>\n\n\n<p><\/p>\n\n\n\n<p><\/p>\n","protected":false},"excerpt":{"rendered":"<p>\u00a0 \u00a0 &nbsp; &nbsp; &nbsp; \u00a0 \u00a0 \u00a0 \u00a0 \u00a0 \u00a0 \u00a0Parcoursup.fr &nbsp; Fichier pr\u00e9sent\u00e9 aux parents lors du caf\u00e9 des parents du 31\/01\/2026\u00a0 \u00a0 \u00a0 &nbsp; &nbsp; Inscription et formulation des v\u0153ux Les \u00e9l\u00e8ves de terminale peuvent s&rsquo;informer sur le d\u00e9roulement de le proc\u00e9dure. &nbsp; Le calendrier\u00a0 \u00a0<\/p>\n","protected":false},"author":2934,"featured_media":7247,"parent":376,"menu_order":0,"comment_status":"closed","ping_status":"closed","template":"","meta":{"footnotes":"","_links_to":"","_links_to_target":""},"class_list":["post-2786","page","type-page","status-publish","has-post-thumbnail","hentry"],"_links":{"self":[{"href":"https:\/\/etab.ac-reunion.fr\/lyc-sarda-garriga\/wp-json\/wp\/v2\/pages\/2786","targetHints":{"allow":["GET"]}}],"collection":[{"href":"https:\/\/etab.ac-reunion.fr\/lyc-sarda-garriga\/wp-json\/wp\/v2\/pages"}],"about":[{"href":"https:\/\/etab.ac-reunion.fr\/lyc-sarda-garriga\/wp-json\/wp\/v2\/types\/page"}],"author":[{"embeddable":true,"href":"https:\/\/etab.ac-reunion.fr\/lyc-sarda-garriga\/wp-json\/wp\/v2\/users\/2934"}],"replies":[{"embeddable":true,"href":"https:\/\/etab.ac-reunion.fr\/lyc-sarda-garriga\/wp-json\/wp\/v2\/comments?post=2786"}],"version-history":[{"count":90,"href":"https:\/\/etab.ac-reunion.fr\/lyc-sarda-garriga\/wp-json\/wp\/v2\/pages\/2786\/revisions"}],"predecessor-version":[{"id":9822,"href":"https:\/\/etab.ac-reunion.fr\/lyc-sarda-garriga\/wp-json\/wp\/v2\/pages\/2786\/revisions\/9822"}],"up":[{"embeddable":true,"href":"https:\/\/etab.ac-reunion.fr\/lyc-sarda-garriga\/wp-json\/wp\/v2\/pages\/376"}],"wp:featuredmedia":[{"embeddable":true,"href":"https:\/\/etab.ac-reunion.fr\/lyc-sarda-garriga\/wp-json\/wp\/v2\/media\/7247"}],"wp:attachment":[{"href":"https:\/\/etab.ac-reunion.fr\/lyc-sarda-garriga\/wp-json\/wp\/v2\/media?parent=2786"}],"curies":[{"name":"wp","href":"https:\/\/api.w.org\/{rel}","templated":true}]}}