{"id":2837,"date":"2018-02-22T15:52:27","date_gmt":"2018-02-22T11:52:27","guid":{"rendered":"http:\/\/lycee-sarda-garriga.ac-reunion.fr\/?page_id=2837"},"modified":"2018-03-09T15:53:13","modified_gmt":"2018-03-09T11:53:13","slug":"hikenglish","status":"publish","type":"page","link":"https:\/\/etab.ac-reunion.fr\/lyc-sarda-garriga\/sites-pedagogiques\/hikenglish\/","title":{"rendered":"HIKENGLISH"},"content":{"rendered":"<div><\/div>\n<div style=\"text-align: left\"><em>\u00ab\u00a0HIKENGLISH, an unforgettable experience !<\/em><\/div>\n<div style=\"text-align: justify\"><\/div>\n<div style=\"text-align: justify\"><em>Le week end du 16 et 17 d\u00e9cembre 2017, les \u00e9l\u00e8ves de Terminale de la section europ\u00e9enne EPS se sont retrouv\u00e9s pour 2 jours de randonn\u00e9e, de camping et d&rsquo;anglais au d\u00e9part du sentier de la Roche Ecrite. Miles, l&rsquo;assistant d&rsquo;anglais du Lyc\u00e9e, Mariana et Christina, deux autres assistantes am\u00e9ricaines des Lyc\u00e9e J.Perrin et Leconte de Lisle, ont eu la gentillesse de nous accompagner afin de permettre aux \u00e9l\u00e8ves d&rsquo;\u00e9changer dans la langue de Shakespeare tout en exp\u00e9rimentant le plaisir des activit\u00e9s de plein air associ\u00e9 \u00e0 la r\u00e9flexion sur la protection de l&rsquo;environnement.<\/em><\/div>\n<div style=\"text-align: justify\"><em>Une aventure enrichissante, tr\u00e8s appr\u00e9ci\u00e9e des \u00e9l\u00e8ves , des assistants et du professeur d&rsquo;EPS, Mme Pezin. Quelques photos et une vid\u00e9o pour immortaliser ces bons moments.\u00a0\u00bb<\/em><\/div>\n<div style=\"text-align: right\">Mme Pezin<\/div>\n<div style=\"text-align: center\"><\/div>\n<div><span style=\"text-align: center\">\u00a0<\/span><\/div>\n<div style=\"text-align: center\">\n<div><\/div>\n<\/div>\n<div style=\"text-align: center\"><div id=\"su_carousel_69dcbacf52395\" class=\"su-carousel su-carousel-centered su-carousel-pages-no su-carousel-responsive-yes su-lightbox-gallery\" style=\"width:100%\" data-autoplay=\"3000\" data-speed=\"600\" data-mousewheel=\"true\" data-items=\"1\" data-scroll=\"1\"><div class=\"su-carousel-slides\"><div class=\"su-carousel-slide\"><a href=\"https:\/\/etab.ac-reunion.fr\/lyc-sarda-garriga\/wp-content\/uploads\/sites\/98\/2018\/02\/photo-1.jpg\" target=\"_blank\" title=\"photo 1\"><img decoding=\"async\" src=\"https:\/\/etab.ac-reunion.fr\/lyc-sarda-garriga\/wp-content\/uploads\/sites\/98\/2018\/02\/photo-1.jpg\" alt=\"photo 1\" \/><\/a><\/div><div class=\"su-carousel-slide\"><a href=\"https:\/\/etab.ac-reunion.fr\/lyc-sarda-garriga\/wp-content\/uploads\/sites\/98\/2018\/02\/photo-2.jpg\" target=\"_blank\" title=\"photo 2\"><img decoding=\"async\" src=\"https:\/\/etab.ac-reunion.fr\/lyc-sarda-garriga\/wp-content\/uploads\/sites\/98\/2018\/02\/photo-2.jpg\" alt=\"photo 2\" \/><\/a><\/div><div class=\"su-carousel-slide\"><a href=\"https:\/\/etab.ac-reunion.fr\/lyc-sarda-garriga\/wp-content\/uploads\/sites\/98\/2018\/02\/photo-3.jpg\" target=\"_blank\" title=\"photo 3\"><img decoding=\"async\" src=\"https:\/\/etab.ac-reunion.fr\/lyc-sarda-garriga\/wp-content\/uploads\/sites\/98\/2018\/02\/photo-3.jpg\" alt=\"photo 3\" \/><\/a><\/div><div class=\"su-carousel-slide\"><a href=\"https:\/\/etab.ac-reunion.fr\/lyc-sarda-garriga\/wp-content\/uploads\/sites\/98\/2018\/02\/photo-4.jpg\" target=\"_blank\" title=\"photo 4\"><img decoding=\"async\" src=\"https:\/\/etab.ac-reunion.fr\/lyc-sarda-garriga\/wp-content\/uploads\/sites\/98\/2018\/02\/photo-4.jpg\" alt=\"photo 4\" \/><\/a><\/div><div class=\"su-carousel-slide\"><a href=\"https:\/\/etab.ac-reunion.fr\/lyc-sarda-garriga\/wp-content\/uploads\/sites\/98\/2018\/02\/photo-5.jpg\" target=\"_blank\" title=\"photo 5\"><img decoding=\"async\" src=\"https:\/\/etab.ac-reunion.fr\/lyc-sarda-garriga\/wp-content\/uploads\/sites\/98\/2018\/02\/photo-5.jpg\" alt=\"photo 5\" \/><\/a><\/div><div class=\"su-carousel-slide\"><a href=\"https:\/\/etab.ac-reunion.fr\/lyc-sarda-garriga\/wp-content\/uploads\/sites\/98\/2018\/02\/photo-6.jpg\" target=\"_blank\" title=\"photo 6\"><img decoding=\"async\" src=\"https:\/\/etab.ac-reunion.fr\/lyc-sarda-garriga\/wp-content\/uploads\/sites\/98\/2018\/02\/photo-6.jpg\" alt=\"photo 6\" \/><\/a><\/div><div class=\"su-carousel-slide\"><a href=\"https:\/\/etab.ac-reunion.fr\/lyc-sarda-garriga\/wp-content\/uploads\/sites\/98\/2018\/02\/photo-7.jpg\" target=\"_blank\" title=\"photo 7\"><img decoding=\"async\" src=\"https:\/\/etab.ac-reunion.fr\/lyc-sarda-garriga\/wp-content\/uploads\/sites\/98\/2018\/02\/photo-7.jpg\" alt=\"photo 7\" \/><\/a><\/div><div class=\"su-carousel-slide\"><a href=\"https:\/\/etab.ac-reunion.fr\/lyc-sarda-garriga\/wp-content\/uploads\/sites\/98\/2018\/02\/photo-8.jpg\" target=\"_blank\" title=\"photo 8\"><img decoding=\"async\" src=\"https:\/\/etab.ac-reunion.fr\/lyc-sarda-garriga\/wp-content\/uploads\/sites\/98\/2018\/02\/photo-8.jpg\" alt=\"photo 8\" \/><\/a><\/div><div class=\"su-carousel-slide\"><a href=\"https:\/\/etab.ac-reunion.fr\/lyc-sarda-garriga\/wp-content\/uploads\/sites\/98\/2018\/02\/photo-9.jpg\" target=\"_blank\" title=\"photo 9\"><img decoding=\"async\" src=\"https:\/\/etab.ac-reunion.fr\/lyc-sarda-garriga\/wp-content\/uploads\/sites\/98\/2018\/02\/photo-9.jpg\" alt=\"photo 9\" \/><\/a><\/div><div class=\"su-carousel-slide\"><a href=\"https:\/\/etab.ac-reunion.fr\/lyc-sarda-garriga\/wp-content\/uploads\/sites\/98\/2018\/02\/photo-10.jpg\" target=\"_blank\" title=\"photo 10\"><img decoding=\"async\" src=\"https:\/\/etab.ac-reunion.fr\/lyc-sarda-garriga\/wp-content\/uploads\/sites\/98\/2018\/02\/photo-10.jpg\" alt=\"photo 10\" \/><\/a><\/div><\/div><div class=\"su-carousel-nav\"><div class=\"su-carousel-direction\"><span class=\"su-carousel-prev\"><\/span><span class=\"su-carousel-next\"><\/span><\/div><div class=\"su-carousel-pagination\"><\/div><\/div><\/div><\/div>\n<div><\/div>\n<div>&lt;iframe width=\u00a0\u00bb560&Prime; height=\u00a0\u00bb315&Prime; src=\u00a0\u00bbhttps:\/\/www.youtube.com\/embed\/4ilPEJ2HU_0?rel=0&Prime; frameborder=\u00a0\u00bb0&Prime; allow=\u00a0\u00bbautoplay; encrypted-media\u00a0\u00bb allowfullscreen&gt;&lt;\/iframe&gt;<\/div>\n<div><\/div>\n<p>&nbsp;<\/p>\n<p><span style=\"color: #0000ff\">MAIL &#8212;&#8212;&#8212;&#8212;&#8212;&#8212;&#8212;&#8212;&#8212;&#8212;&#8212;&#8212;&#8212;&#8212;&#8212;&#8212;&#8212;&#8212;&#8212;-<\/span><\/p>\n<p><span style=\"color: #0000ff\">https:\/\/etab.ac-reunion.fr\/lyc-sarda-garriga\/wp-content\/uploads\/sites\/98\/2018\/03\/mail_22022018_hikenglish.pdf<\/span><\/p>\n<p>&nbsp;<\/p>\n","protected":false},"excerpt":{"rendered":"<p>\u00ab\u00a0HIKENGLISH, an unforgettable experience ! Le week end du 16 et 17 d\u00e9cembre 2017, les \u00e9l\u00e8ves de Terminale de la section europ\u00e9enne EPS se sont retrouv\u00e9s pour 2 jours de randonn\u00e9e, de camping et d&rsquo;anglais au d\u00e9part du sentier de la Roche Ecrite. Miles, l&rsquo;assistant d&rsquo;anglais du Lyc\u00e9e, Mariana et Christina, deux autres assistantes am\u00e9ricaines [&hellip;]<\/p>\n","protected":false},"author":2934,"featured_media":0,"parent":72,"menu_order":0,"comment_status":"closed","ping_status":"closed","template":"","meta":{"footnotes":"","_links_to":"","_links_to_target":""},"class_list":["post-2837","page","type-page","status-publish","hentry"],"_links":{"self":[{"href":"https:\/\/etab.ac-reunion.fr\/lyc-sarda-garriga\/wp-json\/wp\/v2\/pages\/2837","targetHints":{"allow":["GET"]}}],"collection":[{"href":"https:\/\/etab.ac-reunion.fr\/lyc-sarda-garriga\/wp-json\/wp\/v2\/pages"}],"about":[{"href":"https:\/\/etab.ac-reunion.fr\/lyc-sarda-garriga\/wp-json\/wp\/v2\/types\/page"}],"author":[{"embeddable":true,"href":"https:\/\/etab.ac-reunion.fr\/lyc-sarda-garriga\/wp-json\/wp\/v2\/users\/2934"}],"replies":[{"embeddable":true,"href":"https:\/\/etab.ac-reunion.fr\/lyc-sarda-garriga\/wp-json\/wp\/v2\/comments?post=2837"}],"version-history":[{"count":29,"href":"https:\/\/etab.ac-reunion.fr\/lyc-sarda-garriga\/wp-json\/wp\/v2\/pages\/2837\/revisions"}],"predecessor-version":[{"id":2901,"href":"https:\/\/etab.ac-reunion.fr\/lyc-sarda-garriga\/wp-json\/wp\/v2\/pages\/2837\/revisions\/2901"}],"up":[{"embeddable":true,"href":"https:\/\/etab.ac-reunion.fr\/lyc-sarda-garriga\/wp-json\/wp\/v2\/pages\/72"}],"wp:attachment":[{"href":"https:\/\/etab.ac-reunion.fr\/lyc-sarda-garriga\/wp-json\/wp\/v2\/media?parent=2837"}],"curies":[{"name":"wp","href":"https:\/\/api.w.org\/{rel}","templated":true}]}}