{"id":332,"date":"2014-10-30T01:58:17","date_gmt":"2014-10-29T21:58:17","guid":{"rendered":"http:\/\/lycee-sarda-garriga-tmp.ac-reunion.fr\/?page_id=332"},"modified":"2025-07-10T15:08:12","modified_gmt":"2025-07-10T11:08:12","slug":"mot-du-proviseur-2","status":"publish","type":"page","link":"https:\/\/etab.ac-reunion.fr\/lyc-sarda-garriga\/mot-du-proviseur-2\/","title":{"rendered":"Le mot de la Proviseure"},"content":{"rendered":"\n<p>Chers visiteurs,<\/p>\n\n\n\n<p>Bienvenue sur le site de notre \u00e9tablissement, un lieu o\u00f9 le dynamisme et l\u2019engagement sont au c\u0153ur de notre mission \u00e9ducative. Nous sommes fiers de promouvoir l\u2019\u00e9galit\u00e9 des chances, en offrant \u00e0 chaque \u00e9l\u00e8ve un accompagnement personnalis\u00e9 et un cadre propice \u00e0 l\u2019\u00e9panouissement de ses talents.<\/p>\n\n\n\n<p>Le travail rigoureux sur les fondamentaux, notamment en fran\u00e7ais et en math\u00e9matiques, constitue la base solide sur laquelle repose la r\u00e9ussite de nos \u00e9l\u00e8ves. Cette excellence acad\u00e9mique est le fruit d\u2019un investissement collectif : enseignants, personnels administratifs et \u00e9ducatifs \u0153uvrent chaque jour avec passion et d\u00e9termination pour accompagner nos jeunes vers leur r\u00e9ussite.<\/p>\n\n\n\n<p>Nous vous invitons \u00e0 d\u00e9couvrir notre \u00e9tablissement, reflet d\u2019une communaut\u00e9 soud\u00e9e et tourn\u00e9e vers l\u2019avenir.<\/p>\n\n\n\n<p>Avec toute ma confiance<\/p>\n\n\n\n<p><\/p>\n","protected":false},"excerpt":{"rendered":"<p>Chers visiteurs, Bienvenue sur le site de notre \u00e9tablissement, un lieu o\u00f9 le dynamisme et l\u2019engagement sont au c\u0153ur de notre mission \u00e9ducative. Nous sommes fiers de promouvoir l\u2019\u00e9galit\u00e9 des chances, en offrant \u00e0 chaque \u00e9l\u00e8ve un accompagnement personnalis\u00e9 et un cadre propice \u00e0 l\u2019\u00e9panouissement de ses talents. Le travail rigoureux sur les fondamentaux, notamment [&hellip;]<\/p>\n","protected":false},"author":2934,"featured_media":0,"parent":0,"menu_order":0,"comment_status":"closed","ping_status":"closed","template":"","meta":{"footnotes":"","_links_to":"","_links_to_target":""},"class_list":["post-332","page","type-page","status-publish","hentry"],"_links":{"self":[{"href":"https:\/\/etab.ac-reunion.fr\/lyc-sarda-garriga\/wp-json\/wp\/v2\/pages\/332","targetHints":{"allow":["GET"]}}],"collection":[{"href":"https:\/\/etab.ac-reunion.fr\/lyc-sarda-garriga\/wp-json\/wp\/v2\/pages"}],"about":[{"href":"https:\/\/etab.ac-reunion.fr\/lyc-sarda-garriga\/wp-json\/wp\/v2\/types\/page"}],"author":[{"embeddable":true,"href":"https:\/\/etab.ac-reunion.fr\/lyc-sarda-garriga\/wp-json\/wp\/v2\/users\/2934"}],"replies":[{"embeddable":true,"href":"https:\/\/etab.ac-reunion.fr\/lyc-sarda-garriga\/wp-json\/wp\/v2\/comments?post=332"}],"version-history":[{"count":13,"href":"https:\/\/etab.ac-reunion.fr\/lyc-sarda-garriga\/wp-json\/wp\/v2\/pages\/332\/revisions"}],"predecessor-version":[{"id":9473,"href":"https:\/\/etab.ac-reunion.fr\/lyc-sarda-garriga\/wp-json\/wp\/v2\/pages\/332\/revisions\/9473"}],"wp:attachment":[{"href":"https:\/\/etab.ac-reunion.fr\/lyc-sarda-garriga\/wp-json\/wp\/v2\/media?parent=332"}],"curies":[{"name":"wp","href":"https:\/\/api.w.org\/{rel}","templated":true}]}}