{"id":3745,"date":"2019-11-10T06:25:24","date_gmt":"2019-11-10T02:25:24","guid":{"rendered":"http:\/\/lycee-sarda-garriga.ac-reunion.fr\/?page_id=3745"},"modified":"2022-05-06T09:00:31","modified_gmt":"2022-05-06T05:00:31","slug":"vie-educative","status":"publish","type":"page","link":"https:\/\/etab.ac-reunion.fr\/lyc-sarda-garriga\/vie-educative\/","title":{"rendered":"Vie Educative"},"content":{"rendered":"\n<p>Dans le cadre du Comit\u00e9 d&rsquo;Education \u00e0 la Sant\u00e9 et \u00e0 la Citoyennet\u00e9 (CESC), des s\u00e9ances de pr\u00e9vention anim\u00e9es par la Police nationale et abordant la question de l&rsquo;usage d&rsquo;internet et des r\u00e9seaux sociaux vont \u00eatre mises en place \u00e0 destination des \u00e9l\u00e8ves des classes de seconde entre le lundi 30 mai 2022 et le vendredi 10 juin 2022.<\/p>\n\n\n\n<pre class=\"wp-block-preformatted\">&nbsp;<strong>Sensibilisation aux dangers d'Internet<\/strong>\n\nDes s\u00e9ances de pr\u00e9vention anim\u00e9es par la Police nationale et abordant la question de l'usage d'internet et des r\u00e9seaux sociaux vont \u00eatre mises en place \u00e0 destination des \u00e9l\u00e8ves des classes de seconde les 19 et 20 avril 2021.<\/pre>\n\n\n\n<p>L\u2019objectif de ces s\u00e9ances n&rsquo;est pas d&rsquo;interdire aux jeunes de \u00ab se connecter \u00bb mais plut\u00f4t de leur apprendre \u00e0 devenir des E-Citoyens Responsables.<\/p>\n\n\n\n<p>L&rsquo;infirmi\u00e8re<\/p>\n","protected":false},"excerpt":{"rendered":"<p>Dans le cadre du Comit\u00e9 d&rsquo;Education \u00e0 la Sant\u00e9 et \u00e0 la Citoyennet\u00e9 (CESC), des s\u00e9ances de pr\u00e9vention anim\u00e9es par la Police nationale et abordant la question de l&rsquo;usage d&rsquo;internet et des r\u00e9seaux sociaux vont \u00eatre mises en place \u00e0 destination des \u00e9l\u00e8ves des classes de seconde entre le lundi 30 mai 2022 et le [&hellip;]<\/p>\n","protected":false},"author":2934,"featured_media":4847,"parent":0,"menu_order":0,"comment_status":"closed","ping_status":"closed","template":"","meta":{"footnotes":"","_links_to":"","_links_to_target":""},"class_list":["post-3745","page","type-page","status-publish","has-post-thumbnail","hentry"],"_links":{"self":[{"href":"https:\/\/etab.ac-reunion.fr\/lyc-sarda-garriga\/wp-json\/wp\/v2\/pages\/3745","targetHints":{"allow":["GET"]}}],"collection":[{"href":"https:\/\/etab.ac-reunion.fr\/lyc-sarda-garriga\/wp-json\/wp\/v2\/pages"}],"about":[{"href":"https:\/\/etab.ac-reunion.fr\/lyc-sarda-garriga\/wp-json\/wp\/v2\/types\/page"}],"author":[{"embeddable":true,"href":"https:\/\/etab.ac-reunion.fr\/lyc-sarda-garriga\/wp-json\/wp\/v2\/users\/2934"}],"replies":[{"embeddable":true,"href":"https:\/\/etab.ac-reunion.fr\/lyc-sarda-garriga\/wp-json\/wp\/v2\/comments?post=3745"}],"version-history":[{"count":18,"href":"https:\/\/etab.ac-reunion.fr\/lyc-sarda-garriga\/wp-json\/wp\/v2\/pages\/3745\/revisions"}],"predecessor-version":[{"id":5708,"href":"https:\/\/etab.ac-reunion.fr\/lyc-sarda-garriga\/wp-json\/wp\/v2\/pages\/3745\/revisions\/5708"}],"wp:featuredmedia":[{"embeddable":true,"href":"https:\/\/etab.ac-reunion.fr\/lyc-sarda-garriga\/wp-json\/wp\/v2\/media\/4847"}],"wp:attachment":[{"href":"https:\/\/etab.ac-reunion.fr\/lyc-sarda-garriga\/wp-json\/wp\/v2\/media?parent=3745"}],"curies":[{"name":"wp","href":"https:\/\/api.w.org\/{rel}","templated":true}]}}