{"id":3804,"date":"2022-11-22T12:32:00","date_gmt":"2022-11-22T08:32:00","guid":{"rendered":"http:\/\/lycee-sarda-garriga.ac-reunion.fr\/?page_id=3804"},"modified":"2024-12-12T20:12:31","modified_gmt":"2024-12-12T16:12:31","slug":"sida","status":"publish","type":"page","link":"https:\/\/etab.ac-reunion.fr\/lyc-sarda-garriga\/sida\/","title":{"rendered":"SIDA 2023"},"content":{"rendered":"\n<p><\/p>\n\n\n\n<p><\/p>\n\n\n\n<p><\/p>\n\n\n\n<p><\/p>\n\n\n\n<p><\/p>\n\n\n\n<p><\/p>\n\n\n\n<p><\/p>\n\n\n\n<p><\/p>\n\n\n\n<p><\/p>\n\n\n\n<p><\/p>\n\n\n\n<p><\/p>\n\n\n\n<p><\/p>\n\n\n\n<p><\/p>\n\n\n\n<p><\/p>\n\n\n\n<p><\/p>\n\n\n\n<p><\/p>\n\n\n\n<p><\/p>\n\n\n\n<p><\/p>\n\n\n\n<p><\/p>\n\n\n\n<p><\/p>\n\n\n\n<p><\/p>\n\n\n\n<p><\/p>\n\n\n\n<p class=\"has-text-align-center\"><strong><em><mark style=\"background-color:#ffffff\" class=\"has-inline-color has-vivid-red-color\">Remise<\/mark><\/em><\/strong> <strong><em><mark style=\"background-color:#ffffff\" class=\"has-inline-color has-vivid-red-color\">Collecte de Fonds Journ\u00e9e mondiale du SIDA<\/mark><\/em><\/strong><\/p>\n\n\n\n<p>A l&rsquo;occasion de la journ\u00e9e mondiale de lutte contre le SIDA, les d\u00e9l\u00e9gu\u00e9s du  Conseil de la vie lyc\u00e9enne (CVL)  ont organis\u00e9 une collecte de fonds dans l&rsquo;\u00e9tablissement, en faveur de l&rsquo;association RIVE.&nbsp;Cette collecte d&rsquo;un montant de 401,80\u20ac a \u00e9t\u00e9 remise aux responsables de l&rsquo;association le Jeudi 14 d\u00e9cembre 2023. <\/p>\n\n\n\n<p class=\"has-text-align-center\"><strong><mark style=\"background-color:#ffffff\" class=\"has-inline-color has-vivid-cyan-blue-color\">Nos remerciements aux \u00e9l\u00e8ves, parents et personnels pour leur soutien et g\u00e9n\u00e9rosit\u00e9. <\/mark><\/strong><\/p>\n\n\n\n<p class=\"has-text-align-center\"><strong><mark style=\"background-color:#ffffff\" class=\"has-inline-color has-vivid-cyan-blue-color\">Bravo aux d\u00e9l\u00e9gu\u00e9s du CVL pour leur engagement dans cette action de solidarit\u00e9<\/mark><\/strong><\/p>\n\n\n\n<p class=\"has-text-align-right\">Mme TAYLLAMIN CPE<\/p>\n\n\n\n<figure class=\"wp-block-image size-large\"><a href=\"https:\/\/etab.ac-reunion.fr\/lyc-sarda-garriga\/wp-content\/uploads\/sites\/98\/2024\/01\/IMG_7315-scaled.jpg\" target=\"_blank\" rel=\"noreferrer noopener\"><img loading=\"lazy\" decoding=\"async\" width=\"1024\" height=\"768\" src=\"https:\/\/etab.ac-reunion.fr\/lyc-sarda-garriga\/wp-content\/uploads\/sites\/98\/2024\/01\/IMG_7315-1024x768.jpg\" alt=\"Remise de la collecte du SIDA en faveur de l\u2019association RIVE.\u00a0\" class=\"wp-image-7270\" srcset=\"https:\/\/etab.ac-reunion.fr\/lyc-sarda-garriga\/wp-content\/uploads\/sites\/98\/2024\/01\/IMG_7315-1024x768.jpg 1024w, https:\/\/etab.ac-reunion.fr\/lyc-sarda-garriga\/wp-content\/uploads\/sites\/98\/2024\/01\/IMG_7315-300x225.jpg 300w, https:\/\/etab.ac-reunion.fr\/lyc-sarda-garriga\/wp-content\/uploads\/sites\/98\/2024\/01\/IMG_7315-768x576.jpg 768w, https:\/\/etab.ac-reunion.fr\/lyc-sarda-garriga\/wp-content\/uploads\/sites\/98\/2024\/01\/IMG_7315-1536x1152.jpg 1536w, https:\/\/etab.ac-reunion.fr\/lyc-sarda-garriga\/wp-content\/uploads\/sites\/98\/2024\/01\/IMG_7315-2048x1536.jpg 2048w\" sizes=\"auto, (max-width: 1024px) 100vw, 1024px\" \/><\/a><\/figure>\n\n\n\n<p><\/p>\n\n\n\n<p class=\"has-text-align-center\"><strong><em><mark style=\"background-color:#ffffff\" class=\"has-inline-color has-vivid-red-color\">Programme du Vendredi 1\/12\/23<\/mark><\/em><\/strong><mark style=\"background-color:#ffffff\" class=\"has-inline-color has-vivid-red-color\"> <\/mark><\/p>\n\n\n\n<div class=\"wp-block-file\"><a id=\"wp-block-file--media-47e06e2e-2cfa-4355-b588-a79a6fcd27e7\" href=\"https:\/\/etab.ac-reunion.fr\/lyc-sarda-garriga\/wp-content\/uploads\/sites\/98\/2023\/11\/sidaatelier1122023.pdf\" target=\"_blank\" rel=\"noreferrer noopener\">sidaatelier1122023<\/a><\/div>\n\n\n\n<div data-wp-interactive=\"core\/file\" class=\"wp-block-file\"><object data-wp-bind--hidden=\"!state.hasPdfPreview\" hidden class=\"wp-block-file__embed\" data=\"https:\/\/etab.ac-reunion.fr\/lyc-sarda-garriga\/wp-content\/uploads\/sites\/98\/2023\/11\/sidaatelier1122023.pdf\" type=\"application\/pdf\" style=\"width:100%;height:300px\" aria-label=\"Contenu embarqu\u00e9 sidaatelier1122023.\"><\/object><a id=\"wp-block-file--media-447de4bc-abcd-4eb2-8550-49e6db5e3a73\" href=\"https:\/\/etab.ac-reunion.fr\/lyc-sarda-garriga\/wp-content\/uploads\/sites\/98\/2023\/11\/sidaatelier1122023.pdf\">sidaatelier1122023<\/a><\/div>\n\n\n\n<p><\/p>\n\n\n\n<p><\/p>\n\n\n\n<p><\/p>\n\n\n\n<p><\/p>\n\n\n\n<p><\/p>\n\n\n\n<p><\/p>\n\n\n\n<p><\/p>\n\n\n\n<p><\/p>\n\n\n\n<p><\/p>\n\n\n\n<p><\/p>\n\n\n\n<p><\/p>\n\n\n\n<p class=\"has-text-align-center\"><\/p>\n\n\n\n<p class=\"has-text-align-center\"><\/p>\n\n\n\n<p class=\"has-text-align-center\"><\/p>\n\n\n\n<p><\/p>\n\n\n\n<p><\/p>\n\n\n\n<p><br><\/p>\n\n\n\n<p><\/p>\n","protected":false},"excerpt":{"rendered":"<p>Remise Collecte de Fonds Journ\u00e9e mondiale du SIDA A l&rsquo;occasion de la journ\u00e9e mondiale de lutte contre le SIDA, les d\u00e9l\u00e9gu\u00e9s du Conseil de la vie lyc\u00e9enne (CVL) ont organis\u00e9 une collecte de fonds dans l&rsquo;\u00e9tablissement, en faveur de l&rsquo;association RIVE.&nbsp;Cette collecte d&rsquo;un montant de 401,80\u20ac a \u00e9t\u00e9 remise aux responsables de l&rsquo;association le Jeudi [&hellip;]<\/p>\n","protected":false},"author":2934,"featured_media":7289,"parent":0,"menu_order":0,"comment_status":"closed","ping_status":"closed","template":"","meta":{"footnotes":"","_links_to":"","_links_to_target":""},"class_list":["post-3804","page","type-page","status-publish","has-post-thumbnail","hentry"],"_links":{"self":[{"href":"https:\/\/etab.ac-reunion.fr\/lyc-sarda-garriga\/wp-json\/wp\/v2\/pages\/3804","targetHints":{"allow":["GET"]}}],"collection":[{"href":"https:\/\/etab.ac-reunion.fr\/lyc-sarda-garriga\/wp-json\/wp\/v2\/pages"}],"about":[{"href":"https:\/\/etab.ac-reunion.fr\/lyc-sarda-garriga\/wp-json\/wp\/v2\/types\/page"}],"author":[{"embeddable":true,"href":"https:\/\/etab.ac-reunion.fr\/lyc-sarda-garriga\/wp-json\/wp\/v2\/users\/2934"}],"replies":[{"embeddable":true,"href":"https:\/\/etab.ac-reunion.fr\/lyc-sarda-garriga\/wp-json\/wp\/v2\/comments?post=3804"}],"version-history":[{"count":37,"href":"https:\/\/etab.ac-reunion.fr\/lyc-sarda-garriga\/wp-json\/wp\/v2\/pages\/3804\/revisions"}],"predecessor-version":[{"id":8433,"href":"https:\/\/etab.ac-reunion.fr\/lyc-sarda-garriga\/wp-json\/wp\/v2\/pages\/3804\/revisions\/8433"}],"wp:featuredmedia":[{"embeddable":true,"href":"https:\/\/etab.ac-reunion.fr\/lyc-sarda-garriga\/wp-json\/wp\/v2\/media\/7289"}],"wp:attachment":[{"href":"https:\/\/etab.ac-reunion.fr\/lyc-sarda-garriga\/wp-json\/wp\/v2\/media?parent=3804"}],"curies":[{"name":"wp","href":"https:\/\/api.w.org\/{rel}","templated":true}]}}