{"id":3865,"date":"2019-11-23T09:30:00","date_gmt":"2019-11-23T05:30:00","guid":{"rendered":"http:\/\/lycee-sarda-garriga.ac-reunion.fr\/?page_id=3865"},"modified":"2020-06-09T18:16:52","modified_gmt":"2020-06-09T14:16:52","slug":"activite-sportive","status":"publish","type":"page","link":"https:\/\/etab.ac-reunion.fr\/lyc-sarda-garriga\/activite-sportive\/","title":{"rendered":"Activit\u00e9s Sportives"},"content":{"rendered":"\n<p><\/p>\n\n\n\n<p>L&rsquo;\u00e9quipe du Lyc\u00e9e Sarda Garriga est s\u00e9lectionn\u00e9e \u00e0 la 10\u00e8me \u00e9dition des Jeux Internationaux de la Jeunesse  du 15 au 20 juin 2020 \u00e0 Chicago.<strong> S&rsquo;ajoute la recherche de sponsors et autres formes d&rsquo;aides, en plus des journ\u00e9es d&rsquo;ensachage, de la tombola solidaire et des brocantes pr\u00e9vues. Vous pouvez nous aider<\/strong> !<\/p>\n\n\n\n<p><\/p>\n","protected":false},"excerpt":{"rendered":"<p>L&rsquo;\u00e9quipe du Lyc\u00e9e Sarda Garriga est s\u00e9lectionn\u00e9e \u00e0 la 10\u00e8me \u00e9dition des Jeux Internationaux de la Jeunesse du 15 au 20 juin 2020 \u00e0 Chicago. S&rsquo;ajoute la recherche de sponsors et autres formes d&rsquo;aides, en plus des journ\u00e9es d&rsquo;ensachage, de la tombola solidaire et des brocantes pr\u00e9vues. Vous pouvez nous aider !<\/p>\n","protected":false},"author":2934,"featured_media":4044,"parent":0,"menu_order":0,"comment_status":"closed","ping_status":"closed","template":"","meta":{"footnotes":"","_links_to":"","_links_to_target":""},"class_list":["post-3865","page","type-page","status-publish","has-post-thumbnail","hentry"],"_links":{"self":[{"href":"https:\/\/etab.ac-reunion.fr\/lyc-sarda-garriga\/wp-json\/wp\/v2\/pages\/3865","targetHints":{"allow":["GET"]}}],"collection":[{"href":"https:\/\/etab.ac-reunion.fr\/lyc-sarda-garriga\/wp-json\/wp\/v2\/pages"}],"about":[{"href":"https:\/\/etab.ac-reunion.fr\/lyc-sarda-garriga\/wp-json\/wp\/v2\/types\/page"}],"author":[{"embeddable":true,"href":"https:\/\/etab.ac-reunion.fr\/lyc-sarda-garriga\/wp-json\/wp\/v2\/users\/2934"}],"replies":[{"embeddable":true,"href":"https:\/\/etab.ac-reunion.fr\/lyc-sarda-garriga\/wp-json\/wp\/v2\/comments?post=3865"}],"version-history":[{"count":7,"href":"https:\/\/etab.ac-reunion.fr\/lyc-sarda-garriga\/wp-json\/wp\/v2\/pages\/3865\/revisions"}],"predecessor-version":[{"id":4325,"href":"https:\/\/etab.ac-reunion.fr\/lyc-sarda-garriga\/wp-json\/wp\/v2\/pages\/3865\/revisions\/4325"}],"wp:featuredmedia":[{"embeddable":true,"href":"https:\/\/etab.ac-reunion.fr\/lyc-sarda-garriga\/wp-json\/wp\/v2\/media\/4044"}],"wp:attachment":[{"href":"https:\/\/etab.ac-reunion.fr\/lyc-sarda-garriga\/wp-json\/wp\/v2\/media?parent=3865"}],"curies":[{"name":"wp","href":"https:\/\/api.w.org\/{rel}","templated":true}]}}