{"id":3903,"date":"2019-12-01T16:58:03","date_gmt":"2019-12-01T12:58:03","guid":{"rendered":"http:\/\/lycee-sarda-garriga.ac-reunion.fr\/?page_id=3903"},"modified":"2020-09-27T18:02:52","modified_gmt":"2020-09-27T14:02:52","slug":"autour-du-numerique","status":"publish","type":"page","link":"https:\/\/etab.ac-reunion.fr\/lyc-sarda-garriga\/autour-du-numerique\/","title":{"rendered":"Autour du num\u00e9rique"},"content":{"rendered":"\n<p class=\"has-text-align-center\"> Durant quatre mardis de suite du mois de novembre 2019, les \u00e9l\u00e8ves de la premi\u00e8re promotion de la terminale STI2D du lyc\u00e9e Sarda Garriga, volontaires, sur leurs temps libres, ont accueilli au sein du lyc\u00e9e des s\u00e9niors de la ville de Saint-Andr\u00e9. L\u2019objectif premier de cette rencontre interg\u00e9n\u00e9rationnelle \u00e9tait de permettre \u00e0 ces s\u00e9niors de rompre avec la fracture existante entre jeunes et s\u00e9niors, et de r\u00e9duire la fracture num\u00e9rique.<\/p>\n","protected":false},"excerpt":{"rendered":"<p>Durant quatre mardis de suite du mois de novembre 2019, les \u00e9l\u00e8ves de la premi\u00e8re promotion de la terminale STI2D du lyc\u00e9e Sarda Garriga, volontaires, sur leurs temps libres, ont accueilli au sein du lyc\u00e9e des s\u00e9niors de la ville de Saint-Andr\u00e9. L\u2019objectif premier de cette rencontre interg\u00e9n\u00e9rationnelle \u00e9tait de permettre \u00e0 ces s\u00e9niors de [&hellip;]<\/p>\n","protected":false},"author":2934,"featured_media":3930,"parent":0,"menu_order":0,"comment_status":"closed","ping_status":"closed","template":"","meta":{"footnotes":"","_links_to":"","_links_to_target":""},"class_list":["post-3903","page","type-page","status-publish","has-post-thumbnail","hentry"],"_links":{"self":[{"href":"https:\/\/etab.ac-reunion.fr\/lyc-sarda-garriga\/wp-json\/wp\/v2\/pages\/3903","targetHints":{"allow":["GET"]}}],"collection":[{"href":"https:\/\/etab.ac-reunion.fr\/lyc-sarda-garriga\/wp-json\/wp\/v2\/pages"}],"about":[{"href":"https:\/\/etab.ac-reunion.fr\/lyc-sarda-garriga\/wp-json\/wp\/v2\/types\/page"}],"author":[{"embeddable":true,"href":"https:\/\/etab.ac-reunion.fr\/lyc-sarda-garriga\/wp-json\/wp\/v2\/users\/2934"}],"replies":[{"embeddable":true,"href":"https:\/\/etab.ac-reunion.fr\/lyc-sarda-garriga\/wp-json\/wp\/v2\/comments?post=3903"}],"version-history":[{"count":2,"href":"https:\/\/etab.ac-reunion.fr\/lyc-sarda-garriga\/wp-json\/wp\/v2\/pages\/3903\/revisions"}],"predecessor-version":[{"id":3922,"href":"https:\/\/etab.ac-reunion.fr\/lyc-sarda-garriga\/wp-json\/wp\/v2\/pages\/3903\/revisions\/3922"}],"wp:featuredmedia":[{"embeddable":true,"href":"https:\/\/etab.ac-reunion.fr\/lyc-sarda-garriga\/wp-json\/wp\/v2\/media\/3930"}],"wp:attachment":[{"href":"https:\/\/etab.ac-reunion.fr\/lyc-sarda-garriga\/wp-json\/wp\/v2\/media?parent=3903"}],"curies":[{"name":"wp","href":"https:\/\/api.w.org\/{rel}","templated":true}]}}