{"id":4020,"date":"2019-12-19T12:10:42","date_gmt":"2019-12-19T08:10:42","guid":{"rendered":"http:\/\/lycee-sarda-garriga.ac-reunion.fr\/?page_id=4020"},"modified":"2020-02-09T07:22:42","modified_gmt":"2020-02-09T03:22:42","slug":"liaison-college-lycee","status":"publish","type":"page","link":"https:\/\/etab.ac-reunion.fr\/lyc-sarda-garriga\/liaison-college-lycee\/","title":{"rendered":"Liaison Coll\u00e8ge lyc\u00e9e en Physique Chimie et SVT"},"content":{"rendered":"\n<p> Visite enrichissante \u00e0 la distillerie de Savanna pour nos \u00e9l\u00e8ves dans le cadre d\u2019un projet autour de la canne \u00e0 sucre.<\/p>\n","protected":false},"excerpt":{"rendered":"<p>Visite enrichissante \u00e0 la distillerie de Savanna pour nos \u00e9l\u00e8ves dans le cadre d\u2019un projet autour de la canne \u00e0 sucre.<\/p>\n","protected":false},"author":2934,"featured_media":3987,"parent":0,"menu_order":0,"comment_status":"closed","ping_status":"closed","template":"","meta":{"footnotes":"","_links_to":"","_links_to_target":""},"class_list":["post-4020","page","type-page","status-publish","has-post-thumbnail","hentry"],"_links":{"self":[{"href":"https:\/\/etab.ac-reunion.fr\/lyc-sarda-garriga\/wp-json\/wp\/v2\/pages\/4020","targetHints":{"allow":["GET"]}}],"collection":[{"href":"https:\/\/etab.ac-reunion.fr\/lyc-sarda-garriga\/wp-json\/wp\/v2\/pages"}],"about":[{"href":"https:\/\/etab.ac-reunion.fr\/lyc-sarda-garriga\/wp-json\/wp\/v2\/types\/page"}],"author":[{"embeddable":true,"href":"https:\/\/etab.ac-reunion.fr\/lyc-sarda-garriga\/wp-json\/wp\/v2\/users\/2934"}],"replies":[{"embeddable":true,"href":"https:\/\/etab.ac-reunion.fr\/lyc-sarda-garriga\/wp-json\/wp\/v2\/comments?post=4020"}],"version-history":[{"count":3,"href":"https:\/\/etab.ac-reunion.fr\/lyc-sarda-garriga\/wp-json\/wp\/v2\/pages\/4020\/revisions"}],"predecessor-version":[{"id":4087,"href":"https:\/\/etab.ac-reunion.fr\/lyc-sarda-garriga\/wp-json\/wp\/v2\/pages\/4020\/revisions\/4087"}],"wp:featuredmedia":[{"embeddable":true,"href":"https:\/\/etab.ac-reunion.fr\/lyc-sarda-garriga\/wp-json\/wp\/v2\/media\/3987"}],"wp:attachment":[{"href":"https:\/\/etab.ac-reunion.fr\/lyc-sarda-garriga\/wp-json\/wp\/v2\/media?parent=4020"}],"curies":[{"name":"wp","href":"https:\/\/api.w.org\/{rel}","templated":true}]}}