{"id":4097,"date":"2020-02-10T23:05:08","date_gmt":"2020-02-10T19:05:08","guid":{"rendered":"http:\/\/lycee-sarda-garriga.ac-reunion.fr\/?page_id=4097"},"modified":"2020-12-07T22:33:08","modified_gmt":"2020-12-07T18:33:08","slug":"challenge-innovatech-05-fevrier-2020","status":"publish","type":"page","link":"https:\/\/etab.ac-reunion.fr\/lyc-sarda-garriga\/challenge-innovatech-05-fevrier-2020\/","title":{"rendered":"Challenge InnovaTech\u00a9 2020"},"content":{"rendered":"\n<p class=\"has-text-align-center\"><\/p>\n\n\n\n<p> Avec son projet de brosse \u00e0 dent connect\u00e9e Zambaville Health, l&rsquo;\u00e9quipe r\u00e9unionnaise a remport\u00e9 en novembre 2020,  le troisi\u00e8me prix national du concours Innovatech. <\/p>\n","protected":false},"excerpt":{"rendered":"<p>Avec son projet de brosse \u00e0 dent connect\u00e9e Zambaville Health, l&rsquo;\u00e9quipe r\u00e9unionnaise a remport\u00e9 en novembre 2020, le troisi\u00e8me prix national du concours Innovatech.<\/p>\n","protected":false},"author":2934,"featured_media":4100,"parent":0,"menu_order":0,"comment_status":"closed","ping_status":"closed","template":"","meta":{"footnotes":"","_links_to":"","_links_to_target":""},"class_list":["post-4097","page","type-page","status-publish","has-post-thumbnail","hentry"],"_links":{"self":[{"href":"https:\/\/etab.ac-reunion.fr\/lyc-sarda-garriga\/wp-json\/wp\/v2\/pages\/4097","targetHints":{"allow":["GET"]}}],"collection":[{"href":"https:\/\/etab.ac-reunion.fr\/lyc-sarda-garriga\/wp-json\/wp\/v2\/pages"}],"about":[{"href":"https:\/\/etab.ac-reunion.fr\/lyc-sarda-garriga\/wp-json\/wp\/v2\/types\/page"}],"author":[{"embeddable":true,"href":"https:\/\/etab.ac-reunion.fr\/lyc-sarda-garriga\/wp-json\/wp\/v2\/users\/2934"}],"replies":[{"embeddable":true,"href":"https:\/\/etab.ac-reunion.fr\/lyc-sarda-garriga\/wp-json\/wp\/v2\/comments?post=4097"}],"version-history":[{"count":4,"href":"https:\/\/etab.ac-reunion.fr\/lyc-sarda-garriga\/wp-json\/wp\/v2\/pages\/4097\/revisions"}],"predecessor-version":[{"id":4610,"href":"https:\/\/etab.ac-reunion.fr\/lyc-sarda-garriga\/wp-json\/wp\/v2\/pages\/4097\/revisions\/4610"}],"wp:featuredmedia":[{"embeddable":true,"href":"https:\/\/etab.ac-reunion.fr\/lyc-sarda-garriga\/wp-json\/wp\/v2\/media\/4100"}],"wp:attachment":[{"href":"https:\/\/etab.ac-reunion.fr\/lyc-sarda-garriga\/wp-json\/wp\/v2\/media?parent=4097"}],"curies":[{"name":"wp","href":"https:\/\/api.w.org\/{rel}","templated":true}]}}