{"id":4224,"date":"2020-06-09T17:52:51","date_gmt":"2020-06-09T13:52:51","guid":{"rendered":"http:\/\/lycee-sarda-garriga.ac-reunion.fr\/?page_id=4224"},"modified":"2020-06-09T21:24:36","modified_gmt":"2020-06-09T17:24:36","slug":"concours-zerocliche-du-clemi-juin-2020","status":"publish","type":"page","link":"https:\/\/etab.ac-reunion.fr\/lyc-sarda-garriga\/concours-zerocliche-du-clemi-juin-2020\/","title":{"rendered":"Concours #Z\u00e9roClich\u00e9 du CLEMI &#8211; Juin 2020"},"content":{"rendered":"\n<p><strong>Le lyc\u00e9e vient de recevoir\u00a0 le grand prix de la cat\u00e9gorie \u00ab\u00a0Mention Sp\u00e9ciale\u00a0\u00bb pour cette \u00e9dition 2020\u00a0 au concours #Z\u00e9roClich\u00e9 du CLEMI &#8211; 20 d\u00e9cern\u00e9s par des professionnels de l&rsquo;\u00e9ducation et des m\u00e9dias pour le reportage\u00a0\u00abGrandir avec le rugby \u00e0 Madagascar \u00bb.<\/strong><\/p>\n","protected":false},"excerpt":{"rendered":"<p>Le lyc\u00e9e vient de recevoir\u00a0 le grand prix de la cat\u00e9gorie \u00ab\u00a0Mention Sp\u00e9ciale\u00a0\u00bb pour cette \u00e9dition 2020\u00a0 au concours #Z\u00e9roClich\u00e9 du CLEMI &#8211; 20 d\u00e9cern\u00e9s par des professionnels de l&rsquo;\u00e9ducation et des m\u00e9dias pour le reportage\u00a0\u00abGrandir avec le rugby \u00e0 Madagascar \u00bb.<\/p>\n","protected":false},"author":2934,"featured_media":4259,"parent":0,"menu_order":0,"comment_status":"closed","ping_status":"closed","template":"","meta":{"footnotes":"","_links_to":"","_links_to_target":""},"class_list":["post-4224","page","type-page","status-publish","has-post-thumbnail","hentry"],"_links":{"self":[{"href":"https:\/\/etab.ac-reunion.fr\/lyc-sarda-garriga\/wp-json\/wp\/v2\/pages\/4224","targetHints":{"allow":["GET"]}}],"collection":[{"href":"https:\/\/etab.ac-reunion.fr\/lyc-sarda-garriga\/wp-json\/wp\/v2\/pages"}],"about":[{"href":"https:\/\/etab.ac-reunion.fr\/lyc-sarda-garriga\/wp-json\/wp\/v2\/types\/page"}],"author":[{"embeddable":true,"href":"https:\/\/etab.ac-reunion.fr\/lyc-sarda-garriga\/wp-json\/wp\/v2\/users\/2934"}],"replies":[{"embeddable":true,"href":"https:\/\/etab.ac-reunion.fr\/lyc-sarda-garriga\/wp-json\/wp\/v2\/comments?post=4224"}],"version-history":[{"count":11,"href":"https:\/\/etab.ac-reunion.fr\/lyc-sarda-garriga\/wp-json\/wp\/v2\/pages\/4224\/revisions"}],"predecessor-version":[{"id":4260,"href":"https:\/\/etab.ac-reunion.fr\/lyc-sarda-garriga\/wp-json\/wp\/v2\/pages\/4224\/revisions\/4260"}],"wp:featuredmedia":[{"embeddable":true,"href":"https:\/\/etab.ac-reunion.fr\/lyc-sarda-garriga\/wp-json\/wp\/v2\/media\/4259"}],"wp:attachment":[{"href":"https:\/\/etab.ac-reunion.fr\/lyc-sarda-garriga\/wp-json\/wp\/v2\/media?parent=4224"}],"curies":[{"name":"wp","href":"https:\/\/api.w.org\/{rel}","templated":true}]}}