{"id":4453,"date":"2020-09-02T15:55:59","date_gmt":"2020-09-02T11:55:59","guid":{"rendered":"http:\/\/lycee-sarda-garriga.ac-reunion.fr\/?page_id=4453"},"modified":"2025-05-21T23:45:15","modified_gmt":"2025-05-21T19:45:15","slug":"metice-parents-educonnect","status":"publish","type":"page","link":"https:\/\/etab.ac-reunion.fr\/lyc-sarda-garriga\/metice-parents-educonnect\/","title":{"rendered":""},"content":{"rendered":"\n<p class=\"has-text-align-center\">Educonnect Responsable vous permet de suivre la scolarit\u00e9 de votre enfant (emploi du temps, travail \u00e0 faire, notes &#8230;), renseigner ses v\u0153ux d&rsquo;orientation, acc\u00e9der au livret scolaire &#8230;<\/p>\n\n\n\n<p class=\"has-text-align-center\">Acc\u00e9dez directement \u00e0 votre compte Educonnect Responsable  <a href=\"https:\/\/educonnect.education.gouv.fr\/idp\/profile\/SAML2\/POST\/SSO?execution=e1s2\" target=\"_blank\" rel=\"noreferrer noopener\">en cliquant sur le lien<\/a><\/p>\n\n\n<div class=\"wp-block-image\">\n<figure class=\"aligncenter size-full is-resized\"><img loading=\"lazy\" decoding=\"async\" width=\"885\" height=\"653\" src=\"https:\/\/etab.ac-reunion.fr\/lyc-sarda-garriga\/wp-content\/uploads\/sites\/98\/2025\/05\/Educonnect.jpg\" alt=\"\" class=\"wp-image-8953\" style=\"width:706px;height:auto\" srcset=\"https:\/\/etab.ac-reunion.fr\/lyc-sarda-garriga\/wp-content\/uploads\/sites\/98\/2025\/05\/Educonnect.jpg 885w, https:\/\/etab.ac-reunion.fr\/lyc-sarda-garriga\/wp-content\/uploads\/sites\/98\/2025\/05\/Educonnect-300x221.jpg 300w, https:\/\/etab.ac-reunion.fr\/lyc-sarda-garriga\/wp-content\/uploads\/sites\/98\/2025\/05\/Educonnect-768x567.jpg 768w\" sizes=\"auto, (max-width: 885px) 100vw, 885px\" \/><\/figure>\n<\/div>\n\n\n<p class=\"has-text-align-center\">Vous pouvez cr\u00e9er votre compte en total autonomie en cliquant sur \u00ab\u00a0je n&rsquo;ai pas de compte\u00a0\u00bb<\/p>\n\n\n\n<p>Vous aurez un identifiant et un mot de passe \u00e0 garder pendant toute la scolarit\u00e9 de votre enfant au lyc\u00e9e.  <mark style=\"background-color:#f7f7f7;color:#303d75\" class=\"has-inline-color\">Attention:  Le mot de passe devra comporter au moins 12 caract\u00e8res contenant 4 classes\u00a0(MAJUSCULES, minuscules, chiffres, caract\u00e8res sp\u00e9ciaux\u00a0&amp;#@%$-|_=+.!?,;:*{}()[] ).<\/mark><\/p>\n\n\n\n<p><\/p>\n\n\n\n<div class=\"su-button-center\"><a href=\"https:\/\/www.ac-reunion.fr\/assistance-educonnect.html\" class=\"su-button su-button-style-soft\" style=\"color:#151313;background-color:#28a812;border-color:#20870f;border-radius:5px\" target=\"_blank\" rel=\"noopener noreferrer\"><span style=\"color:#151313;padding:0px 16px;font-size:13px;line-height:26px;border-color:#69c35a;border-radius:5px;text-shadow:none\"> Assistance Educonnect<\/span><\/a><\/div>\n\n\n\n<p><\/p>\n\n\n\n<p><\/p>\n\n\n\n<p class=\"has-text-align-center\">En cas de difficult\u00e9 contacter le lyc\u00e9e  en \u00e9tant le plus pr\u00e9cis possible sur le soucis rencontr\u00e9, votre demande et indiquant le nom pr\u00e9nom et classe de votre enfant         <\/p>\n\n\n\n<p class=\"has-text-align-center\">Courriel : ce.9740043d@ac-reunion.fr<\/p>\n\n\n\n<p><\/p>\n","protected":false},"excerpt":{"rendered":"<p>Educonnect Responsable vous permet de suivre la scolarit\u00e9 de votre enfant (emploi du temps, travail \u00e0 faire, notes &#8230;), renseigner ses v\u0153ux d&rsquo;orientation, acc\u00e9der au livret scolaire &#8230; Acc\u00e9dez directement \u00e0 votre compte Educonnect Responsable en cliquant sur le lien Vous pouvez cr\u00e9er votre compte en total autonomie en cliquant sur \u00ab\u00a0je n&rsquo;ai pas de [&hellip;]<\/p>\n","protected":false},"author":2934,"featured_media":0,"parent":0,"menu_order":0,"comment_status":"closed","ping_status":"closed","template":"","meta":{"footnotes":"","_links_to":"","_links_to_target":""},"class_list":["post-4453","page","type-page","status-publish","hentry"],"_links":{"self":[{"href":"https:\/\/etab.ac-reunion.fr\/lyc-sarda-garriga\/wp-json\/wp\/v2\/pages\/4453","targetHints":{"allow":["GET"]}}],"collection":[{"href":"https:\/\/etab.ac-reunion.fr\/lyc-sarda-garriga\/wp-json\/wp\/v2\/pages"}],"about":[{"href":"https:\/\/etab.ac-reunion.fr\/lyc-sarda-garriga\/wp-json\/wp\/v2\/types\/page"}],"author":[{"embeddable":true,"href":"https:\/\/etab.ac-reunion.fr\/lyc-sarda-garriga\/wp-json\/wp\/v2\/users\/2934"}],"replies":[{"embeddable":true,"href":"https:\/\/etab.ac-reunion.fr\/lyc-sarda-garriga\/wp-json\/wp\/v2\/comments?post=4453"}],"version-history":[{"count":17,"href":"https:\/\/etab.ac-reunion.fr\/lyc-sarda-garriga\/wp-json\/wp\/v2\/pages\/4453\/revisions"}],"predecessor-version":[{"id":8964,"href":"https:\/\/etab.ac-reunion.fr\/lyc-sarda-garriga\/wp-json\/wp\/v2\/pages\/4453\/revisions\/8964"}],"wp:attachment":[{"href":"https:\/\/etab.ac-reunion.fr\/lyc-sarda-garriga\/wp-json\/wp\/v2\/media?parent=4453"}],"curies":[{"name":"wp","href":"https:\/\/api.w.org\/{rel}","templated":true}]}}