{"id":4613,"date":"2020-12-07T23:11:12","date_gmt":"2020-12-07T19:11:12","guid":{"rendered":"http:\/\/lycee-sarda-garriga.ac-reunion.fr\/?page_id=4613"},"modified":"2020-12-07T23:46:55","modified_gmt":"2020-12-07T19:46:55","slug":"les-sciences-de-lingenieur-au-feminin","status":"publish","type":"page","link":"https:\/\/etab.ac-reunion.fr\/lyc-sarda-garriga\/les-sciences-de-lingenieur-au-feminin\/","title":{"rendered":"\u00ab Les Sciences de l\u2019Ing\u00e9nieur au F\u00e9minin \u00bb"},"content":{"rendered":"\n<p>Le Jeudi 03 d\u00e9cembre 2020, s\u2019est d\u00e9roul\u00e9 au lyc\u00e9e SARDA GARRIGA pour la 3<sup>\u00e8me<\/sup> fois, l\u2019\u00e9v\u00e8nement <strong>\u00ab&nbsp;Les Sciences de l\u2019Ing\u00e9nieur au F\u00e9minin<\/strong>&nbsp;<strong>\u00bb.<\/strong><\/p>\n","protected":false},"excerpt":{"rendered":"<p>Le Jeudi 03 d\u00e9cembre 2020, s\u2019est d\u00e9roul\u00e9 au lyc\u00e9e SARDA GARRIGA pour la 3\u00e8me fois, l\u2019\u00e9v\u00e8nement \u00ab&nbsp;Les Sciences de l\u2019Ing\u00e9nieur au F\u00e9minin&nbsp;\u00bb.<\/p>\n","protected":false},"author":2934,"featured_media":4629,"parent":0,"menu_order":0,"comment_status":"closed","ping_status":"closed","template":"","meta":{"footnotes":"","_links_to":"","_links_to_target":""},"class_list":["post-4613","page","type-page","status-publish","has-post-thumbnail","hentry"],"_links":{"self":[{"href":"https:\/\/etab.ac-reunion.fr\/lyc-sarda-garriga\/wp-json\/wp\/v2\/pages\/4613","targetHints":{"allow":["GET"]}}],"collection":[{"href":"https:\/\/etab.ac-reunion.fr\/lyc-sarda-garriga\/wp-json\/wp\/v2\/pages"}],"about":[{"href":"https:\/\/etab.ac-reunion.fr\/lyc-sarda-garriga\/wp-json\/wp\/v2\/types\/page"}],"author":[{"embeddable":true,"href":"https:\/\/etab.ac-reunion.fr\/lyc-sarda-garriga\/wp-json\/wp\/v2\/users\/2934"}],"replies":[{"embeddable":true,"href":"https:\/\/etab.ac-reunion.fr\/lyc-sarda-garriga\/wp-json\/wp\/v2\/comments?post=4613"}],"version-history":[{"count":3,"href":"https:\/\/etab.ac-reunion.fr\/lyc-sarda-garriga\/wp-json\/wp\/v2\/pages\/4613\/revisions"}],"predecessor-version":[{"id":4628,"href":"https:\/\/etab.ac-reunion.fr\/lyc-sarda-garriga\/wp-json\/wp\/v2\/pages\/4613\/revisions\/4628"}],"wp:featuredmedia":[{"embeddable":true,"href":"https:\/\/etab.ac-reunion.fr\/lyc-sarda-garriga\/wp-json\/wp\/v2\/media\/4629"}],"wp:attachment":[{"href":"https:\/\/etab.ac-reunion.fr\/lyc-sarda-garriga\/wp-json\/wp\/v2\/media?parent=4613"}],"curies":[{"name":"wp","href":"https:\/\/api.w.org\/{rel}","templated":true}]}}