{"id":4638,"date":"2020-12-09T06:39:42","date_gmt":"2020-12-09T02:39:42","guid":{"rendered":"http:\/\/lycee-sarda-garriga.ac-reunion.fr\/?page_id=4638"},"modified":"2021-05-08T17:11:11","modified_gmt":"2021-05-08T13:11:11","slug":"projet-sang-tabou","status":"publish","type":"page","link":"https:\/\/etab.ac-reunion.fr\/lyc-sarda-garriga\/projet-sang-tabou\/","title":{"rendered":"Projet Sang Tabou"},"content":{"rendered":"\n<p><\/p>\n\n\n\n<p class=\"has-text-align-center\" style=\"font-size:21px\"><strong><span class=\"has-inline-color has-vivid-red-color\">L&rsquo;\u00e9quipe Sang Tabou  a le plaisir de vous pr\u00e9senter son projet   et compte    sur votre Solidarit\u00e9 !<\/span><\/strong><\/p>\n\n\n\n<p><\/p>\n\n\n\n<p><\/p>\n\n\n\n<p><\/p>\n\n\n\n<p><\/p>\n\n\n\n<p><\/p>\n\n\n\n<p><\/p>\n\n\n\n<p><\/p>\n\n\n\n<p><\/p>\n\n\n\n<p><\/p>\n\n\n\n<p><\/p>\n\n\n\n<p><\/p>\n\n\n\n<p><\/p>\n\n\n\n<p><\/p>\n\n\n\n<p><\/p>\n\n\n\n<p class=\"has-text-align-center\"><strong><span class=\"has-inline-color has-vivid-red-color\">Projet \u00ab\u00a0CHAPERON ROUGE\u00a0\u00bb- Votez pour nous du Sam 8 mai au Mar 18 mai 2021 inclus !<\/span><\/strong><\/p>\n\n\n\n<p>Les lyc\u00e9ens de Sarda GARRIGA ont particip\u00e9 au concours de la Mini-entreprise 2021 avec l\u2019entreprise \u00ab\u00a0Chaperon Rouge\u00a0\u00bb. <strong>Ils sont finalistes r\u00e9gional et participent au concours national.<\/strong> <strong>Ils ont besoin de votre aide.\u00a0<\/strong>Il faut voter pour le meilleur projet. Je vous invite donc \u00e0 participer au vote :\u00a0<a rel=\"noreferrer noopener\" href=\"http:\/\/www.festivaldesminientreprises.fr\/reunion\" target=\"_blank\">www.festivaldesminientreprises.fr\/reunion<\/a> La participation de chacun peut faire la diff\u00e9rence. <strong>Votez pour nous !<\/strong> <strong>le projet \u00ab\u00a0CHAPERON ROUGE Lyc\u00e9e Sarda GARRIGA &#8211; Saint-Andr\u00e9 (974)\u00a0\u00bb<\/strong>  <\/p>\n\n\n\n<p class=\"has-text-align-center\"><a href=\"https:\/\/www.festivaldesminientreprises.fr\/reunion\/video\/chaperon-rouge\/\" target=\"_blank\" rel=\"noreferrer noopener\">Voir la vid\u00e9o et voter pour celle ci<\/a><\/p>\n\n\n\n<p><\/p>\n\n\n\n<p><\/p>\n\n\n\n<p class=\"has-text-align-center\"><strong><span class=\"has-inline-color has-vivid-red-color\">&nbsp;Bravo \u00e0 l&rsquo;Association Dessins 2020 du lyc\u00e9e <\/span><\/strong><\/p>\n\n\n\n<p class=\"has-text-align-center\"><strong><span class=\"has-inline-color has-vivid-red-color\">pour cette magnifique fresque r\u00e9alis\u00e9e pour le mois de la Femme !<\/span><\/strong><\/p>\n\n\n\n<figure class=\"wp-block-image size-large is-resized\"><a href=\"https:\/\/etab.ac-reunion.fr\/lyc-sarda-garriga\/wp-content\/uploads\/sites\/98\/2021\/03\/fresque-scaled.jpg\" target=\"_blank\" rel=\"noopener\"><img loading=\"lazy\" decoding=\"async\" src=\"https:\/\/etab.ac-reunion.fr\/lyc-sarda-garriga\/wp-content\/uploads\/sites\/98\/2021\/03\/fresque-807x1024.jpg\" alt=\"\" class=\"wp-image-4800\" width=\"587\" height=\"745\" srcset=\"https:\/\/etab.ac-reunion.fr\/lyc-sarda-garriga\/wp-content\/uploads\/sites\/98\/2021\/03\/fresque-807x1024.jpg 807w, https:\/\/etab.ac-reunion.fr\/lyc-sarda-garriga\/wp-content\/uploads\/sites\/98\/2021\/03\/fresque-236x300.jpg 236w, https:\/\/etab.ac-reunion.fr\/lyc-sarda-garriga\/wp-content\/uploads\/sites\/98\/2021\/03\/fresque-768x975.jpg 768w, https:\/\/etab.ac-reunion.fr\/lyc-sarda-garriga\/wp-content\/uploads\/sites\/98\/2021\/03\/fresque-1210x1536.jpg 1210w, https:\/\/etab.ac-reunion.fr\/lyc-sarda-garriga\/wp-content\/uploads\/sites\/98\/2021\/03\/fresque-1613x2048.jpg 1613w, https:\/\/etab.ac-reunion.fr\/lyc-sarda-garriga\/wp-content\/uploads\/sites\/98\/2021\/03\/fresque-scaled.jpg 2017w\" sizes=\"auto, (max-width: 587px) 100vw, 587px\" \/><\/a><figcaption><br><\/figcaption><\/figure>\n\n\n\n<p><\/p>\n\n\n\n<div class=\"wp-block-file\"><a href=\"https:\/\/etab.ac-reunion.fr\/lyc-sarda-garriga\/wp-content\/uploads\/sites\/98\/2021\/03\/Trouvez-vous-normal-que-lon-a-du-mal-a-dire-_Jai-mes-regles_.pdf\">Trouvez-vous-normal-que-lon-a-du-mal-a-dire-_Jai-mes-regles_<\/a><a href=\"https:\/\/etab.ac-reunion.fr\/lyc-sarda-garriga\/wp-content\/uploads\/sites\/98\/2021\/03\/Trouvez-vous-normal-que-lon-a-du-mal-a-dire-_Jai-mes-regles_.pdf\" class=\"wp-block-file__button\" download>T\u00e9l\u00e9charger<\/a><\/div>\n\n\n\n<p><\/p>\n\n\n\n<p>\u00ab\u00a0<em>Les lyc\u00e9ens du&nbsp; lyc\u00e9e s&rsquo;engagent \u00e0 lutter contre la pr\u00e9carit\u00e9 menstruelle \u00e0 Madagascar&nbsp; !&nbsp;Ils ont fabriqu\u00e9 des serviettes hygi\u00e9niques 100 % coton pour veiller \u00e0 notre sant\u00e9 !&nbsp;Elles sont&nbsp; lavables pour veiller au d\u00e9veloppement durable !&nbsp;Elles sont confortables, durables et s\u00fbres \u00e0 un prix exceptionnel pour veiller \u00e0 notre budget !&nbsp;Un geste pour nous, un geste pour Mada<\/em>.\u00a0\u00bb&nbsp;<\/p>\n\n\n\n<p><\/p>\n\n\n\n<figure class=\"wp-block-image size-large is-resized\"><img loading=\"lazy\" decoding=\"async\" src=\"https:\/\/etab.ac-reunion.fr\/lyc-sarda-garriga\/wp-content\/uploads\/sites\/98\/2021\/02\/precarite-menstruelle-2-410x1024.png\" alt=\"\" class=\"wp-image-4757\" width=\"580\" height=\"1449\" srcset=\"https:\/\/etab.ac-reunion.fr\/lyc-sarda-garriga\/wp-content\/uploads\/sites\/98\/2021\/02\/precarite-menstruelle-2-410x1024.png 410w, https:\/\/etab.ac-reunion.fr\/lyc-sarda-garriga\/wp-content\/uploads\/sites\/98\/2021\/02\/precarite-menstruelle-2-120x300.png 120w, https:\/\/etab.ac-reunion.fr\/lyc-sarda-garriga\/wp-content\/uploads\/sites\/98\/2021\/02\/precarite-menstruelle-2-768x1920.png 768w, https:\/\/etab.ac-reunion.fr\/lyc-sarda-garriga\/wp-content\/uploads\/sites\/98\/2021\/02\/precarite-menstruelle-2.png 800w\" sizes=\"auto, (max-width: 580px) 100vw, 580px\" \/><\/figure>\n\n\n\n<p><\/p>\n\n\n\n<figure class=\"wp-block-image size-large is-resized\"><img loading=\"lazy\" decoding=\"async\" src=\"https:\/\/etab.ac-reunion.fr\/lyc-sarda-garriga\/wp-content\/uploads\/sites\/98\/2021\/02\/Les-serviettes-de-Chaperon-rouge-1-1-410x1024.png\" alt=\"\" class=\"wp-image-4760\" width=\"579\" height=\"1446\" srcset=\"https:\/\/etab.ac-reunion.fr\/lyc-sarda-garriga\/wp-content\/uploads\/sites\/98\/2021\/02\/Les-serviettes-de-Chaperon-rouge-1-1-410x1024.png 410w, https:\/\/etab.ac-reunion.fr\/lyc-sarda-garriga\/wp-content\/uploads\/sites\/98\/2021\/02\/Les-serviettes-de-Chaperon-rouge-1-1-120x300.png 120w\" sizes=\"auto, (max-width: 579px) 100vw, 579px\" \/><\/figure>\n\n\n\n<p><\/p>\n\n\n\n<p><\/p>\n\n\n\n<p class=\"has-text-align-center\"><strong>Cliquer sur les images ci dessous pour les agrandir<\/strong><\/p>\n\n\n\n<figure class=\"wp-block-image size-large\"><a href=\"https:\/\/etab.ac-reunion.fr\/lyc-sarda-garriga\/wp-content\/uploads\/sites\/98\/2020\/12\/projet_sang_tabou_P1.jpg\" target=\"_blank\" rel=\"noopener noreferrer\"><img loading=\"lazy\" decoding=\"async\" width=\"861\" height=\"928\" src=\"https:\/\/etab.ac-reunion.fr\/lyc-sarda-garriga\/wp-content\/uploads\/sites\/98\/2020\/12\/projet_sang_tabou_P1.jpg\" alt=\"\" class=\"wp-image-4645\" srcset=\"https:\/\/etab.ac-reunion.fr\/lyc-sarda-garriga\/wp-content\/uploads\/sites\/98\/2020\/12\/projet_sang_tabou_P1.jpg 861w, https:\/\/etab.ac-reunion.fr\/lyc-sarda-garriga\/wp-content\/uploads\/sites\/98\/2020\/12\/projet_sang_tabou_P1-278x300.jpg 278w, https:\/\/etab.ac-reunion.fr\/lyc-sarda-garriga\/wp-content\/uploads\/sites\/98\/2020\/12\/projet_sang_tabou_P1-768x828.jpg 768w\" sizes=\"auto, (max-width: 861px) 100vw, 861px\" \/><\/a><\/figure>\n\n\n\n<figure class=\"wp-block-image size-large\"><a href=\"https:\/\/etab.ac-reunion.fr\/lyc-sarda-garriga\/wp-content\/uploads\/sites\/98\/2020\/12\/projet_sang_tabou_P2.jpg\"><img loading=\"lazy\" decoding=\"async\" width=\"862\" height=\"926\" src=\"https:\/\/etab.ac-reunion.fr\/lyc-sarda-garriga\/wp-content\/uploads\/sites\/98\/2020\/12\/projet_sang_tabou_P2.jpg\" alt=\"\" class=\"wp-image-4646\" srcset=\"https:\/\/etab.ac-reunion.fr\/lyc-sarda-garriga\/wp-content\/uploads\/sites\/98\/2020\/12\/projet_sang_tabou_P2.jpg 862w, https:\/\/etab.ac-reunion.fr\/lyc-sarda-garriga\/wp-content\/uploads\/sites\/98\/2020\/12\/projet_sang_tabou_P2-279x300.jpg 279w, https:\/\/etab.ac-reunion.fr\/lyc-sarda-garriga\/wp-content\/uploads\/sites\/98\/2020\/12\/projet_sang_tabou_P2-768x825.jpg 768w\" sizes=\"auto, (max-width: 862px) 100vw, 862px\" \/><\/a><\/figure>\n\n\n\n<figure class=\"wp-block-image size-large\"><a href=\"https:\/\/etab.ac-reunion.fr\/lyc-sarda-garriga\/wp-content\/uploads\/sites\/98\/2020\/12\/projet_sang_tabou_P3.jpg\" target=\"_blank\" rel=\"noopener noreferrer\"><img loading=\"lazy\" decoding=\"async\" width=\"1024\" height=\"331\" src=\"https:\/\/etab.ac-reunion.fr\/lyc-sarda-garriga\/wp-content\/uploads\/sites\/98\/2020\/12\/projet_sang_tabou_P3-1024x331.jpg\" alt=\"\" class=\"wp-image-4650\" srcset=\"https:\/\/etab.ac-reunion.fr\/lyc-sarda-garriga\/wp-content\/uploads\/sites\/98\/2020\/12\/projet_sang_tabou_P3-1024x331.jpg 1024w, https:\/\/etab.ac-reunion.fr\/lyc-sarda-garriga\/wp-content\/uploads\/sites\/98\/2020\/12\/projet_sang_tabou_P3-300x97.jpg 300w, https:\/\/etab.ac-reunion.fr\/lyc-sarda-garriga\/wp-content\/uploads\/sites\/98\/2020\/12\/projet_sang_tabou_P3-768x248.jpg 768w, https:\/\/etab.ac-reunion.fr\/lyc-sarda-garriga\/wp-content\/uploads\/sites\/98\/2020\/12\/projet_sang_tabou_P3.jpg 1150w\" sizes=\"auto, (max-width: 1024px) 100vw, 1024px\" \/><\/a><\/figure>\n\n\n\n<p><\/p>\n\n\n\n<div class=\"wp-block-file aligncenter\"><a href=\"https:\/\/etab.ac-reunion.fr\/lyc-sarda-garriga\/wp-content\/uploads\/sites\/98\/2020\/12\/Infographie-Sang-Tabou-clair.png\">     <strong>  <span class=\"has-inline-color has-vivid-red-color\">Infographie-Sang-Tabou-clair .png<\/span><\/strong> <\/a><a href=\"https:\/\/etab.ac-reunion.fr\/lyc-sarda-garriga\/wp-content\/uploads\/sites\/98\/2020\/12\/Infographie-Sang-Tabou-clair.png\" class=\"wp-block-file__button\" download>T\u00e9l\u00e9charger le .png<\/a><\/div>\n\n\n\n<p><\/p>\n\n\n\n<p><\/p>\n","protected":false},"excerpt":{"rendered":"<p>L&rsquo;\u00e9quipe Sang Tabou a le plaisir de vous pr\u00e9senter son projet et compte sur votre Solidarit\u00e9 ! Projet \u00ab\u00a0CHAPERON ROUGE\u00a0\u00bb- Votez pour nous du Sam 8 mai au Mar 18 mai 2021 inclus ! Les lyc\u00e9ens de Sarda GARRIGA ont particip\u00e9 au concours de la Mini-entreprise 2021 avec l\u2019entreprise \u00ab\u00a0Chaperon Rouge\u00a0\u00bb. Ils sont finalistes r\u00e9gional [&hellip;]<\/p>\n","protected":false},"author":2934,"featured_media":4693,"parent":0,"menu_order":0,"comment_status":"closed","ping_status":"closed","template":"","meta":{"footnotes":"","_links_to":"","_links_to_target":""},"class_list":["post-4638","page","type-page","status-publish","has-post-thumbnail","hentry"],"_links":{"self":[{"href":"https:\/\/etab.ac-reunion.fr\/lyc-sarda-garriga\/wp-json\/wp\/v2\/pages\/4638","targetHints":{"allow":["GET"]}}],"collection":[{"href":"https:\/\/etab.ac-reunion.fr\/lyc-sarda-garriga\/wp-json\/wp\/v2\/pages"}],"about":[{"href":"https:\/\/etab.ac-reunion.fr\/lyc-sarda-garriga\/wp-json\/wp\/v2\/types\/page"}],"author":[{"embeddable":true,"href":"https:\/\/etab.ac-reunion.fr\/lyc-sarda-garriga\/wp-json\/wp\/v2\/users\/2934"}],"replies":[{"embeddable":true,"href":"https:\/\/etab.ac-reunion.fr\/lyc-sarda-garriga\/wp-json\/wp\/v2\/comments?post=4638"}],"version-history":[{"count":49,"href":"https:\/\/etab.ac-reunion.fr\/lyc-sarda-garriga\/wp-json\/wp\/v2\/pages\/4638\/revisions"}],"predecessor-version":[{"id":4914,"href":"https:\/\/etab.ac-reunion.fr\/lyc-sarda-garriga\/wp-json\/wp\/v2\/pages\/4638\/revisions\/4914"}],"wp:featuredmedia":[{"embeddable":true,"href":"https:\/\/etab.ac-reunion.fr\/lyc-sarda-garriga\/wp-json\/wp\/v2\/media\/4693"}],"wp:attachment":[{"href":"https:\/\/etab.ac-reunion.fr\/lyc-sarda-garriga\/wp-json\/wp\/v2\/media?parent=4638"}],"curies":[{"name":"wp","href":"https:\/\/api.w.org\/{rel}","templated":true}]}}