{"id":4728,"date":"2020-12-10T21:43:17","date_gmt":"2020-12-10T17:43:17","guid":{"rendered":"http:\/\/lycee-sarda-garriga.ac-reunion.fr\/?page_id=4728"},"modified":"2020-12-10T21:43:17","modified_gmt":"2020-12-10T17:43:17","slug":"telethon-2020","status":"publish","type":"page","link":"https:\/\/etab.ac-reunion.fr\/lyc-sarda-garriga\/telethon-2020\/","title":{"rendered":"T\u00e9l\u00e9thon 2020"},"content":{"rendered":"\n<p>Le lyc\u00e9e Sarda GARRIGA r\u00e9alise  une collecte pour le TELETHON.<br>Les \u00e9l\u00e8ves de la MDL ont d\u00e9but\u00e9 depuis le 10\/12\/2020 un\u00a0 passage dans les classes.<br>Un grand merci par avance pour votre Solidarit\u00e9.\u00a0<\/p>\n","protected":false},"excerpt":{"rendered":"<p>Le lyc\u00e9e Sarda GARRIGA r\u00e9alise une collecte pour le TELETHON.Les \u00e9l\u00e8ves de la MDL ont d\u00e9but\u00e9 depuis le 10\/12\/2020 un\u00a0 passage dans les classes.Un grand merci par avance pour votre Solidarit\u00e9.\u00a0<\/p>\n","protected":false},"author":2934,"featured_media":0,"parent":0,"menu_order":0,"comment_status":"closed","ping_status":"closed","template":"","meta":{"footnotes":"","_links_to":"","_links_to_target":""},"class_list":["post-4728","page","type-page","status-publish","hentry"],"_links":{"self":[{"href":"https:\/\/etab.ac-reunion.fr\/lyc-sarda-garriga\/wp-json\/wp\/v2\/pages\/4728","targetHints":{"allow":["GET"]}}],"collection":[{"href":"https:\/\/etab.ac-reunion.fr\/lyc-sarda-garriga\/wp-json\/wp\/v2\/pages"}],"about":[{"href":"https:\/\/etab.ac-reunion.fr\/lyc-sarda-garriga\/wp-json\/wp\/v2\/types\/page"}],"author":[{"embeddable":true,"href":"https:\/\/etab.ac-reunion.fr\/lyc-sarda-garriga\/wp-json\/wp\/v2\/users\/2934"}],"replies":[{"embeddable":true,"href":"https:\/\/etab.ac-reunion.fr\/lyc-sarda-garriga\/wp-json\/wp\/v2\/comments?post=4728"}],"version-history":[{"count":1,"href":"https:\/\/etab.ac-reunion.fr\/lyc-sarda-garriga\/wp-json\/wp\/v2\/pages\/4728\/revisions"}],"predecessor-version":[{"id":4730,"href":"https:\/\/etab.ac-reunion.fr\/lyc-sarda-garriga\/wp-json\/wp\/v2\/pages\/4728\/revisions\/4730"}],"wp:attachment":[{"href":"https:\/\/etab.ac-reunion.fr\/lyc-sarda-garriga\/wp-json\/wp\/v2\/media?parent=4728"}],"curies":[{"name":"wp","href":"https:\/\/api.w.org\/{rel}","templated":true}]}}