{"id":4808,"date":"2021-03-29T22:42:05","date_gmt":"2021-03-29T18:42:05","guid":{"rendered":"http:\/\/lycee-sarda-garriga.ac-reunion.fr\/?page_id=4808"},"modified":"2022-04-06T16:47:20","modified_gmt":"2022-04-06T12:47:20","slug":"je-filme-le-metier-qui-me-plait","status":"publish","type":"page","link":"https:\/\/etab.ac-reunion.fr\/lyc-sarda-garriga\/je-filme-le-metier-qui-me-plait\/","title":{"rendered":"Je filme le m\u00e9tier qui me plait 2021"},"content":{"rendered":"\n<p><\/p>\n\n\n\n<p><\/p>\n\n\n\n<p><\/p>\n\n\n\n<p><\/p>\n\n\n\n<p><\/p>\n\n\n\n<p><\/p>\n\n\n\n<p><\/p>\n\n\n\n<p><strong>Sarda fait son film\u2026<\/strong><\/p>\n\n\n\n<p>\u00ab&nbsp;Je filme le m\u00e9tier qui me pla\u00eet&nbsp;\u00bb, une belle aventure dans laquelle se sont engag\u00e9s les d\u00e9l\u00e9gu\u00e9s du conseil de la vie lyc\u00e9enne et des \u00e9l\u00e8ves du lyc\u00e9e.<\/p>\n\n\n\n<p>Ce projet port\u00e9 par des membres de l\u2019\u00e9quipe p\u00e9dagogique et \u00e9ducative a d\u00e9but\u00e9 en novembre 2020, avec le choix de pr\u00e9senter le m\u00e9tier de \u00ab&nbsp;Brigadier de pr\u00e9vention, formateur dans la police nationale&nbsp;\u00bb \u00e0 travers d\u2019un court-m\u00e9trage.<\/p>\n\n\n\n<p>C\u2019est dans le cadre d\u2019une formation \u00e0 la lutte contre le harc\u00e8lement scolaire, en vue de former les ambassadeurs du harc\u00e8lement au lyc\u00e9e, en partenariat avec le commissariat de la police nationale de Saint-Andr\u00e9, que les \u00e9l\u00e8ves ont d\u00e9couvert cette profession et ses missions, souvent inconnues du grand public.<\/p>\n\n\n\n<p>Nous sommes heureux d\u2019\u00eatre arriv\u00e9s en s\u00e9lection officielle,<\/p>\n\n\n\n<p>Afin de donner un maximum de chances aux \u00e9l\u00e8ves et pr\u00e9tendre \u00e0 un prix, vous pouvez les aider en cliquant sur le lien ci-dessous afin de visionner le film.<\/p>\n\n\n\n<p>Lien vid\u00e9o&nbsp;:<a href=\"https:\/\/www.parcoursmetiers.tv\/video\/12107-brigadier-de-prevention-formateur-dans-la-police-nationale\" target=\"_blank\" rel=\"noreferrer noopener\"> https:\/\/www.parcoursmetiers.tv\/video\/12107-brigadier-de-prevention-formateur-dans-la-police-nationale<\/a><\/p>\n\n\n\n<p>Merci d\u2019avance,<\/p>\n\n\n\n<p>Les acteurs du projet&nbsp;:<\/p>\n\n\n\n<ul class=\"wp-block-list\"><li>Les d\u00e9l\u00e9gu\u00e9es du CVL (Li-Ann b. \/ Camille C. \/ Adeline F. \/ Mayline G. \/ No\u00e9mie G. \/ No\u00e9mie H. \/ J\u00e9r\u00e9my I. \/ Jade J. \/ Adeline M. \/ Danajayan N. \/ Coraline P. \/ Lydia r. \/ Mattia S. \/ Anthony S. \/ Agathe T.)<\/li><li>Emma G., \u00e9l\u00e8ve en terminale G\u00e9n\u00e9rale<\/li><li>M. HAMILCARO H., Agent maintenance informatique<\/li><li>Mme HEBERT L., Psychologue de l\u2019\u00c9ducation Nationale<\/li><li>M. PLANTE J., Enseignant de Sciences Industrielles de l\u2019Ing\u00e9nieur<\/li><li>Mme ROBIN M., Conseill\u00e8re technique de service social<\/li><li>Mme TAYLLAMIN N., Conseill\u00e8re principale d\u2019\u00e9ducation<\/li><\/ul>\n","protected":false},"excerpt":{"rendered":"<p>Sarda fait son film\u2026 \u00ab&nbsp;Je filme le m\u00e9tier qui me pla\u00eet&nbsp;\u00bb, une belle aventure dans laquelle se sont engag\u00e9s les d\u00e9l\u00e9gu\u00e9s du conseil de la vie lyc\u00e9enne et des \u00e9l\u00e8ves du lyc\u00e9e. Ce projet port\u00e9 par des membres de l\u2019\u00e9quipe p\u00e9dagogique et \u00e9ducative a d\u00e9but\u00e9 en novembre 2020, avec le choix de pr\u00e9senter le m\u00e9tier [&hellip;]<\/p>\n","protected":false},"author":2934,"featured_media":4830,"parent":0,"menu_order":0,"comment_status":"closed","ping_status":"closed","template":"","meta":{"footnotes":"","_links_to":"","_links_to_target":""},"class_list":["post-4808","page","type-page","status-publish","has-post-thumbnail","hentry"],"_links":{"self":[{"href":"https:\/\/etab.ac-reunion.fr\/lyc-sarda-garriga\/wp-json\/wp\/v2\/pages\/4808","targetHints":{"allow":["GET"]}}],"collection":[{"href":"https:\/\/etab.ac-reunion.fr\/lyc-sarda-garriga\/wp-json\/wp\/v2\/pages"}],"about":[{"href":"https:\/\/etab.ac-reunion.fr\/lyc-sarda-garriga\/wp-json\/wp\/v2\/types\/page"}],"author":[{"embeddable":true,"href":"https:\/\/etab.ac-reunion.fr\/lyc-sarda-garriga\/wp-json\/wp\/v2\/users\/2934"}],"replies":[{"embeddable":true,"href":"https:\/\/etab.ac-reunion.fr\/lyc-sarda-garriga\/wp-json\/wp\/v2\/comments?post=4808"}],"version-history":[{"count":8,"href":"https:\/\/etab.ac-reunion.fr\/lyc-sarda-garriga\/wp-json\/wp\/v2\/pages\/4808\/revisions"}],"predecessor-version":[{"id":5557,"href":"https:\/\/etab.ac-reunion.fr\/lyc-sarda-garriga\/wp-json\/wp\/v2\/pages\/4808\/revisions\/5557"}],"wp:featuredmedia":[{"embeddable":true,"href":"https:\/\/etab.ac-reunion.fr\/lyc-sarda-garriga\/wp-json\/wp\/v2\/media\/4830"}],"wp:attachment":[{"href":"https:\/\/etab.ac-reunion.fr\/lyc-sarda-garriga\/wp-json\/wp\/v2\/media?parent=4808"}],"curies":[{"name":"wp","href":"https:\/\/api.w.org\/{rel}","templated":true}]}}