{"id":5242,"date":"2021-11-24T22:38:42","date_gmt":"2021-11-24T18:38:42","guid":{"rendered":"http:\/\/lycee-sarda-garriga.ac-reunion.fr\/?page_id=5242"},"modified":"2022-12-16T15:33:07","modified_gmt":"2022-12-16T11:33:07","slug":"renewable-energies","status":"publish","type":"page","link":"https:\/\/etab.ac-reunion.fr\/lyc-sarda-garriga\/renewable-energies\/","title":{"rendered":"RENEWABLE ENERGIES"},"content":{"rendered":"\n<p><\/p>\n\n\n\n<p class=\"has-text-align-center\"><mark style=\"background-color:#fcb900\" class=\"has-inline-color has-black-color\">14\/12\/22<\/mark><\/p>\n\n\n\n<p class=\"has-text-align-center\">\u00ab\u00a0Greetings from Spain \ud83c\uddea\ud83c\uddf8\u00a0 \u00a0Everything is fine. We switch from French to English and we are even learning the Spanish language! \ud83d\ude1c . Go on the following link to follow our adventures:\u00a0<a href=\"https:\/\/www.facebook.com\/profile.php?id=100083010924979\" target=\"_blank\" rel=\"noreferrer noopener\">https:\/\/www.facebook.com\/profile.php?id=100083010924979<\/a>\u00ab\u00a0<\/p>\n\n\n<div class=\"wp-block-image\">\n<figure class=\"aligncenter size-full is-resized\"><a href=\"https:\/\/etab.ac-reunion.fr\/lyc-sarda-garriga\/wp-content\/uploads\/sites\/98\/2022\/12\/1671009712737.jpg\" target=\"_blank\" rel=\"noreferrer noopener\"><img loading=\"lazy\" decoding=\"async\" src=\"https:\/\/etab.ac-reunion.fr\/lyc-sarda-garriga\/wp-content\/uploads\/sites\/98\/2022\/12\/1671009712737.jpg\" alt=\"\" class=\"wp-image-6562\" width=\"420\" height=\"560\" srcset=\"https:\/\/etab.ac-reunion.fr\/lyc-sarda-garriga\/wp-content\/uploads\/sites\/98\/2022\/12\/1671009712737.jpg 768w, https:\/\/etab.ac-reunion.fr\/lyc-sarda-garriga\/wp-content\/uploads\/sites\/98\/2022\/12\/1671009712737-225x300.jpg 225w\" sizes=\"auto, (max-width: 420px) 100vw, 420px\" \/><\/a><\/figure>\n<\/div>\n\n\n<p><\/p>\n\n\n\n<p class=\"has-text-align-center\"><mark style=\"background-color:#fcfc00\" class=\"has-inline-color has-black-color\"><strong>2\/12\/22 &#8211;<\/strong> <strong>D\u00e9part imminent! J-7 avant notre mobilit\u00e9 Espagne ! <\/strong><\/mark><\/p>\n\n\n\n<p class=\"has-text-align-center\">Suivez-nous sur la page Facebook de notre projet <\/p>\n\n\n\n<p class=\"has-text-align-center\"><a href=\"https:\/\/www.facebook.com\/profile.php?id=100083010924979\" target=\"_blank\" rel=\"noreferrer noopener\">https:\/\/www.facebook.com\/profile.php?id=100083010924979<\/a><\/p>\n\n\n\n<p class=\"has-text-align-center\">Vincent A. (1G3), Gabriel B. (1G3), Camille D. (1G3), Emma G. (1G6), Lucas S. (1G3)\u00a0\u00bb<\/p>\n\n\n<div class=\"wp-block-image\">\n<figure class=\"aligncenter size-full is-resized\"><a href=\"https:\/\/etab.ac-reunion.fr\/lyc-sarda-garriga\/wp-content\/uploads\/sites\/98\/2022\/12\/VID-20221201-WA0000.mp4\" target=\"_blank\" rel=\"noreferrer noopener\"><img loading=\"lazy\" decoding=\"async\" src=\"https:\/\/etab.ac-reunion.fr\/lyc-sarda-garriga\/wp-content\/uploads\/sites\/98\/2022\/12\/videsorenewableenergie.jpg\" alt=\"\" class=\"wp-image-6532\" width=\"307\" height=\"543\" srcset=\"https:\/\/etab.ac-reunion.fr\/lyc-sarda-garriga\/wp-content\/uploads\/sites\/98\/2022\/12\/videsorenewableenergie.jpg 440w, https:\/\/etab.ac-reunion.fr\/lyc-sarda-garriga\/wp-content\/uploads\/sites\/98\/2022\/12\/videsorenewableenergie-170x300.jpg 170w\" sizes=\"auto, (max-width: 307px) 100vw, 307px\" \/><\/a><\/figure>\n<\/div>\n\n\n<p><\/p>\n\n\n\n<p class=\"has-text-align-center\"><mark class=\"has-inline-color has-vivid-green-cyan-color\"><strong>S\u00e9jour de nos partenaires &#8211; Remerciement<\/strong><\/mark> : <strong><mark class=\"has-inline-color has-vivid-red-color\">Erasmus+ <\/mark><\/strong> <\/p>\n\n\n\n<p class=\"has-text-align-center\">\u00ab\u00a0Chers personnels et \u00e9l\u00e8ves du lyc\u00e9e Sarda Garriga <\/p>\n\n\n\n<p class=\"has-text-align-center\">nous souhaitions pr\u00e9senter nos remerciements les plus sinc\u00e8res \u00e0 tous ceux qui ont contribu\u00e9 de pr\u00e8s ou de loin \u00e0 l&rsquo;accueil chaleureux de nos partenaires europ\u00e9ens <\/p>\n\n\n\n<p class=\"has-text-align-center\">au cours de la semaine du 03 octobre dernier. <\/p>\n\n\n\n<p class=\"has-text-align-center\">Gr\u00e2ce \u00e0 vous, leur exp\u00e9rience au lyc\u00e9e Sarda Garriga restera un tr\u00e8s bon souvenir.<\/p>\n\n\n\n<p class=\"has-text-align-center\">Pour avoir un aper\u00e7u de leur s\u00e9jour, RDV sur la page facebook du projet : <a href=\"https:\/\/www.facebook.com\/Erasmus-Renewable-Energies-Lyc%C3%A9e-Sarda-Garriga-974-112036841518798\" target=\"_blank\" rel=\"noreferrer noopener\">https:\/\/www.facebook.com\/Erasmus-Renewable-Energies-Lyc%C3%A9e-Sarda-Garriga-974-112036841518798<\/a><\/p>\n\n\n\n<p class=\"has-text-align-center\">Bien \u00e0 vous,&nbsp;<\/p>\n\n\n\n<p class=\"has-text-align-center\">Mesdames ALBARET P. et BOURLY A-J. \u00ab\u00a0<\/p>\n\n\n<div class=\"wp-block-image\">\n<figure class=\"aligncenter size-large\"><a href=\"https:\/\/etab.ac-reunion.fr\/lyc-sarda-garriga\/wp-content\/uploads\/sites\/98\/2022\/10\/photo-groupe-mobilite-reunion-1.jpg\" target=\"_blank\" rel=\"noreferrer noopener\"><img loading=\"lazy\" decoding=\"async\" width=\"1024\" height=\"768\" src=\"https:\/\/etab.ac-reunion.fr\/lyc-sarda-garriga\/wp-content\/uploads\/sites\/98\/2022\/10\/photo-groupe-mobilite-reunion-1-1024x768.jpg\" alt=\"\" class=\"wp-image-6205\" srcset=\"https:\/\/etab.ac-reunion.fr\/lyc-sarda-garriga\/wp-content\/uploads\/sites\/98\/2022\/10\/photo-groupe-mobilite-reunion-1-1024x768.jpg 1024w, https:\/\/etab.ac-reunion.fr\/lyc-sarda-garriga\/wp-content\/uploads\/sites\/98\/2022\/10\/photo-groupe-mobilite-reunion-1-300x225.jpg 300w, https:\/\/etab.ac-reunion.fr\/lyc-sarda-garriga\/wp-content\/uploads\/sites\/98\/2022\/10\/photo-groupe-mobilite-reunion-1-768x576.jpg 768w, https:\/\/etab.ac-reunion.fr\/lyc-sarda-garriga\/wp-content\/uploads\/sites\/98\/2022\/10\/photo-groupe-mobilite-reunion-1-1536x1152.jpg 1536w, https:\/\/etab.ac-reunion.fr\/lyc-sarda-garriga\/wp-content\/uploads\/sites\/98\/2022\/10\/photo-groupe-mobilite-reunion-1.jpg 1600w\" sizes=\"auto, (max-width: 1024px) 100vw, 1024px\" \/><\/a><\/figure>\n<\/div>\n\n\n<p><\/p>\n\n\n\n<p class=\"has-text-align-center\"><mark class=\"has-inline-color has-vivid-green-cyan-color\"><strong>Retour sur le voyage <\/strong><\/mark>: <strong><mark class=\"has-inline-color has-vivid-red-color\">Erasmus+ in Finlande\u00a0 &#8211; 6 au 14\/05\/22<\/mark><\/strong> <\/p>\n\n\n\n<p class=\"has-text-align-center\">Would you like to know everything about our trip to Finland? <\/p>\n\n\n\n<p class=\"has-text-align-center\">Don&rsquo;t wait any longer and follow us on Facebook. <\/p>\n\n\n\n<p class=\"has-text-align-center\">Click on this link :<\/p>\n\n\n\n<p class=\"has-text-align-center\"> <a rel=\"noreferrer noopener\" href=\"https:\/\/www.facebook.com\/Erasmus-Renewable-Energies-Lyc%C3%A9e-Sarda-Garriga-974-112036841518798\" target=\"_blank\">https:\/\/www.facebook.com\/Erasmus-Renewable-Energies-Lyc%C3%A9e-Sarda-Garriga-974-112036841518798<\/a><\/p>\n\n\n\n<p class=\"has-text-align-center\">Remarque : lien facebook accessible hors r\u00e9seau \u00e9tablissem<em>ent <\/em><\/p>\n\n\n<div class=\"wp-block-image\">\n<figure class=\"aligncenter size-full is-resized\"><img loading=\"lazy\" decoding=\"async\" src=\"https:\/\/etab.ac-reunion.fr\/lyc-sarda-garriga\/wp-content\/uploads\/sites\/98\/2022\/05\/IMG-20220530-WA0011.jpg\" alt=\"\" class=\"wp-image-5749\" width=\"317\" height=\"317\" srcset=\"https:\/\/etab.ac-reunion.fr\/lyc-sarda-garriga\/wp-content\/uploads\/sites\/98\/2022\/05\/IMG-20220530-WA0011.jpg 398w, https:\/\/etab.ac-reunion.fr\/lyc-sarda-garriga\/wp-content\/uploads\/sites\/98\/2022\/05\/IMG-20220530-WA0011-300x300.jpg 300w, https:\/\/etab.ac-reunion.fr\/lyc-sarda-garriga\/wp-content\/uploads\/sites\/98\/2022\/05\/IMG-20220530-WA0011-60x60.jpg 60w, https:\/\/etab.ac-reunion.fr\/lyc-sarda-garriga\/wp-content\/uploads\/sites\/98\/2022\/05\/IMG-20220530-WA0011-200x200.jpg 200w, https:\/\/etab.ac-reunion.fr\/lyc-sarda-garriga\/wp-content\/uploads\/sites\/98\/2022\/05\/IMG-20220530-WA0011-130x130.jpg 130w, https:\/\/etab.ac-reunion.fr\/lyc-sarda-garriga\/wp-content\/uploads\/sites\/98\/2022\/05\/IMG-20220530-WA0011-67x67.jpg 67w, https:\/\/etab.ac-reunion.fr\/lyc-sarda-garriga\/wp-content\/uploads\/sites\/98\/2022\/05\/IMG-20220530-WA0011-40x40.jpg 40w, https:\/\/etab.ac-reunion.fr\/lyc-sarda-garriga\/wp-content\/uploads\/sites\/98\/2022\/05\/IMG-20220530-WA0011-184x184.jpg 184w\" sizes=\"auto, (max-width: 317px) 100vw, 317px\" \/><\/figure>\n<\/div>\n\n\n<p><\/p>\n\n\n\n<p class=\"has-text-align-center\"><mark class=\"has-inline-color has-vivid-green-cyan-color\"><strong>Nouvelles <\/strong><\/mark>: <strong><mark class=\"has-inline-color has-vivid-red-color\">Erasmus+ in Finlande\u00a0 &#8211; 6 au 14\/05\/22<\/mark><\/strong> <\/p>\n\n\n\n<p class=\"has-text-align-center\">\u00ab\u00a0A Big HUG from Finland. It is freezing cold here but we are all fine and having fun!&nbsp;<\/p>\n\n\n\n<p class=\"has-text-align-center\">See you soon.&nbsp;Patricia 1G6, Saouda, Melodie, Wyllan and Steffen 1G2.\u00a0\u00bb<\/p>\n\n\n\n<figure class=\"wp-block-image size-full\"><a href=\"https:\/\/etab.ac-reunion.fr\/lyc-sarda-garriga\/wp-content\/uploads\/sites\/98\/2022\/05\/IMG-20220510-WA0012.jpg\"><img loading=\"lazy\" decoding=\"async\" width=\"1024\" height=\"768\" src=\"https:\/\/etab.ac-reunion.fr\/lyc-sarda-garriga\/wp-content\/uploads\/sites\/98\/2022\/05\/IMG-20220510-WA0012.jpg\" alt=\"\" class=\"wp-image-5714\" srcset=\"https:\/\/etab.ac-reunion.fr\/lyc-sarda-garriga\/wp-content\/uploads\/sites\/98\/2022\/05\/IMG-20220510-WA0012.jpg 1024w, https:\/\/etab.ac-reunion.fr\/lyc-sarda-garriga\/wp-content\/uploads\/sites\/98\/2022\/05\/IMG-20220510-WA0012-300x225.jpg 300w, https:\/\/etab.ac-reunion.fr\/lyc-sarda-garriga\/wp-content\/uploads\/sites\/98\/2022\/05\/IMG-20220510-WA0012-768x576.jpg 768w\" sizes=\"auto, (max-width: 1024px) 100vw, 1024px\" \/><\/a><\/figure>\n\n\n\n<p class=\"has-text-align-center\"><strong>Projet Erasmus+   encadr\u00e9 par Mesdames ALBARET (anglais) et BOURLY (SVT).<\/strong><\/p>\n\n\n\n<p><\/p>\n\n\n\n<p><\/p>\n\n\n\n<p><\/p>\n\n\n\n<p><\/p>\n\n\n\n<p><\/p>\n\n\n\n<figure class=\"wp-block-image size-full\"><a href=\"https:\/\/etab.ac-reunion.fr\/lyc-sarda-garriga\/wp-content\/uploads\/sites\/98\/2021\/11\/Affiche-erasmus.jpg\" target=\"_blank\" rel=\"noopener\"><img loading=\"lazy\" decoding=\"async\" width=\"598\" height=\"846\" src=\"https:\/\/etab.ac-reunion.fr\/lyc-sarda-garriga\/wp-content\/uploads\/sites\/98\/2021\/11\/Affiche-erasmus.jpg\" alt=\"\" class=\"wp-image-5243\" srcset=\"https:\/\/etab.ac-reunion.fr\/lyc-sarda-garriga\/wp-content\/uploads\/sites\/98\/2021\/11\/Affiche-erasmus.jpg 598w, https:\/\/etab.ac-reunion.fr\/lyc-sarda-garriga\/wp-content\/uploads\/sites\/98\/2021\/11\/Affiche-erasmus-212x300.jpg 212w\" sizes=\"auto, (max-width: 598px) 100vw, 598px\" \/><\/a><\/figure>\n\n\n\n<p><\/p>\n\n\n\n<figure class=\"wp-block-video\"><video controls=\"\" src=\"https:\/\/etab.ac-reunion.fr\/lyc-sarda-garriga\/wp-content\/uploads\/sites\/98\/2021\/11\/video-tiktok-_-presentation-1-1.mp4\" width=\"600\" height=\"600\"><\/video><figcaption> Vid\u00e9o <\/figcaption><\/figure>\n\n\n\n<p class=\"has-text-align-center\"><strong>Affiche \u00ab\u00a0d&rsquo;appel \u00e0 candidature\u00a0\u00bb (pour le recrutement de nouveaux \u00e9l\u00e8ves).<\/strong> <\/p>\n\n\n\n<p class=\"has-text-align-center\"><strong>A l&rsquo;attention des \u00e9l\u00e8ves de 204, 205, 208 et 209 (hors section DNL). Se rapprocher de <\/strong><\/p>\n\n\n\n<p class=\"has-text-align-center\"><strong>Mme BOURLY ou de Mme ALBARET pour plus d&rsquo;informations<\/strong><\/p>\n\n\n\n<figure class=\"wp-block-image size-large\"><a href=\"https:\/\/etab.ac-reunion.fr\/lyc-sarda-garriga\/wp-content\/uploads\/sites\/98\/2021\/11\/Erasmus-is-recruting-scaled.jpg\"><img loading=\"lazy\" decoding=\"async\" width=\"724\" height=\"1024\" src=\"https:\/\/etab.ac-reunion.fr\/lyc-sarda-garriga\/wp-content\/uploads\/sites\/98\/2021\/11\/Erasmus-is-recruting-724x1024.jpg\" alt=\"\" class=\"wp-image-5254\" srcset=\"https:\/\/etab.ac-reunion.fr\/lyc-sarda-garriga\/wp-content\/uploads\/sites\/98\/2021\/11\/Erasmus-is-recruting-724x1024.jpg 724w, https:\/\/etab.ac-reunion.fr\/lyc-sarda-garriga\/wp-content\/uploads\/sites\/98\/2021\/11\/Erasmus-is-recruting-212x300.jpg 212w, https:\/\/etab.ac-reunion.fr\/lyc-sarda-garriga\/wp-content\/uploads\/sites\/98\/2021\/11\/Erasmus-is-recruting-768x1086.jpg 768w, https:\/\/etab.ac-reunion.fr\/lyc-sarda-garriga\/wp-content\/uploads\/sites\/98\/2021\/11\/Erasmus-is-recruting-1086x1536.jpg 1086w, https:\/\/etab.ac-reunion.fr\/lyc-sarda-garriga\/wp-content\/uploads\/sites\/98\/2021\/11\/Erasmus-is-recruting-1448x2048.jpg 1448w, https:\/\/etab.ac-reunion.fr\/lyc-sarda-garriga\/wp-content\/uploads\/sites\/98\/2021\/11\/Erasmus-is-recruting-scaled.jpg 1810w\" sizes=\"auto, (max-width: 724px) 100vw, 724px\" \/><\/a><\/figure>\n","protected":false},"excerpt":{"rendered":"<p>14\/12\/22 \u00ab\u00a0Greetings from Spain \ud83c\uddea\ud83c\uddf8\u00a0 \u00a0Everything is fine. We switch from French to English and we are even learning the Spanish language! \ud83d\ude1c . Go on the following link to follow our adventures:\u00a0https:\/\/www.facebook.com\/profile.php?id=100083010924979\u00ab\u00a0 2\/12\/22 &#8211; D\u00e9part imminent! J-7 avant notre mobilit\u00e9 Espagne ! Suivez-nous sur la page Facebook de notre projet https:\/\/www.facebook.com\/profile.php?id=100083010924979 Vincent A. (1G3), [&hellip;]<\/p>\n","protected":false},"author":2934,"featured_media":0,"parent":0,"menu_order":0,"comment_status":"closed","ping_status":"closed","template":"","meta":{"footnotes":"","_links_to":"","_links_to_target":""},"class_list":["post-5242","page","type-page","status-publish","hentry"],"_links":{"self":[{"href":"https:\/\/etab.ac-reunion.fr\/lyc-sarda-garriga\/wp-json\/wp\/v2\/pages\/5242","targetHints":{"allow":["GET"]}}],"collection":[{"href":"https:\/\/etab.ac-reunion.fr\/lyc-sarda-garriga\/wp-json\/wp\/v2\/pages"}],"about":[{"href":"https:\/\/etab.ac-reunion.fr\/lyc-sarda-garriga\/wp-json\/wp\/v2\/types\/page"}],"author":[{"embeddable":true,"href":"https:\/\/etab.ac-reunion.fr\/lyc-sarda-garriga\/wp-json\/wp\/v2\/users\/2934"}],"replies":[{"embeddable":true,"href":"https:\/\/etab.ac-reunion.fr\/lyc-sarda-garriga\/wp-json\/wp\/v2\/comments?post=5242"}],"version-history":[{"count":28,"href":"https:\/\/etab.ac-reunion.fr\/lyc-sarda-garriga\/wp-json\/wp\/v2\/pages\/5242\/revisions"}],"predecessor-version":[{"id":6563,"href":"https:\/\/etab.ac-reunion.fr\/lyc-sarda-garriga\/wp-json\/wp\/v2\/pages\/5242\/revisions\/6563"}],"wp:attachment":[{"href":"https:\/\/etab.ac-reunion.fr\/lyc-sarda-garriga\/wp-json\/wp\/v2\/media?parent=5242"}],"curies":[{"name":"wp","href":"https:\/\/api.w.org\/{rel}","templated":true}]}}