{"id":5273,"date":"2021-12-02T21:45:52","date_gmt":"2021-12-02T17:45:52","guid":{"rendered":"http:\/\/lycee-sarda-garriga.ac-reunion.fr\/?page_id=5273"},"modified":"2021-12-03T17:39:58","modified_gmt":"2021-12-03T13:39:58","slug":"egalite-femmes-hommes","status":"publish","type":"page","link":"https:\/\/etab.ac-reunion.fr\/lyc-sarda-garriga\/egalite-femmes-hommes\/","title":{"rendered":"Egalit\u00e9 Femmes Hommes"},"content":{"rendered":"\n<p>     <\/p>\n\n\n<p align=\"justify\"><span style=\"font-size: large\"><span style=\"font-family: Times New Roman, serif\">Les d\u00e9l\u00e9gu\u00e9s du CVL (Conseil des d\u00e9l\u00e9gu\u00e9s de la vie lyc\u00e9enne) du lyc\u00e9e SARDA GARRIGA en lien avec des \u00e9l\u00e8ves de la sp\u00e9cialit\u00e9 NSI (Num\u00e9rique et Sciences Informatiques) de l&rsquo;\u00e9tablissement, ont particip\u00e9 au d\u00e9but de cette ann\u00e9e scolaire 2021\/2022, au concours vid\u00e9o organis\u00e9 par l\u2019association CHANCEGAL, qui \u0153uvre&nbsp;pour l&rsquo;int\u00e9gration de l\u2019\u00e9galit\u00e9 entre les femmes et les hommes.<\/span><\/span><\/p>\n<p align=\"justify\"><span style=\"font-size: large\"><span style=\"font-family: Times New Roman, serif\"><i><b>\u00ab&nbsp;Imagine l\u2019\u00e9galit\u00e9 femme homme dans 20 ans&nbsp;\u00bb, <\/b><\/i><\/span><span style=\"font-family: Times New Roman, serif\">th\u00e8me du concours vid\u00e9o et clin d&rsquo;\u0153il aux 20 ans de l&rsquo;association.<\/span><\/span><\/p>\n<p align=\"justify\">&nbsp;<span style=\"font-size: large\"><span style=\"font-family: Times New Roman, serif\">Nos lyc\u00e9ens ont travaill\u00e9 sur un sc\u00e9nario en laissant libre cours \u00e0 leur cr\u00e9ativit\u00e9 et <\/span><span style=\"font-family: Times New Roman, serif\"><b>ont remport\u00e9 le prix coup c\u0153ur du Jury<\/b><\/span><span style=\"font-family: Times New Roman, serif\">.<\/span><\/span><\/p>\n<p align=\"justify\"><span style=\"font-size: large\"><span style=\"font-family: Times New Roman, serif\">BRAVO \u00e0 nos r\u00e9alisateurs et acteurs en herbe !<\/span><\/span><\/p>\n<p align=\"justify\"><span style=\"font-size: large\"><span style=\"font-family: Times New Roman, serif\">Nous vous laissons appr\u00e9cier la vid\u00e9o r\u00e9alis\u00e9e.<\/span><\/span><\/p>\n<p align=\"justify\">\n<\/p><p align=\"right\"><span style=\"font-size: large\"><span style=\"font-family: Times New Roman, serif\">Mme TAYLLAMIN N. (CPE)<\/span><\/span><\/p>\n<p align=\"right\"><span style=\"font-size: large\"><span style=\"font-family: Times New Roman, serif\">M. PLANTE J. (Enseignant SII)<\/span><\/span><\/p>\n\n\n<figure class=\"wp-block-video\"><video controls=\"\" src=\"https:\/\/etab.ac-reunion.fr\/lyc-sarda-garriga\/wp-content\/uploads\/sites\/98\/2021\/12\/VIDEO-FINAL1.mp4\" width=\"900\" height=\"600\"><\/video><figcaption> Vid\u00e9o <\/figcaption><\/figure>\n\n\n\n<figure class=\"wp-block-gallery columns-1 is-cropped wp-block-gallery-1 is-layout-flex wp-block-gallery-is-layout-flex\"><ul class=\"blocks-gallery-grid\"><li class=\"blocks-gallery-item\"><figure><a href=\"https:\/\/etab.ac-reunion.fr\/lyc-sarda-garriga\/wp-content\/uploads\/sites\/98\/2021\/12\/Photo-2-scaled.jpg\"><img loading=\"lazy\" decoding=\"async\" width=\"1024\" height=\"768\" src=\"https:\/\/etab.ac-reunion.fr\/lyc-sarda-garriga\/wp-content\/uploads\/sites\/98\/2021\/12\/Photo-2-1024x768.jpg\" alt=\"\" data-id=\"5282\" data-full-url=\"https:\/\/etab.ac-reunion.fr\/lyc-sarda-garriga\/wp-content\/uploads\/sites\/98\/2021\/12\/Photo-2-scaled.jpg\" data-link=\"https:\/\/etab.ac-reunion.fr\/lyc-sarda-garriga\/photo-2-2\/\" class=\"wp-image-5282\" srcset=\"https:\/\/etab.ac-reunion.fr\/lyc-sarda-garriga\/wp-content\/uploads\/sites\/98\/2021\/12\/Photo-2-1024x768.jpg 1024w, https:\/\/etab.ac-reunion.fr\/lyc-sarda-garriga\/wp-content\/uploads\/sites\/98\/2021\/12\/Photo-2-300x225.jpg 300w, https:\/\/etab.ac-reunion.fr\/lyc-sarda-garriga\/wp-content\/uploads\/sites\/98\/2021\/12\/Photo-2-768x576.jpg 768w, https:\/\/etab.ac-reunion.fr\/lyc-sarda-garriga\/wp-content\/uploads\/sites\/98\/2021\/12\/Photo-2-1536x1152.jpg 1536w, https:\/\/etab.ac-reunion.fr\/lyc-sarda-garriga\/wp-content\/uploads\/sites\/98\/2021\/12\/Photo-2-2048x1536.jpg 2048w\" sizes=\"auto, (max-width: 1024px) 100vw, 1024px\" \/><\/a><\/figure><\/li><li class=\"blocks-gallery-item\"><figure><a href=\"https:\/\/etab.ac-reunion.fr\/lyc-sarda-garriga\/wp-content\/uploads\/sites\/98\/2021\/12\/Photo-3-scaled.jpg\"><img loading=\"lazy\" decoding=\"async\" width=\"1024\" height=\"768\" src=\"https:\/\/etab.ac-reunion.fr\/lyc-sarda-garriga\/wp-content\/uploads\/sites\/98\/2021\/12\/Photo-3-1024x768.jpg\" alt=\"\" data-id=\"5283\" data-full-url=\"https:\/\/etab.ac-reunion.fr\/lyc-sarda-garriga\/wp-content\/uploads\/sites\/98\/2021\/12\/Photo-3-scaled.jpg\" data-link=\"https:\/\/etab.ac-reunion.fr\/lyc-sarda-garriga\/photo-3-2\/\" class=\"wp-image-5283\" srcset=\"https:\/\/etab.ac-reunion.fr\/lyc-sarda-garriga\/wp-content\/uploads\/sites\/98\/2021\/12\/Photo-3-1024x768.jpg 1024w, https:\/\/etab.ac-reunion.fr\/lyc-sarda-garriga\/wp-content\/uploads\/sites\/98\/2021\/12\/Photo-3-300x225.jpg 300w, https:\/\/etab.ac-reunion.fr\/lyc-sarda-garriga\/wp-content\/uploads\/sites\/98\/2021\/12\/Photo-3-768x576.jpg 768w, https:\/\/etab.ac-reunion.fr\/lyc-sarda-garriga\/wp-content\/uploads\/sites\/98\/2021\/12\/Photo-3-1536x1152.jpg 1536w, https:\/\/etab.ac-reunion.fr\/lyc-sarda-garriga\/wp-content\/uploads\/sites\/98\/2021\/12\/Photo-3-2048x1536.jpg 2048w\" sizes=\"auto, (max-width: 1024px) 100vw, 1024px\" \/><\/a><\/figure><\/li><li class=\"blocks-gallery-item\"><figure><a href=\"https:\/\/etab.ac-reunion.fr\/lyc-sarda-garriga\/wp-content\/uploads\/sites\/98\/2021\/12\/Photo-1-scaled.jpg\"><img loading=\"lazy\" decoding=\"async\" width=\"1024\" height=\"768\" src=\"https:\/\/etab.ac-reunion.fr\/lyc-sarda-garriga\/wp-content\/uploads\/sites\/98\/2021\/12\/Photo-1-1024x768.jpg\" alt=\"\" data-id=\"5281\" data-full-url=\"https:\/\/etab.ac-reunion.fr\/lyc-sarda-garriga\/wp-content\/uploads\/sites\/98\/2021\/12\/Photo-1-scaled.jpg\" data-link=\"https:\/\/etab.ac-reunion.fr\/lyc-sarda-garriga\/photo-1-2\/\" class=\"wp-image-5281\" srcset=\"https:\/\/etab.ac-reunion.fr\/lyc-sarda-garriga\/wp-content\/uploads\/sites\/98\/2021\/12\/Photo-1-1024x768.jpg 1024w, https:\/\/etab.ac-reunion.fr\/lyc-sarda-garriga\/wp-content\/uploads\/sites\/98\/2021\/12\/Photo-1-300x225.jpg 300w, https:\/\/etab.ac-reunion.fr\/lyc-sarda-garriga\/wp-content\/uploads\/sites\/98\/2021\/12\/Photo-1-768x576.jpg 768w, https:\/\/etab.ac-reunion.fr\/lyc-sarda-garriga\/wp-content\/uploads\/sites\/98\/2021\/12\/Photo-1-1536x1152.jpg 1536w, https:\/\/etab.ac-reunion.fr\/lyc-sarda-garriga\/wp-content\/uploads\/sites\/98\/2021\/12\/Photo-1-2048x1536.jpg 2048w\" sizes=\"auto, (max-width: 1024px) 100vw, 1024px\" \/><\/a><\/figure><\/li><\/ul><\/figure>\n","protected":false},"excerpt":{"rendered":"<p>Les d\u00e9l\u00e9gu\u00e9s du CVL (Conseil des d\u00e9l\u00e9gu\u00e9s de la vie lyc\u00e9enne) du lyc\u00e9e SARDA GARRIGA en lien avec des \u00e9l\u00e8ves de la sp\u00e9cialit\u00e9 NSI (Num\u00e9rique et Sciences Informatiques) de l&rsquo;\u00e9tablissement, ont particip\u00e9 au d\u00e9but de cette ann\u00e9e scolaire 2021\/2022, au concours vid\u00e9o organis\u00e9 par l\u2019association CHANCEGAL, qui \u0153uvre&nbsp;pour l&rsquo;int\u00e9gration de l\u2019\u00e9galit\u00e9 entre les femmes et [&hellip;]<\/p>\n","protected":false},"author":2934,"featured_media":0,"parent":0,"menu_order":0,"comment_status":"closed","ping_status":"closed","template":"","meta":{"footnotes":"","_links_to":"","_links_to_target":""},"class_list":["post-5273","page","type-page","status-publish","hentry"],"_links":{"self":[{"href":"https:\/\/etab.ac-reunion.fr\/lyc-sarda-garriga\/wp-json\/wp\/v2\/pages\/5273","targetHints":{"allow":["GET"]}}],"collection":[{"href":"https:\/\/etab.ac-reunion.fr\/lyc-sarda-garriga\/wp-json\/wp\/v2\/pages"}],"about":[{"href":"https:\/\/etab.ac-reunion.fr\/lyc-sarda-garriga\/wp-json\/wp\/v2\/types\/page"}],"author":[{"embeddable":true,"href":"https:\/\/etab.ac-reunion.fr\/lyc-sarda-garriga\/wp-json\/wp\/v2\/users\/2934"}],"replies":[{"embeddable":true,"href":"https:\/\/etab.ac-reunion.fr\/lyc-sarda-garriga\/wp-json\/wp\/v2\/comments?post=5273"}],"version-history":[{"count":8,"href":"https:\/\/etab.ac-reunion.fr\/lyc-sarda-garriga\/wp-json\/wp\/v2\/pages\/5273\/revisions"}],"predecessor-version":[{"id":5288,"href":"https:\/\/etab.ac-reunion.fr\/lyc-sarda-garriga\/wp-json\/wp\/v2\/pages\/5273\/revisions\/5288"}],"wp:attachment":[{"href":"https:\/\/etab.ac-reunion.fr\/lyc-sarda-garriga\/wp-json\/wp\/v2\/media?parent=5273"}],"curies":[{"name":"wp","href":"https:\/\/api.w.org\/{rel}","templated":true}]}}