{"id":5367,"date":"2022-01-26T16:57:22","date_gmt":"2022-01-26T12:57:22","guid":{"rendered":"http:\/\/lycee-sarda-garriga.ac-reunion.fr\/?page_id=5367"},"modified":"2025-05-22T08:59:09","modified_gmt":"2025-05-22T04:59:09","slug":"brochure-terminale","status":"publish","type":"page","link":"https:\/\/etab.ac-reunion.fr\/lyc-sarda-garriga\/brochure-terminale\/","title":{"rendered":"Informations post bac"},"content":{"rendered":"\n<p><\/p>\n\n\n\n<p class=\"has-text-align-center\"><strong>R\u00e9gion R\u00e9union I Orient&rsquo;A Nou &#8211; Kossa nou f\u00e9 apr\u00e9 le Bac !<\/strong><\/p>\n\n\n\n<p class=\"has-text-align-center\"><em>Cliquer droit sur le lien ci dessous et ouvrir dans un nouvel onglet. Le fichier pdf  peut prendre un peu de temps \u00e0 ouvrir 23 Mo<\/em><\/p>\n\n\n\n<p class=\"has-text-align-center\">&nbsp;<a href=\"https:\/\/regionreunion.com\/IMG\/pdf\/orientanou-kossa_nou_fe_apre_le_bac-rentree_2024.pdf\" target=\"_blank\" rel=\"noreferrer noopener\">https:\/\/regionreunion.com\/IMG\/pdf\/orientanou-kossa_nou_fe_apre_le_bac-rentree_2024.pdf<\/a><\/p>\n\n\n\n<p><\/p>\n\n\n\n<p class=\"has-text-align-center\"><strong>Guide ONISEP \u00ab\u00a0ENTRER DANS LE SUP APR\u00c8S LE BAC\u00a0\u00bb<\/strong><\/p>\n\n\n\n<div class=\"wp-block-file aligncenter\"><a id=\"wp-block-file--media-1d804869-9eae-43fd-8ee1-b0608d408753\" href=\"https:\/\/etab.ac-reunion.fr\/lyc-sarda-garriga\/wp-content\/uploads\/sites\/98\/2022\/11\/GUIDE_ENTRER_SUP_2022.pdf\">GUIDE_ENTRER_SUP_2022<\/a><\/div>\n\n\n\n<div class=\"wp-block-file\"><a id=\"wp-block-file--media-f968eaf1-b269-4fe2-8147-cfade88d0658\" href=\"https:\/\/etab.ac-reunion.fr\/lyc-sarda-garriga\/wp-content\/uploads\/sites\/98\/2022\/01\/GUIDE_ENTRER_SUP_2021.pdf\"><br><\/a><\/div>\n\n\n\n<p class=\"has-text-align-center\"><strong>Semaine de l&rsquo;Orientation<\/strong><\/p>\n\n\n\n<p class=\"has-text-align-center\"><strong><a href=\"https:\/\/www.ac-reunion.fr\/la-premiere-semaine-de-l-orientation-128310\" target=\"_blank\" rel=\"noreferrer noopener\">Semaine de l\u2019orientation<\/a><\/strong><\/p>\n\n\n\n<p><\/p>\n","protected":false},"excerpt":{"rendered":"<p>R\u00e9gion R\u00e9union I Orient&rsquo;A Nou &#8211; Kossa nou f\u00e9 apr\u00e9 le Bac ! Cliquer droit sur le lien ci dessous et ouvrir dans un nouvel onglet. Le fichier pdf peut prendre un peu de temps \u00e0 ouvrir 23 Mo &nbsp;https:\/\/regionreunion.com\/IMG\/pdf\/orientanou-kossa_nou_fe_apre_le_bac-rentree_2024.pdf Guide ONISEP \u00ab\u00a0ENTRER DANS LE SUP APR\u00c8S LE BAC\u00a0\u00bb Semaine de l&rsquo;Orientation Semaine de l\u2019orientation<\/p>\n","protected":false},"author":2934,"featured_media":0,"parent":0,"menu_order":0,"comment_status":"closed","ping_status":"closed","template":"","meta":{"footnotes":"","_links_to":"","_links_to_target":""},"class_list":["post-5367","page","type-page","status-publish","hentry"],"_links":{"self":[{"href":"https:\/\/etab.ac-reunion.fr\/lyc-sarda-garriga\/wp-json\/wp\/v2\/pages\/5367","targetHints":{"allow":["GET"]}}],"collection":[{"href":"https:\/\/etab.ac-reunion.fr\/lyc-sarda-garriga\/wp-json\/wp\/v2\/pages"}],"about":[{"href":"https:\/\/etab.ac-reunion.fr\/lyc-sarda-garriga\/wp-json\/wp\/v2\/types\/page"}],"author":[{"embeddable":true,"href":"https:\/\/etab.ac-reunion.fr\/lyc-sarda-garriga\/wp-json\/wp\/v2\/users\/2934"}],"replies":[{"embeddable":true,"href":"https:\/\/etab.ac-reunion.fr\/lyc-sarda-garriga\/wp-json\/wp\/v2\/comments?post=5367"}],"version-history":[{"count":28,"href":"https:\/\/etab.ac-reunion.fr\/lyc-sarda-garriga\/wp-json\/wp\/v2\/pages\/5367\/revisions"}],"predecessor-version":[{"id":8997,"href":"https:\/\/etab.ac-reunion.fr\/lyc-sarda-garriga\/wp-json\/wp\/v2\/pages\/5367\/revisions\/8997"}],"wp:attachment":[{"href":"https:\/\/etab.ac-reunion.fr\/lyc-sarda-garriga\/wp-json\/wp\/v2\/media?parent=5367"}],"curies":[{"name":"wp","href":"https:\/\/api.w.org\/{rel}","templated":true}]}}