{"id":5484,"date":"2022-03-08T08:00:00","date_gmt":"2022-03-08T04:00:00","guid":{"rendered":"http:\/\/lycee-sarda-garriga.ac-reunion.fr\/?page_id=5484"},"modified":"2022-03-08T18:19:57","modified_gmt":"2022-03-08T14:19:57","slug":"cpge","status":"publish","type":"page","link":"https:\/\/etab.ac-reunion.fr\/lyc-sarda-garriga\/cpge\/","title":{"rendered":"CPGE"},"content":{"rendered":"\n<figure class=\"wp-block-image size-large is-resized\"><img loading=\"lazy\" decoding=\"async\" src=\"https:\/\/etab.ac-reunion.fr\/lyc-sarda-garriga\/wp-content\/uploads\/sites\/98\/2022\/03\/saio-image-forum-cpge-17459_0-1024x558.jpg\" alt=\"\" class=\"wp-image-5538\" width=\"840\" height=\"457\" srcset=\"https:\/\/etab.ac-reunion.fr\/lyc-sarda-garriga\/wp-content\/uploads\/sites\/98\/2022\/03\/saio-image-forum-cpge-17459_0-1024x558.jpg 1024w, https:\/\/etab.ac-reunion.fr\/lyc-sarda-garriga\/wp-content\/uploads\/sites\/98\/2022\/03\/saio-image-forum-cpge-17459_0-300x163.jpg 300w, https:\/\/etab.ac-reunion.fr\/lyc-sarda-garriga\/wp-content\/uploads\/sites\/98\/2022\/03\/saio-image-forum-cpge-17459_0-768x418.jpg 768w, https:\/\/etab.ac-reunion.fr\/lyc-sarda-garriga\/wp-content\/uploads\/sites\/98\/2022\/03\/saio-image-forum-cpge-17459_0.jpg 1340w\" sizes=\"auto, (max-width: 840px) 100vw, 840px\" \/><\/figure>\n\n\n\n<p>Le forum des Classes Pr\u00e9paratoires aux Grandes Ecoles (CPGE)  a  pour objectif d\u2019aider les \u00e9l\u00e8ves \u00e0 s\u2019informer, explorer, d\u00e9couvrir les formations et au final \u00e0 formuler des choix d\u2019orientation coh\u00e9rents et construits.<\/p>\n\n\n\n<p>Ci dessous une page web qui recense l&rsquo;ensemble des vid\u00e9os de t\u00e9moignages d&rsquo;\u00e9l\u00e8ves ou d&rsquo;anciens \u00e9l\u00e8ves de notre acad\u00e9mie. <\/p>\n\n\n\n<p><\/p>\n\n\n\n<div class=\"wp-block-buttons is-layout-flex wp-block-buttons-is-layout-flex\">\n<div class=\"wp-block-button aligncenter is-style-fill\"><a class=\"wp-block-button__link has-vivid-cyan-blue-background-color has-background\" href=\"https:\/\/www.ac-reunion.fr\/semaine-de-l-orientation-forum-cpge-123641\" target=\"_blank\" rel=\"noreferrer noopener\">Forum CPGE<\/a><\/div>\n<\/div>\n\n\n\n<p><\/p>\n","protected":false},"excerpt":{"rendered":"<p>Le forum des Classes Pr\u00e9paratoires aux Grandes Ecoles (CPGE) a pour objectif d\u2019aider les \u00e9l\u00e8ves \u00e0 s\u2019informer, explorer, d\u00e9couvrir les formations et au final \u00e0 formuler des choix d\u2019orientation coh\u00e9rents et construits. Ci dessous une page web qui recense l&rsquo;ensemble des vid\u00e9os de t\u00e9moignages d&rsquo;\u00e9l\u00e8ves ou d&rsquo;anciens \u00e9l\u00e8ves de notre acad\u00e9mie.<\/p>\n","protected":false},"author":2934,"featured_media":0,"parent":0,"menu_order":0,"comment_status":"closed","ping_status":"closed","template":"","meta":{"footnotes":"","_links_to":"","_links_to_target":""},"class_list":["post-5484","page","type-page","status-publish","hentry"],"_links":{"self":[{"href":"https:\/\/etab.ac-reunion.fr\/lyc-sarda-garriga\/wp-json\/wp\/v2\/pages\/5484","targetHints":{"allow":["GET"]}}],"collection":[{"href":"https:\/\/etab.ac-reunion.fr\/lyc-sarda-garriga\/wp-json\/wp\/v2\/pages"}],"about":[{"href":"https:\/\/etab.ac-reunion.fr\/lyc-sarda-garriga\/wp-json\/wp\/v2\/types\/page"}],"author":[{"embeddable":true,"href":"https:\/\/etab.ac-reunion.fr\/lyc-sarda-garriga\/wp-json\/wp\/v2\/users\/2934"}],"replies":[{"embeddable":true,"href":"https:\/\/etab.ac-reunion.fr\/lyc-sarda-garriga\/wp-json\/wp\/v2\/comments?post=5484"}],"version-history":[{"count":14,"href":"https:\/\/etab.ac-reunion.fr\/lyc-sarda-garriga\/wp-json\/wp\/v2\/pages\/5484\/revisions"}],"predecessor-version":[{"id":5542,"href":"https:\/\/etab.ac-reunion.fr\/lyc-sarda-garriga\/wp-json\/wp\/v2\/pages\/5484\/revisions\/5542"}],"wp:attachment":[{"href":"https:\/\/etab.ac-reunion.fr\/lyc-sarda-garriga\/wp-json\/wp\/v2\/media?parent=5484"}],"curies":[{"name":"wp","href":"https:\/\/api.w.org\/{rel}","templated":true}]}}