{"id":5558,"date":"2022-04-06T16:47:38","date_gmt":"2022-04-06T12:47:38","guid":{"rendered":"http:\/\/lycee-sarda-garriga.ac-reunion.fr\/?page_id=5558"},"modified":"2022-06-07T20:53:41","modified_gmt":"2022-06-07T16:53:41","slug":"je-filme-le-metier-qui-me-plait-2022","status":"publish","type":"page","link":"https:\/\/etab.ac-reunion.fr\/lyc-sarda-garriga\/je-filme-le-metier-qui-me-plait-2022\/","title":{"rendered":"Je filme le m\u00e9tier qui me plait 2022"},"content":{"rendered":"\n<p><\/p>\n\n\n\n<p><\/p>\n\n\n\n<p><\/p>\n\n\n\n<p><\/p>\n\n\n\n<p><\/p>\n\n\n\n<p><\/p>\n\n\n\n<p><\/p>\n\n\n\n<p><\/p>\n\n\n\n<p><\/p>\n\n\n\n<p><\/p>\n\n\n\n<p><\/p>\n\n\n\n<p><\/p>\n\n\n\n<p><\/p>\n\n\n\n<p><\/p>\n\n\n\n<p><\/p>\n\n\n\n<p><\/p>\n\n\n\n<p><\/p>\n\n\n\n<p><\/p>\n\n\n\n<p><\/p>\n\n\n\n<p><\/p>\n\n\n\n<p><\/p>\n\n\n\n<p><\/p>\n\n\n\n<p class=\"has-text-align-center\"><strong>Le lyc\u00e9e SARDA GARRIGA pour la deuxi\u00e8me ann\u00e9e cons\u00e9cutive est en haut de l&rsquo;affiche pour le concours r\u00e9gional \u00ab\u00a0Je filme le m\u00e9tier qui me pla\u00eet\u00a0\u00bb organis\u00e9 par la REGION REUNION. <\/strong> <strong>Les d\u00e9l\u00e9gu\u00e9s du CVL engag\u00e9s dans cette aventure exceptionnelle tant sur un plan \u00e9ducatif qu&rsquo;humain ont choisi de valoriser cette ann\u00e9e, le parcours et le m\u00e9tier d&rsquo;une jeune scientifique, native de Saint-Andr\u00e9 et les savoirs de nos anc\u00eatres au service des m\u00e9tiers de demain. 11 films sur 28 pr\u00e9s\u00e9lectionn\u00e9s pour la finale, ont \u00e9t\u00e9 pr\u00e9sent\u00e9s par chaque \u00e9quipe, le 31 mai 2022 \u00e0 l&rsquo;H\u00f4tel de R\u00e9gion, devant un Jury compos\u00e9 entre autres de professionnels du secteur audiovisuel .<\/strong> <strong>Le court-m\u00e9trage des lyc\u00e9ens de SARDA GARRIGA&nbsp;&nbsp;a remport\u00e9 le 2\u00e8me prix.&nbsp;&nbsp;BRAVO \u00e0 nos lyc\u00e9ens!<\/strong><\/p>\n\n\n\n<p class=\"has-text-align-center\"><strong>Nos remerciements \u00e0 toutes et \u00e0 tous pour avoir soutenu, partag\u00e9, lik\u00e9, comment\u00e9\u2026<\/strong><\/p>\n\n\n\n<p class=\"has-text-align-center\"><strong>le film de nos lyc\u00e9ens !<\/strong><\/p>\n\n\n\n<div class=\"wp-block-image\"><figure class=\"aligncenter size-large is-resized\"><a href=\"https:\/\/etab.ac-reunion.fr\/lyc-sarda-garriga\/wp-content\/uploads\/sites\/98\/2022\/06\/csc_2041.jpg\"><img loading=\"lazy\" decoding=\"async\" src=\"https:\/\/etab.ac-reunion.fr\/lyc-sarda-garriga\/wp-content\/uploads\/sites\/98\/2022\/06\/csc_2041-1024x682.jpg\" alt=\"\" class=\"wp-image-5820\" width=\"741\" height=\"493\" srcset=\"https:\/\/etab.ac-reunion.fr\/lyc-sarda-garriga\/wp-content\/uploads\/sites\/98\/2022\/06\/csc_2041-1024x682.jpg 1024w, https:\/\/etab.ac-reunion.fr\/lyc-sarda-garriga\/wp-content\/uploads\/sites\/98\/2022\/06\/csc_2041-300x200.jpg 300w, https:\/\/etab.ac-reunion.fr\/lyc-sarda-garriga\/wp-content\/uploads\/sites\/98\/2022\/06\/csc_2041-768x512.jpg 768w, https:\/\/etab.ac-reunion.fr\/lyc-sarda-garriga\/wp-content\/uploads\/sites\/98\/2022\/06\/csc_2041-140x94.jpg 140w, https:\/\/etab.ac-reunion.fr\/lyc-sarda-garriga\/wp-content\/uploads\/sites\/98\/2022\/06\/csc_2041.jpg 1400w\" sizes=\"auto, (max-width: 741px) 100vw, 741px\" \/><\/a><figcaption>C\u00e9r\u00e9monie R\u00e9gion <br> Cliquer sur la photo pour l&rsquo;agrandir.<\/figcaption><\/figure><\/div>\n\n\n\n<p>*************************************************************************************************************<\/p>\n\n\n\n<p class=\"has-text-align-center\"><strong>Le CVL a participe au concours&nbsp;<em>\u00ab\u00a0je filme le m\u00e9tier qui me pla\u00eet\u00a0\u00bb<\/em>&nbsp;d&rsquo;EURO-FRANCE TV dans le cadre des parcours des m\u00e9tiers.<\/strong><\/p>\n\n\n\n<figure class=\"wp-block-gallery has-nested-images columns-default is-cropped wp-block-gallery-1 is-layout-flex wp-block-gallery-is-layout-flex\">\n<figure class=\"wp-block-image size-large\"><a href=\"https:\/\/etab.ac-reunion.fr\/lyc-sarda-garriga\/wp-content\/uploads\/sites\/98\/2022\/04\/film_metier202200.jpg\" target=\"_blank\" rel=\"noopener\"><img loading=\"lazy\" decoding=\"async\" width=\"1243\" height=\"580\" data-id=\"5581\" src=\"https:\/\/etab.ac-reunion.fr\/lyc-sarda-garriga\/wp-content\/uploads\/sites\/98\/2022\/04\/film_metier202200.jpg\" alt=\"\" class=\"wp-image-5581\" srcset=\"https:\/\/etab.ac-reunion.fr\/lyc-sarda-garriga\/wp-content\/uploads\/sites\/98\/2022\/04\/film_metier202200.jpg 1243w, https:\/\/etab.ac-reunion.fr\/lyc-sarda-garriga\/wp-content\/uploads\/sites\/98\/2022\/04\/film_metier202200-300x140.jpg 300w, https:\/\/etab.ac-reunion.fr\/lyc-sarda-garriga\/wp-content\/uploads\/sites\/98\/2022\/04\/film_metier202200-1024x478.jpg 1024w, https:\/\/etab.ac-reunion.fr\/lyc-sarda-garriga\/wp-content\/uploads\/sites\/98\/2022\/04\/film_metier202200-768x358.jpg 768w\" sizes=\"auto, (max-width: 1243px) 100vw, 1243px\" \/><\/a><\/figure>\n\n\n\n<figure class=\"wp-block-image size-large\"><a href=\"https:\/\/etab.ac-reunion.fr\/lyc-sarda-garriga\/wp-content\/uploads\/sites\/98\/2022\/04\/film_metier2022-3.jpg\" target=\"_blank\" rel=\"noopener\"><img loading=\"lazy\" decoding=\"async\" width=\"1786\" height=\"904\" data-id=\"5579\" src=\"https:\/\/etab.ac-reunion.fr\/lyc-sarda-garriga\/wp-content\/uploads\/sites\/98\/2022\/04\/film_metier2022-3.jpg\" alt=\"\" class=\"wp-image-5579\" srcset=\"https:\/\/etab.ac-reunion.fr\/lyc-sarda-garriga\/wp-content\/uploads\/sites\/98\/2022\/04\/film_metier2022-3.jpg 1786w, https:\/\/etab.ac-reunion.fr\/lyc-sarda-garriga\/wp-content\/uploads\/sites\/98\/2022\/04\/film_metier2022-3-300x152.jpg 300w, https:\/\/etab.ac-reunion.fr\/lyc-sarda-garriga\/wp-content\/uploads\/sites\/98\/2022\/04\/film_metier2022-3-1024x518.jpg 1024w, https:\/\/etab.ac-reunion.fr\/lyc-sarda-garriga\/wp-content\/uploads\/sites\/98\/2022\/04\/film_metier2022-3-768x389.jpg 768w, https:\/\/etab.ac-reunion.fr\/lyc-sarda-garriga\/wp-content\/uploads\/sites\/98\/2022\/04\/film_metier2022-3-1536x777.jpg 1536w\" sizes=\"auto, (max-width: 1786px) 100vw, 1786px\" \/><\/a><\/figure>\n\n\n\n<figure class=\"wp-block-image size-large\"><a href=\"https:\/\/etab.ac-reunion.fr\/lyc-sarda-garriga\/wp-content\/uploads\/sites\/98\/2022\/04\/film_metier20224.jpg\" target=\"_blank\" rel=\"noopener\"><img loading=\"lazy\" decoding=\"async\" width=\"1920\" height=\"902\" data-id=\"5594\" src=\"https:\/\/etab.ac-reunion.fr\/lyc-sarda-garriga\/wp-content\/uploads\/sites\/98\/2022\/04\/film_metier20224.jpg\" alt=\"\" class=\"wp-image-5594\" srcset=\"https:\/\/etab.ac-reunion.fr\/lyc-sarda-garriga\/wp-content\/uploads\/sites\/98\/2022\/04\/film_metier20224.jpg 1920w, https:\/\/etab.ac-reunion.fr\/lyc-sarda-garriga\/wp-content\/uploads\/sites\/98\/2022\/04\/film_metier20224-300x141.jpg 300w, https:\/\/etab.ac-reunion.fr\/lyc-sarda-garriga\/wp-content\/uploads\/sites\/98\/2022\/04\/film_metier20224-1024x481.jpg 1024w, https:\/\/etab.ac-reunion.fr\/lyc-sarda-garriga\/wp-content\/uploads\/sites\/98\/2022\/04\/film_metier20224-768x361.jpg 768w, https:\/\/etab.ac-reunion.fr\/lyc-sarda-garriga\/wp-content\/uploads\/sites\/98\/2022\/04\/film_metier20224-1536x722.jpg 1536w\" sizes=\"auto, (max-width: 1920px) 100vw, 1920px\" \/><\/a><\/figure>\n<figcaption class=\"blocks-gallery-caption\"><em><strong>Cliquer sur les photos ci dessus pour les agrandir.<\/strong><\/em><\/figcaption><\/figure>\n\n\n\n<p><\/p>\n\n\n\n<p>Lien vers la vid\u00e9o    <a rel=\"noreferrer noopener\" href=\"https:\/\/www.parcoursmetiers.tv\/video\/13496-pharmacie-lakour\" target=\"_blank\">https:\/\/www.parcoursmetiers.tv\/video\/13496-pharmacie-lakour<\/a><\/p>\n\n\n\n<p><\/p>\n\n\n\n<div class=\"wp-block-buttons is-layout-flex wp-block-buttons-is-layout-flex\">\n<div class=\"wp-block-button\"><a class=\"wp-block-button__link\" href=\"https:\/\/etab.ac-reunion.fr\/lyc-sarda-garriga\/wp-content\/uploads\/sites\/98\/2022\/04\/concours-CVL-je-filme-le-metier-qui-me-plait-2022.pdf\" target=\"_blank\" rel=\"noreferrer noopener\">Document \u00e0 t\u00e9l\u00e9charger : Le lyc\u00e9e SARDA GARRIGA fait son film &#8230;  <\/a><\/div>\n<\/div>\n\n\n\n<p><\/p>\n\n\n\n<p><\/p>\n","protected":false},"excerpt":{"rendered":"<p>Le lyc\u00e9e SARDA GARRIGA pour la deuxi\u00e8me ann\u00e9e cons\u00e9cutive est en haut de l&rsquo;affiche pour le concours r\u00e9gional \u00ab\u00a0Je filme le m\u00e9tier qui me pla\u00eet\u00a0\u00bb organis\u00e9 par la REGION REUNION. Les d\u00e9l\u00e9gu\u00e9s du CVL engag\u00e9s dans cette aventure exceptionnelle tant sur un plan \u00e9ducatif qu&rsquo;humain ont choisi de valoriser cette ann\u00e9e, le parcours et le [&hellip;]<\/p>\n","protected":false},"author":2934,"featured_media":5820,"parent":0,"menu_order":0,"comment_status":"closed","ping_status":"closed","template":"","meta":{"footnotes":"","_links_to":"","_links_to_target":""},"class_list":["post-5558","page","type-page","status-publish","has-post-thumbnail","hentry"],"_links":{"self":[{"href":"https:\/\/etab.ac-reunion.fr\/lyc-sarda-garriga\/wp-json\/wp\/v2\/pages\/5558","targetHints":{"allow":["GET"]}}],"collection":[{"href":"https:\/\/etab.ac-reunion.fr\/lyc-sarda-garriga\/wp-json\/wp\/v2\/pages"}],"about":[{"href":"https:\/\/etab.ac-reunion.fr\/lyc-sarda-garriga\/wp-json\/wp\/v2\/types\/page"}],"author":[{"embeddable":true,"href":"https:\/\/etab.ac-reunion.fr\/lyc-sarda-garriga\/wp-json\/wp\/v2\/users\/2934"}],"replies":[{"embeddable":true,"href":"https:\/\/etab.ac-reunion.fr\/lyc-sarda-garriga\/wp-json\/wp\/v2\/comments?post=5558"}],"version-history":[{"count":51,"href":"https:\/\/etab.ac-reunion.fr\/lyc-sarda-garriga\/wp-json\/wp\/v2\/pages\/5558\/revisions"}],"predecessor-version":[{"id":5827,"href":"https:\/\/etab.ac-reunion.fr\/lyc-sarda-garriga\/wp-json\/wp\/v2\/pages\/5558\/revisions\/5827"}],"wp:featuredmedia":[{"embeddable":true,"href":"https:\/\/etab.ac-reunion.fr\/lyc-sarda-garriga\/wp-json\/wp\/v2\/media\/5820"}],"wp:attachment":[{"href":"https:\/\/etab.ac-reunion.fr\/lyc-sarda-garriga\/wp-json\/wp\/v2\/media?parent=5558"}],"curies":[{"name":"wp","href":"https:\/\/api.w.org\/{rel}","templated":true}]}}