{"id":5640,"date":"2022-04-19T18:07:00","date_gmt":"2022-04-19T14:07:00","guid":{"rendered":"http:\/\/lycee-sarda-garriga.ac-reunion.fr\/?page_id=5640"},"modified":"2023-04-16T21:49:22","modified_gmt":"2023-04-16T17:49:22","slug":"street-workout","status":"publish","type":"page","link":"https:\/\/etab.ac-reunion.fr\/lyc-sarda-garriga\/street-workout\/","title":{"rendered":"Street Workout"},"content":{"rendered":"\n<p class=\"has-text-align-center\"><strong><mark style=\"background-color:#ffffff\" class=\"has-inline-color has-black-color\">Merci de venir nous soutenir et encourager le mercredi 03 mai 2023<\/mark><\/strong><\/p>\n\n\n\n<p class=\"has-text-align-center\"><mark style=\"background-color:#ffffff\" class=\"has-inline-color\"><strong>sous le pr\u00e9au \u00e0 09h15<\/strong> <strong> pour 15 minutes de partage<\/strong> pour une d\u00e9monstration de STREET WORKOUT.<\/mark><\/p>\n\n\n\n<p>Le&nbsp;<strong>Street Workout<\/strong>&nbsp;est une discipline sportive m\u00ealant \u00e0 la fois la gymnastique, la musculation et le parkour. M\u00e9langeant force, souplesse, \u00e9quilibre et agilit\u00e9, le&nbsp;<strong>Street Workout<\/strong>&nbsp;se pratique essentiellement \u00e0 l\u2019ext\u00e9rieur.<\/p>\n\n\n\n<p>4 cat\u00e9gories sont repr\u00e9sent\u00e9es&nbsp;:<\/p>\n\n\n\n<p>\u00b7&nbsp;&nbsp;&nbsp;&nbsp;&nbsp;&nbsp;&nbsp;&nbsp;&nbsp;Le freestyle&nbsp;: enchainement de mouvements acrobatiques,<\/p>\n\n\n\n<p>\u00b7&nbsp;&nbsp;&nbsp;&nbsp;&nbsp;&nbsp;&nbsp;&nbsp;&nbsp;Le static&nbsp;: ce sont principalement des figures de force,<\/p>\n\n\n\n<p>\u00b7&nbsp;&nbsp;&nbsp;&nbsp;&nbsp;&nbsp;&nbsp;&nbsp;&nbsp;Le set and Rep&nbsp;: consiste \u00e0 ex\u00e9cuter des r\u00e9p\u00e9titions d\u2019exercices comme les tractions, dips, pompes,<\/p>\n\n\n\n<p>\u00b7&nbsp;&nbsp;&nbsp;&nbsp;&nbsp;&nbsp;&nbsp;&nbsp;&nbsp;Le street lifting&nbsp;: discipline qui allie la force, la r\u00e9sistance et l\u2019endurance. Elle reprend les mouvements de base du&nbsp;<strong>Street Workout<\/strong>&nbsp;en y ajoutant des masses.<\/p>\n\n\n\n<p>C\u2019est un sport ouvert \u00e0 tout le monde. Avec de la d\u00e9termination et de la pers\u00e9v\u00e9rance, tout le monde peut y arriver&nbsp;!!<\/p>\n\n\n\n<p><a rel=\"noreferrer noopener\" href=\"https:\/\/etab.ac-reunion.fr\/lyc-sarda-garriga\/wp-content\/uploads\/sites\/98\/2023\/04\/22C3409C-6173-4FCC-B779-1CE4A16BAE834.mp4\" target=\"_blank\">Cliquez sur ce  lien pour visualiser la vid\u00e9o de pr\u00e9sentation de cette discipline&nbsp;<\/a><\/p>\n\n\n\n<p class=\"has-text-align-right\">                                                                                                           M. DEMAY<\/p>\n\n\n<div class=\"wp-block-image\">\n<figure class=\"aligncenter size-large is-resized\"><img loading=\"lazy\" decoding=\"async\" src=\"https:\/\/etab.ac-reunion.fr\/lyc-sarda-garriga\/wp-content\/uploads\/sites\/98\/2023\/04\/Affiche-demonstration--724x1024.png\" alt=\"\" class=\"wp-image-6751\" width=\"650\" height=\"919\" srcset=\"https:\/\/etab.ac-reunion.fr\/lyc-sarda-garriga\/wp-content\/uploads\/sites\/98\/2023\/04\/Affiche-demonstration--724x1024.png 724w, https:\/\/etab.ac-reunion.fr\/lyc-sarda-garriga\/wp-content\/uploads\/sites\/98\/2023\/04\/Affiche-demonstration--212x300.png 212w, https:\/\/etab.ac-reunion.fr\/lyc-sarda-garriga\/wp-content\/uploads\/sites\/98\/2023\/04\/Affiche-demonstration--768x1086.png 768w, https:\/\/etab.ac-reunion.fr\/lyc-sarda-garriga\/wp-content\/uploads\/sites\/98\/2023\/04\/Affiche-demonstration--1086x1536.png 1086w, https:\/\/etab.ac-reunion.fr\/lyc-sarda-garriga\/wp-content\/uploads\/sites\/98\/2023\/04\/Affiche-demonstration--1448x2048.png 1448w, https:\/\/etab.ac-reunion.fr\/lyc-sarda-garriga\/wp-content\/uploads\/sites\/98\/2023\/04\/Affiche-demonstration-.png 1587w\" sizes=\"auto, (max-width: 650px) 100vw, 650px\" \/><\/figure>\n<\/div>","protected":false},"excerpt":{"rendered":"<p>Merci de venir nous soutenir et encourager le mercredi 03 mai 2023 sous le pr\u00e9au \u00e0 09h15 pour 15 minutes de partage pour une d\u00e9monstration de STREET WORKOUT. Le&nbsp;Street Workout&nbsp;est une discipline sportive m\u00ealant \u00e0 la fois la gymnastique, la musculation et le parkour. M\u00e9langeant force, souplesse, \u00e9quilibre et agilit\u00e9, le&nbsp;Street Workout&nbsp;se pratique essentiellement \u00e0 [&hellip;]<\/p>\n","protected":false},"author":2934,"featured_media":0,"parent":0,"menu_order":0,"comment_status":"closed","ping_status":"closed","template":"","meta":{"footnotes":"","_links_to":"","_links_to_target":""},"class_list":["post-5640","page","type-page","status-publish","hentry"],"_links":{"self":[{"href":"https:\/\/etab.ac-reunion.fr\/lyc-sarda-garriga\/wp-json\/wp\/v2\/pages\/5640","targetHints":{"allow":["GET"]}}],"collection":[{"href":"https:\/\/etab.ac-reunion.fr\/lyc-sarda-garriga\/wp-json\/wp\/v2\/pages"}],"about":[{"href":"https:\/\/etab.ac-reunion.fr\/lyc-sarda-garriga\/wp-json\/wp\/v2\/types\/page"}],"author":[{"embeddable":true,"href":"https:\/\/etab.ac-reunion.fr\/lyc-sarda-garriga\/wp-json\/wp\/v2\/users\/2934"}],"replies":[{"embeddable":true,"href":"https:\/\/etab.ac-reunion.fr\/lyc-sarda-garriga\/wp-json\/wp\/v2\/comments?post=5640"}],"version-history":[{"count":33,"href":"https:\/\/etab.ac-reunion.fr\/lyc-sarda-garriga\/wp-json\/wp\/v2\/pages\/5640\/revisions"}],"predecessor-version":[{"id":6772,"href":"https:\/\/etab.ac-reunion.fr\/lyc-sarda-garriga\/wp-json\/wp\/v2\/pages\/5640\/revisions\/6772"}],"wp:attachment":[{"href":"https:\/\/etab.ac-reunion.fr\/lyc-sarda-garriga\/wp-json\/wp\/v2\/media?parent=5640"}],"curies":[{"name":"wp","href":"https:\/\/api.w.org\/{rel}","templated":true}]}}