{"id":5950,"date":"2022-07-08T10:32:13","date_gmt":"2022-07-08T06:32:13","guid":{"rendered":"http:\/\/lycee-sarda-garriga.ac-reunion.fr\/?page_id=5950"},"modified":"2022-07-08T11:15:23","modified_gmt":"2022-07-08T07:15:23","slug":"location-manuels-scolaires-rentree-2022-des-secondes","status":"publish","type":"page","link":"https:\/\/etab.ac-reunion.fr\/lyc-sarda-garriga\/location-manuels-scolaires-rentree-2022-des-secondes\/","title":{"rendered":"Location Manuels Scolaires rentr\u00e9e 2022 des Secondes"},"content":{"rendered":"\n<p>                                       <\/p>\n\n\n\n<p>                                <\/p>\n\n\n\n<p>                           <\/p>\n\n\n\n<p><\/p>\n\n\n\n<p><\/p>\n\n\n\n<p><\/p>\n\n\n\n<p><\/p>\n\n\n\n<p><\/p>\n\n\n\n<p><\/p>\n\n\n\n<p><\/p>\n\n\n\n<p><\/p>\n\n\n\n<p><\/p>\n\n\n\n<p><\/p>\n\n\n\n<p><\/p>\n\n\n\n<p><\/p>\n\n\n\n<p><\/p>\n\n\n\n<p><\/p>\n\n\n\n<p><\/p>\n\n\n\n<p><\/p>\n\n\n\n<p><\/p>\n\n\n\n<p><\/p>\n\n\n\n<p><\/p>\n\n\n\n<p><\/p>\n\n\n\n<p><\/p>\n\n\n\n<p><\/p>\n\n\n\n<p><\/p>\n\n\n\n<h4 class=\"has-text-align-center wp-block-heading\"><strong><mark style=\"background-color:#7bdcb5\" class=\"has-inline-color has-black-color\">Coordonn\u00e9es  Associations Parents d&rsquo;\u00e9l\u00e8ves<\/mark><\/strong><\/h4>\n\n\n\n<p>      <\/p>\n\n\n\n<p><\/p>\n\n\n\n<h4 class=\"has-text-align-center wp-block-heading\"><mark style=\"background-color:#7bdcb5\" class=\"has-inline-color has-black-color\"><strong>APELCA<\/strong>  <\/mark><\/h4>\n\n\n\n<p><\/p>\n\n\n\n<h4 class=\"has-text-align-center wp-block-heading\"><strong><mark style=\"background-color:#7bdcb5\" class=\"has-inline-color has-black-color\">CPEESSA<\/mark><\/strong><\/h4>\n\n\n\n<p><\/p>\n\n\n\n<h4 class=\"has-text-align-center wp-block-heading\"><strong><mark style=\"background-color:#7bdcb5\" class=\"has-inline-color has-black-color\">FCPE<\/mark><\/strong><\/h4>\n\n\n\n<p><\/p>\n\n\n\n<div class=\"wp-block-file\"><a id=\"wp-block-file--media-28fda9dc-7149-462d-8bd6-0f03023feb6c\" href=\"https:\/\/etab.ac-reunion.fr\/lyc-sarda-garriga\/wp-content\/uploads\/sites\/98\/2022\/07\/Coordonnees-des-associations-des-parents-deleves.pdf\">Coordonnees-des-associations-des-parents-deleves<\/a><a href=\"https:\/\/etab.ac-reunion.fr\/lyc-sarda-garriga\/wp-content\/uploads\/sites\/98\/2022\/07\/Coordonnees-des-associations-des-parents-deleves.pdf\" class=\"wp-block-file__button\" download aria-describedby=\"wp-block-file--media-28fda9dc-7149-462d-8bd6-0f03023feb6c\">T\u00e9l\u00e9charger<\/a><\/div>\n\n\n\n<p>       <\/p>\n\n\n\n<p><\/p>\n\n\n\n<p><\/p>\n\n\n\n<p><\/p>\n\n\n\n<p><\/p>\n\n\n\n<p><\/p>\n\n\n\n<p><\/p>\n\n\n\n<h4 class=\"has-text-align-center wp-block-heading\"><strong><mark style=\"background-color:#8ed1fc\" class=\"has-inline-color has-black-color\">Information de l&rsquo; APELCA<\/mark><mark class=\"has-inline-color has-black-color\"> <\/mark><\/strong><\/h4>\n\n\n\n<p><\/p>\n\n\n\n<div class=\"wp-block-file\"><a id=\"wp-block-file--media-e0ea88f8-9e7a-4337-9e6b-ce1eee224a39\" href=\"https:\/\/etab.ac-reunion.fr\/lyc-sarda-garriga\/wp-content\/uploads\/sites\/98\/2022\/07\/Sarda-Garriga-Inscriptions-secondes-2022-2023.pdf\"><br>Sarda-Garriga-Inscriptions-secondes-2022-2023<\/a><a href=\"https:\/\/etab.ac-reunion.fr\/lyc-sarda-garriga\/wp-content\/uploads\/sites\/98\/2022\/07\/Sarda-Garriga-Inscriptions-secondes-2022-2023.pdf\" class=\"wp-block-file__button\" download aria-describedby=\"wp-block-file--media-e0ea88f8-9e7a-4337-9e6b-ce1eee224a39\">T\u00e9l\u00e9charger<\/a><\/div>\n\n\n\n<p>Pour ceux qui ne peuvent pas venir les jours et horaires mentionn\u00e9s dans le document ci dessus, merci de contacter l\u2019association pour avoir un rendez-vous. <\/p>\n\n\n\n<p>Nous accueillerons de nouveau  le public les:  Lundi 11 Juillet 2022, Mardi 12 Juillet 2022, Mercredi 13 Juillet 2022 aux horaires suivants: 08h30-12h00 et 13h30-15h30.<br>Le secr\u00e9tariat <br><strong>APELCA&nbsp;\u00ab\u00a0Ensemble, Construisons l&rsquo;Avenir de nos Enfants\u00a0\u00bb<br>T\u00e9l\u00e9phone: 02 62 50 20 97<\/strong>                         ,       <strong>Portable: &nbsp; &nbsp;06 92 33 58 20<\/strong><\/p>\n\n\n\n<p><\/p>\n","protected":false},"excerpt":{"rendered":"<p>Coordonn\u00e9es Associations Parents d&rsquo;\u00e9l\u00e8ves APELCA CPEESSA FCPE Information de l&rsquo; APELCA Pour ceux qui ne peuvent pas venir les jours et horaires mentionn\u00e9s dans le document ci dessus, merci de contacter l\u2019association pour avoir un rendez-vous. Nous accueillerons de nouveau le public les: Lundi 11 Juillet 2022, Mardi 12 Juillet 2022, Mercredi 13 Juillet 2022 [&hellip;]<\/p>\n","protected":false},"author":2934,"featured_media":5986,"parent":0,"menu_order":0,"comment_status":"closed","ping_status":"closed","template":"","meta":{"footnotes":"","_links_to":"","_links_to_target":""},"class_list":["post-5950","page","type-page","status-publish","has-post-thumbnail","hentry"],"_links":{"self":[{"href":"https:\/\/etab.ac-reunion.fr\/lyc-sarda-garriga\/wp-json\/wp\/v2\/pages\/5950","targetHints":{"allow":["GET"]}}],"collection":[{"href":"https:\/\/etab.ac-reunion.fr\/lyc-sarda-garriga\/wp-json\/wp\/v2\/pages"}],"about":[{"href":"https:\/\/etab.ac-reunion.fr\/lyc-sarda-garriga\/wp-json\/wp\/v2\/types\/page"}],"author":[{"embeddable":true,"href":"https:\/\/etab.ac-reunion.fr\/lyc-sarda-garriga\/wp-json\/wp\/v2\/users\/2934"}],"replies":[{"embeddable":true,"href":"https:\/\/etab.ac-reunion.fr\/lyc-sarda-garriga\/wp-json\/wp\/v2\/comments?post=5950"}],"version-history":[{"count":23,"href":"https:\/\/etab.ac-reunion.fr\/lyc-sarda-garriga\/wp-json\/wp\/v2\/pages\/5950\/revisions"}],"predecessor-version":[{"id":5987,"href":"https:\/\/etab.ac-reunion.fr\/lyc-sarda-garriga\/wp-json\/wp\/v2\/pages\/5950\/revisions\/5987"}],"wp:featuredmedia":[{"embeddable":true,"href":"https:\/\/etab.ac-reunion.fr\/lyc-sarda-garriga\/wp-json\/wp\/v2\/media\/5986"}],"wp:attachment":[{"href":"https:\/\/etab.ac-reunion.fr\/lyc-sarda-garriga\/wp-json\/wp\/v2\/media?parent=5950"}],"curies":[{"name":"wp","href":"https:\/\/api.w.org\/{rel}","templated":true}]}}