{"id":6005,"date":"2022-07-12T21:55:22","date_gmt":"2022-07-12T17:55:22","guid":{"rendered":"http:\/\/lycee-sarda-garriga.ac-reunion.fr\/?page_id=6005"},"modified":"2022-08-10T22:06:00","modified_gmt":"2022-08-10T18:06:00","slug":"liste-des-manuels-scolaires-2022-2023","status":"publish","type":"page","link":"https:\/\/etab.ac-reunion.fr\/lyc-sarda-garriga\/liste-des-manuels-scolaires-2022-2023\/","title":{"rendered":"Liste des manuels scolaires 2022-2023"},"content":{"rendered":"\n<p><\/p>\n\n\n\n<p><\/p>\n\n\n\n<p><\/p>\n\n\n\n<p><\/p>\n\n\n\n<p><\/p>\n\n\n\n<p><\/p>\n\n\n\n<p><\/p>\n\n\n\n<p><\/p>\n\n\n\n<p><\/p>\n\n\n\n<p><\/p>\n\n\n\n<p><\/p>\n\n\n\n<p><\/p>\n\n\n\n<p><\/p>\n\n\n\n<p><\/p>\n\n\n\n<p><\/p>\n\n\n\n<p><\/p>\n\n\n\n<p><\/p>\n\n\n\n<p><\/p>\n\n\n\n<p><\/p>\n\n\n\n<p><\/p>\n\n\n\n<p><\/p>\n\n\n\n<p><\/p>\n\n\n\n<p><\/p>\n\n\n\n<p><\/p>\n\n\n\n<p><\/p>\n\n\n\n<p><\/p>\n\n\n\n<p>Ci dessous, les listes des manuels scolaires :<\/p>\n\n\n\n<p>&#8211; pour les<strong><mark style=\"background-color:#ffffff\" class=\"has-inline-color has-vivid-red-color\"> Secondes et Terminales<\/mark><\/strong><mark style=\"background-color:#ffffff\" class=\"has-inline-color\">, <\/mark>les parents peuvent<strong><mark style=\"background-color:#ffffff\" class=\"has-inline-color has-vivid-red-color\"> s&rsquo;orienter vers une association ou une f\u00e9d\u00e9ration de parents d&rsquo;\u00e9l\u00e8ves <\/mark><\/strong>(<a href=\"https:\/\/etab.ac-reunion.fr\/lyc-sarda-garriga\/location-manuels-scolaires-rentree-2022-des-secondes\/\" target=\"_blank\" rel=\"noreferrer noopener\"> voir les coordonn\u00e9es d&rsquo; associations de parents d&rsquo;\u00e9l\u00e8ves pour les locations<\/a>)<\/p>\n\n\n\n<p>-pour les <strong><mark style=\"background-color:#ffffff\" class=\"has-inline-color has-vivid-green-cyan-color\">Premi\u00e8res<\/mark><\/strong><mark style=\"background-color:#ffffff\" class=\"has-inline-color has-vivid-green-cyan-color\"><strong> <\/strong><\/mark><mark style=\"background-color:#ffffff\" class=\"has-inline-color has-black-color\">l<\/mark>es<strong><mark style=\"background-color:#ffffff\" class=\"has-inline-color has-vivid-green-cyan-color\"> manuels num\u00e9riques seront fournis gratuitement par le lyc\u00e9e<\/mark><\/strong><mark style=\"background-color:#ffffff\" class=\"has-inline-color has-vivid-green-cyan-color\">.<\/mark><\/p>\n\n\n\n<p><\/p>\n\n\n\n<p><\/p>\n\n\n\n<p><\/p>\n\n\n\n<p><\/p>\n\n\n\n<p><\/p>\n\n\n\n<div class=\"wp-block-file\"><a id=\"wp-block-file--media-9a9778f2-9137-44e1-9046-c59b6651ed3a\" href=\"https:\/\/etab.ac-reunion.fr\/lyc-sarda-garriga\/wp-content\/uploads\/sites\/98\/2022\/07\/LISTE-DES-MANUELS-SCOLAIRES-2NDE-RENTREE-2022.pdf\">LISTE DES MANUELS SCOLAIRES 2NDE RENTREE 2022<\/a><a href=\"https:\/\/etab.ac-reunion.fr\/lyc-sarda-garriga\/wp-content\/uploads\/sites\/98\/2022\/07\/LISTE-DES-MANUELS-SCOLAIRES-2NDE-RENTREE-2022.pdf\" class=\"wp-block-file__button\" download aria-describedby=\"wp-block-file--media-9a9778f2-9137-44e1-9046-c59b6651ed3a\">T\u00e9l\u00e9charger<\/a><\/div>\n\n\n\n<div class=\"wp-block-file\"><a id=\"wp-block-file--media-d2d53dbc-b939-4f4a-9725-26c49f4b59c7\" href=\"https:\/\/etab.ac-reunion.fr\/lyc-sarda-garriga\/wp-content\/uploads\/sites\/98\/2022\/07\/LISTE-DES-MANUELS-SCOLAIRES-1ERE-RENTREE-2022.pdf\">LISTE DES MANUELS SCOLAIRES 1ERE RENTREE 2022<\/a><a href=\"https:\/\/etab.ac-reunion.fr\/lyc-sarda-garriga\/wp-content\/uploads\/sites\/98\/2022\/07\/LISTE-DES-MANUELS-SCOLAIRES-1ERE-RENTREE-2022.pdf\" class=\"wp-block-file__button\" download aria-describedby=\"wp-block-file--media-d2d53dbc-b939-4f4a-9725-26c49f4b59c7\">T\u00e9l\u00e9charger<\/a><\/div>\n\n\n\n<div class=\"wp-block-file\"><a id=\"wp-block-file--media-96017c12-c157-45d8-bcdc-945660fde5e4\" href=\"https:\/\/etab.ac-reunion.fr\/lyc-sarda-garriga\/wp-content\/uploads\/sites\/98\/2022\/07\/LISTE-DES-MANUELS-SCOLAIRES-TALE-RENTREE-2022.pdf\">LISTE DES MANUELS SCOLAIRES TALE RENTREE 2022<\/a><a href=\"https:\/\/etab.ac-reunion.fr\/lyc-sarda-garriga\/wp-content\/uploads\/sites\/98\/2022\/07\/LISTE-DES-MANUELS-SCOLAIRES-TALE-RENTREE-2022.pdf\" class=\"wp-block-file__button\" download aria-describedby=\"wp-block-file--media-96017c12-c157-45d8-bcdc-945660fde5e4\">T\u00e9l\u00e9charger<\/a><\/div>\n\n\n\n<div class=\"wp-block-file\"><a id=\"wp-block-file--media-23465392-f3ac-4137-a3c1-12d8fef32704\" href=\"https:\/\/etab.ac-reunion.fr\/lyc-sarda-garriga\/wp-content\/uploads\/sites\/98\/2022\/08\/Livres-BTS-NDRC_1.pdf\">Livres-BTS-NDRC_1<\/a><a href=\"https:\/\/etab.ac-reunion.fr\/lyc-sarda-garriga\/wp-content\/uploads\/sites\/98\/2022\/08\/Livres-BTS-NDRC_1.pdf\" class=\"wp-block-file__button\" download aria-describedby=\"wp-block-file--media-23465392-f3ac-4137-a3c1-12d8fef32704\">T\u00e9l\u00e9charger<\/a><\/div>\n\n\n\n<div class=\"wp-block-file\"><a id=\"wp-block-file--media-c858aa17-ee4c-44f6-889e-fae4dd5d7758\" href=\"https:\/\/etab.ac-reunion.fr\/lyc-sarda-garriga\/wp-content\/uploads\/sites\/98\/2022\/08\/LIVRE-BTS-NDRC_2.pdf\">LIVRE-BTS-NDRC_2<\/a><a href=\"https:\/\/etab.ac-reunion.fr\/lyc-sarda-garriga\/wp-content\/uploads\/sites\/98\/2022\/08\/LIVRE-BTS-NDRC_2.pdf\" class=\"wp-block-file__button\" download aria-describedby=\"wp-block-file--media-c858aa17-ee4c-44f6-889e-fae4dd5d7758\">T\u00e9l\u00e9charger<\/a><\/div>\n","protected":false},"excerpt":{"rendered":"<p>Ci dessous, les listes des manuels scolaires : &#8211; pour les Secondes et Terminales, les parents peuvent s&rsquo;orienter vers une association ou une f\u00e9d\u00e9ration de parents d&rsquo;\u00e9l\u00e8ves ( voir les coordonn\u00e9es d&rsquo; associations de parents d&rsquo;\u00e9l\u00e8ves pour les locations) -pour les Premi\u00e8res les manuels num\u00e9riques seront fournis gratuitement par le lyc\u00e9e.<\/p>\n","protected":false},"author":2934,"featured_media":6011,"parent":0,"menu_order":0,"comment_status":"closed","ping_status":"closed","template":"","meta":{"footnotes":"","_links_to":"","_links_to_target":""},"class_list":["post-6005","page","type-page","status-publish","has-post-thumbnail","hentry"],"_links":{"self":[{"href":"https:\/\/etab.ac-reunion.fr\/lyc-sarda-garriga\/wp-json\/wp\/v2\/pages\/6005","targetHints":{"allow":["GET"]}}],"collection":[{"href":"https:\/\/etab.ac-reunion.fr\/lyc-sarda-garriga\/wp-json\/wp\/v2\/pages"}],"about":[{"href":"https:\/\/etab.ac-reunion.fr\/lyc-sarda-garriga\/wp-json\/wp\/v2\/types\/page"}],"author":[{"embeddable":true,"href":"https:\/\/etab.ac-reunion.fr\/lyc-sarda-garriga\/wp-json\/wp\/v2\/users\/2934"}],"replies":[{"embeddable":true,"href":"https:\/\/etab.ac-reunion.fr\/lyc-sarda-garriga\/wp-json\/wp\/v2\/comments?post=6005"}],"version-history":[{"count":13,"href":"https:\/\/etab.ac-reunion.fr\/lyc-sarda-garriga\/wp-json\/wp\/v2\/pages\/6005\/revisions"}],"predecessor-version":[{"id":6038,"href":"https:\/\/etab.ac-reunion.fr\/lyc-sarda-garriga\/wp-json\/wp\/v2\/pages\/6005\/revisions\/6038"}],"wp:featuredmedia":[{"embeddable":true,"href":"https:\/\/etab.ac-reunion.fr\/lyc-sarda-garriga\/wp-json\/wp\/v2\/media\/6011"}],"wp:attachment":[{"href":"https:\/\/etab.ac-reunion.fr\/lyc-sarda-garriga\/wp-json\/wp\/v2\/media?parent=6005"}],"curies":[{"name":"wp","href":"https:\/\/api.w.org\/{rel}","templated":true}]}}