{"id":6085,"date":"2022-08-23T15:34:14","date_gmt":"2022-08-23T11:34:14","guid":{"rendered":"https:\/\/etab.ac-reunion.fr\/lyc-sarda-garriga\/?page_id=6085"},"modified":"2022-09-27T20:28:11","modified_gmt":"2022-09-27T16:28:11","slug":"diaporamas-parents","status":"publish","type":"page","link":"https:\/\/etab.ac-reunion.fr\/lyc-sarda-garriga\/diaporamas-parents\/","title":{"rendered":"Diaporamas Parents"},"content":{"rendered":"\n<p>Pr\u00e9sentations lors des  r\u00e9unions des Parents d&rsquo;\u00e9l\u00e8ves de Secondes Premi\u00e8res et Terminales des samedis 20 et 27\/08\/22  avec l&rsquo;\u00e9quipe de direction.<\/p>\n\n\n\n<div class=\"wp-block-file\"><a id=\"wp-block-file--media-79b9601b-12aa-41a6-a43f-809fa181fd82\" href=\"https:\/\/etab.ac-reunion.fr\/lyc-sarda-garriga\/wp-content\/uploads\/sites\/98\/2022\/09\/DIAPOS-POUR-LES-2DES2022.pdf\">DIAPOS-POUR-LES-2DES2022<\/a><\/div>\n\n\n\n<div class=\"wp-block-file\"><a id=\"wp-block-file--media-92a9de8c-58d3-4f8a-9793-3ab88da38e40\" href=\"https:\/\/etab.ac-reunion.fr\/lyc-sarda-garriga\/wp-content\/uploads\/sites\/98\/2022\/08\/Reunion-parents-des-premiere-Direction2022.pdf\">Reunion-parents-des-premiere-Direction2022<\/a><\/div>\n\n\n\n<div class=\"wp-block-file\"><a id=\"wp-block-file--media-46c33e8a-91a8-4cea-bc44-2a4715dd98f0\" href=\"https:\/\/etab.ac-reunion.fr\/lyc-sarda-garriga\/wp-content\/uploads\/sites\/98\/2022\/08\/Reunion-parents-des-TERMINALE-DIRECTION2022.pdf\">Reunion-parents-des-TERMINALE-DIRECTION2022<\/a><\/div>\n","protected":false},"excerpt":{"rendered":"<p>Pr\u00e9sentations lors des r\u00e9unions des Parents d&rsquo;\u00e9l\u00e8ves de Secondes Premi\u00e8res et Terminales des samedis 20 et 27\/08\/22 avec l&rsquo;\u00e9quipe de direction.<\/p>\n","protected":false},"author":2934,"featured_media":0,"parent":0,"menu_order":0,"comment_status":"closed","ping_status":"closed","template":"","meta":{"footnotes":"","_links_to":"","_links_to_target":""},"class_list":["post-6085","page","type-page","status-publish","hentry"],"_links":{"self":[{"href":"https:\/\/etab.ac-reunion.fr\/lyc-sarda-garriga\/wp-json\/wp\/v2\/pages\/6085","targetHints":{"allow":["GET"]}}],"collection":[{"href":"https:\/\/etab.ac-reunion.fr\/lyc-sarda-garriga\/wp-json\/wp\/v2\/pages"}],"about":[{"href":"https:\/\/etab.ac-reunion.fr\/lyc-sarda-garriga\/wp-json\/wp\/v2\/types\/page"}],"author":[{"embeddable":true,"href":"https:\/\/etab.ac-reunion.fr\/lyc-sarda-garriga\/wp-json\/wp\/v2\/users\/2934"}],"replies":[{"embeddable":true,"href":"https:\/\/etab.ac-reunion.fr\/lyc-sarda-garriga\/wp-json\/wp\/v2\/comments?post=6085"}],"version-history":[{"count":4,"href":"https:\/\/etab.ac-reunion.fr\/lyc-sarda-garriga\/wp-json\/wp\/v2\/pages\/6085\/revisions"}],"predecessor-version":[{"id":6188,"href":"https:\/\/etab.ac-reunion.fr\/lyc-sarda-garriga\/wp-json\/wp\/v2\/pages\/6085\/revisions\/6188"}],"wp:attachment":[{"href":"https:\/\/etab.ac-reunion.fr\/lyc-sarda-garriga\/wp-json\/wp\/v2\/media?parent=6085"}],"curies":[{"name":"wp","href":"https:\/\/api.w.org\/{rel}","templated":true}]}}