{"id":6440,"date":"2022-11-21T12:30:00","date_gmt":"2022-11-21T08:30:00","guid":{"rendered":"https:\/\/etab.ac-reunion.fr\/lyc-sarda-garriga\/?page_id=6440"},"modified":"2025-04-22T10:34:23","modified_gmt":"2025-04-22T06:34:23","slug":"spa","status":"publish","type":"page","link":"https:\/\/etab.ac-reunion.fr\/lyc-sarda-garriga\/spa\/","title":{"rendered":"SPA 2023"},"content":{"rendered":"\n<p><\/p>\n\n\n\n<p>Suite \u00e0 une convention sign\u00e9e entre le lyc\u00e9e SARDA GARRIGA et la Soci\u00e9t\u00e9 Protectrice des Animaux bas\u00e9e \u00e0 Sainte-Marie pour la 2\u00e8me ann\u00e9e cons\u00e9cutive, une 1\u00e8re sortie p\u00e9dagogique et ludique avec un groupe de 15 \u00e9l\u00e8ves volontaires et motiv\u00e9s a \u00e9t\u00e9 organis\u00e9e. Merci beaucoup \u00e0 tous d\u2019\u00eatre venus <strong>ce samedi 16 d\u00e9cembre 2023<\/strong> promener les toutous. Les responsables de la SPA ont \u00e9t\u00e9 \u00e0 leur \u00e9coute. Nous avons pass\u00e9 un agr\u00e9able moment sportif (marche pour certains, course pour d\u2019autres) au milieu de la Nature.<br><\/p>\n\n\n\n<div class=\"wp-block-file\"><a id=\"wp-block-file--media-1b42f2ca-e677-44de-8c36-9e17d155a547\" href=\"https:\/\/etab.ac-reunion.fr\/lyc-sarda-garriga\/wp-content\/uploads\/sites\/98\/2023\/12\/CR-n\u00b01.pdf\" target=\"_blank\" rel=\"noreferrer noopener\">CR-n\u00b01<\/a><\/div>\n\n\n\n<div data-wp-interactive=\"core\/file\" class=\"wp-block-file\"><object data-wp-bind--hidden=\"!state.hasPdfPreview\" hidden class=\"wp-block-file__embed\" data=\"https:\/\/etab.ac-reunion.fr\/lyc-sarda-garriga\/wp-content\/uploads\/sites\/98\/2023\/12\/CR-n\u00b01.pdf\" type=\"application\/pdf\" style=\"width:100%;height:600px\" aria-label=\"Contenu embarqu\u00e9 CR-n\u00b01.\"><\/object><a id=\"wp-block-file--media-5ff9f0ec-9d70-489f-bd47-e3acf516020f\" href=\"https:\/\/etab.ac-reunion.fr\/lyc-sarda-garriga\/wp-content\/uploads\/sites\/98\/2023\/12\/CR-n\u00b01.pdf\">CR-n\u00b01<\/a><\/div>\n","protected":false},"excerpt":{"rendered":"<p>Suite \u00e0 une convention sign\u00e9e entre le lyc\u00e9e SARDA GARRIGA et la Soci\u00e9t\u00e9 Protectrice des Animaux bas\u00e9e \u00e0 Sainte-Marie pour la 2\u00e8me ann\u00e9e cons\u00e9cutive, une 1\u00e8re sortie p\u00e9dagogique et ludique avec un groupe de 15 \u00e9l\u00e8ves volontaires et motiv\u00e9s a \u00e9t\u00e9 organis\u00e9e. Merci beaucoup \u00e0 tous d\u2019\u00eatre venus ce samedi 16 d\u00e9cembre 2023 promener les [&hellip;]<\/p>\n","protected":false},"author":2934,"featured_media":7228,"parent":0,"menu_order":0,"comment_status":"closed","ping_status":"closed","template":"","meta":{"footnotes":"","_links_to":"","_links_to_target":""},"class_list":["post-6440","page","type-page","status-publish","has-post-thumbnail","hentry"],"_links":{"self":[{"href":"https:\/\/etab.ac-reunion.fr\/lyc-sarda-garriga\/wp-json\/wp\/v2\/pages\/6440","targetHints":{"allow":["GET"]}}],"collection":[{"href":"https:\/\/etab.ac-reunion.fr\/lyc-sarda-garriga\/wp-json\/wp\/v2\/pages"}],"about":[{"href":"https:\/\/etab.ac-reunion.fr\/lyc-sarda-garriga\/wp-json\/wp\/v2\/types\/page"}],"author":[{"embeddable":true,"href":"https:\/\/etab.ac-reunion.fr\/lyc-sarda-garriga\/wp-json\/wp\/v2\/users\/2934"}],"replies":[{"embeddable":true,"href":"https:\/\/etab.ac-reunion.fr\/lyc-sarda-garriga\/wp-json\/wp\/v2\/comments?post=6440"}],"version-history":[{"count":4,"href":"https:\/\/etab.ac-reunion.fr\/lyc-sarda-garriga\/wp-json\/wp\/v2\/pages\/6440\/revisions"}],"predecessor-version":[{"id":8793,"href":"https:\/\/etab.ac-reunion.fr\/lyc-sarda-garriga\/wp-json\/wp\/v2\/pages\/6440\/revisions\/8793"}],"wp:featuredmedia":[{"embeddable":true,"href":"https:\/\/etab.ac-reunion.fr\/lyc-sarda-garriga\/wp-json\/wp\/v2\/media\/7228"}],"wp:attachment":[{"href":"https:\/\/etab.ac-reunion.fr\/lyc-sarda-garriga\/wp-json\/wp\/v2\/media?parent=6440"}],"curies":[{"name":"wp","href":"https:\/\/api.w.org\/{rel}","templated":true}]}}