{"id":6555,"date":"2022-12-16T15:12:00","date_gmt":"2022-12-16T11:12:00","guid":{"rendered":"https:\/\/etab.ac-reunion.fr\/lyc-sarda-garriga\/?page_id=6555"},"modified":"2023-02-27T13:37:02","modified_gmt":"2023-02-27T09:37:02","slug":"le-cvl","status":"publish","type":"page","link":"https:\/\/etab.ac-reunion.fr\/lyc-sarda-garriga\/le-cvl\/","title":{"rendered":"Le CVL"},"content":{"rendered":"\n<p><\/p>\n\n\n\n<p><\/p>\n\n\n\n<p><\/p>\n\n\n\n<p><\/p>\n\n\n\n<p><\/p>\n\n\n\n<p><\/p>\n\n\n\n<p><\/p>\n\n\n\n<p><\/p>\n\n\n\n<p><\/p>\n\n\n\n<p><\/p>\n\n\n\n<p><\/p>\n\n\n\n<p><\/p>\n\n\n\n<p><\/p>\n\n\n\n<p><\/p>\n\n\n\n<p><\/p>\n\n\n\n<p><\/p>\n\n\n\n<p><\/p>\n\n\n\n<p><\/p>\n\n\n\n<p><\/p>\n\n\n\n<p><\/p>\n\n\n\n<p><\/p>\n\n\n\n<p><\/p>\n\n\n\n<p><\/p>\n\n\n\n<p><strong><mark style=\"background-color:#7bdcb5\" class=\"has-inline-color\">Premier Conseil National de la vie Lyc\u00e9enne \u00e0 Paris le 02 et 03 f\u00e9vrier 2023<\/mark><\/strong><\/p>\n\n\n\n<p>Dans le cadre de mes fonctions d&rsquo;\u00e9lu au CNVL, j\u2019ai particip\u00e9 au &nbsp;premier Conseil National de la Vie Lyc\u00e9enne qui s\u2019est d\u00e9roul\u00e9 \u00e0 PARIS, les <strong>02 et 03 f\u00e9vrier 2023.<\/strong><\/p>\n\n\n\n<p>Ce conseil&nbsp; pr\u00e9sid\u00e9 par<strong> M. le Ministre de l\u2019Education Nationale, M. Pap NDIAYE regroupait l\u2019ensemble des d\u00e9l\u00e9gu\u00e9s \u00e9lus au CNVL des acad\u00e9mies de m\u00e9tropole et d\u2019outre-mer.<\/strong><\/p>\n\n\n\n<p>Cette rencontre avec le Ministre a \u00e9t\u00e9 tr\u00e8s enrichissante.<\/p>\n\n\n\n<p>Nous avons pu aborder et traiter des sujets touchant &nbsp;l&rsquo;ensemble des lyc\u00e9ens.<\/p>\n\n\n\n<p>&nbsp;Nous avons eu l&rsquo;opportunit\u00e9 d\u2019\u00e9changer sur un des piliers de notre programme avec le Ministre :<\/p>\n\n\n\n<p>&#8211; &nbsp;<strong>la sant\u00e9 mentale et le bien-\u00eatre des \u00e9l\u00e8ves.<\/strong><\/p>\n\n\n\n<p>Nous avons mis en avant l&rsquo;importance de prendre en compte la sant\u00e9 mentale des lyc\u00e9ens et de mettre en place des moyens pour les aider \u00e0 faire face au stress, aux pressions et aux d\u00e9fis de la vie quotidienne.<\/p>\n\n\n\n<p>Nous esp\u00e9rons que notre travail en tant qu\u2019\u00e9lus conduira \u00e0 des am\u00e9liorations concr\u00e8tes pour tous les lyc\u00e9ens, car&nbsp; notre sant\u00e9 mentale est un enjeu crucial pour notre r\u00e9ussite scolaire et notre \u00e9panouissement personnel.<\/p>\n\n\n\n<p>\u00a0\u00a0\u00a0\u00a0\u00a0\u00a0\u00a0\u00a0\u00a0\u00a0\u00a0\u00a0\u00a0\u00a0\u00a0\u00a0\u00a0\u00a0\u00a0\u00a0\u00a0\u00a0\u00a0\u00a0\u00a0\u00a0\u00a0\u00a0\u00a0\u00a0\u00a0\u00a0\u00a0\u00a0\u00a0\u00a0\u00a0\u00a0\u00a0\u00a0\u00a0\u00a0\u00a0\u00a0\u00a0 \u00a0\u00a0\u00a0\u00a0\u00a0\u00a0\u00a0\u00a0\u00a0\u00a0\u00a0\u00a0\u00a0\u00a0\u00a0\u00a0\u00a0\u00a0\u00a0\u00a0\u00a0\u00a0\u00a0\u00a0\u00a0                                        \u00a0<strong>TECHER David (d\u00e9l\u00e9gu\u00e9 au CNVL)<\/strong><\/p>\n\n\n\n<figure class=\"wp-block-image size-large is-resized\"><a href=\"https:\/\/etab.ac-reunion.fr\/lyc-sarda-garriga\/wp-content\/uploads\/sites\/98\/2023\/02\/IMG_8769-scaled.jpeg\" target=\"_blank\" rel=\"noreferrer noopener\"><img loading=\"lazy\" decoding=\"async\" src=\"https:\/\/etab.ac-reunion.fr\/lyc-sarda-garriga\/wp-content\/uploads\/sites\/98\/2023\/02\/IMG_8769-1024x680.jpeg\" alt=\"\" class=\"wp-image-6611\" width=\"832\" height=\"552\" srcset=\"https:\/\/etab.ac-reunion.fr\/lyc-sarda-garriga\/wp-content\/uploads\/sites\/98\/2023\/02\/IMG_8769-1024x680.jpeg 1024w, https:\/\/etab.ac-reunion.fr\/lyc-sarda-garriga\/wp-content\/uploads\/sites\/98\/2023\/02\/IMG_8769-300x199.jpeg 300w, https:\/\/etab.ac-reunion.fr\/lyc-sarda-garriga\/wp-content\/uploads\/sites\/98\/2023\/02\/IMG_8769-768x510.jpeg 768w, https:\/\/etab.ac-reunion.fr\/lyc-sarda-garriga\/wp-content\/uploads\/sites\/98\/2023\/02\/IMG_8769-1536x1020.jpeg 1536w, https:\/\/etab.ac-reunion.fr\/lyc-sarda-garriga\/wp-content\/uploads\/sites\/98\/2023\/02\/IMG_8769-2048x1360.jpeg 2048w, https:\/\/etab.ac-reunion.fr\/lyc-sarda-garriga\/wp-content\/uploads\/sites\/98\/2023\/02\/IMG_8769-207x136.jpeg 207w, https:\/\/etab.ac-reunion.fr\/lyc-sarda-garriga\/wp-content\/uploads\/sites\/98\/2023\/02\/IMG_8769-140x94.jpeg 140w\" sizes=\"auto, (max-width: 832px) 100vw, 832px\" \/><\/a><\/figure>\n\n\n\n<p><\/p>\n\n\n\n<p><mark style=\"background-color:#7bdcb5\" class=\"has-inline-color has-black-color\"><strong><em>Rencontre avec le Ministre des Outre-Mer\u00a0<\/em><\/strong> <strong> \u00a0le Samedi 18 F\u00e9vrier 2023 <\/strong><\/mark><\/p>\n\n\n\n<p>Nous avons \u00e9t\u00e9 convi\u00e9s<strong> &nbsp;le Samedi 18 F\u00e9vrier 2023 de 13h00 \u00e0 16h00 ,<\/strong> \u00e0 la Pr\u00e9fecture de Saint-Denis,&nbsp; &nbsp;&nbsp;en tant qu\u2019\u00e9lus au Conseil Acad\u00e9mique et au Conseil National de la Vie lyc\u00e9enne, &nbsp;afin de&nbsp; rencontrer le Ministre de l\u2019Outre-mer, M. Jean-Fran\u00e7ois CARENCO.<\/p>\n\n\n\n<p>Nous \u00e9tions aux c\u00f4t\u00e9s de M. Eric COULEAU, D\u00e9l\u00e9gu\u00e9 Acad\u00e9mique de la Vie Lyc\u00e9enne (DAVL).<\/p>\n\n\n\n<p>Durant cette rencontre, nous avons particip\u00e9 \u00e0 des travaux en ateliers portant sur diff\u00e9rentes th\u00e9matiques telles que&nbsp; l\u2019orientation et les&nbsp; formations des jeunes r\u00e9unionnais, la sant\u00e9 notamment la sant\u00e9 psychique en particulier chez les jeunes , le logement, le harc\u00e8lement scolaire, les addictions la maltraitance \u00e0 la maison \u2026<\/p>\n\n\n\n<p>La diversit\u00e9 du public invit\u00e9 (monde associatif, personnalit\u00e9s de l\u2019\u00eele) a rendu les d\u00e9bats tr\u00e8s riches et tr\u00e8s int\u00e9ressants.<\/p>\n\n\n\n<p>Nous avons pu d\u00e9battre, \u00e9changer, donner notre avis et proposer des pistes d\u2019am\u00e9liorations ou de solutions sur les th\u00e9matiques abord\u00e9es.<\/p>\n\n\n\n<p>Les propositions de solutions ont \u00e9t\u00e9 pr\u00e9sent\u00e9es &nbsp;\u00e0 M.<strong> le Ministre de l\u2019Outre-Mer,&nbsp; M. le Pr\u00e9fet, Mme la Rectrice et aux \u00e9lus de la R\u00e9gion et Du d\u00e9partement.<\/strong><\/p>\n\n\n\n<p class=\"has-text-align-right\">\u00a0\u00a0\u00a0\u00a0\u00a0\u00a0\u00a0\u00a0\u00a0\u00a0\u00a0\u00a0\u00a0\u00a0\u00a0\u00a0\u00a0\u00a0\u00a0\u00a0\u00a0\u00a0\u00a0\u00a0\u00a0\u00a0\u00a0\u00a0\u00a0\u00a0\u00a0\u00a0\u00a0\u00a0\u00a0\u00a0\u00a0\u00a0\u00a0\u00a0\u00a0\u00a0\u00a0\u00a0\u00a0\u00a0\u00a0\u00a0\u00a0\u00a0\u00a0\u00a0\u00a0\u00a0\u00a0\u00a0\u00a0\u00a0\u00a0\u00a0\u00a0\u00a0\u00a0\u00a0\u00a0\u00a0\u00a0\u00a0\u00a0\u00a0\u00a0\u00a0\u00a0\u00a0\u00a0\u00a0\u00a0\u00a0\u00a0\u00a0\u00a0\u00a0\u00a0\u00a0             <strong>TECHER David (d\u00e9l\u00e9gu\u00e9 au CAVL et CNVL)<\/strong><\/p>\n\n\n\n<p class=\"has-text-align-right\"><strong>\u00a0HAMILCARO Louise (d\u00e9l\u00e9gu\u00e9e au CAVL)<\/strong><\/p>\n\n\n\n<p><\/p>\n\n\n\n<figure class=\"wp-block-image size-large is-resized\"><a href=\"https:\/\/etab.ac-reunion.fr\/lyc-sarda-garriga\/wp-content\/uploads\/sites\/98\/2023\/02\/IMG_8704-scaled.jpeg\" target=\"_blank\" rel=\"noreferrer noopener\"><img loading=\"lazy\" decoding=\"async\" src=\"https:\/\/etab.ac-reunion.fr\/lyc-sarda-garriga\/wp-content\/uploads\/sites\/98\/2023\/02\/IMG_8704-1024x768.jpeg\" alt=\"\" class=\"wp-image-6614\" width=\"829\" height=\"622\" srcset=\"https:\/\/etab.ac-reunion.fr\/lyc-sarda-garriga\/wp-content\/uploads\/sites\/98\/2023\/02\/IMG_8704-1024x768.jpeg 1024w, https:\/\/etab.ac-reunion.fr\/lyc-sarda-garriga\/wp-content\/uploads\/sites\/98\/2023\/02\/IMG_8704-300x225.jpeg 300w, https:\/\/etab.ac-reunion.fr\/lyc-sarda-garriga\/wp-content\/uploads\/sites\/98\/2023\/02\/IMG_8704-768x576.jpeg 768w, https:\/\/etab.ac-reunion.fr\/lyc-sarda-garriga\/wp-content\/uploads\/sites\/98\/2023\/02\/IMG_8704-1536x1152.jpeg 1536w, https:\/\/etab.ac-reunion.fr\/lyc-sarda-garriga\/wp-content\/uploads\/sites\/98\/2023\/02\/IMG_8704-2048x1536.jpeg 2048w\" sizes=\"auto, (max-width: 829px) 100vw, 829px\" \/><\/a><\/figure>\n\n\n\n<p><\/p>\n\n\n\n<p><strong><em><mark style=\"background-color:#7bdcb5\" class=\"has-inline-color\">Visite des d\u00e9l\u00e9gu\u00e9s du CVL au centre d&rsquo;incendie et de secours de SAINT-ANDRE le mercredi 14 d\u00e9cembre 2022.<\/mark><\/em><\/strong><\/p>\n\n\n\n<figure class=\"wp-block-image size-large\"><a href=\"https:\/\/etab.ac-reunion.fr\/lyc-sarda-garriga\/wp-content\/uploads\/sites\/98\/2022\/12\/IMG_6266-scaled.jpg\" target=\"_blank\" rel=\"noreferrer noopener\"><img loading=\"lazy\" decoding=\"async\" width=\"1024\" height=\"768\" src=\"https:\/\/etab.ac-reunion.fr\/lyc-sarda-garriga\/wp-content\/uploads\/sites\/98\/2022\/12\/IMG_6266-1024x768.jpg\" alt=\"\" class=\"wp-image-6556\" srcset=\"https:\/\/etab.ac-reunion.fr\/lyc-sarda-garriga\/wp-content\/uploads\/sites\/98\/2022\/12\/IMG_6266-1024x768.jpg 1024w, https:\/\/etab.ac-reunion.fr\/lyc-sarda-garriga\/wp-content\/uploads\/sites\/98\/2022\/12\/IMG_6266-300x225.jpg 300w, https:\/\/etab.ac-reunion.fr\/lyc-sarda-garriga\/wp-content\/uploads\/sites\/98\/2022\/12\/IMG_6266-768x576.jpg 768w, https:\/\/etab.ac-reunion.fr\/lyc-sarda-garriga\/wp-content\/uploads\/sites\/98\/2022\/12\/IMG_6266-1536x1152.jpg 1536w, https:\/\/etab.ac-reunion.fr\/lyc-sarda-garriga\/wp-content\/uploads\/sites\/98\/2022\/12\/IMG_6266-2048x1536.jpg 2048w\" sizes=\"auto, (max-width: 1024px) 100vw, 1024px\" \/><\/a><\/figure>\n","protected":false},"excerpt":{"rendered":"<p>Premier Conseil National de la vie Lyc\u00e9enne \u00e0 Paris le 02 et 03 f\u00e9vrier 2023 Dans le cadre de mes fonctions d&rsquo;\u00e9lu au CNVL, j\u2019ai particip\u00e9 au &nbsp;premier Conseil National de la Vie Lyc\u00e9enne qui s\u2019est d\u00e9roul\u00e9 \u00e0 PARIS, les 02 et 03 f\u00e9vrier 2023. Ce conseil&nbsp; pr\u00e9sid\u00e9 par M. le Ministre de l\u2019Education Nationale, [&hellip;]<\/p>\n","protected":false},"author":2934,"featured_media":6637,"parent":0,"menu_order":0,"comment_status":"closed","ping_status":"closed","template":"","meta":{"footnotes":"","_links_to":"","_links_to_target":""},"class_list":["post-6555","page","type-page","status-publish","has-post-thumbnail","hentry"],"_links":{"self":[{"href":"https:\/\/etab.ac-reunion.fr\/lyc-sarda-garriga\/wp-json\/wp\/v2\/pages\/6555","targetHints":{"allow":["GET"]}}],"collection":[{"href":"https:\/\/etab.ac-reunion.fr\/lyc-sarda-garriga\/wp-json\/wp\/v2\/pages"}],"about":[{"href":"https:\/\/etab.ac-reunion.fr\/lyc-sarda-garriga\/wp-json\/wp\/v2\/types\/page"}],"author":[{"embeddable":true,"href":"https:\/\/etab.ac-reunion.fr\/lyc-sarda-garriga\/wp-json\/wp\/v2\/users\/2934"}],"replies":[{"embeddable":true,"href":"https:\/\/etab.ac-reunion.fr\/lyc-sarda-garriga\/wp-json\/wp\/v2\/comments?post=6555"}],"version-history":[{"count":22,"href":"https:\/\/etab.ac-reunion.fr\/lyc-sarda-garriga\/wp-json\/wp\/v2\/pages\/6555\/revisions"}],"predecessor-version":[{"id":6646,"href":"https:\/\/etab.ac-reunion.fr\/lyc-sarda-garriga\/wp-json\/wp\/v2\/pages\/6555\/revisions\/6646"}],"wp:featuredmedia":[{"embeddable":true,"href":"https:\/\/etab.ac-reunion.fr\/lyc-sarda-garriga\/wp-json\/wp\/v2\/media\/6637"}],"wp:attachment":[{"href":"https:\/\/etab.ac-reunion.fr\/lyc-sarda-garriga\/wp-json\/wp\/v2\/media?parent=6555"}],"curies":[{"name":"wp","href":"https:\/\/api.w.org\/{rel}","templated":true}]}}