{"id":6647,"date":"2023-02-27T14:23:18","date_gmt":"2023-02-27T10:23:18","guid":{"rendered":"https:\/\/etab.ac-reunion.fr\/lyc-sarda-garriga\/?page_id=6647"},"modified":"2023-06-20T09:46:39","modified_gmt":"2023-06-20T05:46:39","slug":"cordees-de-la-reussite-fevrier-2023","status":"publish","type":"page","link":"https:\/\/etab.ac-reunion.fr\/lyc-sarda-garriga\/cordees-de-la-reussite-fevrier-2023\/","title":{"rendered":"Cord\u00e9es de la R\u00e9ussite 2023"},"content":{"rendered":"\n<p class=\"has-text-align-center\"><strong><mark style=\"background-color:#7bdcb5\" class=\"has-inline-color\">Sortie p\u00e9dagogique et culturelle Cord\u00e9es de la R\u00e9ussite !  Le 6 juin 2023<\/mark><\/strong><\/p>\n\n\n\n<p class=\"has-text-align-center\">Les 14 \u00e9l\u00e8ves de STMG faisant partis du dispositif \u00ab&nbsp;Les Cord\u00e9es de la R\u00e9ussite&nbsp;\u00bb et leur enseignante r\u00e9f\u00e9rente Mme PERNOT ont visit\u00e9 l&rsquo;IUT de Sainte-Pierre, mardi 6 juin 2023.&nbsp;<\/p>\n\n\n\n<p class=\"has-text-align-center\">Au programme : pr\u00e9sentations du BUT Techniques de Commercialisation et du BUT Gestion des Entreprises et des Administrations, suivi d&rsquo;un d\u00e9jeuner \u00e0 la cafet de l&rsquo;IUT.<\/p>\n\n\n\n<p class=\"has-text-align-center\">Sur le chemin du retour, les \u00e9l\u00e8ves ont eu plaisir \u00e0 visiter l&rsquo;Aquarium de Saint-Gilles !<\/p>\n\n\n\n<p class=\"has-text-align-center\"><mark style=\"background-color:#7bdcb5\" class=\"has-inline-color\"><strong>Les Cord\u00e9es de la R\u00e9ussite \u00e0 l\u2019honneur en f\u00e9vrier 2023<\/strong><\/mark><\/p>\n\n\n\n<p class=\"has-text-align-center\">Les 14 \u00e9l\u00e8ves de STMG faisant partis du dispositif \u00ab&nbsp;Les Cord\u00e9es de la R\u00e9ussite&nbsp;\u00bb et leur enseignante r\u00e9f\u00e9rente Mme PERNOT ont \u00e9t\u00e9 accueillis une journ\u00e9e au lyc\u00e9e Bellepierre o\u00f9 ils ont rencontr\u00e9 les enseignants et les \u00e9l\u00e8ves des fili\u00e8res post bac de la CPGE ECT, de la DCG et du BTS Comptabilit\u00e9 Gestion.<\/p>\n\n\n\n<p class=\"has-text-align-center\">Le dispositif des Cord\u00e9es de la r\u00e9ussite propose un accompagnement des \u00e9l\u00e8ves dans leur parcours d&rsquo;orientation. L&rsquo;objectif est d&rsquo;introduire une plus grande \u00e9quit\u00e9 sociale dans l&rsquo;acc\u00e8s aux formations de l&rsquo;enseignement sup\u00e9rieur.<\/p>\n\n\n\n<figure class=\"wp-block-image size-large\"><a href=\"https:\/\/etab.ac-reunion.fr\/lyc-sarda-garriga\/wp-content\/uploads\/sites\/98\/2023\/02\/20230203_145554.jpg\" target=\"_blank\" rel=\"noreferrer noopener\"><img loading=\"lazy\" decoding=\"async\" width=\"1024\" height=\"768\" src=\"https:\/\/etab.ac-reunion.fr\/lyc-sarda-garriga\/wp-content\/uploads\/sites\/98\/2023\/02\/20230203_145554-1024x768.jpg\" alt=\"\" class=\"wp-image-6648\" srcset=\"https:\/\/etab.ac-reunion.fr\/lyc-sarda-garriga\/wp-content\/uploads\/sites\/98\/2023\/02\/20230203_145554-1024x768.jpg 1024w, https:\/\/etab.ac-reunion.fr\/lyc-sarda-garriga\/wp-content\/uploads\/sites\/98\/2023\/02\/20230203_145554-300x225.jpg 300w, https:\/\/etab.ac-reunion.fr\/lyc-sarda-garriga\/wp-content\/uploads\/sites\/98\/2023\/02\/20230203_145554-768x576.jpg 768w, https:\/\/etab.ac-reunion.fr\/lyc-sarda-garriga\/wp-content\/uploads\/sites\/98\/2023\/02\/20230203_145554-1536x1152.jpg 1536w, https:\/\/etab.ac-reunion.fr\/lyc-sarda-garriga\/wp-content\/uploads\/sites\/98\/2023\/02\/20230203_145554.jpg 1600w\" sizes=\"auto, (max-width: 1024px) 100vw, 1024px\" \/><\/a><\/figure>\n","protected":false},"excerpt":{"rendered":"<p>Sortie p\u00e9dagogique et culturelle Cord\u00e9es de la R\u00e9ussite ! Le 6 juin 2023 Les 14 \u00e9l\u00e8ves de STMG faisant partis du dispositif \u00ab&nbsp;Les Cord\u00e9es de la R\u00e9ussite&nbsp;\u00bb et leur enseignante r\u00e9f\u00e9rente Mme PERNOT ont visit\u00e9 l&rsquo;IUT de Sainte-Pierre, mardi 6 juin 2023.&nbsp; Au programme : pr\u00e9sentations du BUT Techniques de Commercialisation et du BUT Gestion [&hellip;]<\/p>\n","protected":false},"author":2934,"featured_media":0,"parent":0,"menu_order":0,"comment_status":"closed","ping_status":"closed","template":"","meta":{"footnotes":"","_links_to":"","_links_to_target":""},"class_list":["post-6647","page","type-page","status-publish","hentry"],"_links":{"self":[{"href":"https:\/\/etab.ac-reunion.fr\/lyc-sarda-garriga\/wp-json\/wp\/v2\/pages\/6647","targetHints":{"allow":["GET"]}}],"collection":[{"href":"https:\/\/etab.ac-reunion.fr\/lyc-sarda-garriga\/wp-json\/wp\/v2\/pages"}],"about":[{"href":"https:\/\/etab.ac-reunion.fr\/lyc-sarda-garriga\/wp-json\/wp\/v2\/types\/page"}],"author":[{"embeddable":true,"href":"https:\/\/etab.ac-reunion.fr\/lyc-sarda-garriga\/wp-json\/wp\/v2\/users\/2934"}],"replies":[{"embeddable":true,"href":"https:\/\/etab.ac-reunion.fr\/lyc-sarda-garriga\/wp-json\/wp\/v2\/comments?post=6647"}],"version-history":[{"count":5,"href":"https:\/\/etab.ac-reunion.fr\/lyc-sarda-garriga\/wp-json\/wp\/v2\/pages\/6647\/revisions"}],"predecessor-version":[{"id":6923,"href":"https:\/\/etab.ac-reunion.fr\/lyc-sarda-garriga\/wp-json\/wp\/v2\/pages\/6647\/revisions\/6923"}],"wp:attachment":[{"href":"https:\/\/etab.ac-reunion.fr\/lyc-sarda-garriga\/wp-json\/wp\/v2\/media?parent=6647"}],"curies":[{"name":"wp","href":"https:\/\/api.w.org\/{rel}","templated":true}]}}