{"id":6668,"date":"2023-03-30T15:46:39","date_gmt":"2023-03-30T11:46:39","guid":{"rendered":"https:\/\/etab.ac-reunion.fr\/lyc-sarda-garriga\/?page_id=6668"},"modified":"2023-03-30T15:47:13","modified_gmt":"2023-03-30T11:47:13","slug":"canicross","status":"publish","type":"page","link":"https:\/\/etab.ac-reunion.fr\/lyc-sarda-garriga\/canicross\/","title":{"rendered":"Canicross"},"content":{"rendered":"\n<p>En partenariat avec l\u2019association <strong>\u00ab&nbsp;Les M\u2019Iles pattes<\/strong>&nbsp;\u00bb et la <strong>SPA<\/strong> de Sainte-Marie, un groupe d\u2019\u00e9l\u00e8ves du lyc\u00e9e SARDA GARRIGA a particip\u00e9 ce vendredi 24 mars de 09h00 \u00e0 11h00 \u00e0 un premier canicross.<\/p>\n\n\n\n<p>Sous une forte chaleur, dans la joie et la bonne humeur, chacun a donn\u00e9 son maximum. <\/p>\n\n\n\n<p>D\u2019autres dates sont programm\u00e9es au cours des ces prochains mois. Il est certain que nous serons plus nombreux les fois prochaines.<\/p>\n\n\n\n<div class=\"wp-block-file\"><a id=\"wp-block-file--media-3cc60e09-32e3-45e7-99ea-1e9994582356\" href=\"https:\/\/etab.ac-reunion.fr\/lyc-sarda-garriga\/wp-content\/uploads\/sites\/98\/2023\/03\/Canicross-du-vendredi-24-mars.pdf\" target=\"_blank\" rel=\"noreferrer noopener\">Canicross-du-vendredi-24-mars<\/a><a href=\"https:\/\/etab.ac-reunion.fr\/lyc-sarda-garriga\/wp-content\/uploads\/sites\/98\/2023\/03\/Canicross-du-vendredi-24-mars.pdf\" class=\"wp-block-file__button wp-element-button\" download aria-describedby=\"wp-block-file--media-3cc60e09-32e3-45e7-99ea-1e9994582356\"><\/a><\/div>\n\n\n\n<div data-wp-interactive=\"core\/file\" class=\"wp-block-file\"><object data-wp-bind--hidden=\"!state.hasPdfPreview\" hidden class=\"wp-block-file__embed\" data=\"https:\/\/etab.ac-reunion.fr\/lyc-sarda-garriga\/wp-content\/uploads\/sites\/98\/2023\/03\/Canicross-du-vendredi-24-mars.pdf\" type=\"application\/pdf\" style=\"width:100%;height:600px\" aria-label=\"Contenu embarqu\u00e9 Canicross-du-vendredi-24-mars.\"><\/object><a id=\"wp-block-file--media-cc7328c3-5876-4563-af2b-3b81fba8583c\" href=\"https:\/\/etab.ac-reunion.fr\/lyc-sarda-garriga\/wp-content\/uploads\/sites\/98\/2023\/03\/Canicross-du-vendredi-24-mars.pdf\">Canicross-du-vendredi-24-mars<\/a><a href=\"https:\/\/etab.ac-reunion.fr\/lyc-sarda-garriga\/wp-content\/uploads\/sites\/98\/2023\/03\/Canicross-du-vendredi-24-mars.pdf\" class=\"wp-block-file__button wp-element-button\" download aria-describedby=\"wp-block-file--media-cc7328c3-5876-4563-af2b-3b81fba8583c\">T\u00e9l\u00e9charger<\/a><\/div>\n","protected":false},"excerpt":{"rendered":"<p>En partenariat avec l\u2019association \u00ab&nbsp;Les M\u2019Iles pattes&nbsp;\u00bb et la SPA de Sainte-Marie, un groupe d\u2019\u00e9l\u00e8ves du lyc\u00e9e SARDA GARRIGA a particip\u00e9 ce vendredi 24 mars de 09h00 \u00e0 11h00 \u00e0 un premier canicross. Sous une forte chaleur, dans la joie et la bonne humeur, chacun a donn\u00e9 son maximum. D\u2019autres dates sont programm\u00e9es au cours [&hellip;]<\/p>\n","protected":false},"author":2934,"featured_media":0,"parent":0,"menu_order":0,"comment_status":"closed","ping_status":"closed","template":"","meta":{"footnotes":"","_links_to":"","_links_to_target":""},"class_list":["post-6668","page","type-page","status-publish","hentry"],"_links":{"self":[{"href":"https:\/\/etab.ac-reunion.fr\/lyc-sarda-garriga\/wp-json\/wp\/v2\/pages\/6668","targetHints":{"allow":["GET"]}}],"collection":[{"href":"https:\/\/etab.ac-reunion.fr\/lyc-sarda-garriga\/wp-json\/wp\/v2\/pages"}],"about":[{"href":"https:\/\/etab.ac-reunion.fr\/lyc-sarda-garriga\/wp-json\/wp\/v2\/types\/page"}],"author":[{"embeddable":true,"href":"https:\/\/etab.ac-reunion.fr\/lyc-sarda-garriga\/wp-json\/wp\/v2\/users\/2934"}],"replies":[{"embeddable":true,"href":"https:\/\/etab.ac-reunion.fr\/lyc-sarda-garriga\/wp-json\/wp\/v2\/comments?post=6668"}],"version-history":[{"count":3,"href":"https:\/\/etab.ac-reunion.fr\/lyc-sarda-garriga\/wp-json\/wp\/v2\/pages\/6668\/revisions"}],"predecessor-version":[{"id":6672,"href":"https:\/\/etab.ac-reunion.fr\/lyc-sarda-garriga\/wp-json\/wp\/v2\/pages\/6668\/revisions\/6672"}],"wp:attachment":[{"href":"https:\/\/etab.ac-reunion.fr\/lyc-sarda-garriga\/wp-json\/wp\/v2\/media?parent=6668"}],"curies":[{"name":"wp","href":"https:\/\/api.w.org\/{rel}","templated":true}]}}