{"id":6713,"date":"2023-04-03T11:31:28","date_gmt":"2023-04-03T07:31:28","guid":{"rendered":"https:\/\/etab.ac-reunion.fr\/lyc-sarda-garriga\/?page_id=6713"},"modified":"2023-06-05T09:01:31","modified_gmt":"2023-06-05T05:01:31","slug":"je-filme-le-metier-qui-me-plait-2023","status":"publish","type":"page","link":"https:\/\/etab.ac-reunion.fr\/lyc-sarda-garriga\/je-filme-le-metier-qui-me-plait-2023\/","title":{"rendered":"Je filme le m\u00e9tier qui me plait 2023"},"content":{"rendered":"\n<p class=\"has-text-align-center\"><strong><mark style=\"background-color:#7bdcb5\" class=\"has-inline-color has-black-color\"><strong>Le lyc\u00e9e SARDA GARRIGA en haut du podium !<\/strong><\/mark><\/strong><\/p>\n\n\n\n<p class=\"has-text-align-center\">Les d\u00e9l\u00e9gu\u00e9s du conseil de la vie lyc\u00e9enne ont particip\u00e9 le jeudi 1er juin 2023, \u00e0 la finale r\u00e9gionale du concours \u00ab\u00a0je filme le m\u00e9tier qui me pla\u00eet 2023\u00a0\u00bb \u00e0 l&rsquo;H\u00f4tel de R\u00e9gion. 9 films s\u00e9lectionn\u00e9s\u00a0pour la finale ont \u00e9t\u00e9 pr\u00e9sent\u00e9s devant un jury compos\u00e9 de professionnels du secteur de l&rsquo;audiovisuel, des repr\u00e9sentants de l&rsquo;Acad\u00e9mie et des repr\u00e9sentants de la R\u00e9gion et du Conseil d\u00e9partemental. Le court-m\u00e9trage de nos \u00e9l\u00e8ves,\u00a0valorisant le parcours d&rsquo;une femme exer\u00e7ant le m\u00e9tier de sapeur-pompier\u00a0\u00ab\u00a0tout feu, tout femme\u00a0\u00bb\u00a0\u00a0a remport\u00e9 le premier prix. Le film qui \u00e9tait \u00e9galement en comp\u00e9tition au niveau national s&rsquo;est vu d\u00e9cerner la mention sp\u00e9ciale du Jury. <\/p>\n\n\n\n<p class=\"has-text-align-center\"><strong>UN GRAND BRAVO<\/strong> \u00e0 nos cin\u00e9astes en herbe et \u00e0 l&rsquo;\u00e9quipe qui a accompagn\u00e9 les \u00e9l\u00e8ves (N. TAYLLAMIN CPE, L. HEBERT PsyEN, D. DEMAY Professeur, H. HAMILCARO Agent de maintenance Informatique).        <strong>Nos remerciements \u00e0 toutes et \u00e0 tous pour avoir soutenu , partag\u00e9, lik\u00e9 et comment\u00e9\u2026\u00a0le film de nos lyc\u00e9ens !<\/strong><\/p>\n\n\n\n<figure class=\"wp-block-image size-large is-resized\"><a href=\"https:\/\/etab.ac-reunion.fr\/lyc-sarda-garriga\/wp-content\/uploads\/sites\/98\/2023\/06\/2023.06.01.jefilmelemetierquimeplait-37.jpg\" target=\"_blank\" rel=\"noreferrer noopener\"><img loading=\"lazy\" decoding=\"async\" src=\"https:\/\/etab.ac-reunion.fr\/lyc-sarda-garriga\/wp-content\/uploads\/sites\/98\/2023\/06\/2023.06.01.jefilmelemetierquimeplait-37-1024x682.jpg\" alt=\"\" class=\"wp-image-6873\" width=\"841\" height=\"561\" srcset=\"https:\/\/etab.ac-reunion.fr\/lyc-sarda-garriga\/wp-content\/uploads\/sites\/98\/2023\/06\/2023.06.01.jefilmelemetierquimeplait-37-1024x682.jpg 1024w, https:\/\/etab.ac-reunion.fr\/lyc-sarda-garriga\/wp-content\/uploads\/sites\/98\/2023\/06\/2023.06.01.jefilmelemetierquimeplait-37-300x200.jpg 300w, https:\/\/etab.ac-reunion.fr\/lyc-sarda-garriga\/wp-content\/uploads\/sites\/98\/2023\/06\/2023.06.01.jefilmelemetierquimeplait-37-768x512.jpg 768w, https:\/\/etab.ac-reunion.fr\/lyc-sarda-garriga\/wp-content\/uploads\/sites\/98\/2023\/06\/2023.06.01.jefilmelemetierquimeplait-37-140x94.jpg 140w, https:\/\/etab.ac-reunion.fr\/lyc-sarda-garriga\/wp-content\/uploads\/sites\/98\/2023\/06\/2023.06.01.jefilmelemetierquimeplait-37.jpg 1400w\" sizes=\"auto, (max-width: 841px) 100vw, 841px\" \/><\/a><\/figure>\n\n\n\n<figure class=\"wp-block-image size-large is-resized\"><a href=\"https:\/\/etab.ac-reunion.fr\/lyc-sarda-garriga\/wp-content\/uploads\/sites\/98\/2023\/06\/2023.06.01.jefilmelemetierquimeplait-36.jpg\" target=\"_blank\" rel=\"noreferrer noopener\"><img loading=\"lazy\" decoding=\"async\" src=\"https:\/\/etab.ac-reunion.fr\/lyc-sarda-garriga\/wp-content\/uploads\/sites\/98\/2023\/06\/2023.06.01.jefilmelemetierquimeplait-36-1024x682.jpg\" alt=\"\" class=\"wp-image-6878\" width=\"839\" height=\"558\" srcset=\"https:\/\/etab.ac-reunion.fr\/lyc-sarda-garriga\/wp-content\/uploads\/sites\/98\/2023\/06\/2023.06.01.jefilmelemetierquimeplait-36-1024x682.jpg 1024w, https:\/\/etab.ac-reunion.fr\/lyc-sarda-garriga\/wp-content\/uploads\/sites\/98\/2023\/06\/2023.06.01.jefilmelemetierquimeplait-36-300x200.jpg 300w, https:\/\/etab.ac-reunion.fr\/lyc-sarda-garriga\/wp-content\/uploads\/sites\/98\/2023\/06\/2023.06.01.jefilmelemetierquimeplait-36-768x512.jpg 768w, https:\/\/etab.ac-reunion.fr\/lyc-sarda-garriga\/wp-content\/uploads\/sites\/98\/2023\/06\/2023.06.01.jefilmelemetierquimeplait-36-140x94.jpg 140w, https:\/\/etab.ac-reunion.fr\/lyc-sarda-garriga\/wp-content\/uploads\/sites\/98\/2023\/06\/2023.06.01.jefilmelemetierquimeplait-36.jpg 1400w\" sizes=\"auto, (max-width: 839px) 100vw, 839px\" \/><\/a><\/figure>\n\n\n\n<p class=\"has-text-align-center\"><strong><mark style=\"background-color:#8ed1fc\" class=\"has-inline-color has-black-color\">Nos lyc\u00e9ens ont  pr\u00e9sent\u00e9 un court m\u00e9trage\u00a0: \u00ab\u00a0TOUT FEU, TOUT FEMME !\u00a0\u00bb<\/mark><\/strong><\/p>\n\n\n\n<p>Cette ann\u00e9e 2023, \u00e0 la 16<sup>\u00e8me<\/sup> saison du concours \u00ab Je filme le m\u00e9tier qui me plait \u00bb, les lyc\u00e9ens de Sarda GARRIGA ont particip\u00e9 en pr\u00e9sentant un court m\u00e9trage&nbsp;: \u00ab&nbsp;TOUT FEU, TOUT FEMME !&nbsp;\u00bb. Notre court m\u00e9trage a franchi la 1<sup>\u00e8re<\/sup> \u00e9tape de s\u00e9lection. Nous avons jusqu\u2019au d\u00e9but mai pour obtenir le plus grand nombre de visites, de partages et de commentaires (voir le courrier ci-dessous). N\u2019h\u00e9sitez pas \u00e0 encourager nos lyc\u00e9ens&nbsp;: <a href=\"https:\/\/www.parcoursmetiers.tv\/video\/14918-tout-feu-tout-femme\" target=\"_blank\" rel=\"noreferrer noopener\">https:\/\/www.parcoursmetiers.tv\/video\/14918-tout-feu-tout-femme<\/a><\/p>\n\n\n\n<figure class=\"wp-block-image size-full is-resized\"><img loading=\"lazy\" decoding=\"async\" src=\"https:\/\/etab.ac-reunion.fr\/lyc-sarda-garriga\/wp-content\/uploads\/sites\/98\/2023\/04\/toutfeu.png\" alt=\"\" class=\"wp-image-6718\" width=\"837\" height=\"462\" srcset=\"https:\/\/etab.ac-reunion.fr\/lyc-sarda-garriga\/wp-content\/uploads\/sites\/98\/2023\/04\/toutfeu.png 873w, https:\/\/etab.ac-reunion.fr\/lyc-sarda-garriga\/wp-content\/uploads\/sites\/98\/2023\/04\/toutfeu-300x166.png 300w, https:\/\/etab.ac-reunion.fr\/lyc-sarda-garriga\/wp-content\/uploads\/sites\/98\/2023\/04\/toutfeu-768x425.png 768w\" sizes=\"auto, (max-width: 837px) 100vw, 837px\" \/><\/figure>\n\n\n\n<div class=\"wp-block-file\"><a id=\"wp-block-file--media-7d17533b-a03b-4a8e-ba3a-1b868eb78c2b\" href=\"https:\/\/etab.ac-reunion.fr\/lyc-sarda-garriga\/wp-content\/uploads\/sites\/98\/2023\/04\/Dossier-de-presse-concours-Je-filme-le-metier-qui-me-plait-2023-Lycee-SARDA-GARRIGA40423.pdf\" target=\"_blank\" rel=\"noreferrer noopener\">Dossier de presse concours Je filme le m\u00e9tier qui me pla\u00eet 2023 Lyc\u00e9e SARDA GARRIGA40423<\/a><a href=\"https:\/\/etab.ac-reunion.fr\/lyc-sarda-garriga\/wp-content\/uploads\/sites\/98\/2023\/04\/Dossier-de-presse-concours-Je-filme-le-metier-qui-me-plait-2023-Lycee-SARDA-GARRIGA40423.pdf\" class=\"wp-block-file__button wp-element-button\" download aria-describedby=\"wp-block-file--media-7d17533b-a03b-4a8e-ba3a-1b868eb78c2b\"><\/a><\/div>\n","protected":false},"excerpt":{"rendered":"<p>Le lyc\u00e9e SARDA GARRIGA en haut du podium ! Les d\u00e9l\u00e9gu\u00e9s du conseil de la vie lyc\u00e9enne ont particip\u00e9 le jeudi 1er juin 2023, \u00e0 la finale r\u00e9gionale du concours \u00ab\u00a0je filme le m\u00e9tier qui me pla\u00eet 2023\u00a0\u00bb \u00e0 l&rsquo;H\u00f4tel de R\u00e9gion. 9 films s\u00e9lectionn\u00e9s\u00a0pour la finale ont \u00e9t\u00e9 pr\u00e9sent\u00e9s devant un jury compos\u00e9 de [&hellip;]<\/p>\n","protected":false},"author":2934,"featured_media":6718,"parent":0,"menu_order":0,"comment_status":"closed","ping_status":"closed","template":"","meta":{"footnotes":"","_links_to":"","_links_to_target":""},"class_list":["post-6713","page","type-page","status-publish","has-post-thumbnail","hentry"],"_links":{"self":[{"href":"https:\/\/etab.ac-reunion.fr\/lyc-sarda-garriga\/wp-json\/wp\/v2\/pages\/6713","targetHints":{"allow":["GET"]}}],"collection":[{"href":"https:\/\/etab.ac-reunion.fr\/lyc-sarda-garriga\/wp-json\/wp\/v2\/pages"}],"about":[{"href":"https:\/\/etab.ac-reunion.fr\/lyc-sarda-garriga\/wp-json\/wp\/v2\/types\/page"}],"author":[{"embeddable":true,"href":"https:\/\/etab.ac-reunion.fr\/lyc-sarda-garriga\/wp-json\/wp\/v2\/users\/2934"}],"replies":[{"embeddable":true,"href":"https:\/\/etab.ac-reunion.fr\/lyc-sarda-garriga\/wp-json\/wp\/v2\/comments?post=6713"}],"version-history":[{"count":15,"href":"https:\/\/etab.ac-reunion.fr\/lyc-sarda-garriga\/wp-json\/wp\/v2\/pages\/6713\/revisions"}],"predecessor-version":[{"id":6885,"href":"https:\/\/etab.ac-reunion.fr\/lyc-sarda-garriga\/wp-json\/wp\/v2\/pages\/6713\/revisions\/6885"}],"wp:featuredmedia":[{"embeddable":true,"href":"https:\/\/etab.ac-reunion.fr\/lyc-sarda-garriga\/wp-json\/wp\/v2\/media\/6718"}],"wp:attachment":[{"href":"https:\/\/etab.ac-reunion.fr\/lyc-sarda-garriga\/wp-json\/wp\/v2\/media?parent=6713"}],"curies":[{"name":"wp","href":"https:\/\/api.w.org\/{rel}","templated":true}]}}