{"id":6736,"date":"2023-04-16T16:47:19","date_gmt":"2023-04-16T12:47:19","guid":{"rendered":"https:\/\/etab.ac-reunion.fr\/lyc-sarda-garriga\/?page_id=6736"},"modified":"2023-04-16T16:49:20","modified_gmt":"2023-04-16T12:49:20","slug":"semaine-de-la-presse-reportage-toilettes-dediees-aux-regles-2023","status":"publish","type":"page","link":"https:\/\/etab.ac-reunion.fr\/lyc-sarda-garriga\/semaine-de-la-presse-reportage-toilettes-dediees-aux-regles-2023\/","title":{"rendered":"Semaine de la presse &#8211; reportage : toilettes d\u00e9di\u00e9es aux r\u00e8gles &#8211; 2023"},"content":{"rendered":"\n<p><\/p>\n\n\n\n<p>Dans le cadre de la semaine de la presse, l&rsquo;\u00e9quipe de \u00ab\u00a0Period wave\u00a0\u00bb a r\u00e9dig\u00e9 un reportage photo pour informer la communaut\u00e9 \u00e9ducative de la cr\u00e9ation de nouvelles toilettes d\u00e9di\u00e9es aux r\u00e8gles.<\/p>\n\n\n\n<div class=\"wp-block-file\"><a id=\"wp-block-file--media-4df20b35-5932-4b2c-a9aa-3b8ce711f024\" href=\"https:\/\/etab.ac-reunion.fr\/lyc-sarda-garriga\/wp-content\/uploads\/sites\/98\/2023\/04\/Mediatiks-2023.pdf\">Mediatiks-2023<\/a><a href=\"https:\/\/etab.ac-reunion.fr\/lyc-sarda-garriga\/wp-content\/uploads\/sites\/98\/2023\/04\/Mediatiks-2023.pdf\" class=\"wp-block-file__button wp-element-button\" download aria-describedby=\"wp-block-file--media-4df20b35-5932-4b2c-a9aa-3b8ce711f024\">Fichier .pdf<\/a><\/div>\n\n\n\n<div data-wp-interactive=\"core\/file\" class=\"wp-block-file\"><object data-wp-bind--hidden=\"!state.hasPdfPreview\" hidden class=\"wp-block-file__embed\" data=\"https:\/\/etab.ac-reunion.fr\/lyc-sarda-garriga\/wp-content\/uploads\/sites\/98\/2023\/04\/Mediatiks-2023.pdf\" type=\"application\/pdf\" style=\"width:100%;height:600px\" aria-label=\"Contenu embarqu\u00e9 Mediatiks-2023.\"><\/object><a id=\"wp-block-file--media-4b536e2d-11c7-4151-9b7b-d1eb36640788\" href=\"https:\/\/etab.ac-reunion.fr\/lyc-sarda-garriga\/wp-content\/uploads\/sites\/98\/2023\/04\/Mediatiks-2023.pdf\">Mediatiks-2023<\/a><\/div>\n","protected":false},"excerpt":{"rendered":"<p>Dans le cadre de la semaine de la presse, l&rsquo;\u00e9quipe de \u00ab\u00a0Period wave\u00a0\u00bb a r\u00e9dig\u00e9 un reportage photo pour informer la communaut\u00e9 \u00e9ducative de la cr\u00e9ation de nouvelles toilettes d\u00e9di\u00e9es aux r\u00e8gles.<\/p>\n","protected":false},"author":2934,"featured_media":0,"parent":0,"menu_order":0,"comment_status":"closed","ping_status":"closed","template":"","meta":{"footnotes":"","_links_to":"","_links_to_target":""},"class_list":["post-6736","page","type-page","status-publish","hentry"],"_links":{"self":[{"href":"https:\/\/etab.ac-reunion.fr\/lyc-sarda-garriga\/wp-json\/wp\/v2\/pages\/6736","targetHints":{"allow":["GET"]}}],"collection":[{"href":"https:\/\/etab.ac-reunion.fr\/lyc-sarda-garriga\/wp-json\/wp\/v2\/pages"}],"about":[{"href":"https:\/\/etab.ac-reunion.fr\/lyc-sarda-garriga\/wp-json\/wp\/v2\/types\/page"}],"author":[{"embeddable":true,"href":"https:\/\/etab.ac-reunion.fr\/lyc-sarda-garriga\/wp-json\/wp\/v2\/users\/2934"}],"replies":[{"embeddable":true,"href":"https:\/\/etab.ac-reunion.fr\/lyc-sarda-garriga\/wp-json\/wp\/v2\/comments?post=6736"}],"version-history":[{"count":2,"href":"https:\/\/etab.ac-reunion.fr\/lyc-sarda-garriga\/wp-json\/wp\/v2\/pages\/6736\/revisions"}],"predecessor-version":[{"id":6739,"href":"https:\/\/etab.ac-reunion.fr\/lyc-sarda-garriga\/wp-json\/wp\/v2\/pages\/6736\/revisions\/6739"}],"wp:attachment":[{"href":"https:\/\/etab.ac-reunion.fr\/lyc-sarda-garriga\/wp-json\/wp\/v2\/media?parent=6736"}],"curies":[{"name":"wp","href":"https:\/\/api.w.org\/{rel}","templated":true}]}}