{"id":6797,"date":"2023-04-17T12:57:00","date_gmt":"2023-04-17T08:57:00","guid":{"rendered":"https:\/\/etab.ac-reunion.fr\/lyc-sarda-garriga\/?page_id=6797"},"modified":"2023-04-17T13:06:05","modified_gmt":"2023-04-17T09:06:05","slug":"journee-internationale-des-droits-de-la-femme-8-mars-2023","status":"publish","type":"page","link":"https:\/\/etab.ac-reunion.fr\/lyc-sarda-garriga\/journee-internationale-des-droits-de-la-femme-8-mars-2023\/","title":{"rendered":"Journ\u00e9e Internationale des Droits de la Femme &#8211; 8 mars 2023"},"content":{"rendered":"\n<p>Participation des \u00e9l\u00e8ves du lyc\u00e9e Sarda Garriga \u00e0 la <strong>Journ\u00e9e Internationale des Droits de la Femme<\/strong> lors d&rsquo;un projet initi\u00e9 par le CCAS de Saint Andr\u00e9. <\/p>\n\n\n\n<p>Pour cette occasion des \u00e9l\u00e8ves d&rsquo;une classe de seconde ont fait des recherches sur des th\u00e8mes touchants aux Droits des Femmes\u00a0 et ont partag\u00e9 le fruit de leur travail sur un mur d&rsquo;expression qu&rsquo;ils ont pr\u00e9sent\u00e9 aux habitants du quartier.<\/p>\n\n\n\n<p class=\"has-text-align-right\">Mme LIEGEY CPE<\/p>\n\n\n\n<figure class=\"wp-block-image size-large\"><a href=\"https:\/\/etab.ac-reunion.fr\/lyc-sarda-garriga\/wp-content\/uploads\/sites\/98\/2023\/04\/journee-du-8-mars-scaled.jpg\" target=\"_blank\" rel=\"noreferrer noopener\"><img loading=\"lazy\" decoding=\"async\" width=\"1024\" height=\"1024\" src=\"https:\/\/etab.ac-reunion.fr\/lyc-sarda-garriga\/wp-content\/uploads\/sites\/98\/2023\/04\/journee-du-8-mars-1024x1024.jpg\" alt=\"\" class=\"wp-image-6799\" srcset=\"https:\/\/etab.ac-reunion.fr\/lyc-sarda-garriga\/wp-content\/uploads\/sites\/98\/2023\/04\/journee-du-8-mars-1024x1024.jpg 1024w, https:\/\/etab.ac-reunion.fr\/lyc-sarda-garriga\/wp-content\/uploads\/sites\/98\/2023\/04\/journee-du-8-mars-300x300.jpg 300w, https:\/\/etab.ac-reunion.fr\/lyc-sarda-garriga\/wp-content\/uploads\/sites\/98\/2023\/04\/journee-du-8-mars-60x60.jpg 60w, https:\/\/etab.ac-reunion.fr\/lyc-sarda-garriga\/wp-content\/uploads\/sites\/98\/2023\/04\/journee-du-8-mars-768x768.jpg 768w, https:\/\/etab.ac-reunion.fr\/lyc-sarda-garriga\/wp-content\/uploads\/sites\/98\/2023\/04\/journee-du-8-mars-1536x1536.jpg 1536w, https:\/\/etab.ac-reunion.fr\/lyc-sarda-garriga\/wp-content\/uploads\/sites\/98\/2023\/04\/journee-du-8-mars-2048x2048.jpg 2048w, https:\/\/etab.ac-reunion.fr\/lyc-sarda-garriga\/wp-content\/uploads\/sites\/98\/2023\/04\/journee-du-8-mars-200x200.jpg 200w, https:\/\/etab.ac-reunion.fr\/lyc-sarda-garriga\/wp-content\/uploads\/sites\/98\/2023\/04\/journee-du-8-mars-130x130.jpg 130w, https:\/\/etab.ac-reunion.fr\/lyc-sarda-garriga\/wp-content\/uploads\/sites\/98\/2023\/04\/journee-du-8-mars-67x67.jpg 67w, https:\/\/etab.ac-reunion.fr\/lyc-sarda-garriga\/wp-content\/uploads\/sites\/98\/2023\/04\/journee-du-8-mars-40x40.jpg 40w, https:\/\/etab.ac-reunion.fr\/lyc-sarda-garriga\/wp-content\/uploads\/sites\/98\/2023\/04\/journee-du-8-mars-184x184.jpg 184w\" sizes=\"auto, (max-width: 1024px) 100vw, 1024px\" \/><\/a><\/figure>\n","protected":false},"excerpt":{"rendered":"<p>Participation des \u00e9l\u00e8ves du lyc\u00e9e Sarda Garriga \u00e0 la Journ\u00e9e Internationale des Droits de la Femme lors d&rsquo;un projet initi\u00e9 par le CCAS de Saint Andr\u00e9. Pour cette occasion des \u00e9l\u00e8ves d&rsquo;une classe de seconde ont fait des recherches sur des th\u00e8mes touchants aux Droits des Femmes\u00a0 et ont partag\u00e9 le fruit de leur travail [&hellip;]<\/p>\n","protected":false},"author":2934,"featured_media":0,"parent":0,"menu_order":0,"comment_status":"closed","ping_status":"closed","template":"","meta":{"footnotes":"","_links_to":"","_links_to_target":""},"class_list":["post-6797","page","type-page","status-publish","hentry"],"_links":{"self":[{"href":"https:\/\/etab.ac-reunion.fr\/lyc-sarda-garriga\/wp-json\/wp\/v2\/pages\/6797","targetHints":{"allow":["GET"]}}],"collection":[{"href":"https:\/\/etab.ac-reunion.fr\/lyc-sarda-garriga\/wp-json\/wp\/v2\/pages"}],"about":[{"href":"https:\/\/etab.ac-reunion.fr\/lyc-sarda-garriga\/wp-json\/wp\/v2\/types\/page"}],"author":[{"embeddable":true,"href":"https:\/\/etab.ac-reunion.fr\/lyc-sarda-garriga\/wp-json\/wp\/v2\/users\/2934"}],"replies":[{"embeddable":true,"href":"https:\/\/etab.ac-reunion.fr\/lyc-sarda-garriga\/wp-json\/wp\/v2\/comments?post=6797"}],"version-history":[{"count":4,"href":"https:\/\/etab.ac-reunion.fr\/lyc-sarda-garriga\/wp-json\/wp\/v2\/pages\/6797\/revisions"}],"predecessor-version":[{"id":6805,"href":"https:\/\/etab.ac-reunion.fr\/lyc-sarda-garriga\/wp-json\/wp\/v2\/pages\/6797\/revisions\/6805"}],"wp:attachment":[{"href":"https:\/\/etab.ac-reunion.fr\/lyc-sarda-garriga\/wp-json\/wp\/v2\/media?parent=6797"}],"curies":[{"name":"wp","href":"https:\/\/api.w.org\/{rel}","templated":true}]}}