{"id":6819,"date":"2023-05-04T23:18:07","date_gmt":"2023-05-04T19:18:07","guid":{"rendered":"https:\/\/etab.ac-reunion.fr\/lyc-sarda-garriga\/?page_id=6819"},"modified":"2023-09-03T17:10:02","modified_gmt":"2023-09-03T13:10:02","slug":"olympiades-de-geosciences-2023","status":"publish","type":"page","link":"https:\/\/etab.ac-reunion.fr\/lyc-sarda-garriga\/olympiades-de-geosciences-2023\/","title":{"rendered":"Olympiades de G\u00e9osciences 2023"},"content":{"rendered":"\n<p><\/p>\n\n\n\n<p>La 17\u00e8me \u00e9dition des Olympiades de G\u00e9osciences s&rsquo;est d\u00e9roul\u00e9e cette ann\u00e9e le 10 mars avec 252 participants de 16 lyc\u00e9es de l&rsquo;\u00eele.<\/p>\n\n\n\n<p>Ces Olympiades sont l&rsquo;occasion de faire prendre conscience aux \u00e9l\u00e8ves du r\u00f4le des G\u00e9osciences \u00e0 la fois pour la culture scientifique mais \u00e9galement la d\u00e9couverte des m\u00e9tiers qui s&rsquo;y rapportent.<\/p>\n\n\n\n<p>Parmi les 10 premiers laur\u00e9ats acad\u00e9miques, 2 \u00e9l\u00e8ves du lyc\u00e9e Sarda Garriga ont \u00e9t\u00e9 class\u00e9es :<\/p>\n\n\n\n<p>&#8211; GRONDIN Emma (2\u00e8me)<\/p>\n\n\n\n<p>&#8211; MURARO Shanon Stella (6\u00e8me)<\/p>\n\n\n\n<p>Elles ont re\u00e7u une r\u00e9compense acad\u00e9mique lors d&rsquo;une c\u00e9r\u00e9monie qui s&rsquo;est d\u00e9roul\u00e9e le mercredi 28 juin 2023 \u00e0 la Facult\u00e9 des Sciences de L&rsquo;Universit\u00e9 de la R\u00e9union, en pr\u00e9sence de notre IA-IPR de SVT, M. MENARD et de scientifiques de l&rsquo;Universit\u00e9.  <\/p>\n\n\n\n<p class=\"has-text-align-left\">Bravo donc \u00e0 nos deux brillantes \u00e9l\u00e8ves ainsi que tout le groupe d&rsquo;\u00e9l\u00e8ves de 1\u00e8re du lyc\u00e9e qui a particip\u00e9 avec enthousiasme \u00e0 ce concours.<\/p>\n\n\n\n<p class=\"has-text-align-right\">\u00c9quipe de SVT du Lyc\u00e9e Sarda Garriga.<\/p>\n\n\n\n<figure class=\"wp-block-image size-large\"><a href=\"https:\/\/etab.ac-reunion.fr\/lyc-sarda-garriga\/wp-content\/uploads\/sites\/98\/2023\/09\/Ceremonie-Geosciences-28-juin-2023.jpg\"><img loading=\"lazy\" decoding=\"async\" width=\"1024\" height=\"813\" src=\"https:\/\/etab.ac-reunion.fr\/lyc-sarda-garriga\/wp-content\/uploads\/sites\/98\/2023\/09\/Ceremonie-Geosciences-28-juin-2023-1024x813.jpg\" alt=\"\" class=\"wp-image-6967\" srcset=\"https:\/\/etab.ac-reunion.fr\/lyc-sarda-garriga\/wp-content\/uploads\/sites\/98\/2023\/09\/Ceremonie-Geosciences-28-juin-2023-1024x813.jpg 1024w, https:\/\/etab.ac-reunion.fr\/lyc-sarda-garriga\/wp-content\/uploads\/sites\/98\/2023\/09\/Ceremonie-Geosciences-28-juin-2023-300x238.jpg 300w, https:\/\/etab.ac-reunion.fr\/lyc-sarda-garriga\/wp-content\/uploads\/sites\/98\/2023\/09\/Ceremonie-Geosciences-28-juin-2023-768x610.jpg 768w, https:\/\/etab.ac-reunion.fr\/lyc-sarda-garriga\/wp-content\/uploads\/sites\/98\/2023\/09\/Ceremonie-Geosciences-28-juin-2023-1536x1219.jpg 1536w, https:\/\/etab.ac-reunion.fr\/lyc-sarda-garriga\/wp-content\/uploads\/sites\/98\/2023\/09\/Ceremonie-Geosciences-28-juin-2023.jpg 1600w\" sizes=\"auto, (max-width: 1024px) 100vw, 1024px\" \/><\/a><\/figure>\n","protected":false},"excerpt":{"rendered":"<p>La 17\u00e8me \u00e9dition des Olympiades de G\u00e9osciences s&rsquo;est d\u00e9roul\u00e9e cette ann\u00e9e le 10 mars avec 252 participants de 16 lyc\u00e9es de l&rsquo;\u00eele. Ces Olympiades sont l&rsquo;occasion de faire prendre conscience aux \u00e9l\u00e8ves du r\u00f4le des G\u00e9osciences \u00e0 la fois pour la culture scientifique mais \u00e9galement la d\u00e9couverte des m\u00e9tiers qui s&rsquo;y rapportent. Parmi les 10 [&hellip;]<\/p>\n","protected":false},"author":2934,"featured_media":0,"parent":0,"menu_order":0,"comment_status":"closed","ping_status":"closed","template":"","meta":{"footnotes":"","_links_to":"","_links_to_target":""},"class_list":["post-6819","page","type-page","status-publish","hentry"],"_links":{"self":[{"href":"https:\/\/etab.ac-reunion.fr\/lyc-sarda-garriga\/wp-json\/wp\/v2\/pages\/6819","targetHints":{"allow":["GET"]}}],"collection":[{"href":"https:\/\/etab.ac-reunion.fr\/lyc-sarda-garriga\/wp-json\/wp\/v2\/pages"}],"about":[{"href":"https:\/\/etab.ac-reunion.fr\/lyc-sarda-garriga\/wp-json\/wp\/v2\/types\/page"}],"author":[{"embeddable":true,"href":"https:\/\/etab.ac-reunion.fr\/lyc-sarda-garriga\/wp-json\/wp\/v2\/users\/2934"}],"replies":[{"embeddable":true,"href":"https:\/\/etab.ac-reunion.fr\/lyc-sarda-garriga\/wp-json\/wp\/v2\/comments?post=6819"}],"version-history":[{"count":3,"href":"https:\/\/etab.ac-reunion.fr\/lyc-sarda-garriga\/wp-json\/wp\/v2\/pages\/6819\/revisions"}],"predecessor-version":[{"id":6969,"href":"https:\/\/etab.ac-reunion.fr\/lyc-sarda-garriga\/wp-json\/wp\/v2\/pages\/6819\/revisions\/6969"}],"wp:attachment":[{"href":"https:\/\/etab.ac-reunion.fr\/lyc-sarda-garriga\/wp-json\/wp\/v2\/media?parent=6819"}],"curies":[{"name":"wp","href":"https:\/\/api.w.org\/{rel}","templated":true}]}}