{"id":6837,"date":"2023-05-30T14:35:45","date_gmt":"2023-05-30T10:35:45","guid":{"rendered":"https:\/\/etab.ac-reunion.fr\/lyc-sarda-garriga\/?page_id=6837"},"modified":"2025-05-22T10:00:33","modified_gmt":"2025-05-22T06:00:33","slug":"sortie-culturelle-2023","status":"publish","type":"page","link":"https:\/\/etab.ac-reunion.fr\/lyc-sarda-garriga\/sortie-culturelle-2023\/","title":{"rendered":"2023\/05\/11 Sortie culturelle Mus\u00e9e Stella Matutina et K\u00e9lonia"},"content":{"rendered":"\n<p>\u00ab\u00a0Le jeudi 11 mai 2023, les \u00e9tudiants de la <strong>CPES et les Terminales STMG Cord\u00e9es de la R\u00e9ussite<\/strong> ont effectu\u00e9 une sortie culturelle autour de la d\u00e9couverte de l&rsquo;histoire r\u00e9unionnaise au<strong> Mus\u00e9e Stella Matutina <\/strong>et ont \u00e9t\u00e9 sensibilis\u00e9s \u00e0 la protection des tortues marines au centre de recherche et de soins de<strong> K\u00e9lonia<\/strong>\u00ab\u00a0.<\/p>\n\n\n\n<figure class=\"wp-block-image size-large is-resized\"><a href=\"https:\/\/etab.ac-reunion.fr\/lyc-sarda-garriga\/wp-content\/uploads\/sites\/98\/2023\/05\/IMG_3693.jpg\" target=\"_blank\" rel=\"noreferrer noopener\"><img loading=\"lazy\" decoding=\"async\" width=\"837\" height=\"1024\" src=\"https:\/\/etab.ac-reunion.fr\/lyc-sarda-garriga\/wp-content\/uploads\/sites\/98\/2023\/05\/IMG_3693-837x1024.jpg\" alt=\"\" class=\"wp-image-6838\" style=\"width:415px;height:508px\" srcset=\"https:\/\/etab.ac-reunion.fr\/lyc-sarda-garriga\/wp-content\/uploads\/sites\/98\/2023\/05\/IMG_3693-837x1024.jpg 837w, https:\/\/etab.ac-reunion.fr\/lyc-sarda-garriga\/wp-content\/uploads\/sites\/98\/2023\/05\/IMG_3693-245x300.jpg 245w, https:\/\/etab.ac-reunion.fr\/lyc-sarda-garriga\/wp-content\/uploads\/sites\/98\/2023\/05\/IMG_3693-768x940.jpg 768w, https:\/\/etab.ac-reunion.fr\/lyc-sarda-garriga\/wp-content\/uploads\/sites\/98\/2023\/05\/IMG_3693-140x170.jpg 140w, https:\/\/etab.ac-reunion.fr\/lyc-sarda-garriga\/wp-content\/uploads\/sites\/98\/2023\/05\/IMG_3693.jpg 1242w\" sizes=\"auto, (max-width: 837px) 100vw, 837px\" \/><\/a><\/figure>\n\n\n\n<div class=\"wp-block-file\"><a id=\"wp-block-file--media-be851775-276c-4769-b574-b92b0f605324\" href=\"https:\/\/etab.ac-reunion.fr\/lyc-sarda-garriga\/wp-content\/uploads\/sites\/98\/2023\/05\/CR_Sortie-Culturelle_CPES-Cordees-Reussite-reduit.pdf\">CR_Sortie-Culturelle_CPES-Cordees-Reussite-reduit<\/a><\/div>\n\n\n\n<div data-wp-interactive=\"core\/file\" class=\"wp-block-file\"><object data-wp-bind--hidden=\"!state.hasPdfPreview\" hidden class=\"wp-block-file__embed\" data=\"https:\/\/etab.ac-reunion.fr\/lyc-sarda-garriga\/wp-content\/uploads\/sites\/98\/2023\/05\/CR_Sortie-Culturelle_CPES-Cordees-Reussite-reduit.pdf\" type=\"application\/pdf\" style=\"width:100%;height:600px\" aria-label=\"Contenu embarqu\u00e9 CR_Sortie-Culturelle_CPES-Cordees-Reussite-reduit.\"><\/object><a id=\"wp-block-file--media-5c4b8f4c-4a29-492b-897c-d32d8ac1d9cc\" href=\"https:\/\/etab.ac-reunion.fr\/lyc-sarda-garriga\/wp-content\/uploads\/sites\/98\/2023\/05\/CR_Sortie-Culturelle_CPES-Cordees-Reussite-reduit.pdf\">CR_Sortie-Culturelle_CPES-Cordees-Reussite-reduit<\/a><\/div>\n","protected":false},"excerpt":{"rendered":"<p>\u00ab\u00a0Le jeudi 11 mai 2023, les \u00e9tudiants de la CPES et les Terminales STMG Cord\u00e9es de la R\u00e9ussite ont effectu\u00e9 une sortie culturelle autour de la d\u00e9couverte de l&rsquo;histoire r\u00e9unionnaise au Mus\u00e9e Stella Matutina et ont \u00e9t\u00e9 sensibilis\u00e9s \u00e0 la protection des tortues marines au centre de recherche et de soins de K\u00e9lonia\u00ab\u00a0.<\/p>\n","protected":false},"author":2934,"featured_media":0,"parent":0,"menu_order":0,"comment_status":"closed","ping_status":"closed","template":"","meta":{"footnotes":"","_links_to":"","_links_to_target":""},"class_list":["post-6837","page","type-page","status-publish","hentry"],"_links":{"self":[{"href":"https:\/\/etab.ac-reunion.fr\/lyc-sarda-garriga\/wp-json\/wp\/v2\/pages\/6837","targetHints":{"allow":["GET"]}}],"collection":[{"href":"https:\/\/etab.ac-reunion.fr\/lyc-sarda-garriga\/wp-json\/wp\/v2\/pages"}],"about":[{"href":"https:\/\/etab.ac-reunion.fr\/lyc-sarda-garriga\/wp-json\/wp\/v2\/types\/page"}],"author":[{"embeddable":true,"href":"https:\/\/etab.ac-reunion.fr\/lyc-sarda-garriga\/wp-json\/wp\/v2\/users\/2934"}],"replies":[{"embeddable":true,"href":"https:\/\/etab.ac-reunion.fr\/lyc-sarda-garriga\/wp-json\/wp\/v2\/comments?post=6837"}],"version-history":[{"count":5,"href":"https:\/\/etab.ac-reunion.fr\/lyc-sarda-garriga\/wp-json\/wp\/v2\/pages\/6837\/revisions"}],"predecessor-version":[{"id":9004,"href":"https:\/\/etab.ac-reunion.fr\/lyc-sarda-garriga\/wp-json\/wp\/v2\/pages\/6837\/revisions\/9004"}],"wp:attachment":[{"href":"https:\/\/etab.ac-reunion.fr\/lyc-sarda-garriga\/wp-json\/wp\/v2\/media?parent=6837"}],"curies":[{"name":"wp","href":"https:\/\/api.w.org\/{rel}","templated":true}]}}