{"id":7028,"date":"2023-09-14T13:43:32","date_gmt":"2023-09-14T09:43:32","guid":{"rendered":"https:\/\/etab.ac-reunion.fr\/lyc-sarda-garriga\/?page_id=7028"},"modified":"2023-09-14T13:54:35","modified_gmt":"2023-09-14T09:54:35","slug":"afrique-du-sud-2024","status":"publish","type":"page","link":"https:\/\/etab.ac-reunion.fr\/lyc-sarda-garriga\/afrique-du-sud-2024\/","title":{"rendered":"Afrique du Sud 2024 &#8211; \u00e9l\u00e8ves de 2nde"},"content":{"rendered":"\n<p class=\"has-text-align-center\"><\/p>\n\n\n\n<p class=\"has-text-align-left\"><strong><mark class=\"has-inline-color has-luminous-vivid-orange-color\">Aux \u00e9l\u00e8ves de seconde <\/mark><\/strong>qui souhaitent s&rsquo;inscrire au voyage en Afrique du Sud<strong><mark class=\"has-inline-color has-luminous-vivid-orange-color\"> du 12 au 26 mai 2024 : <\/mark><\/strong>il n&rsquo;est pas trop tard ! Vous trouverez ci dessous les documents qui vous manquent peut-\u00eatre encore et que vous devez<strong><mark class=\"has-inline-color has-luminous-vivid-orange-color\"> nous rendre avant le 29 septembre 2023<\/mark><\/strong>. Votre dossier doit \u00eatre complet ! Il y a aussi l&rsquo;\u00e9ch\u00e9ancier ainsi que quelques documents que nous avons mis \u00e0 jour : lisez-les attentivement, nous avons ajout\u00e9 <strong><mark class=\"has-inline-color has-luminous-vivid-orange-color\">une r\u00e9union pour les parents.<\/mark><\/strong><\/p>\n\n\n\n<p class=\"has-text-align-right\"><br>Mme Sylvie CAILLERET et M. Philippe ROULPH<\/p>\n\n\n\n<div class=\"wp-block-file\"><a id=\"wp-block-file--media-a4adb001-ae6d-4928-8852-808303686704\" href=\"https:\/\/etab.ac-reunion.fr\/lyc-sarda-garriga\/wp-content\/uploads\/sites\/98\/2023\/09\/Fiche-inscription-2024.pdf\" target=\"_blank\" rel=\"noreferrer noopener\">Fiche-inscription-2024<\/a><a href=\"https:\/\/etab.ac-reunion.fr\/lyc-sarda-garriga\/wp-content\/uploads\/sites\/98\/2023\/09\/Fiche-inscription-2024.pdf\" class=\"wp-block-file__button wp-element-button\" download aria-describedby=\"wp-block-file--media-a4adb001-ae6d-4928-8852-808303686704\">T\u00e9l\u00e9charger<\/a><\/div>\n\n\n\n<p><\/p>\n\n\n\n<div class=\"wp-block-file\"><a id=\"wp-block-file--media-3c2519d1-65e2-4ec4-8a3b-4a9c86c65139\" href=\"https:\/\/etab.ac-reunion.fr\/lyc-sarda-garriga\/wp-content\/uploads\/sites\/98\/2023\/09\/autorisation-rectorat.pdf\">autorisation-rectorat<\/a><a href=\"https:\/\/etab.ac-reunion.fr\/lyc-sarda-garriga\/wp-content\/uploads\/sites\/98\/2023\/09\/autorisation-rectorat.pdf\" class=\"wp-block-file__button wp-element-button\" download aria-describedby=\"wp-block-file--media-3c2519d1-65e2-4ec4-8a3b-4a9c86c65139\">T\u00e9l\u00e9charger<\/a><\/div>\n\n\n\n<p><\/p>\n\n\n\n<div class=\"wp-block-file\"><a id=\"wp-block-file--media-0392c5bd-74ff-48c1-b0a0-a7272cac048d\" href=\"https:\/\/etab.ac-reunion.fr\/lyc-sarda-garriga\/wp-content\/uploads\/sites\/98\/2023\/09\/Autorisations-parentales-obligatoires-Document-3.pdf\">Autorisations-parentales-obligatoires-Document-3<\/a><a href=\"https:\/\/etab.ac-reunion.fr\/lyc-sarda-garriga\/wp-content\/uploads\/sites\/98\/2023\/09\/Autorisations-parentales-obligatoires-Document-3.pdf\" class=\"wp-block-file__button wp-element-button\" download aria-describedby=\"wp-block-file--media-0392c5bd-74ff-48c1-b0a0-a7272cac048d\">T\u00e9l\u00e9charger<\/a><\/div>\n\n\n\n<p><\/p>\n\n\n\n<div class=\"wp-block-file\"><a id=\"wp-block-file--media-8c2aa439-1636-48e0-ade0-d687c984b5d5\" href=\"https:\/\/etab.ac-reunion.fr\/lyc-sarda-garriga\/wp-content\/uploads\/sites\/98\/2023\/09\/Echeancier-et-Infos-a-conserver-.pdf\">Echeancier-et-Infos-a-conserver-<\/a><a href=\"https:\/\/etab.ac-reunion.fr\/lyc-sarda-garriga\/wp-content\/uploads\/sites\/98\/2023\/09\/Echeancier-et-Infos-a-conserver-.pdf\" class=\"wp-block-file__button wp-element-button\" download aria-describedby=\"wp-block-file--media-8c2aa439-1636-48e0-ade0-d687c984b5d5\">T\u00e9l\u00e9charger<\/a><\/div>\n\n\n\n<p><\/p>\n\n\n\n<div data-wp-interactive=\"core\/file\" class=\"wp-block-file\"><object data-wp-bind--hidden=\"!state.hasPdfPreview\" hidden class=\"wp-block-file__embed\" data=\"https:\/\/etab.ac-reunion.fr\/lyc-sarda-garriga\/wp-content\/uploads\/sites\/98\/2023\/09\/Echeancier-et-Infos-a-conserver-.pdf\" type=\"application\/pdf\" style=\"width:100%;height:600px\" aria-label=\"Contenu embarqu\u00e9 Echeancier-et-Infos-a-conserver-.\"><\/object><a id=\"wp-block-file--media-ef050115-b8aa-4871-aa23-9b3cdc421692\" href=\"https:\/\/etab.ac-reunion.fr\/lyc-sarda-garriga\/wp-content\/uploads\/sites\/98\/2023\/09\/Echeancier-et-Infos-a-conserver-.pdf\">Echeancier-et-Infos-a-conserver-<\/a><a href=\"https:\/\/etab.ac-reunion.fr\/lyc-sarda-garriga\/wp-content\/uploads\/sites\/98\/2023\/09\/Echeancier-et-Infos-a-conserver-.pdf\" class=\"wp-block-file__button wp-element-button\" download aria-describedby=\"wp-block-file--media-ef050115-b8aa-4871-aa23-9b3cdc421692\">T\u00e9l\u00e9charger<\/a><\/div>\n","protected":false},"excerpt":{"rendered":"<p>Aux \u00e9l\u00e8ves de seconde qui souhaitent s&rsquo;inscrire au voyage en Afrique du Sud du 12 au 26 mai 2024 : il n&rsquo;est pas trop tard ! Vous trouverez ci dessous les documents qui vous manquent peut-\u00eatre encore et que vous devez nous rendre avant le 29 septembre 2023. Votre dossier doit \u00eatre complet ! Il [&hellip;]<\/p>\n","protected":false},"author":2934,"featured_media":0,"parent":0,"menu_order":0,"comment_status":"closed","ping_status":"closed","template":"","meta":{"footnotes":"","_links_to":"","_links_to_target":""},"class_list":["post-7028","page","type-page","status-publish","hentry"],"_links":{"self":[{"href":"https:\/\/etab.ac-reunion.fr\/lyc-sarda-garriga\/wp-json\/wp\/v2\/pages\/7028","targetHints":{"allow":["GET"]}}],"collection":[{"href":"https:\/\/etab.ac-reunion.fr\/lyc-sarda-garriga\/wp-json\/wp\/v2\/pages"}],"about":[{"href":"https:\/\/etab.ac-reunion.fr\/lyc-sarda-garriga\/wp-json\/wp\/v2\/types\/page"}],"author":[{"embeddable":true,"href":"https:\/\/etab.ac-reunion.fr\/lyc-sarda-garriga\/wp-json\/wp\/v2\/users\/2934"}],"replies":[{"embeddable":true,"href":"https:\/\/etab.ac-reunion.fr\/lyc-sarda-garriga\/wp-json\/wp\/v2\/comments?post=7028"}],"version-history":[{"count":6,"href":"https:\/\/etab.ac-reunion.fr\/lyc-sarda-garriga\/wp-json\/wp\/v2\/pages\/7028\/revisions"}],"predecessor-version":[{"id":7041,"href":"https:\/\/etab.ac-reunion.fr\/lyc-sarda-garriga\/wp-json\/wp\/v2\/pages\/7028\/revisions\/7041"}],"wp:attachment":[{"href":"https:\/\/etab.ac-reunion.fr\/lyc-sarda-garriga\/wp-json\/wp\/v2\/media?parent=7028"}],"curies":[{"name":"wp","href":"https:\/\/api.w.org\/{rel}","templated":true}]}}