{"id":7252,"date":"2024-01-25T19:05:00","date_gmt":"2024-01-25T15:05:00","guid":{"rendered":"https:\/\/etab.ac-reunion.fr\/lyc-sarda-garriga\/?page_id=7252"},"modified":"2024-01-25T19:24:24","modified_gmt":"2024-01-25T15:24:24","slug":"formation-problematique-du-harcelement-avec-lekol-du-bonheur-et-le-jade-15-12-23","status":"publish","type":"page","link":"https:\/\/etab.ac-reunion.fr\/lyc-sarda-garriga\/sites-pedagogiques\/formation-problematique-du-harcelement-avec-lekol-du-bonheur-et-le-jade-15-12-23\/","title":{"rendered":"Formation probl\u00e9matique du Harc\u00e8lement avec LEKOL DU BONHEUR et le JADE &#8211; 15\/12\/23"},"content":{"rendered":"\n<p>Vendredi 15 d\u00e9cembre 2023, trois \u00e9l\u00e8ves de Secondes ont accept\u00e9 de se former \u00e0 la probl\u00e9matique du Harc\u00e8lement avec LEKOL DU BONHEUR et le JADE , Jeunes Ambassadeurs des Droits de l&rsquo;Enfant.<\/p>\n\n\n\n<p>Th\u00e9orie et Pratique pour leur permettre de mieux appr\u00e9hender les situations de Harc\u00e8lement de leurs pairs.\u00a0<\/p>\n\n\n\n<p>Merci \u00e0 eux pour leur engagement\u00a0<\/p>\n\n\n\n<figure class=\"wp-block-image size-full is-resized is-style-default\"><a href=\"https:\/\/etab.ac-reunion.fr\/lyc-sarda-garriga\/wp-content\/uploads\/sites\/98\/2024\/01\/IMG_5967.jpg\" target=\"_blank\" rel=\"noreferrer noopener\"><img loading=\"lazy\" decoding=\"async\" width=\"640\" height=\"480\" src=\"https:\/\/etab.ac-reunion.fr\/lyc-sarda-garriga\/wp-content\/uploads\/sites\/98\/2024\/01\/IMG_5967.jpg\" alt=\"\" class=\"wp-image-7253\" style=\"width:1117px;height:auto\" srcset=\"https:\/\/etab.ac-reunion.fr\/lyc-sarda-garriga\/wp-content\/uploads\/sites\/98\/2024\/01\/IMG_5967.jpg 640w, https:\/\/etab.ac-reunion.fr\/lyc-sarda-garriga\/wp-content\/uploads\/sites\/98\/2024\/01\/IMG_5967-300x225.jpg 300w\" sizes=\"auto, (max-width: 640px) 100vw, 640px\" \/><\/a><\/figure>\n","protected":false},"excerpt":{"rendered":"<p>Vendredi 15 d\u00e9cembre 2023, trois \u00e9l\u00e8ves de Secondes ont accept\u00e9 de se former \u00e0 la probl\u00e9matique du Harc\u00e8lement avec LEKOL DU BONHEUR et le JADE , Jeunes Ambassadeurs des Droits de l&rsquo;Enfant. Th\u00e9orie et Pratique pour leur permettre de mieux appr\u00e9hender les situations de Harc\u00e8lement de leurs pairs.\u00a0 Merci \u00e0 eux pour leur engagement\u00a0<\/p>\n","protected":false},"author":2934,"featured_media":7260,"parent":72,"menu_order":0,"comment_status":"closed","ping_status":"closed","template":"","meta":{"footnotes":"","_links_to":"","_links_to_target":""},"class_list":["post-7252","page","type-page","status-publish","has-post-thumbnail","hentry"],"_links":{"self":[{"href":"https:\/\/etab.ac-reunion.fr\/lyc-sarda-garriga\/wp-json\/wp\/v2\/pages\/7252","targetHints":{"allow":["GET"]}}],"collection":[{"href":"https:\/\/etab.ac-reunion.fr\/lyc-sarda-garriga\/wp-json\/wp\/v2\/pages"}],"about":[{"href":"https:\/\/etab.ac-reunion.fr\/lyc-sarda-garriga\/wp-json\/wp\/v2\/types\/page"}],"author":[{"embeddable":true,"href":"https:\/\/etab.ac-reunion.fr\/lyc-sarda-garriga\/wp-json\/wp\/v2\/users\/2934"}],"replies":[{"embeddable":true,"href":"https:\/\/etab.ac-reunion.fr\/lyc-sarda-garriga\/wp-json\/wp\/v2\/comments?post=7252"}],"version-history":[{"count":6,"href":"https:\/\/etab.ac-reunion.fr\/lyc-sarda-garriga\/wp-json\/wp\/v2\/pages\/7252\/revisions"}],"predecessor-version":[{"id":7266,"href":"https:\/\/etab.ac-reunion.fr\/lyc-sarda-garriga\/wp-json\/wp\/v2\/pages\/7252\/revisions\/7266"}],"up":[{"embeddable":true,"href":"https:\/\/etab.ac-reunion.fr\/lyc-sarda-garriga\/wp-json\/wp\/v2\/pages\/72"}],"wp:featuredmedia":[{"embeddable":true,"href":"https:\/\/etab.ac-reunion.fr\/lyc-sarda-garriga\/wp-json\/wp\/v2\/media\/7260"}],"wp:attachment":[{"href":"https:\/\/etab.ac-reunion.fr\/lyc-sarda-garriga\/wp-json\/wp\/v2\/media?parent=7252"}],"curies":[{"name":"wp","href":"https:\/\/api.w.org\/{rel}","templated":true}]}}