{"id":7403,"date":"2024-02-26T15:43:51","date_gmt":"2024-02-26T11:43:51","guid":{"rendered":"https:\/\/etab.ac-reunion.fr\/lyc-sarda-garriga\/?page_id=7403"},"modified":"2024-02-26T21:00:00","modified_gmt":"2024-02-26T17:00:00","slug":"echanges-linguistiques-reunion-australie-2023-2024","status":"publish","type":"page","link":"https:\/\/etab.ac-reunion.fr\/lyc-sarda-garriga\/echanges-linguistiques-reunion-australie-2023-2024\/","title":{"rendered":"\u00c9changes linguistiques R\u00c9UNION &#8211; AUSTRALIE\u00a0Tang Koala 2023-2024"},"content":{"rendered":"\n<p class=\"has-text-align-left\">L&rsquo;association TANG-KOALA a 40 ans cette ann\u00e9e. Cette association loi 1901, \u00e0 but non lucratif, a pour objectif de d\u00e9velopper l&rsquo;amiti\u00e9 internationale entre les pays de langue anglaise et La R\u00e9union. Elle est compos\u00e9e de 2 comit\u00e9s, un comit\u00e9 r\u00e9unionnais et un comit\u00e9 australien, charg\u00e9s de promouvoir et d&rsquo;organiser des \u00e9changes linguistiques entre la R\u00e9union et l&rsquo;Australie occidentale (Perth et environs). Chaque ann\u00e9e un groupe de r\u00e9unionnais , \u00e9l\u00e8ves de 3\u00e8me \u00e0 Terminale, part en Australie sur la p\u00e9riode des vacances scolaires de d\u00e9cembre et accueille un groupe de jeunes australiens du m\u00eame \u00e2ge fin juin d\u00e9but juillet sur une p\u00e9riode de 3 \u00e0 4 semaines ou inversement.<\/p>\n\n\n\n<p>Pour l&rsquo;ann\u00e9e 2023-2024, le groupe r\u00e9unionnais est parti du 26 d\u00e9cembre 2023 au 17 janvier 2024. Le groupe australien arrivera le 23 juin prochain jusqu&rsquo;au 13 juillet 2024. Il s&rsquo;agit d&rsquo;un \u00e9change en \u00ab\u00a0immersion totale\u00a0\u00bb, c&rsquo;est \u00e0 dire en famille et sans cours afin de partager la vie de l&rsquo;autre. C&rsquo;est la meilleure fa\u00e7on de progresser \u00e0 l&rsquo;oral. 3 regroupements sont pr\u00e9vus lors du s\u00e9jour avec l&rsquo;ensemble des participants, leurs familles et les membres des comit\u00e9s. Un pique nique d&rsquo;accueil, une activit\u00e9 \u00e0 la journ\u00e9e et une soir\u00e9e de fin de s\u00e9jour. Un article vient d&rsquo;\u00eatre publi\u00e9 tout r\u00e9cemment dans le journal \u00ab\u00a0Le Quotidien\u00a0\u00bb du 25 F\u00e9vrier. Des informations compl\u00e9mentaires figurent sur la brochure ci dessous  ainsi que les contacts utiles (secr\u00e9tariat et Pr\u00e9sident), t\u00e9l\u00e9phone et mail. N&rsquo;h\u00e9sitez pas \u00e0 vous renseigner. Vous pouvez \u00e9galement contacter au lyc\u00e9e Mme Bidegaimberry (Professeure d&rsquo;Anglais) ou Mme Pezin (Professeure d&rsquo;EPS) au besoin.<\/p>\n\n\n\n<p><strong>Si certains sont int\u00e9ress\u00e9s pour commencer l&rsquo;\u00e9change par accueillir, il reste quelques places disponibles en juin 2024.<\/strong><\/p>\n\n\n\n<p>Au plaisir de vous rencontrer<\/p>\n\n\n\n<p>Le comit\u00e9 TANG de la R\u00e9union&nbsp;<\/p>\n\n\n\n<figure class=\"wp-block-image size-large\"><a href=\"https:\/\/etab.ac-reunion.fr\/lyc-sarda-garriga\/wp-content\/uploads\/sites\/98\/2024\/02\/tangKoala20232024.png\" target=\"_blank\" rel=\"noreferrer noopener\"><img loading=\"lazy\" decoding=\"async\" width=\"1024\" height=\"372\" src=\"https:\/\/etab.ac-reunion.fr\/lyc-sarda-garriga\/wp-content\/uploads\/sites\/98\/2024\/02\/tangKoala20232024-1024x372.png\" alt=\"\" class=\"wp-image-7409\" srcset=\"https:\/\/etab.ac-reunion.fr\/lyc-sarda-garriga\/wp-content\/uploads\/sites\/98\/2024\/02\/tangKoala20232024-1024x372.png 1024w, https:\/\/etab.ac-reunion.fr\/lyc-sarda-garriga\/wp-content\/uploads\/sites\/98\/2024\/02\/tangKoala20232024-300x109.png 300w, https:\/\/etab.ac-reunion.fr\/lyc-sarda-garriga\/wp-content\/uploads\/sites\/98\/2024\/02\/tangKoala20232024-768x279.png 768w, https:\/\/etab.ac-reunion.fr\/lyc-sarda-garriga\/wp-content\/uploads\/sites\/98\/2024\/02\/tangKoala20232024-1536x557.png 1536w, https:\/\/etab.ac-reunion.fr\/lyc-sarda-garriga\/wp-content\/uploads\/sites\/98\/2024\/02\/tangKoala20232024.png 1860w\" sizes=\"auto, (max-width: 1024px) 100vw, 1024px\" \/><\/a><\/figure>\n\n\n\n<p><\/p>\n\n\n\n<div class=\"wp-block-file\"><a id=\"wp-block-file--media-ccc3ce38-3692-469a-a2e4-18019b6571c7\" href=\"https:\/\/etab.ac-reunion.fr\/lyc-sarda-garriga\/wp-content\/uploads\/sites\/98\/2024\/02\/BROCHURE-TK-2024.pdf\">BROCHURE-TK-2024<\/a><a href=\"https:\/\/etab.ac-reunion.fr\/lyc-sarda-garriga\/wp-content\/uploads\/sites\/98\/2024\/02\/BROCHURE-TK-2024.pdf\" class=\"wp-block-file__button wp-element-button\" download aria-describedby=\"wp-block-file--media-ccc3ce38-3692-469a-a2e4-18019b6571c7\">T\u00e9l\u00e9charger<\/a><\/div>\n\n\n\n<div data-wp-interactive=\"core\/file\" class=\"wp-block-file\"><object data-wp-bind--hidden=\"!state.hasPdfPreview\" hidden class=\"wp-block-file__embed\" data=\"https:\/\/etab.ac-reunion.fr\/lyc-sarda-garriga\/wp-content\/uploads\/sites\/98\/2024\/02\/BROCHURE-TK-2024.pdf\" type=\"application\/pdf\" style=\"width:100%;height:320px\" aria-label=\"Contenu embarqu\u00e9 BROCHURE-TK-2024.\"><\/object><a id=\"wp-block-file--media-acfd02b7-ca05-4848-967a-5175b6087e8c\" href=\"https:\/\/etab.ac-reunion.fr\/lyc-sarda-garriga\/wp-content\/uploads\/sites\/98\/2024\/02\/BROCHURE-TK-2024.pdf\">BROCHURE-TK-2024<\/a><a href=\"https:\/\/etab.ac-reunion.fr\/lyc-sarda-garriga\/wp-content\/uploads\/sites\/98\/2024\/02\/BROCHURE-TK-2024.pdf\" class=\"wp-block-file__button wp-element-button\" download aria-describedby=\"wp-block-file--media-acfd02b7-ca05-4848-967a-5175b6087e8c\">T\u00e9l\u00e9charger<\/a><\/div>\n","protected":false},"excerpt":{"rendered":"<p>L&rsquo;association TANG-KOALA a 40 ans cette ann\u00e9e. Cette association loi 1901, \u00e0 but non lucratif, a pour objectif de d\u00e9velopper l&rsquo;amiti\u00e9 internationale entre les pays de langue anglaise et La R\u00e9union. Elle est compos\u00e9e de 2 comit\u00e9s, un comit\u00e9 r\u00e9unionnais et un comit\u00e9 australien, charg\u00e9s de promouvoir et d&rsquo;organiser des \u00e9changes linguistiques entre la R\u00e9union [&hellip;]<\/p>\n","protected":false},"author":2934,"featured_media":7430,"parent":0,"menu_order":0,"comment_status":"closed","ping_status":"closed","template":"","meta":{"footnotes":"","_links_to":"","_links_to_target":""},"class_list":["post-7403","page","type-page","status-publish","has-post-thumbnail","hentry"],"_links":{"self":[{"href":"https:\/\/etab.ac-reunion.fr\/lyc-sarda-garriga\/wp-json\/wp\/v2\/pages\/7403","targetHints":{"allow":["GET"]}}],"collection":[{"href":"https:\/\/etab.ac-reunion.fr\/lyc-sarda-garriga\/wp-json\/wp\/v2\/pages"}],"about":[{"href":"https:\/\/etab.ac-reunion.fr\/lyc-sarda-garriga\/wp-json\/wp\/v2\/types\/page"}],"author":[{"embeddable":true,"href":"https:\/\/etab.ac-reunion.fr\/lyc-sarda-garriga\/wp-json\/wp\/v2\/users\/2934"}],"replies":[{"embeddable":true,"href":"https:\/\/etab.ac-reunion.fr\/lyc-sarda-garriga\/wp-json\/wp\/v2\/comments?post=7403"}],"version-history":[{"count":16,"href":"https:\/\/etab.ac-reunion.fr\/lyc-sarda-garriga\/wp-json\/wp\/v2\/pages\/7403\/revisions"}],"predecessor-version":[{"id":7429,"href":"https:\/\/etab.ac-reunion.fr\/lyc-sarda-garriga\/wp-json\/wp\/v2\/pages\/7403\/revisions\/7429"}],"wp:featuredmedia":[{"embeddable":true,"href":"https:\/\/etab.ac-reunion.fr\/lyc-sarda-garriga\/wp-json\/wp\/v2\/media\/7430"}],"wp:attachment":[{"href":"https:\/\/etab.ac-reunion.fr\/lyc-sarda-garriga\/wp-json\/wp\/v2\/media?parent=7403"}],"curies":[{"name":"wp","href":"https:\/\/api.w.org\/{rel}","templated":true}]}}