{"id":7433,"date":"2024-03-26T12:59:58","date_gmt":"2024-03-26T08:59:58","guid":{"rendered":"https:\/\/etab.ac-reunion.fr\/lyc-sarda-garriga\/?page_id=7433"},"modified":"2024-06-06T14:20:47","modified_gmt":"2024-06-06T10:20:47","slug":"je-filme-le-metier-qui-me-plait-2024","status":"publish","type":"page","link":"https:\/\/etab.ac-reunion.fr\/lyc-sarda-garriga\/je-filme-le-metier-qui-me-plait-2024\/","title":{"rendered":"Je filme le m\u00e9tier qui me pla\u00eet 2024"},"content":{"rendered":"\n<p><\/p>\n\n\n\n<p><\/p>\n\n\n\n<p><\/p>\n\n\n\n<p><\/p>\n\n\n\n<p><\/p>\n\n\n\n<p><\/p>\n\n\n\n<p><\/p>\n\n\n\n<p><\/p>\n\n\n\n<p><\/p>\n\n\n\n<p><\/p>\n\n\n\n<p><\/p>\n\n\n\n<p><\/p>\n\n\n\n<p><\/p>\n\n\n\n<p><\/p>\n\n\n\n<p><\/p>\n\n\n\n<p><\/p>\n\n\n\n<p><\/p>\n\n\n\n<p><\/p>\n\n\n\n<p><\/p>\n\n\n\n<p><\/p>\n\n\n\n<p><\/p>\n\n\n\n<p><\/p>\n\n\n\n<blockquote class=\"wp-block-quote is-layout-flow wp-block-quote-is-layout-flow\">\n<p><br><strong>Le Lyc\u00e9e SARDA GARRIGA a fait son film \u00abDES HOMMES AU C\u0152UR DE LA VIE\u00bb. En 2024, \u00e0 la 17<sup>\u00e8me<\/sup> saison du concours \u00ab Je filme le m\u00e9tier qui me pla\u00eet \u00bb, les d\u00e9l\u00e9gu\u00e9s du Conseil de la Vie Lyc\u00e9enne de Sarda GARRIGA ont particip\u00e9 en pr\u00e9sentant un court m\u00e9trage.<\/strong> <strong>Le film a \u00e9t\u00e9 retenu pour la s\u00e9lection officielle et a pr\u00e9tendu \u00e0 un prix lors de la c\u00e9r\u00e9monie pr\u00e9vue le 29 Mai 2024 au cin\u00e9ma le \u00ab Grand Rex \u00bb \u00e0 Paris.<\/strong><\/p>\n<\/blockquote>\n\n\n\n<div class=\"wp-block-group\"><div class=\"wp-block-group__inner-container is-layout-constrained wp-block-group-is-layout-constrained\"><div class=\"wp-block-image\">\n<figure class=\"aligncenter size-large is-resized\"><img loading=\"lazy\" decoding=\"async\" width=\"1024\" height=\"469\" src=\"https:\/\/etab.ac-reunion.fr\/lyc-sarda-garriga\/wp-content\/uploads\/sites\/98\/2024\/03\/photofilm2024QRcode-1024x469.png\" alt=\"\" class=\"wp-image-7438\" style=\"width:383px;height:auto\" srcset=\"https:\/\/etab.ac-reunion.fr\/lyc-sarda-garriga\/wp-content\/uploads\/sites\/98\/2024\/03\/photofilm2024QRcode-1024x469.png 1024w, https:\/\/etab.ac-reunion.fr\/lyc-sarda-garriga\/wp-content\/uploads\/sites\/98\/2024\/03\/photofilm2024QRcode-300x138.png 300w, https:\/\/etab.ac-reunion.fr\/lyc-sarda-garriga\/wp-content\/uploads\/sites\/98\/2024\/03\/photofilm2024QRcode-768x352.png 768w, https:\/\/etab.ac-reunion.fr\/lyc-sarda-garriga\/wp-content\/uploads\/sites\/98\/2024\/03\/photofilm2024QRcode.png 1156w\" sizes=\"auto, (max-width: 1024px) 100vw, 1024px\" \/><\/figure>\n<\/div><\/div><\/div>\n\n\n\n<p class=\"has-text-align-center\"><a href=\"https:\/\/www.parcoursmetiers.tv\/video\/16551-des-hommes-au-coeur-de-la-vie\">https:\/\/www.parcoursmetiers.tv\/video\/16551-des-hommes-au-coeur-de-la-vie<\/a><\/p>\n\n\n\n<div class=\"wp-block-file\"><a id=\"wp-block-file--media-4e6455b5-4a68-47fc-908d-6070cb84b88f\" href=\"https:\/\/etab.ac-reunion.fr\/lyc-sarda-garriga\/wp-content\/uploads\/sites\/98\/2024\/03\/CONCOURS-JE-FILME-LE-METIER-QUI-ME-PLAIT-2024-LYCEE-SARDA-GARRIGA-1.pdf\">CONCOURS-JE-FILME-LE-METIER-QUI-ME-PLAIT-2024-LYCEE-SARDA-GARRIGA-1<\/a><a href=\"https:\/\/etab.ac-reunion.fr\/lyc-sarda-garriga\/wp-content\/uploads\/sites\/98\/2024\/03\/CONCOURS-JE-FILME-LE-METIER-QUI-ME-PLAIT-2024-LYCEE-SARDA-GARRIGA-1.pdf\" class=\"wp-block-file__button wp-element-button\" download aria-describedby=\"wp-block-file--media-4e6455b5-4a68-47fc-908d-6070cb84b88f\">T\u00e9l\u00e9charger<\/a><\/div>\n\n\n\n<p class=\"has-text-align-center\">Le film a \u00e9t\u00e9 prim\u00e9, il fallait un Maximum de vues, de partages et de commentaires &#8230;.<\/p>\n\n\n<div class=\"wp-block-image\">\n<figure class=\"aligncenter size-large is-resized\"><img loading=\"lazy\" decoding=\"async\" width=\"1024\" height=\"605\" src=\"https:\/\/etab.ac-reunion.fr\/lyc-sarda-garriga\/wp-content\/uploads\/sites\/98\/2024\/03\/photofilm2024-1024x605.png\" alt=\"\" class=\"wp-image-7435\" style=\"width:571px;height:auto\" srcset=\"https:\/\/etab.ac-reunion.fr\/lyc-sarda-garriga\/wp-content\/uploads\/sites\/98\/2024\/03\/photofilm2024-1024x605.png 1024w, https:\/\/etab.ac-reunion.fr\/lyc-sarda-garriga\/wp-content\/uploads\/sites\/98\/2024\/03\/photofilm2024-300x177.png 300w, https:\/\/etab.ac-reunion.fr\/lyc-sarda-garriga\/wp-content\/uploads\/sites\/98\/2024\/03\/photofilm2024-768x454.png 768w, https:\/\/etab.ac-reunion.fr\/lyc-sarda-garriga\/wp-content\/uploads\/sites\/98\/2024\/03\/photofilm2024.png 1294w\" sizes=\"auto, (max-width: 1024px) 100vw, 1024px\" \/><\/figure>\n<\/div>\n\n\n<p><\/p>\n\n\n\n<blockquote class=\"wp-block-quote is-layout-flow wp-block-quote-is-layout-flow\">\n<p class=\"has-text-align-center\"><strong>Sur le d\u00e9part pour le Grand Rex de Paris. Sarda Garriga en haut de l\u2019affiche.<\/strong><\/p>\n<\/blockquote>\n\n\n\n<figure class=\"wp-block-image size-large\"><a href=\"https:\/\/etab.ac-reunion.fr\/lyc-sarda-garriga\/wp-content\/uploads\/sites\/98\/2024\/05\/IMG_3616t-scaled2.jpg\" target=\"_blank\" rel=\"noreferrer noopener\"><img loading=\"lazy\" decoding=\"async\" width=\"1024\" height=\"624\" src=\"https:\/\/etab.ac-reunion.fr\/lyc-sarda-garriga\/wp-content\/uploads\/sites\/98\/2024\/05\/IMG_3616t-scaled2-1024x624.jpg\" alt=\"\" class=\"wp-image-7745\" srcset=\"https:\/\/etab.ac-reunion.fr\/lyc-sarda-garriga\/wp-content\/uploads\/sites\/98\/2024\/05\/IMG_3616t-scaled2-1024x624.jpg 1024w, https:\/\/etab.ac-reunion.fr\/lyc-sarda-garriga\/wp-content\/uploads\/sites\/98\/2024\/05\/IMG_3616t-scaled2-300x183.jpg 300w, https:\/\/etab.ac-reunion.fr\/lyc-sarda-garriga\/wp-content\/uploads\/sites\/98\/2024\/05\/IMG_3616t-scaled2-768x468.jpg 768w, https:\/\/etab.ac-reunion.fr\/lyc-sarda-garriga\/wp-content\/uploads\/sites\/98\/2024\/05\/IMG_3616t-scaled2-1536x935.jpg 1536w, https:\/\/etab.ac-reunion.fr\/lyc-sarda-garriga\/wp-content\/uploads\/sites\/98\/2024\/05\/IMG_3616t-scaled2-2048x1247.jpg 2048w\" sizes=\"auto, (max-width: 1024px) 100vw, 1024px\" \/><\/a><\/figure>\n\n\n\n<blockquote class=\"wp-block-quote is-layout-flow wp-block-quote-is-layout-flow\">\n<p><strong>Belle victoire pour nos \u00e9l\u00e8ves du lyc\u00e9e Sarda Garriga qui ont obtenu\u00a0 le CLAP d&rsquo;OR pour le projet \u00ab\u00a0Je filme le M\u00e9tier qui me plait \u00a0\u00bb\u00a0 avec leur belle prestation : \u00ab\u00a0Des hommes au c\u0153ur de la vie\u00a0\u00bb. Ils ont repr\u00e9sent\u00e9 fi\u00e8rement\u00a0 l&rsquo;Acad\u00e9mie de la R\u00e9union.<br><\/strong><\/p>\n\n\n\n<p><strong>D\u00e9placement \u00e0 Paris agr\u00e9ment\u00e9 d&rsquo;un accueil \u00e0 l&rsquo;Assembl\u00e9e Nationale, et au Minist\u00e8re o\u00f9 ils ont \u00e9t\u00e9 accueillis par madame la Ministre Aurore Berger.<\/strong><\/p>\n\n\n\n<p><strong>&nbsp;Des moments intenses, riches en \u00e9motion pour nos \u00e9l\u00e8ves qui sont rentr\u00e9s des \u00e9toiles plein les yeux et des projets plein la t\u00eate. Bravo \u00e0 eux!<\/strong><\/p>\n<\/blockquote>\n\n\n\n<p class=\"has-text-align-center\"><em>Cliquez sur les photos ci dessous  pour les agrandir <\/em><\/p>\n\n\n\n<figure class=\"wp-block-gallery has-nested-images columns-default is-cropped wp-block-gallery-1 is-layout-flex wp-block-gallery-is-layout-flex\">\n<figure class=\"wp-block-image size-large\"><a href=\"https:\/\/etab.ac-reunion.fr\/lyc-sarda-garriga\/wp-content\/uploads\/sites\/98\/2024\/06\/ASSEMBLEE-NATIONALE-scaled.jpg\" target=\"_blank\" rel=\"noreferrer noopener\"><img loading=\"lazy\" decoding=\"async\" width=\"1024\" height=\"768\" data-id=\"7761\" src=\"https:\/\/etab.ac-reunion.fr\/lyc-sarda-garriga\/wp-content\/uploads\/sites\/98\/2024\/06\/ASSEMBLEE-NATIONALE-1024x768.jpg\" alt=\"\" class=\"wp-image-7761\" srcset=\"https:\/\/etab.ac-reunion.fr\/lyc-sarda-garriga\/wp-content\/uploads\/sites\/98\/2024\/06\/ASSEMBLEE-NATIONALE-1024x768.jpg 1024w, https:\/\/etab.ac-reunion.fr\/lyc-sarda-garriga\/wp-content\/uploads\/sites\/98\/2024\/06\/ASSEMBLEE-NATIONALE-300x225.jpg 300w, https:\/\/etab.ac-reunion.fr\/lyc-sarda-garriga\/wp-content\/uploads\/sites\/98\/2024\/06\/ASSEMBLEE-NATIONALE-768x576.jpg 768w, https:\/\/etab.ac-reunion.fr\/lyc-sarda-garriga\/wp-content\/uploads\/sites\/98\/2024\/06\/ASSEMBLEE-NATIONALE-1536x1152.jpg 1536w, https:\/\/etab.ac-reunion.fr\/lyc-sarda-garriga\/wp-content\/uploads\/sites\/98\/2024\/06\/ASSEMBLEE-NATIONALE-2048x1536.jpg 2048w\" sizes=\"auto, (max-width: 1024px) 100vw, 1024px\" \/><\/a><\/figure>\n\n\n\n<figure class=\"wp-block-image size-large\"><a href=\"https:\/\/etab.ac-reunion.fr\/lyc-sarda-garriga\/wp-content\/uploads\/sites\/98\/2024\/06\/CLAP-D-OR-2024-ELEVES-2.jpg\" target=\"_blank\" rel=\"noreferrer noopener\"><img loading=\"lazy\" decoding=\"async\" width=\"1024\" height=\"686\" data-id=\"7762\" src=\"https:\/\/etab.ac-reunion.fr\/lyc-sarda-garriga\/wp-content\/uploads\/sites\/98\/2024\/06\/CLAP-D-OR-2024-ELEVES-2-1024x686.jpg\" alt=\"\" class=\"wp-image-7762\" srcset=\"https:\/\/etab.ac-reunion.fr\/lyc-sarda-garriga\/wp-content\/uploads\/sites\/98\/2024\/06\/CLAP-D-OR-2024-ELEVES-2-1024x686.jpg 1024w, https:\/\/etab.ac-reunion.fr\/lyc-sarda-garriga\/wp-content\/uploads\/sites\/98\/2024\/06\/CLAP-D-OR-2024-ELEVES-2-300x201.jpg 300w, https:\/\/etab.ac-reunion.fr\/lyc-sarda-garriga\/wp-content\/uploads\/sites\/98\/2024\/06\/CLAP-D-OR-2024-ELEVES-2-768x515.jpg 768w, https:\/\/etab.ac-reunion.fr\/lyc-sarda-garriga\/wp-content\/uploads\/sites\/98\/2024\/06\/CLAP-D-OR-2024-ELEVES-2-140x94.jpg 140w, https:\/\/etab.ac-reunion.fr\/lyc-sarda-garriga\/wp-content\/uploads\/sites\/98\/2024\/06\/CLAP-D-OR-2024-ELEVES-2.jpg 1079w\" sizes=\"auto, (max-width: 1024px) 100vw, 1024px\" \/><\/a><\/figure>\n\n\n\n<figure class=\"wp-block-image size-large\"><a href=\"https:\/\/etab.ac-reunion.fr\/lyc-sarda-garriga\/wp-content\/uploads\/sites\/98\/2024\/06\/CLAP-D-OR-2024-ELEVES.jpg\" target=\"_blank\" rel=\"noreferrer noopener\"><img loading=\"lazy\" decoding=\"async\" width=\"1024\" height=\"768\" data-id=\"7763\" src=\"https:\/\/etab.ac-reunion.fr\/lyc-sarda-garriga\/wp-content\/uploads\/sites\/98\/2024\/06\/CLAP-D-OR-2024-ELEVES-1024x768.jpg\" alt=\"\" class=\"wp-image-7763\" srcset=\"https:\/\/etab.ac-reunion.fr\/lyc-sarda-garriga\/wp-content\/uploads\/sites\/98\/2024\/06\/CLAP-D-OR-2024-ELEVES-1024x768.jpg 1024w, https:\/\/etab.ac-reunion.fr\/lyc-sarda-garriga\/wp-content\/uploads\/sites\/98\/2024\/06\/CLAP-D-OR-2024-ELEVES-300x225.jpg 300w, https:\/\/etab.ac-reunion.fr\/lyc-sarda-garriga\/wp-content\/uploads\/sites\/98\/2024\/06\/CLAP-D-OR-2024-ELEVES-768x576.jpg 768w, https:\/\/etab.ac-reunion.fr\/lyc-sarda-garriga\/wp-content\/uploads\/sites\/98\/2024\/06\/CLAP-D-OR-2024-ELEVES.jpg 1280w\" sizes=\"auto, (max-width: 1024px) 100vw, 1024px\" \/><\/a><\/figure>\n\n\n\n<figure class=\"wp-block-image size-large\"><a href=\"https:\/\/etab.ac-reunion.fr\/lyc-sarda-garriga\/wp-content\/uploads\/sites\/98\/2024\/06\/CLAP-D-OR-2024.jpg\" target=\"_blank\" rel=\"noreferrer noopener\"><img loading=\"lazy\" decoding=\"async\" width=\"768\" height=\"1024\" data-id=\"7764\" src=\"https:\/\/etab.ac-reunion.fr\/lyc-sarda-garriga\/wp-content\/uploads\/sites\/98\/2024\/06\/CLAP-D-OR-2024-768x1024.jpg\" alt=\"\" class=\"wp-image-7764\" srcset=\"https:\/\/etab.ac-reunion.fr\/lyc-sarda-garriga\/wp-content\/uploads\/sites\/98\/2024\/06\/CLAP-D-OR-2024-768x1024.jpg 768w, https:\/\/etab.ac-reunion.fr\/lyc-sarda-garriga\/wp-content\/uploads\/sites\/98\/2024\/06\/CLAP-D-OR-2024-225x300.jpg 225w, https:\/\/etab.ac-reunion.fr\/lyc-sarda-garriga\/wp-content\/uploads\/sites\/98\/2024\/06\/CLAP-D-OR-2024-1152x1536.jpg 1152w, https:\/\/etab.ac-reunion.fr\/lyc-sarda-garriga\/wp-content\/uploads\/sites\/98\/2024\/06\/CLAP-D-OR-2024.jpg 1200w\" sizes=\"auto, (max-width: 768px) 100vw, 768px\" \/><\/a><\/figure>\n\n\n\n<figure class=\"wp-block-image size-large\"><a href=\"https:\/\/etab.ac-reunion.fr\/lyc-sarda-garriga\/wp-content\/uploads\/sites\/98\/2024\/06\/MINISTERE-1-scaled.jpg\" target=\"_blank\" rel=\"noreferrer noopener\"><img loading=\"lazy\" decoding=\"async\" width=\"1024\" height=\"683\" data-id=\"7765\" src=\"https:\/\/etab.ac-reunion.fr\/lyc-sarda-garriga\/wp-content\/uploads\/sites\/98\/2024\/06\/MINISTERE-1-1024x683.jpg\" alt=\"\" class=\"wp-image-7765\" srcset=\"https:\/\/etab.ac-reunion.fr\/lyc-sarda-garriga\/wp-content\/uploads\/sites\/98\/2024\/06\/MINISTERE-1-1024x683.jpg 1024w, https:\/\/etab.ac-reunion.fr\/lyc-sarda-garriga\/wp-content\/uploads\/sites\/98\/2024\/06\/MINISTERE-1-300x200.jpg 300w, https:\/\/etab.ac-reunion.fr\/lyc-sarda-garriga\/wp-content\/uploads\/sites\/98\/2024\/06\/MINISTERE-1-768x512.jpg 768w, https:\/\/etab.ac-reunion.fr\/lyc-sarda-garriga\/wp-content\/uploads\/sites\/98\/2024\/06\/MINISTERE-1-1536x1024.jpg 1536w, https:\/\/etab.ac-reunion.fr\/lyc-sarda-garriga\/wp-content\/uploads\/sites\/98\/2024\/06\/MINISTERE-1-2048x1366.jpg 2048w, https:\/\/etab.ac-reunion.fr\/lyc-sarda-garriga\/wp-content\/uploads\/sites\/98\/2024\/06\/MINISTERE-1-140x94.jpg 140w\" sizes=\"auto, (max-width: 1024px) 100vw, 1024px\" \/><\/a><\/figure>\n\n\n\n<figure class=\"wp-block-image size-large\"><a href=\"https:\/\/etab.ac-reunion.fr\/lyc-sarda-garriga\/wp-content\/uploads\/sites\/98\/2024\/06\/MINISTERE-2-scaled.jpg\" target=\"_blank\" rel=\"noreferrer noopener\"><img loading=\"lazy\" decoding=\"async\" width=\"1024\" height=\"683\" data-id=\"7766\" src=\"https:\/\/etab.ac-reunion.fr\/lyc-sarda-garriga\/wp-content\/uploads\/sites\/98\/2024\/06\/MINISTERE-2-1024x683.jpg\" alt=\"\" class=\"wp-image-7766\" srcset=\"https:\/\/etab.ac-reunion.fr\/lyc-sarda-garriga\/wp-content\/uploads\/sites\/98\/2024\/06\/MINISTERE-2-1024x683.jpg 1024w, https:\/\/etab.ac-reunion.fr\/lyc-sarda-garriga\/wp-content\/uploads\/sites\/98\/2024\/06\/MINISTERE-2-300x200.jpg 300w, https:\/\/etab.ac-reunion.fr\/lyc-sarda-garriga\/wp-content\/uploads\/sites\/98\/2024\/06\/MINISTERE-2-768x512.jpg 768w, https:\/\/etab.ac-reunion.fr\/lyc-sarda-garriga\/wp-content\/uploads\/sites\/98\/2024\/06\/MINISTERE-2-1536x1024.jpg 1536w, https:\/\/etab.ac-reunion.fr\/lyc-sarda-garriga\/wp-content\/uploads\/sites\/98\/2024\/06\/MINISTERE-2-2048x1365.jpg 2048w, https:\/\/etab.ac-reunion.fr\/lyc-sarda-garriga\/wp-content\/uploads\/sites\/98\/2024\/06\/MINISTERE-2-140x94.jpg 140w\" sizes=\"auto, (max-width: 1024px) 100vw, 1024px\" \/><\/a><\/figure>\n\n\n\n<figure class=\"wp-block-image size-large\"><a href=\"https:\/\/etab.ac-reunion.fr\/lyc-sarda-garriga\/wp-content\/uploads\/sites\/98\/2024\/06\/PHOTO-GR-ASS-NAT.jpg\" target=\"_blank\" rel=\"noreferrer noopener\"><img loading=\"lazy\" decoding=\"async\" width=\"1024\" height=\"854\" data-id=\"7767\" src=\"https:\/\/etab.ac-reunion.fr\/lyc-sarda-garriga\/wp-content\/uploads\/sites\/98\/2024\/06\/PHOTO-GR-ASS-NAT-1024x854.jpg\" alt=\"\" class=\"wp-image-7767\" srcset=\"https:\/\/etab.ac-reunion.fr\/lyc-sarda-garriga\/wp-content\/uploads\/sites\/98\/2024\/06\/PHOTO-GR-ASS-NAT-1024x854.jpg 1024w, https:\/\/etab.ac-reunion.fr\/lyc-sarda-garriga\/wp-content\/uploads\/sites\/98\/2024\/06\/PHOTO-GR-ASS-NAT-300x250.jpg 300w, https:\/\/etab.ac-reunion.fr\/lyc-sarda-garriga\/wp-content\/uploads\/sites\/98\/2024\/06\/PHOTO-GR-ASS-NAT-768x641.jpg 768w, https:\/\/etab.ac-reunion.fr\/lyc-sarda-garriga\/wp-content\/uploads\/sites\/98\/2024\/06\/PHOTO-GR-ASS-NAT.jpg 1280w\" sizes=\"auto, (max-width: 1024px) 100vw, 1024px\" \/><\/a><\/figure>\n\n\n\n<figure class=\"wp-block-image size-large\"><a href=\"https:\/\/etab.ac-reunion.fr\/lyc-sarda-garriga\/wp-content\/uploads\/sites\/98\/2024\/06\/SUR-LA-SCENE-DU-GRAND-REX.jpg\" target=\"_blank\" rel=\"noreferrer noopener\"><img loading=\"lazy\" decoding=\"async\" width=\"1024\" height=\"713\" data-id=\"7768\" src=\"https:\/\/etab.ac-reunion.fr\/lyc-sarda-garriga\/wp-content\/uploads\/sites\/98\/2024\/06\/SUR-LA-SCENE-DU-GRAND-REX-1024x713.jpg\" alt=\"\" class=\"wp-image-7768\" srcset=\"https:\/\/etab.ac-reunion.fr\/lyc-sarda-garriga\/wp-content\/uploads\/sites\/98\/2024\/06\/SUR-LA-SCENE-DU-GRAND-REX-1024x713.jpg 1024w, https:\/\/etab.ac-reunion.fr\/lyc-sarda-garriga\/wp-content\/uploads\/sites\/98\/2024\/06\/SUR-LA-SCENE-DU-GRAND-REX-300x209.jpg 300w, https:\/\/etab.ac-reunion.fr\/lyc-sarda-garriga\/wp-content\/uploads\/sites\/98\/2024\/06\/SUR-LA-SCENE-DU-GRAND-REX-768x534.jpg 768w, https:\/\/etab.ac-reunion.fr\/lyc-sarda-garriga\/wp-content\/uploads\/sites\/98\/2024\/06\/SUR-LA-SCENE-DU-GRAND-REX.jpg 1082w\" sizes=\"auto, (max-width: 1024px) 100vw, 1024px\" \/><\/a><\/figure>\n<\/figure>\n","protected":false},"excerpt":{"rendered":"<p>Le Lyc\u00e9e SARDA GARRIGA a fait son film \u00abDES HOMMES AU C\u0152UR DE LA VIE\u00bb. En 2024, \u00e0 la 17\u00e8me saison du concours \u00ab Je filme le m\u00e9tier qui me pla\u00eet \u00bb, les d\u00e9l\u00e9gu\u00e9s du Conseil de la Vie Lyc\u00e9enne de Sarda GARRIGA ont particip\u00e9 en pr\u00e9sentant un court m\u00e9trage. Le film a \u00e9t\u00e9 retenu [&hellip;]<\/p>\n","protected":false},"author":2934,"featured_media":7763,"parent":0,"menu_order":0,"comment_status":"closed","ping_status":"closed","template":"","meta":{"footnotes":"","_links_to":"","_links_to_target":""},"class_list":["post-7433","page","type-page","status-publish","has-post-thumbnail","hentry"],"_links":{"self":[{"href":"https:\/\/etab.ac-reunion.fr\/lyc-sarda-garriga\/wp-json\/wp\/v2\/pages\/7433","targetHints":{"allow":["GET"]}}],"collection":[{"href":"https:\/\/etab.ac-reunion.fr\/lyc-sarda-garriga\/wp-json\/wp\/v2\/pages"}],"about":[{"href":"https:\/\/etab.ac-reunion.fr\/lyc-sarda-garriga\/wp-json\/wp\/v2\/types\/page"}],"author":[{"embeddable":true,"href":"https:\/\/etab.ac-reunion.fr\/lyc-sarda-garriga\/wp-json\/wp\/v2\/users\/2934"}],"replies":[{"embeddable":true,"href":"https:\/\/etab.ac-reunion.fr\/lyc-sarda-garriga\/wp-json\/wp\/v2\/comments?post=7433"}],"version-history":[{"count":40,"href":"https:\/\/etab.ac-reunion.fr\/lyc-sarda-garriga\/wp-json\/wp\/v2\/pages\/7433\/revisions"}],"predecessor-version":[{"id":7812,"href":"https:\/\/etab.ac-reunion.fr\/lyc-sarda-garriga\/wp-json\/wp\/v2\/pages\/7433\/revisions\/7812"}],"wp:featuredmedia":[{"embeddable":true,"href":"https:\/\/etab.ac-reunion.fr\/lyc-sarda-garriga\/wp-json\/wp\/v2\/media\/7763"}],"wp:attachment":[{"href":"https:\/\/etab.ac-reunion.fr\/lyc-sarda-garriga\/wp-json\/wp\/v2\/media?parent=7433"}],"curies":[{"name":"wp","href":"https:\/\/api.w.org\/{rel}","templated":true}]}}