{"id":7509,"date":"2024-04-17T10:05:39","date_gmt":"2024-04-17T06:05:39","guid":{"rendered":"https:\/\/etab.ac-reunion.fr\/lyc-sarda-garriga\/?page_id=7509"},"modified":"2024-04-20T19:55:08","modified_gmt":"2024-04-20T15:55:08","slug":"flashmob-des-jij-athenes-2024","status":"publish","type":"page","link":"https:\/\/etab.ac-reunion.fr\/lyc-sarda-garriga\/flashmob-des-jij-athenes-2024\/","title":{"rendered":"FLASHMOB des JIJ Ath\u00e8nes 2024 &#8211; JT Antenne R\u00e9union de 19H du 09\/04\/24"},"content":{"rendered":"\n<p>Le FLASHMOB des JIJ Ath\u00e8nes 2024 pour TOUS&nbsp; !!!!<br><br>VENEZ NOMBREUX SOUTENIR l&rsquo;\u00e9quipe des JIJ 2024 qui s&rsquo;envolera prochainement pour Ath\u00e8nes afin de repr\u00e9senter le Lyc\u00e9e Sarda Garriga, la ville de St Andr\u00e9 et plus largement La R\u00e9union aux Jeux Internationaux de la Jeunesse, en<strong><mark style=\"background-color:#ffffff\" class=\"has-inline-color has-vivid-cyan-blue-color\"> participant au FLASHMOB g\u00e9ant le MARDI 23 AVRIL prochain en M5 dans la cours du lyc\u00e9e.<\/mark><\/strong><mark style=\"background-color:#ffffff\" class=\"has-inline-color has-vivid-cyan-blue-color\"><br><br><strong>Voici le lien de la vid\u00e9o :<\/strong><\/mark><br><br><a href=\"https:\/\/filesender.renater.fr\/?s=download&amp;token=3a00b3e0-9469-4177-ae7b-b7a26853e485\" target=\"_blank\" rel=\"noreferrer noopener\">https:\/\/filesender.renater.fr\/?s=download&amp;token=3a00b3e0-9469-4177-ae7b-b7a26853e485<\/a> <br><br>Cyrielle (206), Mathilde (201), Stacy(208), Samuel (206), Erwan (206), Dylan (202) et Nicolas (201) ont r\u00e9alis\u00e9 une courte s\u00e9quence que vous pourrez facilement apprendre gr\u00e2ce \u00e0 la vid\u00e9o jointe.<br><br>Ce flashmob sera film\u00e9 et int\u00e9gr\u00e9 dans la vid\u00e9o de pr\u00e9sentation de l&rsquo;\u00e9quipe qui constitue une des \u00e9preuves des JIJ \u00ab\u00a0Dansez les JIJ\u00a0\u00bb<br><br>Plus il y aura d&rsquo;\u00e9l\u00e8ves, d&rsquo;agents, de personnels de la communaut\u00e9 \u00e9ducative, du secr\u00e9tariat , du service de gestion et de direction, meilleure sera la note attribu\u00e9e.<br><br>ALORS, PAS D\u2019H\u00c9SITATION &#8230;.. FAITES PARTIE DE L&rsquo;AVENTURE DES JIJ 2024.<br><br>Une r\u00e9p\u00e9tition g\u00e9n\u00e9rale aura lieu avant la prise de vue le mardi 23 en M5<br><br>Nous comptons sur VOUS TOUS !!!<br><br><strong><mark style=\"background-color:#ffffff\" class=\"has-inline-color has-vivid-cyan-blue-color\">Par ailleurs, des t-shirts de l&rsquo;\u00e9quipe des JIJ sont disponibles sur commande aupr\u00e8s du bureau EPS ou de Mr B\u00e8gue (Physique-Chimie). Voir photos jointes<\/mark><\/strong><\/p>\n\n\n\n<p><br>&nbsp; &nbsp; &nbsp; &nbsp; &nbsp; &nbsp; &nbsp; &nbsp; &nbsp; &nbsp; &nbsp; &nbsp; &nbsp; &nbsp;MERCI de votre SOUTIEN<br><br>L&rsquo;\u00e9quipe des JIJ et les professeurs responsables du projet.<\/p>\n\n\n\n<div class=\"wp-block-columns is-layout-flex wp-container-core-columns-is-layout-9d6595d7 wp-block-columns-is-layout-flex\">\n<div class=\"wp-block-column is-layout-flow wp-block-column-is-layout-flow\" style=\"flex-basis:50%\">\n<figure class=\"wp-block-image size-large is-resized\"><a href=\"https:\/\/etab.ac-reunion.fr\/lyc-sarda-garriga\/wp-content\/uploads\/sites\/98\/2024\/04\/IMG_1966-scaled.jpg\" target=\"_blank\" rel=\"noreferrer noopener\"><img loading=\"lazy\" decoding=\"async\" width=\"768\" height=\"1024\" src=\"https:\/\/etab.ac-reunion.fr\/lyc-sarda-garriga\/wp-content\/uploads\/sites\/98\/2024\/04\/IMG_1966-768x1024.jpg\" alt=\"\" class=\"wp-image-7511\" style=\"width:365px;height:auto\" srcset=\"https:\/\/etab.ac-reunion.fr\/lyc-sarda-garriga\/wp-content\/uploads\/sites\/98\/2024\/04\/IMG_1966-768x1024.jpg 768w, https:\/\/etab.ac-reunion.fr\/lyc-sarda-garriga\/wp-content\/uploads\/sites\/98\/2024\/04\/IMG_1966-225x300.jpg 225w, https:\/\/etab.ac-reunion.fr\/lyc-sarda-garriga\/wp-content\/uploads\/sites\/98\/2024\/04\/IMG_1966-1152x1536.jpg 1152w, https:\/\/etab.ac-reunion.fr\/lyc-sarda-garriga\/wp-content\/uploads\/sites\/98\/2024\/04\/IMG_1966-1536x2048.jpg 1536w, https:\/\/etab.ac-reunion.fr\/lyc-sarda-garriga\/wp-content\/uploads\/sites\/98\/2024\/04\/IMG_1966-scaled.jpg 1920w\" sizes=\"auto, (max-width: 768px) 100vw, 768px\" \/><\/a><\/figure>\n<\/div>\n\n\n\n<div class=\"wp-block-column is-layout-flow wp-block-column-is-layout-flow\" style=\"flex-basis:50%\">\n<figure class=\"wp-block-image size-large is-resized\"><a href=\"https:\/\/etab.ac-reunion.fr\/lyc-sarda-garriga\/wp-content\/uploads\/sites\/98\/2024\/04\/IMG_1967-scaled.jpg\" target=\"_blank\" rel=\"noreferrer noopener\"><img loading=\"lazy\" decoding=\"async\" width=\"768\" height=\"1024\" src=\"https:\/\/etab.ac-reunion.fr\/lyc-sarda-garriga\/wp-content\/uploads\/sites\/98\/2024\/04\/IMG_1967-768x1024.jpg\" alt=\"\" class=\"wp-image-7512\" style=\"width:363px;height:auto\" srcset=\"https:\/\/etab.ac-reunion.fr\/lyc-sarda-garriga\/wp-content\/uploads\/sites\/98\/2024\/04\/IMG_1967-768x1024.jpg 768w, https:\/\/etab.ac-reunion.fr\/lyc-sarda-garriga\/wp-content\/uploads\/sites\/98\/2024\/04\/IMG_1967-225x300.jpg 225w, https:\/\/etab.ac-reunion.fr\/lyc-sarda-garriga\/wp-content\/uploads\/sites\/98\/2024\/04\/IMG_1967-1152x1536.jpg 1152w, https:\/\/etab.ac-reunion.fr\/lyc-sarda-garriga\/wp-content\/uploads\/sites\/98\/2024\/04\/IMG_1967-1536x2048.jpg 1536w, https:\/\/etab.ac-reunion.fr\/lyc-sarda-garriga\/wp-content\/uploads\/sites\/98\/2024\/04\/IMG_1967-scaled.jpg 1920w\" sizes=\"auto, (max-width: 768px) 100vw, 768px\" \/><\/a><\/figure>\n<\/div>\n<\/div>\n\n\n\n<p class=\"has-text-align-center\"><strong>JT Antenne R\u00e9union de 19H du 09\/04\/24<\/strong><\/p>\n\n\n\n<figure class=\"wp-block-video\"><video controls src=\"https:\/\/portail.sgarriga.ac-reunion.fr\/wordpress\/wp-content\/uploads\/2024\/04\/TableRondeJeuxInternationauxJeunesse_090420248-1.mp4\"><\/video><\/figure>\n\n\n\n<div class=\"wp-block-media-text is-stacked-on-mobile\"><figure class=\"wp-block-media-text__media\"><\/figure><div class=\"wp-block-media-text__content\">\n<p><\/p>\n<\/div><\/div>\n\n\n\n<figure class=\"wp-block-gallery has-nested-images columns-default is-cropped wp-block-gallery-1 is-layout-flex wp-block-gallery-is-layout-flex\"><\/figure>\n","protected":false},"excerpt":{"rendered":"<p>Le FLASHMOB des JIJ Ath\u00e8nes 2024 pour TOUS&nbsp; !!!! VENEZ NOMBREUX SOUTENIR l&rsquo;\u00e9quipe des JIJ 2024 qui s&rsquo;envolera prochainement pour Ath\u00e8nes afin de repr\u00e9senter le Lyc\u00e9e Sarda Garriga, la ville de St Andr\u00e9 et plus largement La R\u00e9union aux Jeux Internationaux de la Jeunesse, en participant au FLASHMOB g\u00e9ant le MARDI 23 AVRIL prochain en [&hellip;]<\/p>\n","protected":false},"author":2934,"featured_media":7517,"parent":0,"menu_order":0,"comment_status":"closed","ping_status":"closed","template":"","meta":{"footnotes":"","_links_to":"","_links_to_target":""},"class_list":["post-7509","page","type-page","status-publish","has-post-thumbnail","hentry"],"_links":{"self":[{"href":"https:\/\/etab.ac-reunion.fr\/lyc-sarda-garriga\/wp-json\/wp\/v2\/pages\/7509","targetHints":{"allow":["GET"]}}],"collection":[{"href":"https:\/\/etab.ac-reunion.fr\/lyc-sarda-garriga\/wp-json\/wp\/v2\/pages"}],"about":[{"href":"https:\/\/etab.ac-reunion.fr\/lyc-sarda-garriga\/wp-json\/wp\/v2\/types\/page"}],"author":[{"embeddable":true,"href":"https:\/\/etab.ac-reunion.fr\/lyc-sarda-garriga\/wp-json\/wp\/v2\/users\/2934"}],"replies":[{"embeddable":true,"href":"https:\/\/etab.ac-reunion.fr\/lyc-sarda-garriga\/wp-json\/wp\/v2\/comments?post=7509"}],"version-history":[{"count":11,"href":"https:\/\/etab.ac-reunion.fr\/lyc-sarda-garriga\/wp-json\/wp\/v2\/pages\/7509\/revisions"}],"predecessor-version":[{"id":7536,"href":"https:\/\/etab.ac-reunion.fr\/lyc-sarda-garriga\/wp-json\/wp\/v2\/pages\/7509\/revisions\/7536"}],"wp:featuredmedia":[{"embeddable":true,"href":"https:\/\/etab.ac-reunion.fr\/lyc-sarda-garriga\/wp-json\/wp\/v2\/media\/7517"}],"wp:attachment":[{"href":"https:\/\/etab.ac-reunion.fr\/lyc-sarda-garriga\/wp-json\/wp\/v2\/media?parent=7509"}],"curies":[{"name":"wp","href":"https:\/\/api.w.org\/{rel}","templated":true}]}}