{"id":7584,"date":"2024-04-28T22:25:24","date_gmt":"2024-04-28T18:25:24","guid":{"rendered":"https:\/\/etab.ac-reunion.fr\/lyc-sarda-garriga\/?page_id=7584"},"modified":"2024-04-29T12:13:19","modified_gmt":"2024-04-29T08:13:19","slug":"visite-de-la-ministre-egalite-femmes-hommes-aurore-berge-au-lycee-sarda-garriga-25-04-2024","status":"publish","type":"page","link":"https:\/\/etab.ac-reunion.fr\/lyc-sarda-garriga\/visite-de-la-ministre-egalite-femmes-hommes-aurore-berge-au-lycee-sarda-garriga-25-04-2024\/","title":{"rendered":"Visite de la ministre Egalit\u00e9 femmes hommes Aurore Berg\u00e9 au lyc\u00e9e Sarda Garriga- 25\/04\/2024"},"content":{"rendered":"\n<p><mark style=\"background-color:#ffffff\" class=\"has-inline-color has-vivid-red-color\"><strong>Le 25 avril 2025, le Lyc\u00e9e Sarda Garriga&nbsp; a eu l&rsquo;honneur d&rsquo;accueillir en ses murs Madame la Ministre Aurore&nbsp; Berg\u00e9 , en charge de l\u2019\u00c9galit\u00e9 entre les femmes et les hommes et de la Lutte contre les discriminations.<\/strong> <strong>Un accueil r\u00e9publicain en musique avec l&rsquo;orchestre Polyphonia au son de la Marseillaise lui a \u00e9t\u00e9 r\u00e9serv\u00e9.<\/strong> <strong>Visite qui a permis de d\u00e9couvrir l&rsquo;exposition \u00ab\u00a0Nous et les Autres\u00a0\u00bb mise \u00e0 disposition par la Ligue de l&rsquo;enseignement mais aussi l&rsquo;exposition concernant les projets du lyc\u00e9e , notamment \u00ab\u00a0je filme le m\u00e9tier qui me plait\u00a0\u00bb \u00ab\u00a0Tout feu, tout femme\u00a0\u00bb et \u00ab\u00a0Des hommes au c\u0153ur de la vie\u00a0\u00bb<\/strong>. <strong>Une rencontre pendant laquelle Madame la Ministre a pu \u00e9changer avec les \u00e9l\u00e8ves autour du th\u00e8me du harc\u00e8lement, de la discrimination et des pr\u00e9jug\u00e9s.<\/strong><\/mark><\/p>\n\n\n\n<p class=\"has-text-align-center\"><strong><mark style=\"background-color:#ffffff\" class=\"has-inline-color has-black-color\">Sarda un jour, Sarda toujours ! Nos \u00e9l\u00e8ves en l\u00e8r !<\/mark><\/strong><\/p>\n\n\n\n<p class=\"has-text-align-center\"><strong>JT Antenne Reunion 19H &#8211; 25\/04\/2024<\/strong><\/p>\n\n\n\n<figure class=\"wp-block-video\"><video controls src=\"https:\/\/portail.sgarriga.ac-reunion.fr\/wordpress\/wp-content\/uploads\/2024\/04\/videoVisiteMinistre20242.mp4\"><\/video><\/figure>\n\n\n\n<p class=\"has-text-align-center\"><em><strong>Arriv\u00e9e en musique au Lyc\u00e9e Sarda Garriga de Saint Andr\u00e9 par l\u2019orchestre Polyphonia<\/strong><\/em><\/p>\n\n\n\n<figure class=\"wp-block-video\"><video height=\"428\" style=\"aspect-ratio: 608 \/ 428;\" width=\"608\" controls src=\"https:\/\/etab.ac-reunion.fr\/lyc-sarda-garriga\/wp-content\/uploads\/sites\/98\/2024\/04\/Video_orchestre1.mp4\"><\/video><\/figure>\n\n\n\n<p class=\"has-text-align-center\"><em><strong>Cliquez sur les photos ci dessous pour les agrandir<\/strong><\/em><\/p>\n\n\n\n<figure class=\"wp-block-gallery has-nested-images columns-default is-cropped wp-block-gallery-1 is-layout-flex wp-block-gallery-is-layout-flex\">\n<figure class=\"wp-block-image size-large\"><a href=\"https:\/\/etab.ac-reunion.fr\/lyc-sarda-garriga\/wp-content\/uploads\/sites\/98\/2024\/04\/232.jpg\" target=\"_blank\" rel=\"noreferrer noopener\"><img loading=\"lazy\" decoding=\"async\" width=\"992\" height=\"702\" data-id=\"7607\" src=\"https:\/\/etab.ac-reunion.fr\/lyc-sarda-garriga\/wp-content\/uploads\/sites\/98\/2024\/04\/232.jpg\" alt=\"\" class=\"wp-image-7607\" srcset=\"https:\/\/etab.ac-reunion.fr\/lyc-sarda-garriga\/wp-content\/uploads\/sites\/98\/2024\/04\/232.jpg 992w, https:\/\/etab.ac-reunion.fr\/lyc-sarda-garriga\/wp-content\/uploads\/sites\/98\/2024\/04\/232-300x212.jpg 300w, https:\/\/etab.ac-reunion.fr\/lyc-sarda-garriga\/wp-content\/uploads\/sites\/98\/2024\/04\/232-768x543.jpg 768w\" sizes=\"auto, (max-width: 992px) 100vw, 992px\" \/><\/a><\/figure>\n<\/figure>\n\n\n\n<figure class=\"wp-block-gallery has-nested-images columns-default is-cropped wp-block-gallery-2 is-layout-flex wp-block-gallery-is-layout-flex\">\n<figure class=\"wp-block-image size-large\"><a href=\"https:\/\/etab.ac-reunion.fr\/lyc-sarda-garriga\/wp-content\/uploads\/sites\/98\/2024\/04\/12.jpg\" target=\"_blank\" rel=\"noreferrer noopener\"><img loading=\"lazy\" decoding=\"async\" width=\"1024\" height=\"686\" data-id=\"7590\" src=\"https:\/\/etab.ac-reunion.fr\/lyc-sarda-garriga\/wp-content\/uploads\/sites\/98\/2024\/04\/12-1024x686.jpg\" alt=\"\" class=\"wp-image-7590\" srcset=\"https:\/\/etab.ac-reunion.fr\/lyc-sarda-garriga\/wp-content\/uploads\/sites\/98\/2024\/04\/12-1024x686.jpg 1024w, https:\/\/etab.ac-reunion.fr\/lyc-sarda-garriga\/wp-content\/uploads\/sites\/98\/2024\/04\/12-300x201.jpg 300w, https:\/\/etab.ac-reunion.fr\/lyc-sarda-garriga\/wp-content\/uploads\/sites\/98\/2024\/04\/12-768x514.jpg 768w, https:\/\/etab.ac-reunion.fr\/lyc-sarda-garriga\/wp-content\/uploads\/sites\/98\/2024\/04\/12-1536x1029.jpg 1536w, https:\/\/etab.ac-reunion.fr\/lyc-sarda-garriga\/wp-content\/uploads\/sites\/98\/2024\/04\/12-140x94.jpg 140w, https:\/\/etab.ac-reunion.fr\/lyc-sarda-garriga\/wp-content\/uploads\/sites\/98\/2024\/04\/12.jpg 1863w\" sizes=\"auto, (max-width: 1024px) 100vw, 1024px\" \/><\/a><\/figure>\n\n\n\n<figure class=\"wp-block-image size-large\"><a href=\"https:\/\/etab.ac-reunion.fr\/lyc-sarda-garriga\/wp-content\/uploads\/sites\/98\/2024\/04\/26.jpg\" target=\"_blank\" rel=\"noreferrer noopener\"><img loading=\"lazy\" decoding=\"async\" width=\"1024\" height=\"928\" data-id=\"7591\" src=\"https:\/\/etab.ac-reunion.fr\/lyc-sarda-garriga\/wp-content\/uploads\/sites\/98\/2024\/04\/26-1024x928.jpg\" alt=\"\" class=\"wp-image-7591\" srcset=\"https:\/\/etab.ac-reunion.fr\/lyc-sarda-garriga\/wp-content\/uploads\/sites\/98\/2024\/04\/26-1024x928.jpg 1024w, https:\/\/etab.ac-reunion.fr\/lyc-sarda-garriga\/wp-content\/uploads\/sites\/98\/2024\/04\/26-300x272.jpg 300w, https:\/\/etab.ac-reunion.fr\/lyc-sarda-garriga\/wp-content\/uploads\/sites\/98\/2024\/04\/26-768x696.jpg 768w, https:\/\/etab.ac-reunion.fr\/lyc-sarda-garriga\/wp-content\/uploads\/sites\/98\/2024\/04\/26-1536x1391.jpg 1536w, https:\/\/etab.ac-reunion.fr\/lyc-sarda-garriga\/wp-content\/uploads\/sites\/98\/2024\/04\/26-2048x1855.jpg 2048w\" sizes=\"auto, (max-width: 1024px) 100vw, 1024px\" \/><\/a><\/figure>\n<\/figure>\n\n\n\n<figure class=\"wp-block-gallery has-nested-images columns-default is-cropped wp-block-gallery-3 is-layout-flex wp-block-gallery-is-layout-flex\">\n<figure class=\"wp-block-image size-large\"><a href=\"https:\/\/etab.ac-reunion.fr\/lyc-sarda-garriga\/wp-content\/uploads\/sites\/98\/2024\/04\/p4.jpg\" target=\"_blank\" rel=\"noreferrer noopener\"><img loading=\"lazy\" decoding=\"async\" width=\"768\" height=\"1024\" data-id=\"7629\" src=\"https:\/\/etab.ac-reunion.fr\/lyc-sarda-garriga\/wp-content\/uploads\/sites\/98\/2024\/04\/p4-768x1024.jpg\" alt=\"\" class=\"wp-image-7629\" srcset=\"https:\/\/etab.ac-reunion.fr\/lyc-sarda-garriga\/wp-content\/uploads\/sites\/98\/2024\/04\/p4-768x1024.jpg 768w, https:\/\/etab.ac-reunion.fr\/lyc-sarda-garriga\/wp-content\/uploads\/sites\/98\/2024\/04\/p4-225x300.jpg 225w, https:\/\/etab.ac-reunion.fr\/lyc-sarda-garriga\/wp-content\/uploads\/sites\/98\/2024\/04\/p4.jpg 960w\" sizes=\"auto, (max-width: 768px) 100vw, 768px\" \/><\/a><\/figure>\n\n\n\n<figure class=\"wp-block-image size-large\"><a href=\"https:\/\/etab.ac-reunion.fr\/lyc-sarda-garriga\/wp-content\/uploads\/sites\/98\/2024\/04\/20231104_081803-scaled.jpg\" target=\"_blank\" rel=\"noreferrer noopener\"><img loading=\"lazy\" decoding=\"async\" width=\"649\" height=\"1024\" data-id=\"7594\" src=\"https:\/\/etab.ac-reunion.fr\/lyc-sarda-garriga\/wp-content\/uploads\/sites\/98\/2024\/04\/20231104_081803-649x1024.jpg\" alt=\"\" class=\"wp-image-7594\" srcset=\"https:\/\/etab.ac-reunion.fr\/lyc-sarda-garriga\/wp-content\/uploads\/sites\/98\/2024\/04\/20231104_081803-649x1024.jpg 649w, https:\/\/etab.ac-reunion.fr\/lyc-sarda-garriga\/wp-content\/uploads\/sites\/98\/2024\/04\/20231104_081803-190x300.jpg 190w, https:\/\/etab.ac-reunion.fr\/lyc-sarda-garriga\/wp-content\/uploads\/sites\/98\/2024\/04\/20231104_081803-768x1211.jpg 768w, https:\/\/etab.ac-reunion.fr\/lyc-sarda-garriga\/wp-content\/uploads\/sites\/98\/2024\/04\/20231104_081803-974x1536.jpg 974w, https:\/\/etab.ac-reunion.fr\/lyc-sarda-garriga\/wp-content\/uploads\/sites\/98\/2024\/04\/20231104_081803-1298x2048.jpg 1298w, https:\/\/etab.ac-reunion.fr\/lyc-sarda-garriga\/wp-content\/uploads\/sites\/98\/2024\/04\/20231104_081803-scaled.jpg 1623w\" sizes=\"auto, (max-width: 649px) 100vw, 649px\" \/><\/a><\/figure>\n\n\n\n<figure class=\"wp-block-image size-large\"><a href=\"https:\/\/etab.ac-reunion.fr\/lyc-sarda-garriga\/wp-content\/uploads\/sites\/98\/2024\/04\/67-scaled.jpg\" target=\"_blank\" rel=\"noreferrer noopener\"><img loading=\"lazy\" decoding=\"async\" width=\"743\" height=\"1024\" data-id=\"7593\" src=\"https:\/\/etab.ac-reunion.fr\/lyc-sarda-garriga\/wp-content\/uploads\/sites\/98\/2024\/04\/67-743x1024.jpg\" alt=\"\" class=\"wp-image-7593\" srcset=\"https:\/\/etab.ac-reunion.fr\/lyc-sarda-garriga\/wp-content\/uploads\/sites\/98\/2024\/04\/67-743x1024.jpg 743w, https:\/\/etab.ac-reunion.fr\/lyc-sarda-garriga\/wp-content\/uploads\/sites\/98\/2024\/04\/67-218x300.jpg 218w, https:\/\/etab.ac-reunion.fr\/lyc-sarda-garriga\/wp-content\/uploads\/sites\/98\/2024\/04\/67-768x1059.jpg 768w, https:\/\/etab.ac-reunion.fr\/lyc-sarda-garriga\/wp-content\/uploads\/sites\/98\/2024\/04\/67-1114x1536.jpg 1114w, https:\/\/etab.ac-reunion.fr\/lyc-sarda-garriga\/wp-content\/uploads\/sites\/98\/2024\/04\/67-1485x2048.jpg 1485w, https:\/\/etab.ac-reunion.fr\/lyc-sarda-garriga\/wp-content\/uploads\/sites\/98\/2024\/04\/67-scaled.jpg 1857w\" sizes=\"auto, (max-width: 743px) 100vw, 743px\" \/><\/a><\/figure>\n<\/figure>\n\n\n\n<figure class=\"wp-block-gallery has-nested-images columns-default is-cropped wp-block-gallery-4 is-layout-flex wp-block-gallery-is-layout-flex\">\n<figure class=\"wp-block-image size-large\"><a href=\"https:\/\/etab.ac-reunion.fr\/lyc-sarda-garriga\/wp-content\/uploads\/sites\/98\/2024\/04\/38b.jpg\" target=\"_blank\" rel=\"noreferrer noopener\"><img loading=\"lazy\" decoding=\"async\" width=\"1024\" height=\"710\" data-id=\"7641\" src=\"https:\/\/etab.ac-reunion.fr\/lyc-sarda-garriga\/wp-content\/uploads\/sites\/98\/2024\/04\/38b-1024x710.jpg\" alt=\"\" class=\"wp-image-7641\" srcset=\"https:\/\/etab.ac-reunion.fr\/lyc-sarda-garriga\/wp-content\/uploads\/sites\/98\/2024\/04\/38b-1024x710.jpg 1024w, https:\/\/etab.ac-reunion.fr\/lyc-sarda-garriga\/wp-content\/uploads\/sites\/98\/2024\/04\/38b-300x208.jpg 300w, https:\/\/etab.ac-reunion.fr\/lyc-sarda-garriga\/wp-content\/uploads\/sites\/98\/2024\/04\/38b-768x532.jpg 768w, https:\/\/etab.ac-reunion.fr\/lyc-sarda-garriga\/wp-content\/uploads\/sites\/98\/2024\/04\/38b.jpg 1309w\" sizes=\"auto, (max-width: 1024px) 100vw, 1024px\" \/><\/a><\/figure>\n<\/figure>\n\n\n\n<figure class=\"wp-block-image size-large is-resized\"><a href=\"https:\/\/etab.ac-reunion.fr\/lyc-sarda-garriga\/wp-content\/uploads\/sites\/98\/2024\/04\/Photo11.jpg\" target=\"_blank\" rel=\"noreferrer noopener\"><img loading=\"lazy\" decoding=\"async\" width=\"1024\" height=\"598\" src=\"https:\/\/etab.ac-reunion.fr\/lyc-sarda-garriga\/wp-content\/uploads\/sites\/98\/2024\/04\/Photo11-1024x598.jpg\" alt=\"\" class=\"wp-image-7650\" style=\"width:838px;height:auto\" srcset=\"https:\/\/etab.ac-reunion.fr\/lyc-sarda-garriga\/wp-content\/uploads\/sites\/98\/2024\/04\/Photo11-1024x598.jpg 1024w, https:\/\/etab.ac-reunion.fr\/lyc-sarda-garriga\/wp-content\/uploads\/sites\/98\/2024\/04\/Photo11-300x175.jpg 300w, https:\/\/etab.ac-reunion.fr\/lyc-sarda-garriga\/wp-content\/uploads\/sites\/98\/2024\/04\/Photo11-768x448.jpg 768w, https:\/\/etab.ac-reunion.fr\/lyc-sarda-garriga\/wp-content\/uploads\/sites\/98\/2024\/04\/Photo11-1536x896.jpg 1536w, https:\/\/etab.ac-reunion.fr\/lyc-sarda-garriga\/wp-content\/uploads\/sites\/98\/2024\/04\/Photo11-95x54.jpg 95w, https:\/\/etab.ac-reunion.fr\/lyc-sarda-garriga\/wp-content\/uploads\/sites\/98\/2024\/04\/Photo11.jpg 1621w\" sizes=\"auto, (max-width: 1024px) 100vw, 1024px\" \/><\/a><\/figure>\n\n\n\n<figure class=\"wp-block-image size-large\"><a href=\"https:\/\/etab.ac-reunion.fr\/lyc-sarda-garriga\/wp-content\/uploads\/sites\/98\/2024\/04\/49.jpg\" target=\"_blank\" rel=\"noreferrer noopener\"><img loading=\"lazy\" decoding=\"async\" width=\"1024\" height=\"329\" src=\"https:\/\/etab.ac-reunion.fr\/lyc-sarda-garriga\/wp-content\/uploads\/sites\/98\/2024\/04\/49-1024x329.jpg\" alt=\"\" class=\"wp-image-7592\" srcset=\"https:\/\/etab.ac-reunion.fr\/lyc-sarda-garriga\/wp-content\/uploads\/sites\/98\/2024\/04\/49-1024x329.jpg 1024w, https:\/\/etab.ac-reunion.fr\/lyc-sarda-garriga\/wp-content\/uploads\/sites\/98\/2024\/04\/49-300x96.jpg 300w, https:\/\/etab.ac-reunion.fr\/lyc-sarda-garriga\/wp-content\/uploads\/sites\/98\/2024\/04\/49-768x247.jpg 768w, https:\/\/etab.ac-reunion.fr\/lyc-sarda-garriga\/wp-content\/uploads\/sites\/98\/2024\/04\/49-1536x494.jpg 1536w, https:\/\/etab.ac-reunion.fr\/lyc-sarda-garriga\/wp-content\/uploads\/sites\/98\/2024\/04\/49-2048x658.jpg 2048w\" sizes=\"auto, (max-width: 1024px) 100vw, 1024px\" \/><\/a><\/figure>\n\n\n\n<figure class=\"wp-block-gallery has-nested-images columns-default is-cropped wp-block-gallery-5 is-layout-flex wp-block-gallery-is-layout-flex\">\n<figure class=\"wp-block-image size-large\"><a href=\"https:\/\/etab.ac-reunion.fr\/lyc-sarda-garriga\/wp-content\/uploads\/sites\/98\/2024\/04\/P2.jpg\" target=\"_blank\" rel=\"noreferrer noopener\"><img loading=\"lazy\" decoding=\"async\" width=\"1025\" height=\"854\" data-id=\"7628\" src=\"https:\/\/etab.ac-reunion.fr\/lyc-sarda-garriga\/wp-content\/uploads\/sites\/98\/2024\/04\/P2.jpg\" alt=\"\" class=\"wp-image-7628\" srcset=\"https:\/\/etab.ac-reunion.fr\/lyc-sarda-garriga\/wp-content\/uploads\/sites\/98\/2024\/04\/P2.jpg 1025w, https:\/\/etab.ac-reunion.fr\/lyc-sarda-garriga\/wp-content\/uploads\/sites\/98\/2024\/04\/P2-300x250.jpg 300w, https:\/\/etab.ac-reunion.fr\/lyc-sarda-garriga\/wp-content\/uploads\/sites\/98\/2024\/04\/P2-768x640.jpg 768w\" sizes=\"auto, (max-width: 1025px) 100vw, 1025px\" \/><\/a><\/figure>\n\n\n\n<figure class=\"wp-block-image size-large\"><a href=\"https:\/\/etab.ac-reunion.fr\/lyc-sarda-garriga\/wp-content\/uploads\/sites\/98\/2024\/04\/present-scaled.jpg\" target=\"_blank\" rel=\"noreferrer noopener\"><img loading=\"lazy\" decoding=\"async\" width=\"925\" height=\"1024\" data-id=\"7595\" src=\"https:\/\/etab.ac-reunion.fr\/lyc-sarda-garriga\/wp-content\/uploads\/sites\/98\/2024\/04\/present-925x1024.jpg\" alt=\"\" class=\"wp-image-7595\" srcset=\"https:\/\/etab.ac-reunion.fr\/lyc-sarda-garriga\/wp-content\/uploads\/sites\/98\/2024\/04\/present-925x1024.jpg 925w, https:\/\/etab.ac-reunion.fr\/lyc-sarda-garriga\/wp-content\/uploads\/sites\/98\/2024\/04\/present-271x300.jpg 271w, https:\/\/etab.ac-reunion.fr\/lyc-sarda-garriga\/wp-content\/uploads\/sites\/98\/2024\/04\/present-768x850.jpg 768w, https:\/\/etab.ac-reunion.fr\/lyc-sarda-garriga\/wp-content\/uploads\/sites\/98\/2024\/04\/present-1387x1536.jpg 1387w, https:\/\/etab.ac-reunion.fr\/lyc-sarda-garriga\/wp-content\/uploads\/sites\/98\/2024\/04\/present-1850x2048.jpg 1850w\" sizes=\"auto, (max-width: 925px) 100vw, 925px\" \/><\/a><\/figure>\n<\/figure>\n","protected":false},"excerpt":{"rendered":"<p>Le 25 avril 2025, le Lyc\u00e9e Sarda Garriga&nbsp; a eu l&rsquo;honneur d&rsquo;accueillir en ses murs Madame la Ministre Aurore&nbsp; Berg\u00e9 , en charge de l\u2019\u00c9galit\u00e9 entre les femmes et les hommes et de la Lutte contre les discriminations. Un accueil r\u00e9publicain en musique avec l&rsquo;orchestre Polyphonia au son de la Marseillaise lui a \u00e9t\u00e9 r\u00e9serv\u00e9. [&hellip;]<\/p>\n","protected":false},"author":2934,"featured_media":7608,"parent":0,"menu_order":0,"comment_status":"closed","ping_status":"closed","template":"","meta":{"footnotes":"","_links_to":"","_links_to_target":""},"class_list":["post-7584","page","type-page","status-publish","has-post-thumbnail","hentry"],"_links":{"self":[{"href":"https:\/\/etab.ac-reunion.fr\/lyc-sarda-garriga\/wp-json\/wp\/v2\/pages\/7584","targetHints":{"allow":["GET"]}}],"collection":[{"href":"https:\/\/etab.ac-reunion.fr\/lyc-sarda-garriga\/wp-json\/wp\/v2\/pages"}],"about":[{"href":"https:\/\/etab.ac-reunion.fr\/lyc-sarda-garriga\/wp-json\/wp\/v2\/types\/page"}],"author":[{"embeddable":true,"href":"https:\/\/etab.ac-reunion.fr\/lyc-sarda-garriga\/wp-json\/wp\/v2\/users\/2934"}],"replies":[{"embeddable":true,"href":"https:\/\/etab.ac-reunion.fr\/lyc-sarda-garriga\/wp-json\/wp\/v2\/comments?post=7584"}],"version-history":[{"count":29,"href":"https:\/\/etab.ac-reunion.fr\/lyc-sarda-garriga\/wp-json\/wp\/v2\/pages\/7584\/revisions"}],"predecessor-version":[{"id":7671,"href":"https:\/\/etab.ac-reunion.fr\/lyc-sarda-garriga\/wp-json\/wp\/v2\/pages\/7584\/revisions\/7671"}],"wp:featuredmedia":[{"embeddable":true,"href":"https:\/\/etab.ac-reunion.fr\/lyc-sarda-garriga\/wp-json\/wp\/v2\/media\/7608"}],"wp:attachment":[{"href":"https:\/\/etab.ac-reunion.fr\/lyc-sarda-garriga\/wp-json\/wp\/v2\/media?parent=7584"}],"curies":[{"name":"wp","href":"https:\/\/api.w.org\/{rel}","templated":true}]}}