{"id":7681,"date":"2024-05-19T20:36:56","date_gmt":"2024-05-19T16:36:56","guid":{"rendered":"https:\/\/etab.ac-reunion.fr\/lyc-sarda-garriga\/?page_id=7681"},"modified":"2024-05-19T21:02:53","modified_gmt":"2024-05-19T17:02:53","slug":"run-cup-badminton-unss-une-nouvelle-place-dans-le-carre-das","status":"publish","type":"page","link":"https:\/\/etab.ac-reunion.fr\/lyc-sarda-garriga\/run-cup-badminton-unss-une-nouvelle-place-dans-le-carre-das\/","title":{"rendered":"RUN CUP BADMINTON UNSS \u2026  17\/04\/2024"},"content":{"rendered":"\n<p>Une nouvelle place dans le carr\u00e9 d&rsquo;AS !<\/p>\n\n\n\n<p>Le mercredi 17 avril dernier s&rsquo;est d\u00e9roul\u00e9e la RUN CUP BADMINTON ACADEMIQUE, rencontre de Badminton par \u00e9quipe de 2, gar\u00e7ons, filles ou mixte, comprenant 2 simples + 1 double.<\/p>\n\n\n\n<p>4 \u00e9quipes du Lyc\u00e9e se sont qualifi\u00e9es lors de la Run Cup District, 2 \u00e9quipes mixtes et 2 \u00e9quipes gar\u00e7ons.<\/p>\n\n\n\n<p>Si les gar\u00e7ons n&rsquo;ont pas d\u00e9m\u00e9rit\u00e9 tant le niveau \u00e9tait relev\u00e9 (une belle 5\u00e8me place obtenue), les paires mixtes se sont distingu\u00e9es avec une superbe 2\u00e8me place apr\u00e8s une finale tr\u00e8s disput\u00e9e qui s&rsquo;est jou\u00e9e aux points.&nbsp;<\/p>\n\n\n\n<p>Une belle performance collective ! Pour certains, il s&rsquo;agissait d&rsquo;une grande 1\u00e8re \u00e0 ce niveau alors \u00ab\u00a0l&rsquo;exploit commence avec la participation !!!\u00a0\u00bb<\/p>\n\n\n\n<p>Un grand BRAVO \u00e0 tous&nbsp;<\/p>\n\n\n\n<p class=\"has-text-align-right\">Mme Pezin<\/p>\n\n\n\n<figure class=\"wp-block-gallery has-nested-images columns-default is-cropped wp-block-gallery-1 is-layout-flex wp-block-gallery-is-layout-flex\">\n<figure class=\"wp-block-image size-large\"><a href=\"https:\/\/etab.ac-reunion.fr\/lyc-sarda-garriga\/wp-content\/uploads\/sites\/98\/2024\/05\/Run-Cup-Badminton-mixte-1-scaled.jpg\" target=\"_blank\" rel=\"noreferrer noopener\"><img loading=\"lazy\" decoding=\"async\" width=\"1024\" height=\"768\" data-id=\"7684\" src=\"https:\/\/etab.ac-reunion.fr\/lyc-sarda-garriga\/wp-content\/uploads\/sites\/98\/2024\/05\/Run-Cup-Badminton-mixte-1-1024x768.jpg\" alt=\"\" class=\"wp-image-7684\" srcset=\"https:\/\/etab.ac-reunion.fr\/lyc-sarda-garriga\/wp-content\/uploads\/sites\/98\/2024\/05\/Run-Cup-Badminton-mixte-1-1024x768.jpg 1024w, https:\/\/etab.ac-reunion.fr\/lyc-sarda-garriga\/wp-content\/uploads\/sites\/98\/2024\/05\/Run-Cup-Badminton-mixte-1-300x225.jpg 300w, https:\/\/etab.ac-reunion.fr\/lyc-sarda-garriga\/wp-content\/uploads\/sites\/98\/2024\/05\/Run-Cup-Badminton-mixte-1-768x576.jpg 768w, https:\/\/etab.ac-reunion.fr\/lyc-sarda-garriga\/wp-content\/uploads\/sites\/98\/2024\/05\/Run-Cup-Badminton-mixte-1-1536x1152.jpg 1536w, https:\/\/etab.ac-reunion.fr\/lyc-sarda-garriga\/wp-content\/uploads\/sites\/98\/2024\/05\/Run-Cup-Badminton-mixte-1-2048x1536.jpg 2048w\" sizes=\"auto, (max-width: 1024px) 100vw, 1024px\" \/><\/a><\/figure>\n\n\n\n<figure class=\"wp-block-image size-large\"><a href=\"https:\/\/etab.ac-reunion.fr\/lyc-sarda-garriga\/wp-content\/uploads\/sites\/98\/2024\/05\/Run-cup-BADMINTON-scaled.jpg\" target=\"_blank\" rel=\"noreferrer noopener\"><img loading=\"lazy\" decoding=\"async\" width=\"768\" height=\"1024\" data-id=\"7683\" src=\"https:\/\/etab.ac-reunion.fr\/lyc-sarda-garriga\/wp-content\/uploads\/sites\/98\/2024\/05\/Run-cup-BADMINTON-768x1024.jpg\" alt=\"\" class=\"wp-image-7683\" srcset=\"https:\/\/etab.ac-reunion.fr\/lyc-sarda-garriga\/wp-content\/uploads\/sites\/98\/2024\/05\/Run-cup-BADMINTON-768x1024.jpg 768w, https:\/\/etab.ac-reunion.fr\/lyc-sarda-garriga\/wp-content\/uploads\/sites\/98\/2024\/05\/Run-cup-BADMINTON-225x300.jpg 225w, https:\/\/etab.ac-reunion.fr\/lyc-sarda-garriga\/wp-content\/uploads\/sites\/98\/2024\/05\/Run-cup-BADMINTON-1152x1536.jpg 1152w, https:\/\/etab.ac-reunion.fr\/lyc-sarda-garriga\/wp-content\/uploads\/sites\/98\/2024\/05\/Run-cup-BADMINTON-1536x2048.jpg 1536w, https:\/\/etab.ac-reunion.fr\/lyc-sarda-garriga\/wp-content\/uploads\/sites\/98\/2024\/05\/Run-cup-BADMINTON-scaled.jpg 1920w\" sizes=\"auto, (max-width: 768px) 100vw, 768px\" \/><\/a><\/figure>\n<\/figure>\n","protected":false},"excerpt":{"rendered":"<p>Une nouvelle place dans le carr\u00e9 d&rsquo;AS ! Le mercredi 17 avril dernier s&rsquo;est d\u00e9roul\u00e9e la RUN CUP BADMINTON ACADEMIQUE, rencontre de Badminton par \u00e9quipe de 2, gar\u00e7ons, filles ou mixte, comprenant 2 simples + 1 double. 4 \u00e9quipes du Lyc\u00e9e se sont qualifi\u00e9es lors de la Run Cup District, 2 \u00e9quipes mixtes et 2 [&hellip;]<\/p>\n","protected":false},"author":2934,"featured_media":7684,"parent":0,"menu_order":0,"comment_status":"closed","ping_status":"closed","template":"","meta":{"footnotes":"","_links_to":"","_links_to_target":""},"class_list":["post-7681","page","type-page","status-publish","has-post-thumbnail","hentry"],"_links":{"self":[{"href":"https:\/\/etab.ac-reunion.fr\/lyc-sarda-garriga\/wp-json\/wp\/v2\/pages\/7681","targetHints":{"allow":["GET"]}}],"collection":[{"href":"https:\/\/etab.ac-reunion.fr\/lyc-sarda-garriga\/wp-json\/wp\/v2\/pages"}],"about":[{"href":"https:\/\/etab.ac-reunion.fr\/lyc-sarda-garriga\/wp-json\/wp\/v2\/types\/page"}],"author":[{"embeddable":true,"href":"https:\/\/etab.ac-reunion.fr\/lyc-sarda-garriga\/wp-json\/wp\/v2\/users\/2934"}],"replies":[{"embeddable":true,"href":"https:\/\/etab.ac-reunion.fr\/lyc-sarda-garriga\/wp-json\/wp\/v2\/comments?post=7681"}],"version-history":[{"count":4,"href":"https:\/\/etab.ac-reunion.fr\/lyc-sarda-garriga\/wp-json\/wp\/v2\/pages\/7681\/revisions"}],"predecessor-version":[{"id":7692,"href":"https:\/\/etab.ac-reunion.fr\/lyc-sarda-garriga\/wp-json\/wp\/v2\/pages\/7681\/revisions\/7692"}],"wp:featuredmedia":[{"embeddable":true,"href":"https:\/\/etab.ac-reunion.fr\/lyc-sarda-garriga\/wp-json\/wp\/v2\/media\/7684"}],"wp:attachment":[{"href":"https:\/\/etab.ac-reunion.fr\/lyc-sarda-garriga\/wp-json\/wp\/v2\/media?parent=7681"}],"curies":[{"name":"wp","href":"https:\/\/api.w.org\/{rel}","templated":true}]}}