{"id":7693,"date":"2024-05-19T21:45:02","date_gmt":"2024-05-19T17:45:02","guid":{"rendered":"https:\/\/etab.ac-reunion.fr\/lyc-sarda-garriga\/?page_id=7693"},"modified":"2024-05-19T22:23:47","modified_gmt":"2024-05-19T18:23:47","slug":"flashmob-jij-athenes-2024-23-04-2024","status":"publish","type":"page","link":"https:\/\/etab.ac-reunion.fr\/lyc-sarda-garriga\/flashmob-jij-athenes-2024-23-04-2024\/","title":{"rendered":"Flashmob JIJ Ath\u00e8nes 2024 &#8230; 23\/04\/2024"},"content":{"rendered":"\n<p class=\"has-text-align-center\"><strong>Une belle \u00e9nergie au sein du Lyc\u00e9e,\u00a0 SARDA\u00a0 LE LA !!!<\/strong><\/p>\n\n\n\n<p>Mardi 23 avril, \u00e9l\u00e8ves, enseignants et plusieurs membres du personnel de direction ont r\u00e9pondu pr\u00e9sents et jou\u00e9 le jeu en apprenant rapidement , malgr\u00e9 une chaleur accablante, le Flashmob des JIJ cr\u00e9e par l&rsquo;\u00e9quipe participante.<\/p>\n\n\n\n<p>S&rsquo;est d\u00e9gag\u00e9e de cet instant chor\u00e9graphique une \u00e9nergie soleil avec de bien beaux sourires.<\/p>\n\n\n\n<p>Preuve qu&rsquo;\u00e0 SARDA on soutient les projets sportifs !!<\/p>\n\n\n\n<p>Un chaleureux MERCI \u00e0 tous les participants, de pr\u00e8s comme de loin (logistique vid\u00e9o, son et jeunes reporters de STI2D, public) pour votre pr\u00e9cieux soutien.<\/p>\n\n\n\n<p>Les danseurs vont nous accompagner \u00e0 Ath\u00e8nes puisqu&rsquo;ils figureront sur le montage vid\u00e9o pr\u00e9sentant notre \u00e9quipe tout au long des Jeux.<\/p>\n\n\n\n<p>Un beau souvenir pour tous.<\/p>\n\n\n\n<p class=\"has-text-align-right\">L&rsquo;\u00e9quipe des JIJ et les professeurs encadrants.<\/p>\n\n\n\n<figure class=\"wp-block-video\"><video controls src=\"https:\/\/portail.sgarriga.ac-reunion.fr\/wordpress\/wp-content\/uploads\/2024\/05\/video-cut1.mp4\"><\/video><\/figure>\n\n\n\n<figure class=\"wp-block-video\"><video controls src=\"https:\/\/portail.sgarriga.ac-reunion.fr\/wordpress\/wp-content\/uploads\/2024\/05\/Dansez-les-JIJ-Vid\u00e9o-Lyc\u00e9e-SARDA-GARRIGA.mp4\"><\/video><\/figure>\n","protected":false},"excerpt":{"rendered":"<p>Une belle \u00e9nergie au sein du Lyc\u00e9e,\u00a0 SARDA\u00a0 LE LA !!! Mardi 23 avril, \u00e9l\u00e8ves, enseignants et plusieurs membres du personnel de direction ont r\u00e9pondu pr\u00e9sents et jou\u00e9 le jeu en apprenant rapidement , malgr\u00e9 une chaleur accablante, le Flashmob des JIJ cr\u00e9e par l&rsquo;\u00e9quipe participante. S&rsquo;est d\u00e9gag\u00e9e de cet instant chor\u00e9graphique une \u00e9nergie soleil [&hellip;]<\/p>\n","protected":false},"author":2934,"featured_media":7704,"parent":0,"menu_order":0,"comment_status":"closed","ping_status":"closed","template":"","meta":{"footnotes":"","_links_to":"","_links_to_target":""},"class_list":["post-7693","page","type-page","status-publish","has-post-thumbnail","hentry"],"_links":{"self":[{"href":"https:\/\/etab.ac-reunion.fr\/lyc-sarda-garriga\/wp-json\/wp\/v2\/pages\/7693","targetHints":{"allow":["GET"]}}],"collection":[{"href":"https:\/\/etab.ac-reunion.fr\/lyc-sarda-garriga\/wp-json\/wp\/v2\/pages"}],"about":[{"href":"https:\/\/etab.ac-reunion.fr\/lyc-sarda-garriga\/wp-json\/wp\/v2\/types\/page"}],"author":[{"embeddable":true,"href":"https:\/\/etab.ac-reunion.fr\/lyc-sarda-garriga\/wp-json\/wp\/v2\/users\/2934"}],"replies":[{"embeddable":true,"href":"https:\/\/etab.ac-reunion.fr\/lyc-sarda-garriga\/wp-json\/wp\/v2\/comments?post=7693"}],"version-history":[{"count":5,"href":"https:\/\/etab.ac-reunion.fr\/lyc-sarda-garriga\/wp-json\/wp\/v2\/pages\/7693\/revisions"}],"predecessor-version":[{"id":7707,"href":"https:\/\/etab.ac-reunion.fr\/lyc-sarda-garriga\/wp-json\/wp\/v2\/pages\/7693\/revisions\/7707"}],"wp:featuredmedia":[{"embeddable":true,"href":"https:\/\/etab.ac-reunion.fr\/lyc-sarda-garriga\/wp-json\/wp\/v2\/media\/7704"}],"wp:attachment":[{"href":"https:\/\/etab.ac-reunion.fr\/lyc-sarda-garriga\/wp-json\/wp\/v2\/media?parent=7693"}],"curies":[{"name":"wp","href":"https:\/\/api.w.org\/{rel}","templated":true}]}}