{"id":83,"date":"2014-10-21T16:45:19","date_gmt":"2014-10-21T15:45:19","guid":{"rendered":"http:\/\/lycee-sarda-garriga-tmp.ac-reunion.fr\/?page_id=83"},"modified":"2023-08-13T16:06:51","modified_gmt":"2023-08-13T12:06:51","slug":"mentions-legales","status":"publish","type":"page","link":"https:\/\/etab.ac-reunion.fr\/lyc-sarda-garriga\/mentions-legales\/","title":{"rendered":"MENTIONS LEGALES"},"content":{"rendered":"<ul>\n<li><strong>\u00c9diteur:<\/strong><\/li>\n<\/ul>\n<p>Lyc\u00e9e SARDA GARRIGA<br \/>\n755, rue de la Communaut\u00e9 &#8211; BP 513<\/p>\n<p>97440 Saint Andr\u00e9<br \/>\nT\u00e9l: 0262 58 58 80<br \/>\nCourriel: ce.9740043d(a)ac-reunion.fr\u00a0\u00a0 remplacer (a) par @<br \/>\nFax: 02 62 46 62 62<\/p>\n<p><strong>Directeur de la publication:<\/strong><span class=\"Apple-converted-space\"> Mme MONDISSA Sylvie <\/span>, Proviseure du lyc\u00e9e<\/p>\n<p><strong>Conception et r\u00e9alisation: <\/strong>Mme CARRIE Isabelle ,Webmestre<\/p>\n<ul>\n<li><strong>Fournisseur de l\u2019h\u00e9bergement:<\/strong><\/li>\n<\/ul>\n<p>Rectorat de l\u2019Acad\u00e9mie de La R\u00e9union<br \/>\nSecr\u00e9tariat g\u00e9n\u00e9ral \u2013 Service Communication<br \/>\n24, Avenue Georges Brassens \u2013 97702 \u2013 St-Denis \u2013 Messag Cedex 9<\/p>\n<ul>\n<li style=\"text-align: justify\"><strong>Respect des lois en vigueur<\/strong><\/li>\n<\/ul>\n<p style=\"text-align: justify\">Le site<span class=\"Apple-converted-space\">\u00a0<\/span><i>lycee-sarda-garriga.ac-reunion.fr\u00a0respecte la vie priv\u00e9e de l&rsquo;internaute et se conforme strictement aux lois en vigueur sur la protection de la vie priv\u00e9e et des libert\u00e9s individuelles. Aucune information personnelle n&rsquo;est collect\u00e9e \u00e0 votre insu. Aucune information personnelle n&rsquo;est c\u00e9d\u00e9e \u00e0 des tiers. Les courriels, les adresses \u00e9lectroniques ou autres informations nominatives dont ce site est destinataire ne font l&rsquo;objet d&rsquo;aucune exploitation.<\/i><\/p>\n<ul style=\"text-align: justify\">\n<li><strong>Droit des internautes: droit d&rsquo;acc\u00e8s et de rectification<\/strong><\/li>\n<\/ul>\n<p style=\"text-align: justify\">Conform\u00e9ment aux dispositions de la loi n\u00b078-17 du 6 janvier 1978 relative \u00e0 l&rsquo;informatique, aux fichiers et aux libert\u00e9s, les internautes disposent d&rsquo;un droit d&rsquo;acc\u00e8s, de modification, de rectification et de suppression des donn\u00e9es qui les concernent.<br \/>\nCe droit s&rsquo;exerce par voie postale, en justifiant de son identit\u00e9, \u00e0 l&rsquo;adresse cit\u00e9e dans la partie \u00e9diteur.<\/p>\n<ul style=\"text-align: justify\">\n<li><strong>Responsabilit\u00e9s face aux liens vers d&rsquo;autres sites<\/strong><\/li>\n<\/ul>\n<p style=\"text-align: justify\">Le site\u00a0lycee-<i>sarda-garriga<\/i>.ac-reunion.fr\u00a0propose de nombreux liens vers d&rsquo;autres sites, essentiellement des sites officiels (gouvernement, institutions, organismes publics, etc.) mais aussi vers des sites, fran\u00e7ais ou \u00e9trangers, d&rsquo;associations, d&rsquo;organismes professionnels du secteur \u00e9ducatif ou d&rsquo;entreprises partenaires sur des op\u00e9rations ponctuelles.<br \/>\nChaque fois, il est\u00a0 pr\u00e9cis\u00e9 vers quel site nous vous proposons d&rsquo;aller. Ces pages ne font pas partie du site lycee-<i>sarda-garriga<\/i>.ac-reunion.fr : elles n&rsquo;engagent pas la responsabilit\u00e9 de la r\u00e9daction du site qui ne peut \u00eatre tenue pour responsable des contenus vers lesquels ces liens pointent. Ils ne visent qu&rsquo;\u00e0 permettre \u00e0 l&rsquo;internaute d&rsquo;acc\u00e9der plus facilement \u00e0 d&rsquo;autres ressources documentaires sur le sujet consult\u00e9.<\/p>\n<ul style=\"text-align: justify\">\n<li><strong>Demande d&rsquo;autorisation de reproduction des contenus<\/strong><\/li>\n<\/ul>\n<p style=\"text-align: justify\">Toute copie partielle ou int\u00e9grale sur support papier ou sous forme \u00e9lectronique de pages du site<span class=\"Apple-converted-space\">\u00a0<\/span><i><i>lycee-<i>sarda-garriga<\/i>.ac-reunion.fr doit faire l&rsquo;objet d&rsquo;une d\u00e9claration. Les demandes d&rsquo;autorisation de reproduction d&rsquo;un contenu doivent \u00eatre adress\u00e9es au directeur de la publication , en \u00e9crivant \u00e0 l&rsquo;adresse cit\u00e9e dans la partie \u00e9diteur.<br \/>\n<\/i><\/i><\/p>\n<p style=\"text-align: justify\">La demande devra pr\u00e9ciser le contenu vis\u00e9 ainsi que la publication ou le site sur lequel ce dernier figurera. Une fois cette autorisation obtenue, la reproduction d&rsquo;un contenu doit ob\u00e9ir aux principes suivants :<br \/>\n&#8211; gratuit\u00e9 de la diffusion ;<br \/>\n&#8211; respect de l&rsquo;int\u00e9grit\u00e9 des documents reproduits (aucune modification, ni alt\u00e9ration d&rsquo;aucune sorte) ;<br \/>\n&#8211; mention obligatoire : \u00ab\u00a0\u00a9\u00a0http:\/\/lycee-<i>sarda-garriga<\/i>.ac-reunion.fr &#8211; Acad\u00e9mie de La R\u00e9union &#8211; droits r\u00e9serv\u00e9s\u00a0\u00bb .<\/p>\n","protected":false},"excerpt":{"rendered":"<p>\u00c9diteur: Lyc\u00e9e SARDA GARRIGA 755, rue de la Communaut\u00e9 &#8211; BP 513 97440 Saint Andr\u00e9 T\u00e9l: 0262 58 58 80 Courriel: ce.9740043d(a)ac-reunion.fr\u00a0\u00a0 remplacer (a) par @ Fax: 02 62 46 62 62 Directeur de la publication: Mme MONDISSA Sylvie , Proviseure du lyc\u00e9e Conception et r\u00e9alisation: Mme CARRIE Isabelle ,Webmestre Fournisseur de l\u2019h\u00e9bergement: Rectorat de [&hellip;]<\/p>\n","protected":false},"author":2934,"featured_media":0,"parent":0,"menu_order":0,"comment_status":"closed","ping_status":"closed","template":"","meta":{"footnotes":"","_links_to":"","_links_to_target":""},"class_list":["post-83","page","type-page","status-publish","hentry"],"_links":{"self":[{"href":"https:\/\/etab.ac-reunion.fr\/lyc-sarda-garriga\/wp-json\/wp\/v2\/pages\/83","targetHints":{"allow":["GET"]}}],"collection":[{"href":"https:\/\/etab.ac-reunion.fr\/lyc-sarda-garriga\/wp-json\/wp\/v2\/pages"}],"about":[{"href":"https:\/\/etab.ac-reunion.fr\/lyc-sarda-garriga\/wp-json\/wp\/v2\/types\/page"}],"author":[{"embeddable":true,"href":"https:\/\/etab.ac-reunion.fr\/lyc-sarda-garriga\/wp-json\/wp\/v2\/users\/2934"}],"replies":[{"embeddable":true,"href":"https:\/\/etab.ac-reunion.fr\/lyc-sarda-garriga\/wp-json\/wp\/v2\/comments?post=83"}],"version-history":[{"count":7,"href":"https:\/\/etab.ac-reunion.fr\/lyc-sarda-garriga\/wp-json\/wp\/v2\/pages\/83\/revisions"}],"predecessor-version":[{"id":6941,"href":"https:\/\/etab.ac-reunion.fr\/lyc-sarda-garriga\/wp-json\/wp\/v2\/pages\/83\/revisions\/6941"}],"wp:attachment":[{"href":"https:\/\/etab.ac-reunion.fr\/lyc-sarda-garriga\/wp-json\/wp\/v2\/media?parent=83"}],"curies":[{"name":"wp","href":"https:\/\/api.w.org\/{rel}","templated":true}]}}