{"id":8397,"date":"2024-12-06T10:18:24","date_gmt":"2024-12-06T06:18:24","guid":{"rendered":"https:\/\/etab.ac-reunion.fr\/lyc-sarda-garriga\/?page_id=8397"},"modified":"2024-12-06T10:18:24","modified_gmt":"2024-12-06T06:18:24","slug":"charging-spot-5-12-2024","status":"publish","type":"page","link":"https:\/\/etab.ac-reunion.fr\/lyc-sarda-garriga\/charging-spot-5-12-2024\/","title":{"rendered":"Charging Spot &#8211; 5\/12\/2024"},"content":{"rendered":"\n<blockquote class=\"wp-block-quote is-layout-flow wp-block-quote-is-layout-flow\">\n<p>C&rsquo;est avec joie et enthousiasme que nous avons inaugur\u00e9 aujourd&rsquo;hui l&rsquo;installation du tout premier\u00a0<em>Charging Spot<\/em>\u00a0initi\u00e9e dans le cadre du projet NEFLE Sarda Relax.\u00a0Il s&rsquo;agit de bornes de recharge de t\u00e9l\u00e9phone\u00a0\u00e9cologique fonctionnant \u00e0 100% gr\u00e2ce \u00e0 l&rsquo;\u00e9nergie humaine. En p\u00e9dalant, l&rsquo;\u00e9nergie g\u00e9n\u00e9r\u00e9e permet de recharger jusqu&rsquo;\u00e0 trois t\u00e9l\u00e9phones. De plus, gr\u00e2ce \u00e0 l\u2019application mobile \u00ab ilo by Ludik Energie \u00bb, il est possible de se connecter en Bluetooth aux bornes de recharge afin de visualiser la quantit\u00e9 d\u2019\u00e9nergie produite.<\/p>\n\n\n\n<p>Nous tenons \u00e0 exprimer notre gratitude envers l&rsquo;ensemble de la communaut\u00e9 \u00e9ducative qui a rendu ce projet possible, en particulier l&rsquo;\u00e9quipe NEFLE, les enseignants et les \u00e9l\u00e8ves ainsi que le personnel technique du lyc\u00e9e !<\/p>\n<\/blockquote>\n\n\n\n<figure class=\"wp-block-image size-large\"><a href=\"https:\/\/etab.ac-reunion.fr\/lyc-sarda-garriga\/wp-content\/uploads\/sites\/98\/2024\/12\/Visuel-3.jpeg\" target=\"_blank\" rel=\"noreferrer noopener\"><img loading=\"lazy\" decoding=\"async\" width=\"1024\" height=\"1024\" src=\"https:\/\/etab.ac-reunion.fr\/lyc-sarda-garriga\/wp-content\/uploads\/sites\/98\/2024\/12\/Visuel-3-1024x1024.jpeg\" alt=\"\" class=\"wp-image-8399\" srcset=\"https:\/\/etab.ac-reunion.fr\/lyc-sarda-garriga\/wp-content\/uploads\/sites\/98\/2024\/12\/Visuel-3-1024x1024.jpeg 1024w, https:\/\/etab.ac-reunion.fr\/lyc-sarda-garriga\/wp-content\/uploads\/sites\/98\/2024\/12\/Visuel-3-300x300.jpeg 300w, https:\/\/etab.ac-reunion.fr\/lyc-sarda-garriga\/wp-content\/uploads\/sites\/98\/2024\/12\/Visuel-3-60x60.jpeg 60w, https:\/\/etab.ac-reunion.fr\/lyc-sarda-garriga\/wp-content\/uploads\/sites\/98\/2024\/12\/Visuel-3-768x768.jpeg 768w, https:\/\/etab.ac-reunion.fr\/lyc-sarda-garriga\/wp-content\/uploads\/sites\/98\/2024\/12\/Visuel-3-1536x1536.jpeg 1536w, https:\/\/etab.ac-reunion.fr\/lyc-sarda-garriga\/wp-content\/uploads\/sites\/98\/2024\/12\/Visuel-3-200x200.jpeg 200w, https:\/\/etab.ac-reunion.fr\/lyc-sarda-garriga\/wp-content\/uploads\/sites\/98\/2024\/12\/Visuel-3-130x130.jpeg 130w, https:\/\/etab.ac-reunion.fr\/lyc-sarda-garriga\/wp-content\/uploads\/sites\/98\/2024\/12\/Visuel-3-67x67.jpeg 67w, https:\/\/etab.ac-reunion.fr\/lyc-sarda-garriga\/wp-content\/uploads\/sites\/98\/2024\/12\/Visuel-3-40x40.jpeg 40w, https:\/\/etab.ac-reunion.fr\/lyc-sarda-garriga\/wp-content\/uploads\/sites\/98\/2024\/12\/Visuel-3-184x184.jpeg 184w, https:\/\/etab.ac-reunion.fr\/lyc-sarda-garriga\/wp-content\/uploads\/sites\/98\/2024\/12\/Visuel-3.jpeg 2048w\" sizes=\"auto, (max-width: 1024px) 100vw, 1024px\" \/><\/a><\/figure>\n","protected":false},"excerpt":{"rendered":"<p>C&rsquo;est avec joie et enthousiasme que nous avons inaugur\u00e9 aujourd&rsquo;hui l&rsquo;installation du tout premier\u00a0Charging Spot\u00a0initi\u00e9e dans le cadre du projet NEFLE Sarda Relax.\u00a0Il s&rsquo;agit de bornes de recharge de t\u00e9l\u00e9phone\u00a0\u00e9cologique fonctionnant \u00e0 100% gr\u00e2ce \u00e0 l&rsquo;\u00e9nergie humaine. En p\u00e9dalant, l&rsquo;\u00e9nergie g\u00e9n\u00e9r\u00e9e permet de recharger jusqu&rsquo;\u00e0 trois t\u00e9l\u00e9phones. De plus, gr\u00e2ce \u00e0 l\u2019application mobile \u00ab ilo [&hellip;]<\/p>\n","protected":false},"author":2934,"featured_media":8399,"parent":0,"menu_order":0,"comment_status":"closed","ping_status":"closed","template":"","meta":{"footnotes":"","_links_to":"","_links_to_target":""},"class_list":["post-8397","page","type-page","status-publish","has-post-thumbnail","hentry"],"_links":{"self":[{"href":"https:\/\/etab.ac-reunion.fr\/lyc-sarda-garriga\/wp-json\/wp\/v2\/pages\/8397","targetHints":{"allow":["GET"]}}],"collection":[{"href":"https:\/\/etab.ac-reunion.fr\/lyc-sarda-garriga\/wp-json\/wp\/v2\/pages"}],"about":[{"href":"https:\/\/etab.ac-reunion.fr\/lyc-sarda-garriga\/wp-json\/wp\/v2\/types\/page"}],"author":[{"embeddable":true,"href":"https:\/\/etab.ac-reunion.fr\/lyc-sarda-garriga\/wp-json\/wp\/v2\/users\/2934"}],"replies":[{"embeddable":true,"href":"https:\/\/etab.ac-reunion.fr\/lyc-sarda-garriga\/wp-json\/wp\/v2\/comments?post=8397"}],"version-history":[{"count":2,"href":"https:\/\/etab.ac-reunion.fr\/lyc-sarda-garriga\/wp-json\/wp\/v2\/pages\/8397\/revisions"}],"predecessor-version":[{"id":8400,"href":"https:\/\/etab.ac-reunion.fr\/lyc-sarda-garriga\/wp-json\/wp\/v2\/pages\/8397\/revisions\/8400"}],"wp:featuredmedia":[{"embeddable":true,"href":"https:\/\/etab.ac-reunion.fr\/lyc-sarda-garriga\/wp-json\/wp\/v2\/media\/8399"}],"wp:attachment":[{"href":"https:\/\/etab.ac-reunion.fr\/lyc-sarda-garriga\/wp-json\/wp\/v2\/media?parent=8397"}],"curies":[{"name":"wp","href":"https:\/\/api.w.org\/{rel}","templated":true}]}}